{"id":15068,"date":"2020-08-11T13:50:56","date_gmt":"2020-08-11T11:50:56","guid":{"rendered":"https:\/\/heartfulness.be\/shop\/non%20class\u00e9\/caddie-de-transport\/"},"modified":"2022-02-21T12:22:14","modified_gmt":"2022-02-21T10:22:14","slug":"caddie-de-transport","status":"publish","type":"product","link":"https:\/\/heartfulness.be\/fr\/product\/caddie-de-transport\/","title":{"rendered":"Caddie de transport"},"content":{"rendered":"<p><strong>Caddie transport pour le transport des tables de massage<\/strong><\/p>\n<ul>\n<li>Construction robuste et roues extra larges<\/li>\n<li>Le chariot ou chariot de transport est pliable<\/li>\n<li>La poign\u00e9e peut \u00eatre r\u00e9tract\u00e9e et poss\u00e8de une poign\u00e9e t\u00e9lescopique pour un r\u00e9glage facile de la hauteur<\/li>\n<li>Cadre en acier enduit de poudre anti-corrosion &#8211; facile \u00e0 nettoyer<\/li>\n<li>Se plie facilement pour un rangement pratique<\/li>\n<li>Comprend une sangle robuste avec boucle pour maintenir la table de massage en place<\/li>\n<li>Couleur noire<\/li>\n<li>Earthlite<\/li>\n<\/ul>\n<p><strong>Dimensions:<\/strong><\/p>\n<ul>\n<li>Pli\u00e9: 86 cm de longueur x 38 cm de largeur x 28 cm de profondeur<\/li>\n<li>Une fois ouvert: 122 cm de hauteur x 38 cm de largeur x 66 cm de profondeur<\/li>\n<\/ul>\n","protected":false},"excerpt":{"rendered":"<p>Le <strong>caddie de transport<\/strong> Earthlite facilite le transport de votre table de massage sur des surfaces lisses et in\u00e9gales. Les roues plus grandes avec roulements lisses en acier de pr\u00e9cision offrent une conduite plus stable et une mont\u00e9e d&rsquo;escalier plus facile et plus stable. Le cadre en acier peint par poudrage offre une plate-forme de transport g\u00e9n\u00e9reuse et protectrice pour votre table.<\/p>\n","protected":false},"featured_media":15056,"comment_status":"closed","ping_status":"closed","template":"","meta":[],"product_brand":[],"product_cat":[351],"product_tag":[307],"class_list":{"0":"post-15068","1":"product","2":"type-product","3":"status-publish","4":"has-post-thumbnail","6":"product_cat-housse-de-tranport","7":"product_tag-earthlite-fr","8":"product_shipping_class-gls-fr","10":"first","11":"instock","12":"taxable","13":"shipping-taxable","14":"purchasable","15":"product-type-simple"},"yoast_head":"<!-- This site is optimized with the Yoast SEO plugin v27.5 - https:\/\/yoast.com\/product\/yoast-seo-wordpress\/ -->\n<title>Caddie de transport pour d\u00e9placer facilement les tables de massage<\/title>\n<meta name=\"description\" content=\"Le caddie de transport Earthlite pour d\u00e9placer facilement les tables de massage gr\u00e2ce aux grandes roues qui assurent la stabilit\u00e9.\" \/>\n<meta name=\"robots\" content=\"index, follow, max-snippet:-1, max-image-preview:large, max-video-preview:-1\" \/>\n<link rel=\"canonical\" href=\"https:\/\/heartfulness.be\/fr\/product\/caddie-de-transport\/\" \/>\n<meta property=\"og:locale\" content=\"fr_FR\" \/>\n<meta property=\"og:type\" content=\"article\" \/>\n<meta property=\"og:title\" content=\"Caddie de transport pour d\u00e9placer facilement les tables de massage\" \/>\n<meta property=\"og:description\" content=\"Le caddie de transport Earthlite pour d\u00e9placer facilement les tables de massage gr\u00e2ce aux grandes roues qui assurent la stabilit\u00e9.\" \/>\n<meta property=\"og:url\" content=\"https:\/\/heartfulness.be\/fr\/product\/caddie-de-transport\/\" \/>\n<meta property=\"og:site_name\" content=\"Levensstroom\" \/>\n<meta property=\"article:publisher\" content=\"https:\/\/www.facebook.com\/praktijk.levensstroom.9\" \/>\n<meta property=\"article:modified_time\" content=\"2022-02-21T10:22:14+00:00\" \/>\n<meta property=\"og:image\" content=\"https:\/\/heartfulness.be\/wp-content\/uploads\/Massagetafels\/Accessoires\/Draagtassen\/traveler-massage-table-cart-transport.jpg\" \/>\n\t<meta property=\"og:image:width\" content=\"800\" \/>\n\t<meta property=\"og:image:height\" content=\"800\" \/>\n\t<meta property=\"og:image:type\" content=\"image\/jpeg\" \/>\n<meta name=\"twitter:card\" content=\"summary_large_image\" \/>\n<meta name=\"twitter:site\" content=\"@Levensstroom_\" \/>\n<meta name=\"twitter:label1\" content=\"Dur\u00e9e de lecture estim\u00e9e\" \/>\n\t<meta name=\"twitter:data1\" content=\"1 minute\" \/>\n<script type=\"application\/ld+json\" class=\"yoast-schema-graph\">{\"@context\":\"https:\\\/\\\/schema.org\",\"@graph\":[{\"@type\":\"WebPage\",\"@id\":\"https:\\\/\\\/heartfulness.be\\\/fr\\\/product\\\/caddie-de-transport\\\/\",\"url\":\"https:\\\/\\\/heartfulness.be\\\/fr\\\/product\\\/caddie-de-transport\\\/\",\"name\":\"Caddie de transport pour d\u00e9placer facilement les tables de massage\",\"isPartOf\":{\"@id\":\"https:\\\/\\\/heartfulness.be\\\/fr\\\/#website\"},\"primaryImageOfPage\":{\"@id\":\"https:\\\/\\\/heartfulness.be\\\/fr\\\/product\\\/caddie-de-transport\\\/#primaryimage\"},\"image\":{\"@id\":\"https:\\\/\\\/heartfulness.be\\\/fr\\\/product\\\/caddie-de-transport\\\/#primaryimage\"},\"thumbnailUrl\":\"https:\\\/\\\/heartfulness.be\\\/wp-content\\\/uploads\\\/Massagetafels\\\/Accessoires\\\/Draagtassen\\\/traveler-massage-table-cart-transport.jpg\",\"datePublished\":\"2020-08-11T11:50:56+00:00\",\"dateModified\":\"2022-02-21T10:22:14+00:00\",\"description\":\"Le caddie de transport Earthlite pour d\u00e9placer facilement les tables de massage gr\u00e2ce aux grandes roues qui assurent la stabilit\u00e9.\",\"breadcrumb\":{\"@id\":\"https:\\\/\\\/heartfulness.be\\\/fr\\\/product\\\/caddie-de-transport\\\/#breadcrumb\"},\"inLanguage\":\"fr-FR\",\"potentialAction\":[{\"@type\":\"ReadAction\",\"target\":[\"https:\\\/\\\/heartfulness.be\\\/fr\\\/product\\\/caddie-de-transport\\\/\"]}]},{\"@type\":\"ImageObject\",\"inLanguage\":\"fr-FR\",\"@id\":\"https:\\\/\\\/heartfulness.be\\\/fr\\\/product\\\/caddie-de-transport\\\/#primaryimage\",\"url\":\"https:\\\/\\\/heartfulness.be\\\/wp-content\\\/uploads\\\/Massagetafels\\\/Accessoires\\\/Draagtassen\\\/traveler-massage-table-cart-transport.jpg\",\"contentUrl\":\"https:\\\/\\\/heartfulness.be\\\/wp-content\\\/uploads\\\/Massagetafels\\\/Accessoires\\\/Draagtassen\\\/traveler-massage-table-cart-transport.jpg\",\"width\":800,\"height\":800,\"caption\":\"caddie pour tables de massage\"},{\"@type\":\"BreadcrumbList\",\"@id\":\"https:\\\/\\\/heartfulness.be\\\/fr\\\/product\\\/caddie-de-transport\\\/#breadcrumb\",\"itemListElement\":[{\"@type\":\"ListItem\",\"position\":1,\"name\":\"Accueil\",\"item\":\"https:\\\/\\\/heartfulness.be\\\/fr\\\/\"},{\"@type\":\"ListItem\",\"position\":2,\"name\":\"Boutique\",\"item\":\"https:\\\/\\\/heartfulness.be\\\/fr\\\/boutique-2\\\/\"},{\"@type\":\"ListItem\",\"position\":3,\"name\":\"Caddie de transport\"}]},{\"@type\":\"WebSite\",\"@id\":\"https:\\\/\\\/heartfulness.be\\\/fr\\\/#website\",\"url\":\"https:\\\/\\\/heartfulness.be\\\/fr\\\/\",\"name\":\"Levensstroom\",\"description\":\"Centre de pleine conscience, massage, m\u00e9ditation, spiritualit\u00e9 et psychoth\u00e9rapie\",\"publisher\":{\"@id\":\"https:\\\/\\\/heartfulness.be\\\/fr\\\/#organization\"},\"potentialAction\":[{\"@type\":\"SearchAction\",\"target\":{\"@type\":\"EntryPoint\",\"urlTemplate\":\"https:\\\/\\\/heartfulness.be\\\/fr\\\/?s={search_term_string}\"},\"query-input\":{\"@type\":\"PropertyValueSpecification\",\"valueRequired\":true,\"valueName\":\"search_term_string\"}}],\"inLanguage\":\"fr-FR\"},{\"@type\":\"Organization\",\"@id\":\"https:\\\/\\\/heartfulness.be\\\/fr\\\/#organization\",\"name\":\"Levensstroom\",\"url\":\"https:\\\/\\\/heartfulness.be\\\/fr\\\/\",\"logo\":{\"@type\":\"ImageObject\",\"inLanguage\":\"fr-FR\",\"@id\":\"https:\\\/\\\/heartfulness.be\\\/fr\\\/#\\\/schema\\\/logo\\\/image\\\/\",\"url\":\"\",\"contentUrl\":\"\",\"caption\":\"Levensstroom\"},\"image\":{\"@id\":\"https:\\\/\\\/heartfulness.be\\\/fr\\\/#\\\/schema\\\/logo\\\/image\\\/\"},\"sameAs\":[\"https:\\\/\\\/www.facebook.com\\\/praktijk.levensstroom.9\",\"https:\\\/\\\/x.com\\\/Levensstroom_\",\"https:\\\/\\\/www.instagram.com\\\/levensstroom\\\/\",\"https:\\\/\\\/www.linkedin.com\\\/in\\\/dirk-vieren-30862117a\\\/\",\"https:\\\/\\\/www.pinterest.com\\\/levensstroom\\\/\",\"https:\\\/\\\/www.youtube.com\\\/user\\\/MassagesLevensstroom\\\/\"]}]}<\/script>\n<!-- \/ Yoast SEO plugin. -->","yoast_head_json":{"title":"Caddie de transport pour d\u00e9placer facilement les tables de massage","description":"Le caddie de transport Earthlite pour d\u00e9placer facilement les tables de massage gr\u00e2ce aux grandes roues qui assurent la stabilit\u00e9.","robots":{"index":"index","follow":"follow","max-snippet":"max-snippet:-1","max-image-preview":"max-image-preview:large","max-video-preview":"max-video-preview:-1"},"canonical":"https:\/\/heartfulness.be\/fr\/product\/caddie-de-transport\/","og_locale":"fr_FR","og_type":"article","og_title":"Caddie de transport pour d\u00e9placer facilement les tables de massage","og_description":"Le caddie de transport Earthlite pour d\u00e9placer facilement les tables de massage gr\u00e2ce aux grandes roues qui assurent la stabilit\u00e9.","og_url":"https:\/\/heartfulness.be\/fr\/product\/caddie-de-transport\/","og_site_name":"Levensstroom","article_publisher":"https:\/\/www.facebook.com\/praktijk.levensstroom.9","article_modified_time":"2022-02-21T10:22:14+00:00","og_image":[{"width":800,"height":800,"url":"https:\/\/heartfulness.be\/wp-content\/uploads\/Massagetafels\/Accessoires\/Draagtassen\/traveler-massage-table-cart-transport.jpg","type":"image\/jpeg"}],"twitter_card":"summary_large_image","twitter_site":"@Levensstroom_","twitter_misc":{"Dur\u00e9e de lecture estim\u00e9e":"1 minute"},"schema":{"@context":"https:\/\/schema.org","@graph":[{"@type":"WebPage","@id":"https:\/\/heartfulness.be\/fr\/product\/caddie-de-transport\/","url":"https:\/\/heartfulness.be\/fr\/product\/caddie-de-transport\/","name":"Caddie de transport pour d\u00e9placer facilement les tables de massage","isPartOf":{"@id":"https:\/\/heartfulness.be\/fr\/#website"},"primaryImageOfPage":{"@id":"https:\/\/heartfulness.be\/fr\/product\/caddie-de-transport\/#primaryimage"},"image":{"@id":"https:\/\/heartfulness.be\/fr\/product\/caddie-de-transport\/#primaryimage"},"thumbnailUrl":"https:\/\/heartfulness.be\/wp-content\/uploads\/Massagetafels\/Accessoires\/Draagtassen\/traveler-massage-table-cart-transport.jpg","datePublished":"2020-08-11T11:50:56+00:00","dateModified":"2022-02-21T10:22:14+00:00","description":"Le caddie de transport Earthlite pour d\u00e9placer facilement les tables de massage gr\u00e2ce aux grandes roues qui assurent la stabilit\u00e9.","breadcrumb":{"@id":"https:\/\/heartfulness.be\/fr\/product\/caddie-de-transport\/#breadcrumb"},"inLanguage":"fr-FR","potentialAction":[{"@type":"ReadAction","target":["https:\/\/heartfulness.be\/fr\/product\/caddie-de-transport\/"]}]},{"@type":"ImageObject","inLanguage":"fr-FR","@id":"https:\/\/heartfulness.be\/fr\/product\/caddie-de-transport\/#primaryimage","url":"https:\/\/heartfulness.be\/wp-content\/uploads\/Massagetafels\/Accessoires\/Draagtassen\/traveler-massage-table-cart-transport.jpg","contentUrl":"https:\/\/heartfulness.be\/wp-content\/uploads\/Massagetafels\/Accessoires\/Draagtassen\/traveler-massage-table-cart-transport.jpg","width":800,"height":800,"caption":"caddie pour tables de massage"},{"@type":"BreadcrumbList","@id":"https:\/\/heartfulness.be\/fr\/product\/caddie-de-transport\/#breadcrumb","itemListElement":[{"@type":"ListItem","position":1,"name":"Accueil","item":"https:\/\/heartfulness.be\/fr\/"},{"@type":"ListItem","position":2,"name":"Boutique","item":"https:\/\/heartfulness.be\/fr\/boutique-2\/"},{"@type":"ListItem","position":3,"name":"Caddie de transport"}]},{"@type":"WebSite","@id":"https:\/\/heartfulness.be\/fr\/#website","url":"https:\/\/heartfulness.be\/fr\/","name":"Levensstroom","description":"Centre de pleine conscience, massage, m\u00e9ditation, spiritualit\u00e9 et psychoth\u00e9rapie","publisher":{"@id":"https:\/\/heartfulness.be\/fr\/#organization"},"potentialAction":[{"@type":"SearchAction","target":{"@type":"EntryPoint","urlTemplate":"https:\/\/heartfulness.be\/fr\/?s={search_term_string}"},"query-input":{"@type":"PropertyValueSpecification","valueRequired":true,"valueName":"search_term_string"}}],"inLanguage":"fr-FR"},{"@type":"Organization","@id":"https:\/\/heartfulness.be\/fr\/#organization","name":"Levensstroom","url":"https:\/\/heartfulness.be\/fr\/","logo":{"@type":"ImageObject","inLanguage":"fr-FR","@id":"https:\/\/heartfulness.be\/fr\/#\/schema\/logo\/image\/","url":"","contentUrl":"","caption":"Levensstroom"},"image":{"@id":"https:\/\/heartfulness.be\/fr\/#\/schema\/logo\/image\/"},"sameAs":["https:\/\/www.facebook.com\/praktijk.levensstroom.9","https:\/\/x.com\/Levensstroom_","https:\/\/www.instagram.com\/levensstroom\/","https:\/\/www.linkedin.com\/in\/dirk-vieren-30862117a\/","https:\/\/www.pinterest.com\/levensstroom\/","https:\/\/www.youtube.com\/user\/MassagesLevensstroom\/"]}]}},"jetpack_sharing_enabled":true,"jetpack_likes_enabled":true,"_links":{"self":[{"href":"https:\/\/heartfulness.be\/fr\/wp-json\/wp\/v2\/product\/15068","targetHints":{"allow":["GET"]}}],"collection":[{"href":"https:\/\/heartfulness.be\/fr\/wp-json\/wp\/v2\/product"}],"about":[{"href":"https:\/\/heartfulness.be\/fr\/wp-json\/wp\/v2\/types\/product"}],"replies":[{"embeddable":true,"href":"https:\/\/heartfulness.be\/fr\/wp-json\/wp\/v2\/comments?post=15068"}],"version-history":[{"count":0,"href":"https:\/\/heartfulness.be\/fr\/wp-json\/wp\/v2\/product\/15068\/revisions"}],"wp:featuredmedia":[{"embeddable":true,"href":"https:\/\/heartfulness.be\/fr\/wp-json\/wp\/v2\/media\/15056"}],"wp:attachment":[{"href":"https:\/\/heartfulness.be\/fr\/wp-json\/wp\/v2\/media?parent=15068"}],"wp:term":[{"taxonomy":"product_brand","embeddable":true,"href":"https:\/\/heartfulness.be\/fr\/wp-json\/wp\/v2\/product_brand?post=15068"},{"taxonomy":"product_cat","embeddable":true,"href":"https:\/\/heartfulness.be\/fr\/wp-json\/wp\/v2\/product_cat?post=15068"},{"taxonomy":"product_tag","embeddable":true,"href":"https:\/\/heartfulness.be\/fr\/wp-json\/wp\/v2\/product_tag?post=15068"}],"curies":[{"name":"wp","href":"https:\/\/api.w.org\/{rel}","templated":true}]}}