{"id":16337,"date":"2020-08-10T23:54:12","date_gmt":"2020-08-10T21:54:12","guid":{"rendered":"https:\/\/heartfulness.be\/shop\/non%20class\u00e9\/louez-happy-lady\/"},"modified":"2024-06-19T22:20:41","modified_gmt":"2024-06-19T20:20:41","slug":"louez-happy-lady","status":"publish","type":"product","link":"https:\/\/heartfulness.be\/fr\/product\/louez-happy-lady\/","title":{"rendered":"Louez Happy Lady"},"content":{"rendered":"<p><strong>Quelques caract\u00e9ristiques de la table de massage Happy Lady:<\/strong><\/p>\n<ul>\n<li>La longueur est de 192 cm. Ceci est sans appui-t\u00eate. Avec l&rsquo;appui-t\u00eate, 27 cm sont ajout\u00e9s.<\/li>\n<li>Largeur: 76 cm<\/li>\n<li>Hauteur: 66 cm &#8211; 92 cm<\/li>\n<li>Poids: environ 17,5 kg<\/li>\n<li>\u00a0\u00c9paisseur du rembourrage: 7,5 cm<\/li>\n<li>Niche de poitrine avec rembourrage<\/li>\n<li>Charge dynamique: 204 kg<\/li>\n<li>Couleur: Bourgogne<\/li>\n<\/ul>\n","protected":false},"excerpt":{"rendered":"<p>La table de massage Happy Lady est la m\u00eame table de location que la Happy Zen, \u00e0 la diff\u00e9rence qu&rsquo;il a un renfoncement mammaire. L&rsquo;ouverture de la poitrine permet aux femmes de s&rsquo;allonger plus confortablement lorsqu&rsquo;elles se couchent sur le ventre. Si vous ne souhaitez pas utiliser le renfoncement de la poitrine, vous pouvez simplement le remplir \u00e0 nouveau avec le coussin.<\/p>\n<p>De plus, c&rsquo;est aussi une table de traitement robuste et stable d&rsquo;une \u00e9paisseur de 7,5 cm. Pour un travail de massage ordinaire.<\/p>\n<p>Le prix est pour la location 1 semaine. Par semaine o\u00f9 vous souhaitez utiliser la table de massage plus longtemps, vous payez un suppl\u00e9ment de 10 \u20ac. Veuillez noter qu&rsquo;une caution de 100 \u20ac est vers\u00e9e pour chaque table de massage. Celui-ci n&rsquo;est pas factur\u00e9 avec votre commande car l&rsquo;acompte ne peut \u00eatre factur\u00e9. Apr\u00e8s tout, vous r\u00e9cup\u00e9rez le d\u00e9p\u00f4t. Ainsi, lorsque vous payez, vous devrez payer un acompte par la suite par virement \u00e9lectronique. Vous recevrez les informations n\u00e9cessaires par e-mail. Lisez \u00e9galement les conditions de location dans l&rsquo;onglet ci-dessous.<\/p>\n","protected":false},"featured_media":5650,"comment_status":"closed","ping_status":"closed","template":"","meta":[],"product_brand":[],"product_cat":[389],"product_tag":[343],"class_list":{"0":"post-16337","1":"product","2":"type-product","3":"status-publish","4":"has-post-thumbnail","6":"product_cat-location-de-table-de-massage","7":"product_tag-universe-fr","8":"product_shipping_class-gls-fr","10":"first","11":"instock","12":"taxable","13":"shipping-taxable","14":"purchasable","15":"product-type-simple"},"yoast_head":"<!-- This site is optimized with the Yoast SEO plugin v27.4 - https:\/\/yoast.com\/product\/yoast-seo-wordpress\/ -->\n<title>Louez Happy Lady table de massage &#8902; Levensstroom<\/title>\n<meta name=\"description\" content=\"Location Table de massage Happy lady avec renfoncement mammaire. Pour votre atelier, \u00e9v\u00e9nement, salon, formation, activit\u00e9 sportive,... Ou tout simplement priv\u00e9.\" \/>\n<meta name=\"robots\" content=\"index, follow, max-snippet:-1, max-image-preview:large, max-video-preview:-1\" \/>\n<link rel=\"canonical\" href=\"https:\/\/heartfulness.be\/fr\/product\/louez-happy-lady\/\" \/>\n<meta property=\"og:locale\" content=\"fr_FR\" \/>\n<meta property=\"og:type\" content=\"article\" \/>\n<meta property=\"og:title\" content=\"Louez Happy Lady table de massage &#8902; Levensstroom\" \/>\n<meta property=\"og:description\" content=\"Location Table de massage Happy lady avec renfoncement mammaire. Pour votre atelier, \u00e9v\u00e9nement, salon, formation, activit\u00e9 sportive,... Ou tout simplement priv\u00e9.\" \/>\n<meta property=\"og:url\" content=\"https:\/\/heartfulness.be\/fr\/product\/louez-happy-lady\/\" \/>\n<meta property=\"og:site_name\" content=\"Levensstroom\" \/>\n<meta property=\"article:publisher\" content=\"https:\/\/www.facebook.com\/praktijk.levensstroom.9\" \/>\n<meta property=\"article:modified_time\" content=\"2024-06-19T20:20:41+00:00\" \/>\n<meta property=\"og:image\" content=\"https:\/\/heartfulness.be\/wp-content\/uploads\/Massagetafels\/Happy\/happy_lady_zen_massagetafel.jpg\" \/>\n\t<meta property=\"og:image:width\" content=\"543\" \/>\n\t<meta property=\"og:image:height\" content=\"321\" \/>\n\t<meta property=\"og:image:type\" content=\"image\/jpeg\" \/>\n<meta name=\"twitter:card\" content=\"summary_large_image\" \/>\n<meta name=\"twitter:site\" content=\"@Levensstroom_\" \/>\n<meta name=\"twitter:label1\" content=\"Dur\u00e9e de lecture estim\u00e9e\" \/>\n\t<meta name=\"twitter:data1\" content=\"1 minute\" \/>\n<script type=\"application\/ld+json\" class=\"yoast-schema-graph\">{\"@context\":\"https:\\\/\\\/schema.org\",\"@graph\":[{\"@type\":\"WebPage\",\"@id\":\"https:\\\/\\\/heartfulness.be\\\/fr\\\/product\\\/louez-happy-lady\\\/\",\"url\":\"https:\\\/\\\/heartfulness.be\\\/fr\\\/product\\\/louez-happy-lady\\\/\",\"name\":\"Louez Happy Lady table de massage &#8902; Levensstroom\",\"isPartOf\":{\"@id\":\"https:\\\/\\\/heartfulness.be\\\/fr\\\/#website\"},\"primaryImageOfPage\":{\"@id\":\"https:\\\/\\\/heartfulness.be\\\/fr\\\/product\\\/louez-happy-lady\\\/#primaryimage\"},\"image\":{\"@id\":\"https:\\\/\\\/heartfulness.be\\\/fr\\\/product\\\/louez-happy-lady\\\/#primaryimage\"},\"thumbnailUrl\":\"https:\\\/\\\/heartfulness.be\\\/wp-content\\\/uploads\\\/Massagetafels\\\/Happy\\\/happy_lady_zen_massagetafel.jpg\",\"datePublished\":\"2020-08-10T21:54:12+00:00\",\"dateModified\":\"2024-06-19T20:20:41+00:00\",\"description\":\"Location Table de massage Happy lady avec renfoncement mammaire. Pour votre atelier, \u00e9v\u00e9nement, salon, formation, activit\u00e9 sportive,... Ou tout simplement priv\u00e9.\",\"breadcrumb\":{\"@id\":\"https:\\\/\\\/heartfulness.be\\\/fr\\\/product\\\/louez-happy-lady\\\/#breadcrumb\"},\"inLanguage\":\"fr-FR\",\"potentialAction\":[{\"@type\":\"ReadAction\",\"target\":[\"https:\\\/\\\/heartfulness.be\\\/fr\\\/product\\\/louez-happy-lady\\\/\"]}]},{\"@type\":\"ImageObject\",\"inLanguage\":\"fr-FR\",\"@id\":\"https:\\\/\\\/heartfulness.be\\\/fr\\\/product\\\/louez-happy-lady\\\/#primaryimage\",\"url\":\"https:\\\/\\\/heartfulness.be\\\/wp-content\\\/uploads\\\/Massagetafels\\\/Happy\\\/happy_lady_zen_massagetafel.jpg\",\"contentUrl\":\"https:\\\/\\\/heartfulness.be\\\/wp-content\\\/uploads\\\/Massagetafels\\\/Happy\\\/happy_lady_zen_massagetafel.jpg\",\"width\":543,\"height\":321,\"caption\":\"Louez la table de massage Universe Lady\"},{\"@type\":\"BreadcrumbList\",\"@id\":\"https:\\\/\\\/heartfulness.be\\\/fr\\\/product\\\/louez-happy-lady\\\/#breadcrumb\",\"itemListElement\":[{\"@type\":\"ListItem\",\"position\":1,\"name\":\"Accueil\",\"item\":\"https:\\\/\\\/heartfulness.be\\\/fr\\\/\"},{\"@type\":\"ListItem\",\"position\":2,\"name\":\"Boutique\",\"item\":\"https:\\\/\\\/heartfulness.be\\\/fr\\\/boutique-2\\\/\"},{\"@type\":\"ListItem\",\"position\":3,\"name\":\"Louez Happy Lady\"}]},{\"@type\":\"WebSite\",\"@id\":\"https:\\\/\\\/heartfulness.be\\\/fr\\\/#website\",\"url\":\"https:\\\/\\\/heartfulness.be\\\/fr\\\/\",\"name\":\"Levensstroom\",\"description\":\"Centre de pleine conscience, massage, m\u00e9ditation, spiritualit\u00e9 et psychoth\u00e9rapie\",\"publisher\":{\"@id\":\"https:\\\/\\\/heartfulness.be\\\/fr\\\/#organization\"},\"potentialAction\":[{\"@type\":\"SearchAction\",\"target\":{\"@type\":\"EntryPoint\",\"urlTemplate\":\"https:\\\/\\\/heartfulness.be\\\/fr\\\/?s={search_term_string}\"},\"query-input\":{\"@type\":\"PropertyValueSpecification\",\"valueRequired\":true,\"valueName\":\"search_term_string\"}}],\"inLanguage\":\"fr-FR\"},{\"@type\":\"Organization\",\"@id\":\"https:\\\/\\\/heartfulness.be\\\/fr\\\/#organization\",\"name\":\"Levensstroom\",\"url\":\"https:\\\/\\\/heartfulness.be\\\/fr\\\/\",\"logo\":{\"@type\":\"ImageObject\",\"inLanguage\":\"fr-FR\",\"@id\":\"https:\\\/\\\/heartfulness.be\\\/fr\\\/#\\\/schema\\\/logo\\\/image\\\/\",\"url\":\"\",\"contentUrl\":\"\",\"caption\":\"Levensstroom\"},\"image\":{\"@id\":\"https:\\\/\\\/heartfulness.be\\\/fr\\\/#\\\/schema\\\/logo\\\/image\\\/\"},\"sameAs\":[\"https:\\\/\\\/www.facebook.com\\\/praktijk.levensstroom.9\",\"https:\\\/\\\/x.com\\\/Levensstroom_\",\"https:\\\/\\\/www.instagram.com\\\/levensstroom\\\/\",\"https:\\\/\\\/www.linkedin.com\\\/in\\\/dirk-vieren-30862117a\\\/\",\"https:\\\/\\\/www.pinterest.com\\\/levensstroom\\\/\",\"https:\\\/\\\/www.youtube.com\\\/user\\\/MassagesLevensstroom\\\/\"]}]}<\/script>\n<!-- \/ Yoast SEO plugin. -->","yoast_head_json":{"title":"Louez Happy Lady table de massage &#8902; Levensstroom","description":"Location Table de massage Happy lady avec renfoncement mammaire. Pour votre atelier, \u00e9v\u00e9nement, salon, formation, activit\u00e9 sportive,... Ou tout simplement priv\u00e9.","robots":{"index":"index","follow":"follow","max-snippet":"max-snippet:-1","max-image-preview":"max-image-preview:large","max-video-preview":"max-video-preview:-1"},"canonical":"https:\/\/heartfulness.be\/fr\/product\/louez-happy-lady\/","og_locale":"fr_FR","og_type":"article","og_title":"Louez Happy Lady table de massage &#8902; Levensstroom","og_description":"Location Table de massage Happy lady avec renfoncement mammaire. Pour votre atelier, \u00e9v\u00e9nement, salon, formation, activit\u00e9 sportive,... Ou tout simplement priv\u00e9.","og_url":"https:\/\/heartfulness.be\/fr\/product\/louez-happy-lady\/","og_site_name":"Levensstroom","article_publisher":"https:\/\/www.facebook.com\/praktijk.levensstroom.9","article_modified_time":"2024-06-19T20:20:41+00:00","og_image":[{"width":543,"height":321,"url":"https:\/\/heartfulness.be\/wp-content\/uploads\/Massagetafels\/Happy\/happy_lady_zen_massagetafel.jpg","type":"image\/jpeg"}],"twitter_card":"summary_large_image","twitter_site":"@Levensstroom_","twitter_misc":{"Dur\u00e9e de lecture estim\u00e9e":"1 minute"},"schema":{"@context":"https:\/\/schema.org","@graph":[{"@type":"WebPage","@id":"https:\/\/heartfulness.be\/fr\/product\/louez-happy-lady\/","url":"https:\/\/heartfulness.be\/fr\/product\/louez-happy-lady\/","name":"Louez Happy Lady table de massage &#8902; Levensstroom","isPartOf":{"@id":"https:\/\/heartfulness.be\/fr\/#website"},"primaryImageOfPage":{"@id":"https:\/\/heartfulness.be\/fr\/product\/louez-happy-lady\/#primaryimage"},"image":{"@id":"https:\/\/heartfulness.be\/fr\/product\/louez-happy-lady\/#primaryimage"},"thumbnailUrl":"https:\/\/heartfulness.be\/wp-content\/uploads\/Massagetafels\/Happy\/happy_lady_zen_massagetafel.jpg","datePublished":"2020-08-10T21:54:12+00:00","dateModified":"2024-06-19T20:20:41+00:00","description":"Location Table de massage Happy lady avec renfoncement mammaire. Pour votre atelier, \u00e9v\u00e9nement, salon, formation, activit\u00e9 sportive,... Ou tout simplement priv\u00e9.","breadcrumb":{"@id":"https:\/\/heartfulness.be\/fr\/product\/louez-happy-lady\/#breadcrumb"},"inLanguage":"fr-FR","potentialAction":[{"@type":"ReadAction","target":["https:\/\/heartfulness.be\/fr\/product\/louez-happy-lady\/"]}]},{"@type":"ImageObject","inLanguage":"fr-FR","@id":"https:\/\/heartfulness.be\/fr\/product\/louez-happy-lady\/#primaryimage","url":"https:\/\/heartfulness.be\/wp-content\/uploads\/Massagetafels\/Happy\/happy_lady_zen_massagetafel.jpg","contentUrl":"https:\/\/heartfulness.be\/wp-content\/uploads\/Massagetafels\/Happy\/happy_lady_zen_massagetafel.jpg","width":543,"height":321,"caption":"Louez la table de massage Universe Lady"},{"@type":"BreadcrumbList","@id":"https:\/\/heartfulness.be\/fr\/product\/louez-happy-lady\/#breadcrumb","itemListElement":[{"@type":"ListItem","position":1,"name":"Accueil","item":"https:\/\/heartfulness.be\/fr\/"},{"@type":"ListItem","position":2,"name":"Boutique","item":"https:\/\/heartfulness.be\/fr\/boutique-2\/"},{"@type":"ListItem","position":3,"name":"Louez Happy Lady"}]},{"@type":"WebSite","@id":"https:\/\/heartfulness.be\/fr\/#website","url":"https:\/\/heartfulness.be\/fr\/","name":"Levensstroom","description":"Centre de pleine conscience, massage, m\u00e9ditation, spiritualit\u00e9 et psychoth\u00e9rapie","publisher":{"@id":"https:\/\/heartfulness.be\/fr\/#organization"},"potentialAction":[{"@type":"SearchAction","target":{"@type":"EntryPoint","urlTemplate":"https:\/\/heartfulness.be\/fr\/?s={search_term_string}"},"query-input":{"@type":"PropertyValueSpecification","valueRequired":true,"valueName":"search_term_string"}}],"inLanguage":"fr-FR"},{"@type":"Organization","@id":"https:\/\/heartfulness.be\/fr\/#organization","name":"Levensstroom","url":"https:\/\/heartfulness.be\/fr\/","logo":{"@type":"ImageObject","inLanguage":"fr-FR","@id":"https:\/\/heartfulness.be\/fr\/#\/schema\/logo\/image\/","url":"","contentUrl":"","caption":"Levensstroom"},"image":{"@id":"https:\/\/heartfulness.be\/fr\/#\/schema\/logo\/image\/"},"sameAs":["https:\/\/www.facebook.com\/praktijk.levensstroom.9","https:\/\/x.com\/Levensstroom_","https:\/\/www.instagram.com\/levensstroom\/","https:\/\/www.linkedin.com\/in\/dirk-vieren-30862117a\/","https:\/\/www.pinterest.com\/levensstroom\/","https:\/\/www.youtube.com\/user\/MassagesLevensstroom\/"]}]}},"_links":{"self":[{"href":"https:\/\/heartfulness.be\/fr\/wp-json\/wp\/v2\/product\/16337","targetHints":{"allow":["GET"]}}],"collection":[{"href":"https:\/\/heartfulness.be\/fr\/wp-json\/wp\/v2\/product"}],"about":[{"href":"https:\/\/heartfulness.be\/fr\/wp-json\/wp\/v2\/types\/product"}],"replies":[{"embeddable":true,"href":"https:\/\/heartfulness.be\/fr\/wp-json\/wp\/v2\/comments?post=16337"}],"version-history":[{"count":0,"href":"https:\/\/heartfulness.be\/fr\/wp-json\/wp\/v2\/product\/16337\/revisions"}],"wp:featuredmedia":[{"embeddable":true,"href":"https:\/\/heartfulness.be\/fr\/wp-json\/wp\/v2\/media\/5650"}],"wp:attachment":[{"href":"https:\/\/heartfulness.be\/fr\/wp-json\/wp\/v2\/media?parent=16337"}],"wp:term":[{"taxonomy":"product_brand","embeddable":true,"href":"https:\/\/heartfulness.be\/fr\/wp-json\/wp\/v2\/product_brand?post=16337"},{"taxonomy":"product_cat","embeddable":true,"href":"https:\/\/heartfulness.be\/fr\/wp-json\/wp\/v2\/product_cat?post=16337"},{"taxonomy":"product_tag","embeddable":true,"href":"https:\/\/heartfulness.be\/fr\/wp-json\/wp\/v2\/product_tag?post=16337"}],"curies":[{"name":"wp","href":"https:\/\/api.w.org\/{rel}","templated":true}]}}