{"id":17060,"date":"2020-08-10T23:52:02","date_gmt":"2020-08-10T21:52:02","guid":{"rendered":"https:\/\/heartfulness.be\/shop\/non%20class\u00e9\/location-standard-chi-machine\/"},"modified":"2021-05-11T21:45:36","modified_gmt":"2021-05-11T19:45:36","slug":"location-standard-chi-machine","status":"publish","type":"product","link":"https:\/\/heartfulness.be\/fr\/product\/location-standard-chi-machine\/","title":{"rendered":"Location standard chi machine"},"content":{"rendered":"<h5>Caract\u00e9ristiques du stand chi machine:<\/h5>\n<ul>\n<li>un panneau de commande LCD \u00e0 vitesse variable (80-160 tr \/ min)<\/li>\n<li>trois programmes automatiques dans lesquels la vitesse et la fr\u00e9quence sont continuellement vari\u00e9es<\/li>\n<li>mod\u00e8le de mouvement elliptique<\/li>\n<li>poign\u00e9e de transport pratique<\/li>\n<li>con\u00e7ue pour r\u00e9pondre aux normes de qualit\u00e9 les plus \u00e9lev\u00e9es<\/li>\n<li>a \u00e9t\u00e9 sp\u00e9cialement d\u00e9velopp\u00e9 pour les meilleures performances et la plus longue dur\u00e9e de vie,<\/li>\n<li>y compris un moteur robuste de 40 watts.<\/li>\n<li>est disponible en 220V.<\/li>\n<li>2 ans de garantie<\/li>\n<\/ul>\n<h5>M-CY-106A panneau de commande de machine chi standard panneau de commande de machine chi standard<\/h5>\n<p><img fetchpriority=\"high\" decoding=\"async\" class=\"alignnone size-medium wp-image-3472 aligncenter\" src=\"https:\/\/heartfulness.be\/wp-content\/uploads\/\/M-CY-106A-bedieningspaneel-300x261.jpg\" alt=\"Bedieningspaneel chi machine standaard\" width=\"300\" height=\"261\" srcset=\"https:\/\/heartfulness.be\/wp-content\/uploads\/M-CY-106A-bedieningspaneel-300x261.jpg 300w, https:\/\/heartfulness.be\/wp-content\/uploads\/M-CY-106A-bedieningspaneel.jpg 340w\" sizes=\"(max-width: 300px) 100vw, 300px\" \/><\/p>\n<p>Branchez la fiche dans la prise murale. La t\u00e9l\u00e9commande \u00e9mettra alors un bip. L&rsquo;\u00e9cran reste \u00e9teint. La machine chi ne bouge pas comme \u00e7a. Vous avez maintenant le choix entre quatre options:<\/p>\n<p>1. Bouton ON \/ OFF<br \/>\n2. Bouton TIMER<br \/>\n3. Bouton AUTO<br \/>\n4. Cadran de vitesse<\/p>\n<h5>Sp\u00e9cifications<\/h5>\n<ul>\n<li>Moteur puissant de 40 watts<\/li>\n<li>C\u00e2ble de\u00a0\u00a02 m de long<\/li>\n<li>vitesse variable (80-160 tr \/ min),<\/li>\n<li>3 pr\u00e9- S\u00e9lection du mode automatique programm\u00e9<\/li>\n<li>\u00c9cran LCD avec minuterie de 15 minutes<\/li>\n<li>Repose-pied ergonomique<\/li>\n<li>Bouton marche \/ arr\u00eat<\/li>\n<li>Alimentation 220V<\/li>\n<\/ul>\n<p>Ce nouveau vitalizer chi est fait de plastique r\u00e9sistant \u00e0 la chaleur \u00e0 haute temp\u00e9rature, offre une haute r\u00e9sistance aux chocs et a une forte r\u00e9sistance base \/ acide.<\/p>\n<p>Utilise des pi\u00e8ces de sp\u00e9cification standard internationale.<br \/>\nConstruit avec des roulements \u00e0 billes flexibles pr\u00e9cis.<\/p>\n","protected":false},"excerpt":{"rendered":"<h5>Location de la chi machine<\/h5>\n<p>Chez Levensstroom \u00e0 Courtrai (Flandre occidentale), vous pouvez louer la chi machine.<\/p>\n<ul>\n<li>Tout d&rsquo;abord, il y a toujours la possibilit\u00e9 de tester la chi machine chez Levensstroom lui-m\u00eame. Une s\u00e9ance dure environ 30 minutes.<\/li>\n<li>Vous pouvez \u00e9galement louer le chi vitalizer pendant 4 semaines. Le prix est de 50 \u20ac (location-vente) + 100 \u20ac de caution. Si vous souhaitez acheter l&rsquo;appareil par la suite, ce prix de location + caution sera d\u00e9duit de l&rsquo;achat.<\/li>\n<li>Si vous le conservez pendant ces 4 semaines, vous retournez l&rsquo;appareil dans son emballage d&rsquo;origine et lorsqu&rsquo;il s&rsquo;av\u00e8re en parfait \u00e9tat, vous recevrez la caution. Les m\u00eames conditions et prix s&rsquo;appliquent \u00e9galement \u00e0 la location <a href=\"https:\/\/heartfulness.be\/fr\/boutique\/appareils-de-massage\/chi-machine-fr\/louez-chi-machine-avec-infrarouge-et-vibration\/\" title=\"Location de la chi machine avec th\u00e9rapie infrarouge, fonction vibration et massage\">de l&rsquo;appareil avec th\u00e9rapie infrarouge, fonction vibration et massage<\/a> et le <a href=\"https:\/\/heartfulness.be\/fr\/boutique\/appareils-de-massage\/chi-machine-fr\/louez-chi-vitalizer-large\/\" title=\"Location de la chi machine Grande\">mod\u00e8le Grand<\/a> pour les personnes mesurant plus de 185 cm.<br \/>\nVous recevrez alors un avoir avec confirmation de l&rsquo;acompte rembours\u00e9.<\/li>\n<\/ul>\n","protected":false},"featured_media":5768,"comment_status":"open","ping_status":"closed","template":"","meta":[],"product_brand":[],"product_cat":[383,402],"product_tag":[332,1253],"class_list":{"0":"post-17060","1":"product","2":"type-product","3":"status-publish","4":"has-post-thumbnail","6":"product_cat-appareils-de-massage","7":"product_cat-chi-machine-fr","8":"product_tag-massage-fr","9":"product_tag-ontspanning-fr","10":"product_shipping_class-gls-fr","12":"first","13":"instock","14":"taxable","15":"shipping-taxable","16":"purchasable","17":"product-type-simple"},"yoast_head":"<!-- This site is optimized with the Yoast SEO plugin v27.6 - https:\/\/yoast.com\/product\/yoast-seo-wordpress\/ -->\n<title>Location standard chi machine et tester avant achat &#8902; Levensstroom<\/title>\n<meta name=\"description\" content=\"Vous pouvez \u00e9galement louer la chi machine pendant 4 semaines en standard. Si vous souhaitez acheter l&#039;appareil par la suite, ce prix de location + caution sera d\u00e9duit de l&#039;achat.\" \/>\n<meta name=\"robots\" content=\"index, follow, max-snippet:-1, max-image-preview:large, max-video-preview:-1\" \/>\n<link rel=\"canonical\" href=\"https:\/\/heartfulness.be\/fr\/product\/location-standard-chi-machine\/\" \/>\n<meta property=\"og:locale\" content=\"fr_FR\" \/>\n<meta property=\"og:type\" content=\"article\" \/>\n<meta property=\"og:title\" content=\"Location standard chi machine et tester avant achat &#8902; Levensstroom\" \/>\n<meta property=\"og:description\" content=\"Vous pouvez \u00e9galement louer la chi machine pendant 4 semaines en standard. Si vous souhaitez acheter l&#039;appareil par la suite, ce prix de location + caution sera d\u00e9duit de l&#039;achat.\" \/>\n<meta property=\"og:url\" content=\"https:\/\/heartfulness.be\/fr\/product\/location-standard-chi-machine\/\" \/>\n<meta property=\"og:site_name\" content=\"Levensstroom\" \/>\n<meta property=\"article:publisher\" content=\"https:\/\/www.facebook.com\/praktijk.levensstroom.9\" \/>\n<meta property=\"article:modified_time\" content=\"2021-05-11T19:45:36+00:00\" \/>\n<meta property=\"og:image\" content=\"https:\/\/heartfulness.be\/wp-content\/uploads\/Massagetoestellen\/Chi-Vitalizer\/chi-vitalizer-1.jpeg\" \/>\n\t<meta property=\"og:image:width\" content=\"1001\" \/>\n\t<meta property=\"og:image:height\" content=\"1001\" \/>\n\t<meta property=\"og:image:type\" content=\"image\/jpeg\" \/>\n<meta name=\"twitter:card\" content=\"summary_large_image\" \/>\n<meta name=\"twitter:site\" content=\"@Levensstroom_\" \/>\n<meta name=\"twitter:label1\" content=\"Dur\u00e9e de lecture estim\u00e9e\" \/>\n\t<meta name=\"twitter:data1\" content=\"1 minute\" \/>\n<script type=\"application\/ld+json\" class=\"yoast-schema-graph\">{\"@context\":\"https:\\\/\\\/schema.org\",\"@graph\":[{\"@type\":\"WebPage\",\"@id\":\"https:\\\/\\\/heartfulness.be\\\/fr\\\/product\\\/location-standard-chi-machine\\\/\",\"url\":\"https:\\\/\\\/heartfulness.be\\\/fr\\\/product\\\/location-standard-chi-machine\\\/\",\"name\":\"Location standard chi machine et tester avant achat &#8902; Levensstroom\",\"isPartOf\":{\"@id\":\"https:\\\/\\\/heartfulness.be\\\/fr\\\/#website\"},\"primaryImageOfPage\":{\"@id\":\"https:\\\/\\\/heartfulness.be\\\/fr\\\/product\\\/location-standard-chi-machine\\\/#primaryimage\"},\"image\":{\"@id\":\"https:\\\/\\\/heartfulness.be\\\/fr\\\/product\\\/location-standard-chi-machine\\\/#primaryimage\"},\"thumbnailUrl\":\"https:\\\/\\\/heartfulness.be\\\/wp-content\\\/uploads\\\/Massagetoestellen\\\/Chi-Vitalizer\\\/chi-vitalizer-1.jpeg\",\"datePublished\":\"2020-08-10T21:52:02+00:00\",\"dateModified\":\"2021-05-11T19:45:36+00:00\",\"description\":\"Vous pouvez \u00e9galement louer la chi machine pendant 4 semaines en standard. Si vous souhaitez acheter l'appareil par la suite, ce prix de location + caution sera d\u00e9duit de l'achat.\",\"breadcrumb\":{\"@id\":\"https:\\\/\\\/heartfulness.be\\\/fr\\\/product\\\/location-standard-chi-machine\\\/#breadcrumb\"},\"inLanguage\":\"fr-FR\",\"potentialAction\":[{\"@type\":\"ReadAction\",\"target\":[\"https:\\\/\\\/heartfulness.be\\\/fr\\\/product\\\/location-standard-chi-machine\\\/\"]}]},{\"@type\":\"ImageObject\",\"inLanguage\":\"fr-FR\",\"@id\":\"https:\\\/\\\/heartfulness.be\\\/fr\\\/product\\\/location-standard-chi-machine\\\/#primaryimage\",\"url\":\"https:\\\/\\\/heartfulness.be\\\/wp-content\\\/uploads\\\/Massagetoestellen\\\/Chi-Vitalizer\\\/chi-vitalizer-1.jpeg\",\"contentUrl\":\"https:\\\/\\\/heartfulness.be\\\/wp-content\\\/uploads\\\/Massagetoestellen\\\/Chi-Vitalizer\\\/chi-vitalizer-1.jpeg\",\"width\":1001,\"height\":1001,\"caption\":\"Chi machine standard\"},{\"@type\":\"BreadcrumbList\",\"@id\":\"https:\\\/\\\/heartfulness.be\\\/fr\\\/product\\\/location-standard-chi-machine\\\/#breadcrumb\",\"itemListElement\":[{\"@type\":\"ListItem\",\"position\":1,\"name\":\"Accueil\",\"item\":\"https:\\\/\\\/heartfulness.be\\\/fr\\\/\"},{\"@type\":\"ListItem\",\"position\":2,\"name\":\"Boutique\",\"item\":\"https:\\\/\\\/heartfulness.be\\\/fr\\\/boutique\\\/\"},{\"@type\":\"ListItem\",\"position\":3,\"name\":\"Location standard chi machine\"}]},{\"@type\":\"WebSite\",\"@id\":\"https:\\\/\\\/heartfulness.be\\\/fr\\\/#website\",\"url\":\"https:\\\/\\\/heartfulness.be\\\/fr\\\/\",\"name\":\"Levensstroom\",\"description\":\"Centre de pleine conscience, massage, m\u00e9ditation, spiritualit\u00e9 et psychoth\u00e9rapie\",\"publisher\":{\"@id\":\"https:\\\/\\\/heartfulness.be\\\/fr\\\/#organization\"},\"potentialAction\":[{\"@type\":\"SearchAction\",\"target\":{\"@type\":\"EntryPoint\",\"urlTemplate\":\"https:\\\/\\\/heartfulness.be\\\/fr\\\/?s={search_term_string}\"},\"query-input\":{\"@type\":\"PropertyValueSpecification\",\"valueRequired\":true,\"valueName\":\"search_term_string\"}}],\"inLanguage\":\"fr-FR\"},{\"@type\":\"Organization\",\"@id\":\"https:\\\/\\\/heartfulness.be\\\/fr\\\/#organization\",\"name\":\"Levensstroom\",\"url\":\"https:\\\/\\\/heartfulness.be\\\/fr\\\/\",\"logo\":{\"@type\":\"ImageObject\",\"inLanguage\":\"fr-FR\",\"@id\":\"https:\\\/\\\/heartfulness.be\\\/fr\\\/#\\\/schema\\\/logo\\\/image\\\/\",\"url\":\"\",\"contentUrl\":\"\",\"caption\":\"Levensstroom\"},\"image\":{\"@id\":\"https:\\\/\\\/heartfulness.be\\\/fr\\\/#\\\/schema\\\/logo\\\/image\\\/\"},\"sameAs\":[\"https:\\\/\\\/www.facebook.com\\\/praktijk.levensstroom.9\",\"https:\\\/\\\/x.com\\\/Levensstroom_\",\"https:\\\/\\\/www.instagram.com\\\/levensstroom\\\/\",\"https:\\\/\\\/www.linkedin.com\\\/in\\\/dirk-vieren-30862117a\\\/\",\"https:\\\/\\\/www.pinterest.com\\\/levensstroom\\\/\",\"https:\\\/\\\/www.youtube.com\\\/user\\\/MassagesLevensstroom\\\/\"]}]}<\/script>\n<!-- \/ Yoast SEO plugin. -->","yoast_head_json":{"title":"Location standard chi machine et tester avant achat &#8902; Levensstroom","description":"Vous pouvez \u00e9galement louer la chi machine pendant 4 semaines en standard. Si vous souhaitez acheter l'appareil par la suite, ce prix de location + caution sera d\u00e9duit de l'achat.","robots":{"index":"index","follow":"follow","max-snippet":"max-snippet:-1","max-image-preview":"max-image-preview:large","max-video-preview":"max-video-preview:-1"},"canonical":"https:\/\/heartfulness.be\/fr\/product\/location-standard-chi-machine\/","og_locale":"fr_FR","og_type":"article","og_title":"Location standard chi machine et tester avant achat &#8902; Levensstroom","og_description":"Vous pouvez \u00e9galement louer la chi machine pendant 4 semaines en standard. Si vous souhaitez acheter l'appareil par la suite, ce prix de location + caution sera d\u00e9duit de l'achat.","og_url":"https:\/\/heartfulness.be\/fr\/product\/location-standard-chi-machine\/","og_site_name":"Levensstroom","article_publisher":"https:\/\/www.facebook.com\/praktijk.levensstroom.9","article_modified_time":"2021-05-11T19:45:36+00:00","og_image":[{"width":1001,"height":1001,"url":"https:\/\/heartfulness.be\/wp-content\/uploads\/Massagetoestellen\/Chi-Vitalizer\/chi-vitalizer-1.jpeg","type":"image\/jpeg"}],"twitter_card":"summary_large_image","twitter_site":"@Levensstroom_","twitter_misc":{"Dur\u00e9e de lecture estim\u00e9e":"1 minute"},"schema":{"@context":"https:\/\/schema.org","@graph":[{"@type":"WebPage","@id":"https:\/\/heartfulness.be\/fr\/product\/location-standard-chi-machine\/","url":"https:\/\/heartfulness.be\/fr\/product\/location-standard-chi-machine\/","name":"Location standard chi machine et tester avant achat &#8902; Levensstroom","isPartOf":{"@id":"https:\/\/heartfulness.be\/fr\/#website"},"primaryImageOfPage":{"@id":"https:\/\/heartfulness.be\/fr\/product\/location-standard-chi-machine\/#primaryimage"},"image":{"@id":"https:\/\/heartfulness.be\/fr\/product\/location-standard-chi-machine\/#primaryimage"},"thumbnailUrl":"https:\/\/heartfulness.be\/wp-content\/uploads\/Massagetoestellen\/Chi-Vitalizer\/chi-vitalizer-1.jpeg","datePublished":"2020-08-10T21:52:02+00:00","dateModified":"2021-05-11T19:45:36+00:00","description":"Vous pouvez \u00e9galement louer la chi machine pendant 4 semaines en standard. Si vous souhaitez acheter l'appareil par la suite, ce prix de location + caution sera d\u00e9duit de l'achat.","breadcrumb":{"@id":"https:\/\/heartfulness.be\/fr\/product\/location-standard-chi-machine\/#breadcrumb"},"inLanguage":"fr-FR","potentialAction":[{"@type":"ReadAction","target":["https:\/\/heartfulness.be\/fr\/product\/location-standard-chi-machine\/"]}]},{"@type":"ImageObject","inLanguage":"fr-FR","@id":"https:\/\/heartfulness.be\/fr\/product\/location-standard-chi-machine\/#primaryimage","url":"https:\/\/heartfulness.be\/wp-content\/uploads\/Massagetoestellen\/Chi-Vitalizer\/chi-vitalizer-1.jpeg","contentUrl":"https:\/\/heartfulness.be\/wp-content\/uploads\/Massagetoestellen\/Chi-Vitalizer\/chi-vitalizer-1.jpeg","width":1001,"height":1001,"caption":"Chi machine standard"},{"@type":"BreadcrumbList","@id":"https:\/\/heartfulness.be\/fr\/product\/location-standard-chi-machine\/#breadcrumb","itemListElement":[{"@type":"ListItem","position":1,"name":"Accueil","item":"https:\/\/heartfulness.be\/fr\/"},{"@type":"ListItem","position":2,"name":"Boutique","item":"https:\/\/heartfulness.be\/fr\/boutique\/"},{"@type":"ListItem","position":3,"name":"Location standard chi machine"}]},{"@type":"WebSite","@id":"https:\/\/heartfulness.be\/fr\/#website","url":"https:\/\/heartfulness.be\/fr\/","name":"Levensstroom","description":"Centre de pleine conscience, massage, m\u00e9ditation, spiritualit\u00e9 et psychoth\u00e9rapie","publisher":{"@id":"https:\/\/heartfulness.be\/fr\/#organization"},"potentialAction":[{"@type":"SearchAction","target":{"@type":"EntryPoint","urlTemplate":"https:\/\/heartfulness.be\/fr\/?s={search_term_string}"},"query-input":{"@type":"PropertyValueSpecification","valueRequired":true,"valueName":"search_term_string"}}],"inLanguage":"fr-FR"},{"@type":"Organization","@id":"https:\/\/heartfulness.be\/fr\/#organization","name":"Levensstroom","url":"https:\/\/heartfulness.be\/fr\/","logo":{"@type":"ImageObject","inLanguage":"fr-FR","@id":"https:\/\/heartfulness.be\/fr\/#\/schema\/logo\/image\/","url":"","contentUrl":"","caption":"Levensstroom"},"image":{"@id":"https:\/\/heartfulness.be\/fr\/#\/schema\/logo\/image\/"},"sameAs":["https:\/\/www.facebook.com\/praktijk.levensstroom.9","https:\/\/x.com\/Levensstroom_","https:\/\/www.instagram.com\/levensstroom\/","https:\/\/www.linkedin.com\/in\/dirk-vieren-30862117a\/","https:\/\/www.pinterest.com\/levensstroom\/","https:\/\/www.youtube.com\/user\/MassagesLevensstroom\/"]}]}},"jetpack_sharing_enabled":true,"jetpack_likes_enabled":true,"_links":{"self":[{"href":"https:\/\/heartfulness.be\/fr\/wp-json\/wp\/v2\/product\/17060","targetHints":{"allow":["GET"]}}],"collection":[{"href":"https:\/\/heartfulness.be\/fr\/wp-json\/wp\/v2\/product"}],"about":[{"href":"https:\/\/heartfulness.be\/fr\/wp-json\/wp\/v2\/types\/product"}],"replies":[{"embeddable":true,"href":"https:\/\/heartfulness.be\/fr\/wp-json\/wp\/v2\/comments?post=17060"}],"version-history":[{"count":0,"href":"https:\/\/heartfulness.be\/fr\/wp-json\/wp\/v2\/product\/17060\/revisions"}],"wp:featuredmedia":[{"embeddable":true,"href":"https:\/\/heartfulness.be\/fr\/wp-json\/wp\/v2\/media\/5768"}],"wp:attachment":[{"href":"https:\/\/heartfulness.be\/fr\/wp-json\/wp\/v2\/media?parent=17060"}],"wp:term":[{"taxonomy":"product_brand","embeddable":true,"href":"https:\/\/heartfulness.be\/fr\/wp-json\/wp\/v2\/product_brand?post=17060"},{"taxonomy":"product_cat","embeddable":true,"href":"https:\/\/heartfulness.be\/fr\/wp-json\/wp\/v2\/product_cat?post=17060"},{"taxonomy":"product_tag","embeddable":true,"href":"https:\/\/heartfulness.be\/fr\/wp-json\/wp\/v2\/product_tag?post=17060"}],"curies":[{"name":"wp","href":"https:\/\/api.w.org\/{rel}","templated":true}]}}