{"id":17070,"date":"2020-08-10T23:52:02","date_gmt":"2020-08-10T21:52:02","guid":{"rendered":"https:\/\/heartfulness.be\/shop\/non class\u00e9\/louez-chi-vitalizer-large\/"},"modified":"2020-08-10T23:52:02","modified_gmt":"2020-08-10T21:52:02","slug":"louez-chi-vitalizer-large","status":"publish","type":"product","link":"https:\/\/heartfulness.be\/fr\/product\/louez-chi-vitalizer-large\/","title":{"rendered":"Louez Chi Vitalizer Large"},"content":{"rendered":"<h5>Caract\u00e9ristiques du chi vitalizer Large:<\/h5>\n<ul>\n<li>un panneau de commande LCD \u00e0 vitesse variable (80-150 tr \/ min)<\/li>\n<li>trois programmes automatiques o\u00f9 la vitesse et la fr\u00e9quence varient en permanence<\/li>\n<li>Mod\u00e8le de mouvement elliptique<\/li>\n<li>Poign\u00e9e de transport pratique<\/li>\n<li>comprenant un moteur robuste de 40 watts.<\/li>\n<li>est disponible en 220V<\/li>\n<li>2 ans de garantie<\/li>\n<\/ul>\n<h5>T\u00e9l\u00e9commande<\/h5>\n<p><img fetchpriority=\"high\" decoding=\"async\" class=\"alignnone size-medium wp-image-3474 aligncenter\" src=\"https:\/\/heartfulness.be\/wp-content\/uploads\/Massagetoestellen\/Chi-Vitalizer\/M-CY-106L-bedieningspaneel-300x260.jpg\" alt=\"Afstandsbdiening chi machine Large\" width=\"300\" height=\"260\" srcset=\"https:\/\/heartfulness.be\/wp-content\/uploads\/Massagetoestellen\/Chi-Vitalizer\/M-CY-106L-bedieningspaneel-300x260.jpg 300w, https:\/\/heartfulness.be\/wp-content\/uploads\/Massagetoestellen\/Chi-Vitalizer\/M-CY-106L-bedieningspaneel.jpg 340w\" sizes=\"(max-width: 300px) 100vw, 300px\" \/><\/p>\n<p>Branchez la fiche dans la prise. La t\u00e9l\u00e9commande \u00e9mettra alors un bip. L&rsquo;\u00e9cran reste \u00e9teint. Le Chi Vitalizer n&rsquo;est pas en mouvement comme \u00e7a. Vous avez maintenant le choix entre quatre options:<\/p>\n<p>1. Bouton ON \/ OFF<br \/>\n2. Bouton TIMER<br \/>\n3. Bouton AUTO<br \/>\n4. Roue rotative pour la vitesse<\/p>\n<h5>Donn\u00e9es techniques chi vitalizer Grand:<\/h5>\n<ul>\n<li>moteur puissant de 40 watts<\/li>\n<li>Cordon de 2 m de long<\/li>\n<li>vitesse variable (80-160 tr \/ min),<\/li>\n<li>3 s\u00e9lections de mode automatique pr\u00e9programm\u00e9es<\/li>\n<li>\u00c9cran LCD avec minuterie de 15 minutes<\/li>\n<li>Repose-pied ergonomique avec supports de cheville l\u00e9g\u00e8rement plus \u00e9loign\u00e9s Tenez &#8211;<\/li>\n<li>on \/ off bouton<\/li>\n<li>3 s\u00e9lections uniques automatique<\/li>\n<li>alimentation 220 V<\/li>\n<li>CE, GMP, TUV et GS approuv\u00e9<\/li>\n<\/ul>\n<p>Le chi vitalizer Large est techniquement le m\u00eame que le standard chi machine. Mais avec cet appareil, les supports de cheville sont plus \u00e9loign\u00e9s. Le logement a \u00e9galement re\u00e7u une apparence plus moderne. Cette machine est particuli\u00e8rement adapt\u00e9e aux personnes de grande taille (taille \u00e0 partir de 1m85). Cet appareil nouvellement con\u00e7u utilise du plastique r\u00e9sistant \u00e0 la chaleur \u00e0 haute temp\u00e9rature, offre une r\u00e9sistance \u00e9lev\u00e9e aux chocs et a une forte r\u00e9sistance aux bases \/ acides.<\/p>\n<p>Utilise la partie de sp\u00e9cification standard internationale.<br \/>\nConstruit avec des roulements \u00e0 billes flexibles pr\u00e9cis.<\/p>\n","protected":false},"excerpt":{"rendered":"<h5>Location de la chi machine<\/h5>\n<p>Chez Levensstroom \u00e0 Courtrai (Flandre occidentale), vous pouvez louer la chi machine.<\/p>\n<ul>\n<li>Tout d&rsquo;abord, il y a toujours la possibilit\u00e9 de tester la chi machine chez Levensstroom lui-m\u00eame. Une s\u00e9ance dure environ 30 minutes.<\/li>\n<li>Vous pouvez \u00e9galement louer le chi vitalizer pendant 4 semaines. Le prix est de 50 \u20ac (location-vente) + 100 \u20ac de caution. Si vous souhaitez acheter l&rsquo;appareil par la suite, ce prix de location + caution sera d\u00e9duit de l&rsquo;achat.<\/li>\n<li>Si vous le conservez pendant ces 4 semaines, vous retournez l&rsquo;appareil dans son emballage d&rsquo;origine et lorsqu&rsquo;il s&rsquo;av\u00e8re en parfait \u00e9tat, vous recevrez la caution. Les m\u00eames conditions et prix s&rsquo;appliquent \u00e9galement \u00e0 la location du <a href=\"https:\/\/heartfulness.be\/fr\/boutique\/appareils-de-massage\/chi-machine-fr\/location-standard-chi-machine\/\" title=\"Location de la chi machine Standard\">mod\u00e8le standard<\/a> et de la <a href=\"https:\/\/heartfulness.be\/fr\/boutique\/appareils-de-massage\/chi-machine-fr\/louez-chi-machine-avec-infrarouge-et-vibration\/\" title=\"Location de la chi machine avec infrarouge et vibration\">chi machine avec infrarouge et vibration<\/a>.<br \/>\nVous recevrez alors un avoir avec confirmation de l&rsquo;acompte rembours\u00e9.<\/li>\n<\/ul>\n","protected":false},"featured_media":5770,"comment_status":"open","ping_status":"closed","template":"","meta":[],"product_brand":[],"product_cat":[383,402],"product_tag":[332,1253],"class_list":{"0":"post-17070","1":"product","2":"type-product","3":"status-publish","4":"has-post-thumbnail","6":"product_cat-appareils-de-massage","7":"product_cat-chi-machine-fr","8":"product_tag-massage-fr","9":"product_tag-ontspanning-fr","10":"product_shipping_class-gls-fr","12":"first","13":"instock","14":"taxable","15":"shipping-taxable","16":"purchasable","17":"product-type-simple"},"yoast_head":"<!-- This site is optimized with the Yoast SEO plugin v27.6 - https:\/\/yoast.com\/product\/yoast-seo-wordpress\/ -->\n<title>Louez Chi Vitalizer Large et puis acheter &#8902; Levensstroom<\/title>\n<meta name=\"description\" content=\"Vous pouvez louer le chi vitalizer Large. Une machine chi adapt\u00e9e aux personnes mesurant plus de 1m85.\" \/>\n<meta name=\"robots\" content=\"index, follow, max-snippet:-1, max-image-preview:large, max-video-preview:-1\" \/>\n<link rel=\"canonical\" href=\"https:\/\/heartfulness.be\/fr\/product\/louez-chi-vitalizer-large\/\" \/>\n<meta property=\"og:locale\" content=\"fr_FR\" \/>\n<meta property=\"og:type\" content=\"article\" \/>\n<meta property=\"og:title\" content=\"Louez Chi Vitalizer Large et puis acheter &#8902; Levensstroom\" \/>\n<meta property=\"og:description\" content=\"Vous pouvez louer le chi vitalizer Large. Une machine chi adapt\u00e9e aux personnes mesurant plus de 1m85.\" \/>\n<meta property=\"og:url\" content=\"https:\/\/heartfulness.be\/fr\/product\/louez-chi-vitalizer-large\/\" \/>\n<meta property=\"og:site_name\" content=\"Levensstroom\" \/>\n<meta property=\"article:publisher\" content=\"https:\/\/www.facebook.com\/praktijk.levensstroom.9\" \/>\n<meta property=\"og:image\" content=\"https:\/\/heartfulness.be\/wp-content\/uploads\/Massagetoestellen\/Chi-Vitalizer\/M-CY-106L.jpeg\" \/>\n\t<meta property=\"og:image:width\" content=\"1001\" \/>\n\t<meta property=\"og:image:height\" content=\"1001\" \/>\n\t<meta property=\"og:image:type\" content=\"image\/jpeg\" \/>\n<meta name=\"twitter:card\" content=\"summary_large_image\" \/>\n<meta name=\"twitter:site\" content=\"@Levensstroom_\" \/>\n<meta name=\"twitter:label1\" content=\"Dur\u00e9e de lecture estim\u00e9e\" \/>\n\t<meta name=\"twitter:data1\" content=\"1 minute\" \/>\n<script type=\"application\/ld+json\" class=\"yoast-schema-graph\">{\"@context\":\"https:\\\/\\\/schema.org\",\"@graph\":[{\"@type\":\"WebPage\",\"@id\":\"https:\\\/\\\/heartfulness.be\\\/fr\\\/product\\\/louez-chi-vitalizer-large\\\/\",\"url\":\"https:\\\/\\\/heartfulness.be\\\/fr\\\/product\\\/louez-chi-vitalizer-large\\\/\",\"name\":\"Louez Chi Vitalizer Large et puis acheter &#8902; Levensstroom\",\"isPartOf\":{\"@id\":\"https:\\\/\\\/heartfulness.be\\\/fr\\\/#website\"},\"primaryImageOfPage\":{\"@id\":\"https:\\\/\\\/heartfulness.be\\\/fr\\\/product\\\/louez-chi-vitalizer-large\\\/#primaryimage\"},\"image\":{\"@id\":\"https:\\\/\\\/heartfulness.be\\\/fr\\\/product\\\/louez-chi-vitalizer-large\\\/#primaryimage\"},\"thumbnailUrl\":\"https:\\\/\\\/heartfulness.be\\\/wp-content\\\/uploads\\\/Massagetoestellen\\\/Chi-Vitalizer\\\/M-CY-106L.jpeg\",\"datePublished\":\"2020-08-10T21:52:02+00:00\",\"description\":\"Vous pouvez louer le chi vitalizer Large. Une machine chi adapt\u00e9e aux personnes mesurant plus de 1m85.\",\"breadcrumb\":{\"@id\":\"https:\\\/\\\/heartfulness.be\\\/fr\\\/product\\\/louez-chi-vitalizer-large\\\/#breadcrumb\"},\"inLanguage\":\"fr-FR\",\"potentialAction\":[{\"@type\":\"ReadAction\",\"target\":[\"https:\\\/\\\/heartfulness.be\\\/fr\\\/product\\\/louez-chi-vitalizer-large\\\/\"]}]},{\"@type\":\"ImageObject\",\"inLanguage\":\"fr-FR\",\"@id\":\"https:\\\/\\\/heartfulness.be\\\/fr\\\/product\\\/louez-chi-vitalizer-large\\\/#primaryimage\",\"url\":\"https:\\\/\\\/heartfulness.be\\\/wp-content\\\/uploads\\\/Massagetoestellen\\\/Chi-Vitalizer\\\/M-CY-106L.jpeg\",\"contentUrl\":\"https:\\\/\\\/heartfulness.be\\\/wp-content\\\/uploads\\\/Massagetoestellen\\\/Chi-Vitalizer\\\/M-CY-106L.jpeg\",\"width\":1001,\"height\":1001,\"caption\":\"Chi Vitalizer Large\"},{\"@type\":\"BreadcrumbList\",\"@id\":\"https:\\\/\\\/heartfulness.be\\\/fr\\\/product\\\/louez-chi-vitalizer-large\\\/#breadcrumb\",\"itemListElement\":[{\"@type\":\"ListItem\",\"position\":1,\"name\":\"Accueil\",\"item\":\"https:\\\/\\\/heartfulness.be\\\/fr\\\/\"},{\"@type\":\"ListItem\",\"position\":2,\"name\":\"Boutique\",\"item\":\"https:\\\/\\\/heartfulness.be\\\/fr\\\/boutique\\\/\"},{\"@type\":\"ListItem\",\"position\":3,\"name\":\"Louez Chi Vitalizer Large\"}]},{\"@type\":\"WebSite\",\"@id\":\"https:\\\/\\\/heartfulness.be\\\/fr\\\/#website\",\"url\":\"https:\\\/\\\/heartfulness.be\\\/fr\\\/\",\"name\":\"Levensstroom\",\"description\":\"Centre de pleine conscience, massage, m\u00e9ditation, spiritualit\u00e9 et psychoth\u00e9rapie\",\"publisher\":{\"@id\":\"https:\\\/\\\/heartfulness.be\\\/fr\\\/#organization\"},\"potentialAction\":[{\"@type\":\"SearchAction\",\"target\":{\"@type\":\"EntryPoint\",\"urlTemplate\":\"https:\\\/\\\/heartfulness.be\\\/fr\\\/?s={search_term_string}\"},\"query-input\":{\"@type\":\"PropertyValueSpecification\",\"valueRequired\":true,\"valueName\":\"search_term_string\"}}],\"inLanguage\":\"fr-FR\"},{\"@type\":\"Organization\",\"@id\":\"https:\\\/\\\/heartfulness.be\\\/fr\\\/#organization\",\"name\":\"Levensstroom\",\"url\":\"https:\\\/\\\/heartfulness.be\\\/fr\\\/\",\"logo\":{\"@type\":\"ImageObject\",\"inLanguage\":\"fr-FR\",\"@id\":\"https:\\\/\\\/heartfulness.be\\\/fr\\\/#\\\/schema\\\/logo\\\/image\\\/\",\"url\":\"\",\"contentUrl\":\"\",\"caption\":\"Levensstroom\"},\"image\":{\"@id\":\"https:\\\/\\\/heartfulness.be\\\/fr\\\/#\\\/schema\\\/logo\\\/image\\\/\"},\"sameAs\":[\"https:\\\/\\\/www.facebook.com\\\/praktijk.levensstroom.9\",\"https:\\\/\\\/x.com\\\/Levensstroom_\",\"https:\\\/\\\/www.instagram.com\\\/levensstroom\\\/\",\"https:\\\/\\\/www.linkedin.com\\\/in\\\/dirk-vieren-30862117a\\\/\",\"https:\\\/\\\/www.pinterest.com\\\/levensstroom\\\/\",\"https:\\\/\\\/www.youtube.com\\\/user\\\/MassagesLevensstroom\\\/\"]}]}<\/script>\n<!-- \/ Yoast SEO plugin. -->","yoast_head_json":{"title":"Louez Chi Vitalizer Large et puis acheter &#8902; Levensstroom","description":"Vous pouvez louer le chi vitalizer Large. Une machine chi adapt\u00e9e aux personnes mesurant plus de 1m85.","robots":{"index":"index","follow":"follow","max-snippet":"max-snippet:-1","max-image-preview":"max-image-preview:large","max-video-preview":"max-video-preview:-1"},"canonical":"https:\/\/heartfulness.be\/fr\/product\/louez-chi-vitalizer-large\/","og_locale":"fr_FR","og_type":"article","og_title":"Louez Chi Vitalizer Large et puis acheter &#8902; Levensstroom","og_description":"Vous pouvez louer le chi vitalizer Large. Une machine chi adapt\u00e9e aux personnes mesurant plus de 1m85.","og_url":"https:\/\/heartfulness.be\/fr\/product\/louez-chi-vitalizer-large\/","og_site_name":"Levensstroom","article_publisher":"https:\/\/www.facebook.com\/praktijk.levensstroom.9","og_image":[{"width":1001,"height":1001,"url":"https:\/\/heartfulness.be\/wp-content\/uploads\/Massagetoestellen\/Chi-Vitalizer\/M-CY-106L.jpeg","type":"image\/jpeg"}],"twitter_card":"summary_large_image","twitter_site":"@Levensstroom_","twitter_misc":{"Dur\u00e9e de lecture estim\u00e9e":"1 minute"},"schema":{"@context":"https:\/\/schema.org","@graph":[{"@type":"WebPage","@id":"https:\/\/heartfulness.be\/fr\/product\/louez-chi-vitalizer-large\/","url":"https:\/\/heartfulness.be\/fr\/product\/louez-chi-vitalizer-large\/","name":"Louez Chi Vitalizer Large et puis acheter &#8902; Levensstroom","isPartOf":{"@id":"https:\/\/heartfulness.be\/fr\/#website"},"primaryImageOfPage":{"@id":"https:\/\/heartfulness.be\/fr\/product\/louez-chi-vitalizer-large\/#primaryimage"},"image":{"@id":"https:\/\/heartfulness.be\/fr\/product\/louez-chi-vitalizer-large\/#primaryimage"},"thumbnailUrl":"https:\/\/heartfulness.be\/wp-content\/uploads\/Massagetoestellen\/Chi-Vitalizer\/M-CY-106L.jpeg","datePublished":"2020-08-10T21:52:02+00:00","description":"Vous pouvez louer le chi vitalizer Large. Une machine chi adapt\u00e9e aux personnes mesurant plus de 1m85.","breadcrumb":{"@id":"https:\/\/heartfulness.be\/fr\/product\/louez-chi-vitalizer-large\/#breadcrumb"},"inLanguage":"fr-FR","potentialAction":[{"@type":"ReadAction","target":["https:\/\/heartfulness.be\/fr\/product\/louez-chi-vitalizer-large\/"]}]},{"@type":"ImageObject","inLanguage":"fr-FR","@id":"https:\/\/heartfulness.be\/fr\/product\/louez-chi-vitalizer-large\/#primaryimage","url":"https:\/\/heartfulness.be\/wp-content\/uploads\/Massagetoestellen\/Chi-Vitalizer\/M-CY-106L.jpeg","contentUrl":"https:\/\/heartfulness.be\/wp-content\/uploads\/Massagetoestellen\/Chi-Vitalizer\/M-CY-106L.jpeg","width":1001,"height":1001,"caption":"Chi Vitalizer Large"},{"@type":"BreadcrumbList","@id":"https:\/\/heartfulness.be\/fr\/product\/louez-chi-vitalizer-large\/#breadcrumb","itemListElement":[{"@type":"ListItem","position":1,"name":"Accueil","item":"https:\/\/heartfulness.be\/fr\/"},{"@type":"ListItem","position":2,"name":"Boutique","item":"https:\/\/heartfulness.be\/fr\/boutique\/"},{"@type":"ListItem","position":3,"name":"Louez Chi Vitalizer Large"}]},{"@type":"WebSite","@id":"https:\/\/heartfulness.be\/fr\/#website","url":"https:\/\/heartfulness.be\/fr\/","name":"Levensstroom","description":"Centre de pleine conscience, massage, m\u00e9ditation, spiritualit\u00e9 et psychoth\u00e9rapie","publisher":{"@id":"https:\/\/heartfulness.be\/fr\/#organization"},"potentialAction":[{"@type":"SearchAction","target":{"@type":"EntryPoint","urlTemplate":"https:\/\/heartfulness.be\/fr\/?s={search_term_string}"},"query-input":{"@type":"PropertyValueSpecification","valueRequired":true,"valueName":"search_term_string"}}],"inLanguage":"fr-FR"},{"@type":"Organization","@id":"https:\/\/heartfulness.be\/fr\/#organization","name":"Levensstroom","url":"https:\/\/heartfulness.be\/fr\/","logo":{"@type":"ImageObject","inLanguage":"fr-FR","@id":"https:\/\/heartfulness.be\/fr\/#\/schema\/logo\/image\/","url":"","contentUrl":"","caption":"Levensstroom"},"image":{"@id":"https:\/\/heartfulness.be\/fr\/#\/schema\/logo\/image\/"},"sameAs":["https:\/\/www.facebook.com\/praktijk.levensstroom.9","https:\/\/x.com\/Levensstroom_","https:\/\/www.instagram.com\/levensstroom\/","https:\/\/www.linkedin.com\/in\/dirk-vieren-30862117a\/","https:\/\/www.pinterest.com\/levensstroom\/","https:\/\/www.youtube.com\/user\/MassagesLevensstroom\/"]}]}},"jetpack_sharing_enabled":true,"jetpack_likes_enabled":true,"_links":{"self":[{"href":"https:\/\/heartfulness.be\/fr\/wp-json\/wp\/v2\/product\/17070","targetHints":{"allow":["GET"]}}],"collection":[{"href":"https:\/\/heartfulness.be\/fr\/wp-json\/wp\/v2\/product"}],"about":[{"href":"https:\/\/heartfulness.be\/fr\/wp-json\/wp\/v2\/types\/product"}],"replies":[{"embeddable":true,"href":"https:\/\/heartfulness.be\/fr\/wp-json\/wp\/v2\/comments?post=17070"}],"version-history":[{"count":0,"href":"https:\/\/heartfulness.be\/fr\/wp-json\/wp\/v2\/product\/17070\/revisions"}],"wp:featuredmedia":[{"embeddable":true,"href":"https:\/\/heartfulness.be\/fr\/wp-json\/wp\/v2\/media\/5770"}],"wp:attachment":[{"href":"https:\/\/heartfulness.be\/fr\/wp-json\/wp\/v2\/media?parent=17070"}],"wp:term":[{"taxonomy":"product_brand","embeddable":true,"href":"https:\/\/heartfulness.be\/fr\/wp-json\/wp\/v2\/product_brand?post=17070"},{"taxonomy":"product_cat","embeddable":true,"href":"https:\/\/heartfulness.be\/fr\/wp-json\/wp\/v2\/product_cat?post=17070"},{"taxonomy":"product_tag","embeddable":true,"href":"https:\/\/heartfulness.be\/fr\/wp-json\/wp\/v2\/product_tag?post=17070"}],"curies":[{"name":"wp","href":"https:\/\/api.w.org\/{rel}","templated":true}]}}