{"id":17359,"date":"2020-08-10T23:54:10","date_gmt":"2020-08-10T21:54:10","guid":{"rendered":"https:\/\/heartfulness.be\/shop\/non class\u00e9\/fauteuil-de-massage-relax-elegant\/"},"modified":"2020-08-10T23:54:10","modified_gmt":"2020-08-10T21:54:10","slug":"fauteuil-de-massage-relax-elegant","status":"publish","type":"product","link":"https:\/\/heartfulness.be\/fr\/product\/fauteuil-de-massage-relax-elegant\/","title":{"rendered":"Fauteuil de massage relax \u00e9l\u00e9gant"},"content":{"rendered":"<h5>Sp\u00e9cifications de fauteuil de massage relax \u00e9l\u00e9gant<\/h5>\n<ul>\n<li>Dimensions en position droite: L xlx H = 102 x 66 x 98 cm<\/li>\n<li>Dimensions en position \u00e9tir\u00e9e: L xlx H = 150 x 66 x 73 cm<\/li>\n<li>Dimensions emball\u00e9: L xlx H = 101 x 68 x 65,5 cm<\/li>\n<li>Poids net: 43 kg &#8211; (Poids brut &#8211; 48 kg).<\/li>\n<li>Sp\u00e9cifications \u00e9lectriques: 220V-240V \/ 50Hz &#8211; 110V \/ 60Hz.<\/li>\n<li>Disponible en noir ou gris fonc\u00e9.<\/li>\n<li>La couleur vert d&rsquo;eau\/bleu de la photo n&rsquo;est malheureusement plus disponible.<\/li>\n<\/ul>\n","protected":false},"excerpt":{"rendered":"<p><strong>Le fauteuil de massage relaxant \u00e9l\u00e9gant<\/strong> est un fauteuil de massage qui convient parfaitement aux personnes de petite taille. Ce si\u00e8ge de massage dispose de 6 balles de massage, chacune offrant son propre massage agr\u00e9able et relaxant \u00e0 travers 2 massages automatiques pr\u00e9programm\u00e9s. Il g\u00e9n\u00e8re des massages pas trop lourds.<\/p>\n<ul>\n<li>Vous pouvez faire vibrer le si\u00e8ge dans le si\u00e8ge.<\/li>\n<li>Il y a 3 vitesses r\u00e9glables (rapide\/moyenne\/lente) et largeur r\u00e9glable.<\/li>\n<li>\u00c9quip\u00e9 d&rsquo;une inclinaison r\u00e9glable de la partie non \u00e9lectrique du dossier qui fonctionne de mani\u00e8re synchrone avec le repose-pieds.<\/li>\n<li>Fonction d&rsquo;extension brevet\u00e9e pour le soutien du pied \/ de la jambe.<\/li>\n<li>Massage vibrant pour repose pieds\/jambes \u00e9galement avec 3 vitesses r\u00e9glables (rapide\/moyen\/lent).<\/li>\n<\/ul>\n","protected":false},"featured_media":17353,"comment_status":"closed","ping_status":"closed","template":"","meta":[],"product_brand":[],"product_cat":[383,396],"product_tag":[332,942],"class_list":{"0":"post-17359","1":"product","2":"type-product","3":"status-publish","4":"has-post-thumbnail","6":"product_cat-appareils-de-massage","7":"product_cat-sieges-de-massage","8":"product_tag-massage-fr","9":"product_tag-relaxation-fr","11":"first","12":"instock","13":"sale","14":"taxable","15":"shipping-taxable","16":"purchasable","17":"product-type-simple"},"yoast_head":"<!-- This site is optimized with the Yoast SEO plugin v27.3 - https:\/\/yoast.com\/product\/yoast-seo-wordpress\/ -->\n<title>Fauteuil de massage relax \u00e9l\u00e9gant si\u00e8ge de massage avec 6 boules de massage<\/title>\n<meta name=\"description\" content=\"Le fauteuil de massage relax \u00e9l\u00e9gant est un si\u00e8ge de massage qui dispose de 6 balles de massage, 2 massages automatiques pr\u00e9programm\u00e9s. Merveilleusement relaxant.\" \/>\n<meta name=\"robots\" content=\"index, follow, max-snippet:-1, max-image-preview:large, max-video-preview:-1\" \/>\n<link rel=\"canonical\" href=\"https:\/\/heartfulness.be\/fr\/product\/fauteuil-de-massage-relax-elegant\/\" \/>\n<meta property=\"og:locale\" content=\"fr_FR\" \/>\n<meta property=\"og:type\" content=\"article\" \/>\n<meta property=\"og:title\" content=\"Fauteuil de massage relax \u00e9l\u00e9gant si\u00e8ge de massage avec 6 boules de massage\" \/>\n<meta property=\"og:description\" content=\"Le fauteuil de massage relax \u00e9l\u00e9gant est un si\u00e8ge de massage qui dispose de 6 balles de massage, 2 massages automatiques pr\u00e9programm\u00e9s. Merveilleusement relaxant.\" \/>\n<meta property=\"og:url\" content=\"https:\/\/heartfulness.be\/fr\/product\/fauteuil-de-massage-relax-elegant\/\" \/>\n<meta property=\"og:site_name\" content=\"Levensstroom\" \/>\n<meta property=\"article:publisher\" content=\"https:\/\/www.facebook.com\/praktijk.levensstroom.9\" \/>\n<meta property=\"og:image\" content=\"https:\/\/heartfulness.be\/wp-content\/uploads\/Massagezetels\/Elegante-Relax-Massagestoel-S-062P.jpg\" \/>\n\t<meta property=\"og:image:width\" content=\"365\" \/>\n\t<meta property=\"og:image:height\" content=\"438\" \/>\n\t<meta property=\"og:image:type\" content=\"image\/jpeg\" \/>\n<meta name=\"twitter:card\" content=\"summary_large_image\" \/>\n<meta name=\"twitter:site\" content=\"@Levensstroom_\" \/>\n<script type=\"application\/ld+json\" class=\"yoast-schema-graph\">{\"@context\":\"https:\\\/\\\/schema.org\",\"@graph\":[{\"@type\":\"WebPage\",\"@id\":\"https:\\\/\\\/heartfulness.be\\\/fr\\\/product\\\/fauteuil-de-massage-relax-elegant\\\/\",\"url\":\"https:\\\/\\\/heartfulness.be\\\/fr\\\/product\\\/fauteuil-de-massage-relax-elegant\\\/\",\"name\":\"Fauteuil de massage relax \u00e9l\u00e9gant si\u00e8ge de massage avec 6 boules de massage\",\"isPartOf\":{\"@id\":\"https:\\\/\\\/heartfulness.be\\\/fr\\\/#website\"},\"primaryImageOfPage\":{\"@id\":\"https:\\\/\\\/heartfulness.be\\\/fr\\\/product\\\/fauteuil-de-massage-relax-elegant\\\/#primaryimage\"},\"image\":{\"@id\":\"https:\\\/\\\/heartfulness.be\\\/fr\\\/product\\\/fauteuil-de-massage-relax-elegant\\\/#primaryimage\"},\"thumbnailUrl\":\"https:\\\/\\\/heartfulness.be\\\/wp-content\\\/uploads\\\/Massagezetels\\\/Elegante-Relax-Massagestoel-S-062P.jpg\",\"datePublished\":\"2020-08-10T21:54:10+00:00\",\"description\":\"Le fauteuil de massage relax \u00e9l\u00e9gant est un si\u00e8ge de massage qui dispose de 6 balles de massage, 2 massages automatiques pr\u00e9programm\u00e9s. Merveilleusement relaxant.\",\"breadcrumb\":{\"@id\":\"https:\\\/\\\/heartfulness.be\\\/fr\\\/product\\\/fauteuil-de-massage-relax-elegant\\\/#breadcrumb\"},\"inLanguage\":\"fr-FR\",\"potentialAction\":[{\"@type\":\"ReadAction\",\"target\":[\"https:\\\/\\\/heartfulness.be\\\/fr\\\/product\\\/fauteuil-de-massage-relax-elegant\\\/\"]}]},{\"@type\":\"ImageObject\",\"inLanguage\":\"fr-FR\",\"@id\":\"https:\\\/\\\/heartfulness.be\\\/fr\\\/product\\\/fauteuil-de-massage-relax-elegant\\\/#primaryimage\",\"url\":\"https:\\\/\\\/heartfulness.be\\\/wp-content\\\/uploads\\\/Massagezetels\\\/Elegante-Relax-Massagestoel-S-062P.jpg\",\"contentUrl\":\"https:\\\/\\\/heartfulness.be\\\/wp-content\\\/uploads\\\/Massagezetels\\\/Elegante-Relax-Massagestoel-S-062P.jpg\",\"width\":365,\"height\":438,\"caption\":\"Elegante Relax Massagestoel\"},{\"@type\":\"BreadcrumbList\",\"@id\":\"https:\\\/\\\/heartfulness.be\\\/fr\\\/product\\\/fauteuil-de-massage-relax-elegant\\\/#breadcrumb\",\"itemListElement\":[{\"@type\":\"ListItem\",\"position\":1,\"name\":\"Accueil\",\"item\":\"https:\\\/\\\/heartfulness.be\\\/fr\\\/\"},{\"@type\":\"ListItem\",\"position\":2,\"name\":\"Boutique\",\"item\":\"https:\\\/\\\/heartfulness.be\\\/fr\\\/boutique-2\\\/\"},{\"@type\":\"ListItem\",\"position\":3,\"name\":\"Fauteuil de massage relax \u00e9l\u00e9gant\"}]},{\"@type\":\"WebSite\",\"@id\":\"https:\\\/\\\/heartfulness.be\\\/fr\\\/#website\",\"url\":\"https:\\\/\\\/heartfulness.be\\\/fr\\\/\",\"name\":\"Levensstroom\",\"description\":\"Centre de pleine conscience, massage, m\u00e9ditation, spiritualit\u00e9 et psychoth\u00e9rapie\",\"publisher\":{\"@id\":\"https:\\\/\\\/heartfulness.be\\\/fr\\\/#organization\"},\"potentialAction\":[{\"@type\":\"SearchAction\",\"target\":{\"@type\":\"EntryPoint\",\"urlTemplate\":\"https:\\\/\\\/heartfulness.be\\\/fr\\\/?s={search_term_string}\"},\"query-input\":{\"@type\":\"PropertyValueSpecification\",\"valueRequired\":true,\"valueName\":\"search_term_string\"}}],\"inLanguage\":\"fr-FR\"},{\"@type\":\"Organization\",\"@id\":\"https:\\\/\\\/heartfulness.be\\\/fr\\\/#organization\",\"name\":\"Levensstroom\",\"url\":\"https:\\\/\\\/heartfulness.be\\\/fr\\\/\",\"logo\":{\"@type\":\"ImageObject\",\"inLanguage\":\"fr-FR\",\"@id\":\"https:\\\/\\\/heartfulness.be\\\/fr\\\/#\\\/schema\\\/logo\\\/image\\\/\",\"url\":\"\",\"contentUrl\":\"\",\"caption\":\"Levensstroom\"},\"image\":{\"@id\":\"https:\\\/\\\/heartfulness.be\\\/fr\\\/#\\\/schema\\\/logo\\\/image\\\/\"},\"sameAs\":[\"https:\\\/\\\/www.facebook.com\\\/praktijk.levensstroom.9\",\"https:\\\/\\\/x.com\\\/Levensstroom_\",\"https:\\\/\\\/www.instagram.com\\\/levensstroom\\\/\",\"https:\\\/\\\/www.linkedin.com\\\/in\\\/dirk-vieren-30862117a\\\/\",\"https:\\\/\\\/www.pinterest.com\\\/levensstroom\\\/\",\"https:\\\/\\\/www.youtube.com\\\/user\\\/MassagesLevensstroom\\\/\"]}]}<\/script>\n<!-- \/ Yoast SEO plugin. -->","yoast_head_json":{"title":"Fauteuil de massage relax \u00e9l\u00e9gant si\u00e8ge de massage avec 6 boules de massage","description":"Le fauteuil de massage relax \u00e9l\u00e9gant est un si\u00e8ge de massage qui dispose de 6 balles de massage, 2 massages automatiques pr\u00e9programm\u00e9s. Merveilleusement relaxant.","robots":{"index":"index","follow":"follow","max-snippet":"max-snippet:-1","max-image-preview":"max-image-preview:large","max-video-preview":"max-video-preview:-1"},"canonical":"https:\/\/heartfulness.be\/fr\/product\/fauteuil-de-massage-relax-elegant\/","og_locale":"fr_FR","og_type":"article","og_title":"Fauteuil de massage relax \u00e9l\u00e9gant si\u00e8ge de massage avec 6 boules de massage","og_description":"Le fauteuil de massage relax \u00e9l\u00e9gant est un si\u00e8ge de massage qui dispose de 6 balles de massage, 2 massages automatiques pr\u00e9programm\u00e9s. Merveilleusement relaxant.","og_url":"https:\/\/heartfulness.be\/fr\/product\/fauteuil-de-massage-relax-elegant\/","og_site_name":"Levensstroom","article_publisher":"https:\/\/www.facebook.com\/praktijk.levensstroom.9","og_image":[{"width":365,"height":438,"url":"https:\/\/heartfulness.be\/wp-content\/uploads\/Massagezetels\/Elegante-Relax-Massagestoel-S-062P.jpg","type":"image\/jpeg"}],"twitter_card":"summary_large_image","twitter_site":"@Levensstroom_","schema":{"@context":"https:\/\/schema.org","@graph":[{"@type":"WebPage","@id":"https:\/\/heartfulness.be\/fr\/product\/fauteuil-de-massage-relax-elegant\/","url":"https:\/\/heartfulness.be\/fr\/product\/fauteuil-de-massage-relax-elegant\/","name":"Fauteuil de massage relax \u00e9l\u00e9gant si\u00e8ge de massage avec 6 boules de massage","isPartOf":{"@id":"https:\/\/heartfulness.be\/fr\/#website"},"primaryImageOfPage":{"@id":"https:\/\/heartfulness.be\/fr\/product\/fauteuil-de-massage-relax-elegant\/#primaryimage"},"image":{"@id":"https:\/\/heartfulness.be\/fr\/product\/fauteuil-de-massage-relax-elegant\/#primaryimage"},"thumbnailUrl":"https:\/\/heartfulness.be\/wp-content\/uploads\/Massagezetels\/Elegante-Relax-Massagestoel-S-062P.jpg","datePublished":"2020-08-10T21:54:10+00:00","description":"Le fauteuil de massage relax \u00e9l\u00e9gant est un si\u00e8ge de massage qui dispose de 6 balles de massage, 2 massages automatiques pr\u00e9programm\u00e9s. Merveilleusement relaxant.","breadcrumb":{"@id":"https:\/\/heartfulness.be\/fr\/product\/fauteuil-de-massage-relax-elegant\/#breadcrumb"},"inLanguage":"fr-FR","potentialAction":[{"@type":"ReadAction","target":["https:\/\/heartfulness.be\/fr\/product\/fauteuil-de-massage-relax-elegant\/"]}]},{"@type":"ImageObject","inLanguage":"fr-FR","@id":"https:\/\/heartfulness.be\/fr\/product\/fauteuil-de-massage-relax-elegant\/#primaryimage","url":"https:\/\/heartfulness.be\/wp-content\/uploads\/Massagezetels\/Elegante-Relax-Massagestoel-S-062P.jpg","contentUrl":"https:\/\/heartfulness.be\/wp-content\/uploads\/Massagezetels\/Elegante-Relax-Massagestoel-S-062P.jpg","width":365,"height":438,"caption":"Elegante Relax Massagestoel"},{"@type":"BreadcrumbList","@id":"https:\/\/heartfulness.be\/fr\/product\/fauteuil-de-massage-relax-elegant\/#breadcrumb","itemListElement":[{"@type":"ListItem","position":1,"name":"Accueil","item":"https:\/\/heartfulness.be\/fr\/"},{"@type":"ListItem","position":2,"name":"Boutique","item":"https:\/\/heartfulness.be\/fr\/boutique-2\/"},{"@type":"ListItem","position":3,"name":"Fauteuil de massage relax \u00e9l\u00e9gant"}]},{"@type":"WebSite","@id":"https:\/\/heartfulness.be\/fr\/#website","url":"https:\/\/heartfulness.be\/fr\/","name":"Levensstroom","description":"Centre de pleine conscience, massage, m\u00e9ditation, spiritualit\u00e9 et psychoth\u00e9rapie","publisher":{"@id":"https:\/\/heartfulness.be\/fr\/#organization"},"potentialAction":[{"@type":"SearchAction","target":{"@type":"EntryPoint","urlTemplate":"https:\/\/heartfulness.be\/fr\/?s={search_term_string}"},"query-input":{"@type":"PropertyValueSpecification","valueRequired":true,"valueName":"search_term_string"}}],"inLanguage":"fr-FR"},{"@type":"Organization","@id":"https:\/\/heartfulness.be\/fr\/#organization","name":"Levensstroom","url":"https:\/\/heartfulness.be\/fr\/","logo":{"@type":"ImageObject","inLanguage":"fr-FR","@id":"https:\/\/heartfulness.be\/fr\/#\/schema\/logo\/image\/","url":"","contentUrl":"","caption":"Levensstroom"},"image":{"@id":"https:\/\/heartfulness.be\/fr\/#\/schema\/logo\/image\/"},"sameAs":["https:\/\/www.facebook.com\/praktijk.levensstroom.9","https:\/\/x.com\/Levensstroom_","https:\/\/www.instagram.com\/levensstroom\/","https:\/\/www.linkedin.com\/in\/dirk-vieren-30862117a\/","https:\/\/www.pinterest.com\/levensstroom\/","https:\/\/www.youtube.com\/user\/MassagesLevensstroom\/"]}]}},"_links":{"self":[{"href":"https:\/\/heartfulness.be\/fr\/wp-json\/wp\/v2\/product\/17359","targetHints":{"allow":["GET"]}}],"collection":[{"href":"https:\/\/heartfulness.be\/fr\/wp-json\/wp\/v2\/product"}],"about":[{"href":"https:\/\/heartfulness.be\/fr\/wp-json\/wp\/v2\/types\/product"}],"replies":[{"embeddable":true,"href":"https:\/\/heartfulness.be\/fr\/wp-json\/wp\/v2\/comments?post=17359"}],"version-history":[{"count":0,"href":"https:\/\/heartfulness.be\/fr\/wp-json\/wp\/v2\/product\/17359\/revisions"}],"wp:featuredmedia":[{"embeddable":true,"href":"https:\/\/heartfulness.be\/fr\/wp-json\/wp\/v2\/media\/17353"}],"wp:attachment":[{"href":"https:\/\/heartfulness.be\/fr\/wp-json\/wp\/v2\/media?parent=17359"}],"wp:term":[{"taxonomy":"product_brand","embeddable":true,"href":"https:\/\/heartfulness.be\/fr\/wp-json\/wp\/v2\/product_brand?post=17359"},{"taxonomy":"product_cat","embeddable":true,"href":"https:\/\/heartfulness.be\/fr\/wp-json\/wp\/v2\/product_cat?post=17359"},{"taxonomy":"product_tag","embeddable":true,"href":"https:\/\/heartfulness.be\/fr\/wp-json\/wp\/v2\/product_tag?post=17359"}],"curies":[{"name":"wp","href":"https:\/\/api.w.org\/{rel}","templated":true}]}}