{"id":17597,"date":"2021-07-05T00:49:38","date_gmt":"2021-07-04T22:49:38","guid":{"rendered":"https:\/\/heartfulness.be\/shop\/non class\u00e9\/treat-pain-vital\/"},"modified":"2021-07-05T00:49:38","modified_gmt":"2021-07-04T22:49:38","slug":"treat-pain-vital","status":"publish","type":"product","link":"https:\/\/heartfulness.be\/fr\/product\/treat-pain-vital\/","title":{"rendered":"Treat pain Vital"},"content":{"rendered":"<p><strong>M\u00e9thode de pr\u00e9paration pour un traitement du pain Vital:<\/strong><\/p>\n<ul>\n<li>150 ml eau p\u00e9tillante<\/li>\n<li>3 oeufs<\/li>\n<li>1 cuill\u00e8re \u00e0 soupe d&rsquo; huile de noix de coco<\/li>\n<li>PAIN vital m\u00e9langer<\/li>\n<\/ul>\n<p>M\u00e9langer les oeufs, l&rsquo; eau gazeuse et de l&rsquo; huile de noix de coco fondu dans un bol et battre pendant 2 minutes jusqu&rsquo;\u00e0 ce que mousseuse. Maintenant, m\u00e9langez le m\u00e9lange \u00e0 p\u00e2tisserie jusqu&rsquo;\u00e0 ce que vous obteniez une masse lisse. Rassemblez la p\u00e2te \u00e0 l&rsquo;aide d&rsquo;une spatule, y compris la p\u00e2te qui colle encore au bol. Laisser ensuite reposer la p\u00e2te 10 \u00e0 15 minutes.<\/p>\n<p>Fa\u00e7onner ensuite la p\u00e2te en boule, sans la p\u00e9trir davantage et la d\u00e9poser sur du papier sulfuris\u00e9. Cuire imm\u00e9diatement le pain au centre d&rsquo;un four pr\u00e9chauff\u00e9 \u00e0 180\u00b0C pendant environ 60 minutes. C&rsquo;est \u00e7a! Si vous avez une machine \u00e0 pain, vous pouvez \u00e9galement y faire cuire ce pain vital si votre appareil dispose d&rsquo;un r\u00e9cipient sans programme de p\u00e9trissage.<\/p>\n<p><strong>Ingr\u00e9dients:<\/strong><\/p>\n<p>Farine de lin jaune, farine de noix de coco, f\u00e9cule de tapioca, baobab, fibre de bambou, poudre \u00e0 lever pal\u00e9o (amidon de tapioca, poudres \u00e0 lever : acide tartrique, carbonates de sodium).<\/p>\n<p><strong>Information produit:<\/strong><\/p>\n<p>\u2714 bonne fibre pour vos intestins<br \/>\n\u2714 baobab<br \/>\n\u2714 pr\u00e9biotique<br \/>\n\u2714 sans gluten et c\u00e9r\u00e9ales<br \/>\n\u2714 sans sucre<br \/>\n\u2714 sans lactose et sans cas\u00e9ine<br \/>\n\u2714 sans pomme de terre<br \/>\n\u2714 sans riz<br \/>\n\u2714 sans ma\u00efs<\/p>\n<p><strong>Valeur nutritionnelle pour 100 gr:<\/strong><\/p>\n<p>Energie : 13,94 KJ, 333 Kcal.<br \/>\nFibres : 28,40 gr.<br \/>\nMati\u00e8res grasses : 4,70 gr. dont acides gras satur\u00e9s 1,40 gr.<br \/>\nGlucides : 47,3 gr. dont sucres 1,90 gr.<br \/>\nProt\u00e9ines : 11,10 gr.<br \/>\nSel : 3,30 gr.<\/p>\n<p><strong>Instructions de stockage:<\/strong><\/p>\n<p>Gardez le m\u00e9lange de cuisson du pain Treat vital au sec.<\/p>\n","protected":false},"excerpt":{"rendered":"<p>Le pain Vital est un pain d\u00e9licieux et sain sans gluten et sans lactose, riche en bonnes fibres pr\u00e9biotiques issues du fruit du baobab. Ces fibres assurent une bonne flore intestinale et un bon transit intestinal.<\/p>\n<p>Ce m\u00e9lange est si simple que vous pouvez avoir votre propre pain cuit au four en un rien de temps, sans gluten, sans gliadine, sans prot\u00e9ines de lait, sans cas\u00e9ine, sans lactose et sans sucres raffin\u00e9s.<br \/>\nL&rsquo;aspect nutritif de ce pain vital est qu&rsquo;il est enrichi en fibre de baobab.<\/p>\n<p>Le baobab ou arbre \u00e0 pain de singe est l&rsquo;arbre le plus \u00e9pais du monde et pousse principalement \u00e0 Madagascar et dans les savanes africaines. Savannas vient de l&rsquo;espagnol et signifie \u00ab plaine sans arbres \u00bb. Seuls le baobab et l&rsquo;acasia y poussent. Le baobab est l&rsquo;une des sources de nourriture les plus importantes en Afrique aride o\u00f9 il ne pousse pas grand-chose d&rsquo;autre. C&rsquo;est pourquoi il est aussi appel\u00e9 \u00ab\u00a0l&rsquo;arbre de vie\u00a0\u00bb. Les habitants utilisent les feuilles et les fruits depuis des milliers d&rsquo;ann\u00e9es pour leur haute teneur en nutriments. Ceux-ci sont consomm\u00e9s frais ou s\u00e9ch\u00e9s.<\/p>\n<p>La pulpe des fruits contient beaucoup de fibres, qui sont utilis\u00e9es pour faire de la bouillie ou du pain (d&rsquo;o\u00f9 le nom d&rsquo;arbre \u00e0 pain de singe). Le fruit du baobab est tr\u00e8s nutritif et regorge de vitamines, d&rsquo;antioxydants et de min\u00e9raux.<\/p>\n<p>De plus, dans le pain vital, des farines de farine de lin jaune, de farine de noix de coco et de farine de tapioca sont utilis\u00e9es.<\/p>\n","protected":false},"featured_media":17529,"comment_status":"open","ping_status":"closed","template":"","meta":[],"product_brand":[],"product_cat":[947,982],"product_tag":[1141,1140,967,968],"class_list":{"0":"post-17597","1":"product","2":"type-product","3":"status-publish","4":"has-post-thumbnail","6":"product_cat-alimentation","7":"product_cat-alimentation-saine","8":"product_tag-brood-fr","9":"product_tag-gluten-free-fr","10":"product_tag-kpni-fr","11":"product_tag-treat-fr","12":"product_shipping_class-gls-fr","14":"first","15":"instock","16":"taxable","17":"shipping-taxable","18":"purchasable","19":"product-type-simple"},"yoast_head":"<!-- This site is optimized with the Yoast SEO plugin v27.4 - https:\/\/yoast.com\/product\/yoast-seo-wordpress\/ -->\n<title>Treat pain Vital enrichi en fibres du fruit du baobab.<\/title>\n<meta name=\"description\" content=\"Le pain Vital est un pain pur et d\u00e9licieux, plein de bonnes fibres pr\u00e9biotiques issues du fruit du baobab. Les farines proviennent \u00e9galement de tapioca, de graines de lin et de noix de coco.\" \/>\n<meta name=\"robots\" content=\"index, follow, max-snippet:-1, max-image-preview:large, max-video-preview:-1\" \/>\n<link rel=\"canonical\" href=\"https:\/\/heartfulness.be\/fr\/product\/treat-pain-vital\/\" \/>\n<meta property=\"og:locale\" content=\"fr_FR\" \/>\n<meta property=\"og:type\" content=\"article\" \/>\n<meta property=\"og:title\" content=\"Treat pain Vital enrichi en fibres du fruit du baobab.\" \/>\n<meta property=\"og:description\" content=\"Le pain Vital est un pain pur et d\u00e9licieux, plein de bonnes fibres pr\u00e9biotiques issues du fruit du baobab. Les farines proviennent \u00e9galement de tapioca, de graines de lin et de noix de coco.\" \/>\n<meta property=\"og:url\" content=\"https:\/\/heartfulness.be\/fr\/product\/treat-pain-vital\/\" \/>\n<meta property=\"og:site_name\" content=\"Levensstroom\" \/>\n<meta property=\"article:publisher\" content=\"https:\/\/www.facebook.com\/praktijk.levensstroom.9\" \/>\n<meta property=\"og:image\" content=\"https:\/\/heartfulness.be\/wp-content\/uploads\/Voeding\/Bakmix-VitaalBrood.png\" \/>\n\t<meta property=\"og:image:width\" content=\"539\" \/>\n\t<meta property=\"og:image:height\" content=\"900\" \/>\n\t<meta property=\"og:image:type\" content=\"image\/png\" \/>\n<meta name=\"twitter:card\" content=\"summary_large_image\" \/>\n<meta name=\"twitter:site\" content=\"@Levensstroom_\" \/>\n<meta name=\"twitter:label1\" content=\"Dur\u00e9e de lecture estim\u00e9e\" \/>\n\t<meta name=\"twitter:data1\" content=\"1 minute\" \/>\n<script type=\"application\/ld+json\" class=\"yoast-schema-graph\">{\"@context\":\"https:\\\/\\\/schema.org\",\"@graph\":[{\"@type\":\"WebPage\",\"@id\":\"https:\\\/\\\/heartfulness.be\\\/fr\\\/product\\\/treat-pain-vital\\\/\",\"url\":\"https:\\\/\\\/heartfulness.be\\\/fr\\\/product\\\/treat-pain-vital\\\/\",\"name\":\"Treat pain Vital enrichi en fibres du fruit du baobab.\",\"isPartOf\":{\"@id\":\"https:\\\/\\\/heartfulness.be\\\/fr\\\/#website\"},\"primaryImageOfPage\":{\"@id\":\"https:\\\/\\\/heartfulness.be\\\/fr\\\/product\\\/treat-pain-vital\\\/#primaryimage\"},\"image\":{\"@id\":\"https:\\\/\\\/heartfulness.be\\\/fr\\\/product\\\/treat-pain-vital\\\/#primaryimage\"},\"thumbnailUrl\":\"https:\\\/\\\/heartfulness.be\\\/wp-content\\\/uploads\\\/Voeding\\\/Bakmix-VitaalBrood.png\",\"datePublished\":\"2021-07-04T22:49:38+00:00\",\"description\":\"Le pain Vital est un pain pur et d\u00e9licieux, plein de bonnes fibres pr\u00e9biotiques issues du fruit du baobab. Les farines proviennent \u00e9galement de tapioca, de graines de lin et de noix de coco.\",\"breadcrumb\":{\"@id\":\"https:\\\/\\\/heartfulness.be\\\/fr\\\/product\\\/treat-pain-vital\\\/#breadcrumb\"},\"inLanguage\":\"fr-FR\",\"potentialAction\":[{\"@type\":\"ReadAction\",\"target\":[\"https:\\\/\\\/heartfulness.be\\\/fr\\\/product\\\/treat-pain-vital\\\/\"]}]},{\"@type\":\"ImageObject\",\"inLanguage\":\"fr-FR\",\"@id\":\"https:\\\/\\\/heartfulness.be\\\/fr\\\/product\\\/treat-pain-vital\\\/#primaryimage\",\"url\":\"https:\\\/\\\/heartfulness.be\\\/wp-content\\\/uploads\\\/Voeding\\\/Bakmix-VitaalBrood.png\",\"contentUrl\":\"https:\\\/\\\/heartfulness.be\\\/wp-content\\\/uploads\\\/Voeding\\\/Bakmix-VitaalBrood.png\",\"width\":539,\"height\":900,\"caption\":\"M\u00e9lange \u00e0 p\u00e2tisserie Vital Pain Treat\"},{\"@type\":\"BreadcrumbList\",\"@id\":\"https:\\\/\\\/heartfulness.be\\\/fr\\\/product\\\/treat-pain-vital\\\/#breadcrumb\",\"itemListElement\":[{\"@type\":\"ListItem\",\"position\":1,\"name\":\"Accueil\",\"item\":\"https:\\\/\\\/heartfulness.be\\\/fr\\\/\"},{\"@type\":\"ListItem\",\"position\":2,\"name\":\"Boutique\",\"item\":\"https:\\\/\\\/heartfulness.be\\\/fr\\\/boutique-2\\\/\"},{\"@type\":\"ListItem\",\"position\":3,\"name\":\"Treat pain Vital\"}]},{\"@type\":\"WebSite\",\"@id\":\"https:\\\/\\\/heartfulness.be\\\/fr\\\/#website\",\"url\":\"https:\\\/\\\/heartfulness.be\\\/fr\\\/\",\"name\":\"Levensstroom\",\"description\":\"Centre de pleine conscience, massage, m\u00e9ditation, spiritualit\u00e9 et psychoth\u00e9rapie\",\"publisher\":{\"@id\":\"https:\\\/\\\/heartfulness.be\\\/fr\\\/#organization\"},\"potentialAction\":[{\"@type\":\"SearchAction\",\"target\":{\"@type\":\"EntryPoint\",\"urlTemplate\":\"https:\\\/\\\/heartfulness.be\\\/fr\\\/?s={search_term_string}\"},\"query-input\":{\"@type\":\"PropertyValueSpecification\",\"valueRequired\":true,\"valueName\":\"search_term_string\"}}],\"inLanguage\":\"fr-FR\"},{\"@type\":\"Organization\",\"@id\":\"https:\\\/\\\/heartfulness.be\\\/fr\\\/#organization\",\"name\":\"Levensstroom\",\"url\":\"https:\\\/\\\/heartfulness.be\\\/fr\\\/\",\"logo\":{\"@type\":\"ImageObject\",\"inLanguage\":\"fr-FR\",\"@id\":\"https:\\\/\\\/heartfulness.be\\\/fr\\\/#\\\/schema\\\/logo\\\/image\\\/\",\"url\":\"\",\"contentUrl\":\"\",\"caption\":\"Levensstroom\"},\"image\":{\"@id\":\"https:\\\/\\\/heartfulness.be\\\/fr\\\/#\\\/schema\\\/logo\\\/image\\\/\"},\"sameAs\":[\"https:\\\/\\\/www.facebook.com\\\/praktijk.levensstroom.9\",\"https:\\\/\\\/x.com\\\/Levensstroom_\",\"https:\\\/\\\/www.instagram.com\\\/levensstroom\\\/\",\"https:\\\/\\\/www.linkedin.com\\\/in\\\/dirk-vieren-30862117a\\\/\",\"https:\\\/\\\/www.pinterest.com\\\/levensstroom\\\/\",\"https:\\\/\\\/www.youtube.com\\\/user\\\/MassagesLevensstroom\\\/\"]}]}<\/script>\n<!-- \/ Yoast SEO plugin. -->","yoast_head_json":{"title":"Treat pain Vital enrichi en fibres du fruit du baobab.","description":"Le pain Vital est un pain pur et d\u00e9licieux, plein de bonnes fibres pr\u00e9biotiques issues du fruit du baobab. Les farines proviennent \u00e9galement de tapioca, de graines de lin et de noix de coco.","robots":{"index":"index","follow":"follow","max-snippet":"max-snippet:-1","max-image-preview":"max-image-preview:large","max-video-preview":"max-video-preview:-1"},"canonical":"https:\/\/heartfulness.be\/fr\/product\/treat-pain-vital\/","og_locale":"fr_FR","og_type":"article","og_title":"Treat pain Vital enrichi en fibres du fruit du baobab.","og_description":"Le pain Vital est un pain pur et d\u00e9licieux, plein de bonnes fibres pr\u00e9biotiques issues du fruit du baobab. Les farines proviennent \u00e9galement de tapioca, de graines de lin et de noix de coco.","og_url":"https:\/\/heartfulness.be\/fr\/product\/treat-pain-vital\/","og_site_name":"Levensstroom","article_publisher":"https:\/\/www.facebook.com\/praktijk.levensstroom.9","og_image":[{"width":539,"height":900,"url":"https:\/\/heartfulness.be\/wp-content\/uploads\/Voeding\/Bakmix-VitaalBrood.png","type":"image\/png"}],"twitter_card":"summary_large_image","twitter_site":"@Levensstroom_","twitter_misc":{"Dur\u00e9e de lecture estim\u00e9e":"1 minute"},"schema":{"@context":"https:\/\/schema.org","@graph":[{"@type":"WebPage","@id":"https:\/\/heartfulness.be\/fr\/product\/treat-pain-vital\/","url":"https:\/\/heartfulness.be\/fr\/product\/treat-pain-vital\/","name":"Treat pain Vital enrichi en fibres du fruit du baobab.","isPartOf":{"@id":"https:\/\/heartfulness.be\/fr\/#website"},"primaryImageOfPage":{"@id":"https:\/\/heartfulness.be\/fr\/product\/treat-pain-vital\/#primaryimage"},"image":{"@id":"https:\/\/heartfulness.be\/fr\/product\/treat-pain-vital\/#primaryimage"},"thumbnailUrl":"https:\/\/heartfulness.be\/wp-content\/uploads\/Voeding\/Bakmix-VitaalBrood.png","datePublished":"2021-07-04T22:49:38+00:00","description":"Le pain Vital est un pain pur et d\u00e9licieux, plein de bonnes fibres pr\u00e9biotiques issues du fruit du baobab. Les farines proviennent \u00e9galement de tapioca, de graines de lin et de noix de coco.","breadcrumb":{"@id":"https:\/\/heartfulness.be\/fr\/product\/treat-pain-vital\/#breadcrumb"},"inLanguage":"fr-FR","potentialAction":[{"@type":"ReadAction","target":["https:\/\/heartfulness.be\/fr\/product\/treat-pain-vital\/"]}]},{"@type":"ImageObject","inLanguage":"fr-FR","@id":"https:\/\/heartfulness.be\/fr\/product\/treat-pain-vital\/#primaryimage","url":"https:\/\/heartfulness.be\/wp-content\/uploads\/Voeding\/Bakmix-VitaalBrood.png","contentUrl":"https:\/\/heartfulness.be\/wp-content\/uploads\/Voeding\/Bakmix-VitaalBrood.png","width":539,"height":900,"caption":"M\u00e9lange \u00e0 p\u00e2tisserie Vital Pain Treat"},{"@type":"BreadcrumbList","@id":"https:\/\/heartfulness.be\/fr\/product\/treat-pain-vital\/#breadcrumb","itemListElement":[{"@type":"ListItem","position":1,"name":"Accueil","item":"https:\/\/heartfulness.be\/fr\/"},{"@type":"ListItem","position":2,"name":"Boutique","item":"https:\/\/heartfulness.be\/fr\/boutique-2\/"},{"@type":"ListItem","position":3,"name":"Treat pain Vital"}]},{"@type":"WebSite","@id":"https:\/\/heartfulness.be\/fr\/#website","url":"https:\/\/heartfulness.be\/fr\/","name":"Levensstroom","description":"Centre de pleine conscience, massage, m\u00e9ditation, spiritualit\u00e9 et psychoth\u00e9rapie","publisher":{"@id":"https:\/\/heartfulness.be\/fr\/#organization"},"potentialAction":[{"@type":"SearchAction","target":{"@type":"EntryPoint","urlTemplate":"https:\/\/heartfulness.be\/fr\/?s={search_term_string}"},"query-input":{"@type":"PropertyValueSpecification","valueRequired":true,"valueName":"search_term_string"}}],"inLanguage":"fr-FR"},{"@type":"Organization","@id":"https:\/\/heartfulness.be\/fr\/#organization","name":"Levensstroom","url":"https:\/\/heartfulness.be\/fr\/","logo":{"@type":"ImageObject","inLanguage":"fr-FR","@id":"https:\/\/heartfulness.be\/fr\/#\/schema\/logo\/image\/","url":"","contentUrl":"","caption":"Levensstroom"},"image":{"@id":"https:\/\/heartfulness.be\/fr\/#\/schema\/logo\/image\/"},"sameAs":["https:\/\/www.facebook.com\/praktijk.levensstroom.9","https:\/\/x.com\/Levensstroom_","https:\/\/www.instagram.com\/levensstroom\/","https:\/\/www.linkedin.com\/in\/dirk-vieren-30862117a\/","https:\/\/www.pinterest.com\/levensstroom\/","https:\/\/www.youtube.com\/user\/MassagesLevensstroom\/"]}]}},"_links":{"self":[{"href":"https:\/\/heartfulness.be\/fr\/wp-json\/wp\/v2\/product\/17597","targetHints":{"allow":["GET"]}}],"collection":[{"href":"https:\/\/heartfulness.be\/fr\/wp-json\/wp\/v2\/product"}],"about":[{"href":"https:\/\/heartfulness.be\/fr\/wp-json\/wp\/v2\/types\/product"}],"replies":[{"embeddable":true,"href":"https:\/\/heartfulness.be\/fr\/wp-json\/wp\/v2\/comments?post=17597"}],"version-history":[{"count":0,"href":"https:\/\/heartfulness.be\/fr\/wp-json\/wp\/v2\/product\/17597\/revisions"}],"wp:featuredmedia":[{"embeddable":true,"href":"https:\/\/heartfulness.be\/fr\/wp-json\/wp\/v2\/media\/17529"}],"wp:attachment":[{"href":"https:\/\/heartfulness.be\/fr\/wp-json\/wp\/v2\/media?parent=17597"}],"wp:term":[{"taxonomy":"product_brand","embeddable":true,"href":"https:\/\/heartfulness.be\/fr\/wp-json\/wp\/v2\/product_brand?post=17597"},{"taxonomy":"product_cat","embeddable":true,"href":"https:\/\/heartfulness.be\/fr\/wp-json\/wp\/v2\/product_cat?post=17597"},{"taxonomy":"product_tag","embeddable":true,"href":"https:\/\/heartfulness.be\/fr\/wp-json\/wp\/v2\/product_tag?post=17597"}],"curies":[{"name":"wp","href":"https:\/\/api.w.org\/{rel}","templated":true}]}}