{"id":17680,"date":"2021-07-12T01:58:01","date_gmt":"2021-07-11T23:58:01","guid":{"rendered":"https:\/\/heartfulness.be\/shop\/non%20class\u00e9\/melange-a-brownies\/"},"modified":"2024-11-28T12:34:06","modified_gmt":"2024-11-28T10:34:06","slug":"melange-a-brownies","status":"publish","type":"product","link":"https:\/\/heartfulness.be\/fr\/product\/melange-a-brownies\/","title":{"rendered":"M\u00e9lange \u00e0 brownies"},"content":{"rendered":"<p><strong>Ingr\u00e9dients pour de savoureux brownies<\/strong><\/p>\n<ul>\n<li>4 \u0153ufs<\/li>\n<li>150 ml de cr\u00e8me v\u00e9g\u00e9tale (par ex. cr\u00e8me de coco)<\/li>\n<li>1 paquet de m\u00e9lange \u00e0 brownies<\/li>\n<\/ul>\n<p><strong>Pr\u00e9paration<\/strong><\/p>\n<p>M\u00e9langez 4 \u0153ufs avec 150 ml de cr\u00e8me v\u00e9g\u00e9tale et ajoutez le m\u00e9lange \u00e0 brownies. M\u00e9langer jusqu&rsquo;\u00e0 consistance lisse. Remplissez un moule de \u00b1 20 x 20 cm avec le m\u00e9lange \u00e0 brownie et placez-le dans un four pr\u00e9chauff\u00e9 \u00e0 180\u00b0C. Cuire le brownie pendant 12-15 minutes.<\/p>\n<p><strong>Ingr\u00e9dients<\/strong><\/p>\n<p>Le m\u00e9lange \u00e0 brownie se compose de farine de noix de coco, farine de tapioca, poudre de cacao belge 21%, sucre de fleur de coco, acide tartrique, carbonate de sodium.<\/p>\n<p><strong>Information produit<\/strong><\/p>\n<p>\u2714 bonne fibre pour vos intestins<br \/>\n\u2714 pr\u00e9biotique<br \/>\n\u2714 sans gluten ni c\u00e9r\u00e9ales<br \/>\n\u2714 sans lactose ni cas\u00e9ine<br \/>\n\u2714 sans pomme de terre<br \/>\n\u2714 sans riz<br \/>\n\u2714 sans ma\u00efs<\/p>\n<p><strong>Valeurs nutritionnelles pour 100 gr<\/strong><\/p>\n<p>\u00c9nergie 1592 KJ, 380 kcal<br \/>\nMati\u00e8res grasses 10,5 gr dont acides gras satur\u00e9s 7,3 gr<br \/>\nGlucides 50 gr dont sucres 47,3 gr<br \/>\nFibres 19,6 gr<br \/>\nProt\u00e9ines 11,6 gr<br \/>\nSel 1,5 gr<\/p>\n","protected":false},"excerpt":{"rendered":"<p>Vous connaissez peut-\u00eatre un brownie ou un brownie au chocolat: un g\u00e2teau au chocolat plat, cuit au four carr\u00e9 ou rectangulaire, riche et cr\u00e9meux, collant ou un peu plus p\u00e2teux qui en texture ressemble \u00e0 une combinaison d&rsquo;une tranche de g\u00e2teau et d&rsquo;un biscuit. \u00c0 l&rsquo;origine am\u00e9ricain et commercialis\u00e9 comme dessert, un brownie est \u00e9galement devenu une p\u00e2tisserie que vous pouvez manger avec du caf\u00e9. En plus du chocolat, les brownies peuvent contenir une grande vari\u00e9t\u00e9 d&rsquo;ingr\u00e9dients, tels que des noix, des flocons de chocolat et des raisins secs.<\/p>\n<p>Maintenant, il y a aussi les <strong>brownies Treat<\/strong>. Ces brownies sont-ils vraiment sans gluten ? Oui, et aussi sans lactose. Et ils ont au moins aussi bon go\u00fbt que les brownies \u00abordinaires\u00bb. Offrez-vous un coup de pouce chocolat\u00e9 et optez pour cette recette sans gluten ! Les vrais amateurs ajoutent une portion suppl\u00e9mentaire de gouttes de chocolat juste avant la cuisson. De cette fa\u00e7on, vous obtenez un brownie ferme avec un go\u00fbt de chocolat complet!<\/p>\n<h5>Voyez ici comment faire votre brownie avec le m\u00e9lange de brownies<\/h5>\n<p><iframe title=\"YouTube video player\" src=\"https:\/\/www.youtube-nocookie.com\/embed\/YJL9gWWfLPg\" width=\"560\" height=\"315\" frameborder=\"0\" allowfullscreen=\"allowfullscreen\"><\/iframe><\/p>\n","protected":false},"featured_media":17487,"comment_status":"open","ping_status":"closed","template":"","meta":[],"product_brand":[],"product_cat":[947,982],"product_tag":[1140,967,968],"class_list":{"0":"post-17680","1":"product","2":"type-product","3":"status-publish","4":"has-post-thumbnail","6":"product_cat-alimentation","7":"product_cat-alimentation-saine","8":"product_tag-gluten-free-fr","9":"product_tag-kpni-fr","10":"product_tag-treat-fr","11":"product_shipping_class-gls-fr","13":"first","14":"instock","15":"taxable","16":"shipping-taxable","17":"purchasable","18":"product-type-simple"},"yoast_head":"<!-- This site is optimized with the Yoast SEO plugin v27.4 - https:\/\/yoast.com\/product\/yoast-seo-wordpress\/ -->\n<title>M\u00e9lange \u00e0 brownies: d\u00e9guster un brownie au chocolat sans gluten et sans lactose<\/title>\n<meta name=\"description\" content=\"Avec ce m\u00e9lange a brownies Treat, vous pouvez faire des brownies sans gluten. Ils sont \u00e9galement sans lactose. Et ils ont au moins aussi bon go\u00fbt qu&#039;un brownie \u00abordinaire\u00bb.\" \/>\n<meta name=\"robots\" content=\"index, follow, max-snippet:-1, max-image-preview:large, max-video-preview:-1\" \/>\n<link rel=\"canonical\" href=\"https:\/\/heartfulness.be\/fr\/product\/melange-a-brownies\/\" \/>\n<meta property=\"og:locale\" content=\"fr_FR\" \/>\n<meta property=\"og:type\" content=\"article\" \/>\n<meta property=\"og:title\" content=\"M\u00e9lange \u00e0 brownies: d\u00e9guster un brownie au chocolat sans gluten et sans lactose\" \/>\n<meta property=\"og:description\" content=\"Avec ce m\u00e9lange a brownies Treat, vous pouvez faire des brownies sans gluten. Ils sont \u00e9galement sans lactose. Et ils ont au moins aussi bon go\u00fbt qu&#039;un brownie \u00abordinaire\u00bb.\" \/>\n<meta property=\"og:url\" content=\"https:\/\/heartfulness.be\/fr\/product\/melange-a-brownies\/\" \/>\n<meta property=\"og:site_name\" content=\"Levensstroom\" \/>\n<meta property=\"article:publisher\" content=\"https:\/\/www.facebook.com\/praktijk.levensstroom.9\" \/>\n<meta property=\"article:modified_time\" content=\"2024-11-28T10:34:06+00:00\" \/>\n<meta property=\"og:image\" content=\"https:\/\/heartfulness.be\/wp-content\/uploads\/Voeding\/Bakmix-Brownie.png\" \/>\n\t<meta property=\"og:image:width\" content=\"539\" \/>\n\t<meta property=\"og:image:height\" content=\"900\" \/>\n\t<meta property=\"og:image:type\" content=\"image\/png\" \/>\n<meta name=\"twitter:card\" content=\"summary_large_image\" \/>\n<meta name=\"twitter:site\" content=\"@Levensstroom_\" \/>\n<meta name=\"twitter:label1\" content=\"Dur\u00e9e de lecture estim\u00e9e\" \/>\n\t<meta name=\"twitter:data1\" content=\"2 minutes\" \/>\n<script type=\"application\/ld+json\" class=\"yoast-schema-graph\">{\"@context\":\"https:\\\/\\\/schema.org\",\"@graph\":[{\"@type\":\"WebPage\",\"@id\":\"https:\\\/\\\/heartfulness.be\\\/fr\\\/product\\\/melange-a-brownies\\\/\",\"url\":\"https:\\\/\\\/heartfulness.be\\\/fr\\\/product\\\/melange-a-brownies\\\/\",\"name\":\"M\u00e9lange \u00e0 brownies: d\u00e9guster un brownie au chocolat sans gluten et sans lactose\",\"isPartOf\":{\"@id\":\"https:\\\/\\\/heartfulness.be\\\/fr\\\/#website\"},\"primaryImageOfPage\":{\"@id\":\"https:\\\/\\\/heartfulness.be\\\/fr\\\/product\\\/melange-a-brownies\\\/#primaryimage\"},\"image\":{\"@id\":\"https:\\\/\\\/heartfulness.be\\\/fr\\\/product\\\/melange-a-brownies\\\/#primaryimage\"},\"thumbnailUrl\":\"https:\\\/\\\/heartfulness.be\\\/wp-content\\\/uploads\\\/Voeding\\\/Bakmix-Brownie.png\",\"datePublished\":\"2021-07-11T23:58:01+00:00\",\"dateModified\":\"2024-11-28T10:34:06+00:00\",\"description\":\"Avec ce m\u00e9lange a brownies Treat, vous pouvez faire des brownies sans gluten. Ils sont \u00e9galement sans lactose. Et ils ont au moins aussi bon go\u00fbt qu'un brownie \u00abordinaire\u00bb.\",\"breadcrumb\":{\"@id\":\"https:\\\/\\\/heartfulness.be\\\/fr\\\/product\\\/melange-a-brownies\\\/#breadcrumb\"},\"inLanguage\":\"fr-FR\",\"potentialAction\":[{\"@type\":\"ReadAction\",\"target\":[\"https:\\\/\\\/heartfulness.be\\\/fr\\\/product\\\/melange-a-brownies\\\/\"]}]},{\"@type\":\"ImageObject\",\"inLanguage\":\"fr-FR\",\"@id\":\"https:\\\/\\\/heartfulness.be\\\/fr\\\/product\\\/melange-a-brownies\\\/#primaryimage\",\"url\":\"https:\\\/\\\/heartfulness.be\\\/wp-content\\\/uploads\\\/Voeding\\\/Bakmix-Brownie.png\",\"contentUrl\":\"https:\\\/\\\/heartfulness.be\\\/wp-content\\\/uploads\\\/Voeding\\\/Bakmix-Brownie.png\",\"width\":539,\"height\":900,\"caption\":\"M\u00e9lange \u00e0 Brownie Treat, KPNI Foodie.\"},{\"@type\":\"BreadcrumbList\",\"@id\":\"https:\\\/\\\/heartfulness.be\\\/fr\\\/product\\\/melange-a-brownies\\\/#breadcrumb\",\"itemListElement\":[{\"@type\":\"ListItem\",\"position\":1,\"name\":\"Accueil\",\"item\":\"https:\\\/\\\/heartfulness.be\\\/fr\\\/\"},{\"@type\":\"ListItem\",\"position\":2,\"name\":\"Boutique\",\"item\":\"https:\\\/\\\/heartfulness.be\\\/fr\\\/boutique-2\\\/\"},{\"@type\":\"ListItem\",\"position\":3,\"name\":\"M\u00e9lange \u00e0 brownies\"}]},{\"@type\":\"WebSite\",\"@id\":\"https:\\\/\\\/heartfulness.be\\\/fr\\\/#website\",\"url\":\"https:\\\/\\\/heartfulness.be\\\/fr\\\/\",\"name\":\"Levensstroom\",\"description\":\"Centre de pleine conscience, massage, m\u00e9ditation, spiritualit\u00e9 et psychoth\u00e9rapie\",\"publisher\":{\"@id\":\"https:\\\/\\\/heartfulness.be\\\/fr\\\/#organization\"},\"potentialAction\":[{\"@type\":\"SearchAction\",\"target\":{\"@type\":\"EntryPoint\",\"urlTemplate\":\"https:\\\/\\\/heartfulness.be\\\/fr\\\/?s={search_term_string}\"},\"query-input\":{\"@type\":\"PropertyValueSpecification\",\"valueRequired\":true,\"valueName\":\"search_term_string\"}}],\"inLanguage\":\"fr-FR\"},{\"@type\":\"Organization\",\"@id\":\"https:\\\/\\\/heartfulness.be\\\/fr\\\/#organization\",\"name\":\"Levensstroom\",\"url\":\"https:\\\/\\\/heartfulness.be\\\/fr\\\/\",\"logo\":{\"@type\":\"ImageObject\",\"inLanguage\":\"fr-FR\",\"@id\":\"https:\\\/\\\/heartfulness.be\\\/fr\\\/#\\\/schema\\\/logo\\\/image\\\/\",\"url\":\"\",\"contentUrl\":\"\",\"caption\":\"Levensstroom\"},\"image\":{\"@id\":\"https:\\\/\\\/heartfulness.be\\\/fr\\\/#\\\/schema\\\/logo\\\/image\\\/\"},\"sameAs\":[\"https:\\\/\\\/www.facebook.com\\\/praktijk.levensstroom.9\",\"https:\\\/\\\/x.com\\\/Levensstroom_\",\"https:\\\/\\\/www.instagram.com\\\/levensstroom\\\/\",\"https:\\\/\\\/www.linkedin.com\\\/in\\\/dirk-vieren-30862117a\\\/\",\"https:\\\/\\\/www.pinterest.com\\\/levensstroom\\\/\",\"https:\\\/\\\/www.youtube.com\\\/user\\\/MassagesLevensstroom\\\/\"]}]}<\/script>\n<!-- \/ Yoast SEO plugin. -->","yoast_head_json":{"title":"M\u00e9lange \u00e0 brownies: d\u00e9guster un brownie au chocolat sans gluten et sans lactose","description":"Avec ce m\u00e9lange a brownies Treat, vous pouvez faire des brownies sans gluten. Ils sont \u00e9galement sans lactose. Et ils ont au moins aussi bon go\u00fbt qu'un brownie \u00abordinaire\u00bb.","robots":{"index":"index","follow":"follow","max-snippet":"max-snippet:-1","max-image-preview":"max-image-preview:large","max-video-preview":"max-video-preview:-1"},"canonical":"https:\/\/heartfulness.be\/fr\/product\/melange-a-brownies\/","og_locale":"fr_FR","og_type":"article","og_title":"M\u00e9lange \u00e0 brownies: d\u00e9guster un brownie au chocolat sans gluten et sans lactose","og_description":"Avec ce m\u00e9lange a brownies Treat, vous pouvez faire des brownies sans gluten. Ils sont \u00e9galement sans lactose. Et ils ont au moins aussi bon go\u00fbt qu'un brownie \u00abordinaire\u00bb.","og_url":"https:\/\/heartfulness.be\/fr\/product\/melange-a-brownies\/","og_site_name":"Levensstroom","article_publisher":"https:\/\/www.facebook.com\/praktijk.levensstroom.9","article_modified_time":"2024-11-28T10:34:06+00:00","og_image":[{"width":539,"height":900,"url":"https:\/\/heartfulness.be\/wp-content\/uploads\/Voeding\/Bakmix-Brownie.png","type":"image\/png"}],"twitter_card":"summary_large_image","twitter_site":"@Levensstroom_","twitter_misc":{"Dur\u00e9e de lecture estim\u00e9e":"2 minutes"},"schema":{"@context":"https:\/\/schema.org","@graph":[{"@type":"WebPage","@id":"https:\/\/heartfulness.be\/fr\/product\/melange-a-brownies\/","url":"https:\/\/heartfulness.be\/fr\/product\/melange-a-brownies\/","name":"M\u00e9lange \u00e0 brownies: d\u00e9guster un brownie au chocolat sans gluten et sans lactose","isPartOf":{"@id":"https:\/\/heartfulness.be\/fr\/#website"},"primaryImageOfPage":{"@id":"https:\/\/heartfulness.be\/fr\/product\/melange-a-brownies\/#primaryimage"},"image":{"@id":"https:\/\/heartfulness.be\/fr\/product\/melange-a-brownies\/#primaryimage"},"thumbnailUrl":"https:\/\/heartfulness.be\/wp-content\/uploads\/Voeding\/Bakmix-Brownie.png","datePublished":"2021-07-11T23:58:01+00:00","dateModified":"2024-11-28T10:34:06+00:00","description":"Avec ce m\u00e9lange a brownies Treat, vous pouvez faire des brownies sans gluten. Ils sont \u00e9galement sans lactose. Et ils ont au moins aussi bon go\u00fbt qu'un brownie \u00abordinaire\u00bb.","breadcrumb":{"@id":"https:\/\/heartfulness.be\/fr\/product\/melange-a-brownies\/#breadcrumb"},"inLanguage":"fr-FR","potentialAction":[{"@type":"ReadAction","target":["https:\/\/heartfulness.be\/fr\/product\/melange-a-brownies\/"]}]},{"@type":"ImageObject","inLanguage":"fr-FR","@id":"https:\/\/heartfulness.be\/fr\/product\/melange-a-brownies\/#primaryimage","url":"https:\/\/heartfulness.be\/wp-content\/uploads\/Voeding\/Bakmix-Brownie.png","contentUrl":"https:\/\/heartfulness.be\/wp-content\/uploads\/Voeding\/Bakmix-Brownie.png","width":539,"height":900,"caption":"M\u00e9lange \u00e0 Brownie Treat, KPNI Foodie."},{"@type":"BreadcrumbList","@id":"https:\/\/heartfulness.be\/fr\/product\/melange-a-brownies\/#breadcrumb","itemListElement":[{"@type":"ListItem","position":1,"name":"Accueil","item":"https:\/\/heartfulness.be\/fr\/"},{"@type":"ListItem","position":2,"name":"Boutique","item":"https:\/\/heartfulness.be\/fr\/boutique-2\/"},{"@type":"ListItem","position":3,"name":"M\u00e9lange \u00e0 brownies"}]},{"@type":"WebSite","@id":"https:\/\/heartfulness.be\/fr\/#website","url":"https:\/\/heartfulness.be\/fr\/","name":"Levensstroom","description":"Centre de pleine conscience, massage, m\u00e9ditation, spiritualit\u00e9 et psychoth\u00e9rapie","publisher":{"@id":"https:\/\/heartfulness.be\/fr\/#organization"},"potentialAction":[{"@type":"SearchAction","target":{"@type":"EntryPoint","urlTemplate":"https:\/\/heartfulness.be\/fr\/?s={search_term_string}"},"query-input":{"@type":"PropertyValueSpecification","valueRequired":true,"valueName":"search_term_string"}}],"inLanguage":"fr-FR"},{"@type":"Organization","@id":"https:\/\/heartfulness.be\/fr\/#organization","name":"Levensstroom","url":"https:\/\/heartfulness.be\/fr\/","logo":{"@type":"ImageObject","inLanguage":"fr-FR","@id":"https:\/\/heartfulness.be\/fr\/#\/schema\/logo\/image\/","url":"","contentUrl":"","caption":"Levensstroom"},"image":{"@id":"https:\/\/heartfulness.be\/fr\/#\/schema\/logo\/image\/"},"sameAs":["https:\/\/www.facebook.com\/praktijk.levensstroom.9","https:\/\/x.com\/Levensstroom_","https:\/\/www.instagram.com\/levensstroom\/","https:\/\/www.linkedin.com\/in\/dirk-vieren-30862117a\/","https:\/\/www.pinterest.com\/levensstroom\/","https:\/\/www.youtube.com\/user\/MassagesLevensstroom\/"]}]}},"_links":{"self":[{"href":"https:\/\/heartfulness.be\/fr\/wp-json\/wp\/v2\/product\/17680","targetHints":{"allow":["GET"]}}],"collection":[{"href":"https:\/\/heartfulness.be\/fr\/wp-json\/wp\/v2\/product"}],"about":[{"href":"https:\/\/heartfulness.be\/fr\/wp-json\/wp\/v2\/types\/product"}],"replies":[{"embeddable":true,"href":"https:\/\/heartfulness.be\/fr\/wp-json\/wp\/v2\/comments?post=17680"}],"version-history":[{"count":1,"href":"https:\/\/heartfulness.be\/fr\/wp-json\/wp\/v2\/product\/17680\/revisions"}],"predecessor-version":[{"id":24728,"href":"https:\/\/heartfulness.be\/fr\/wp-json\/wp\/v2\/product\/17680\/revisions\/24728"}],"wp:featuredmedia":[{"embeddable":true,"href":"https:\/\/heartfulness.be\/fr\/wp-json\/wp\/v2\/media\/17487"}],"wp:attachment":[{"href":"https:\/\/heartfulness.be\/fr\/wp-json\/wp\/v2\/media?parent=17680"}],"wp:term":[{"taxonomy":"product_brand","embeddable":true,"href":"https:\/\/heartfulness.be\/fr\/wp-json\/wp\/v2\/product_brand?post=17680"},{"taxonomy":"product_cat","embeddable":true,"href":"https:\/\/heartfulness.be\/fr\/wp-json\/wp\/v2\/product_cat?post=17680"},{"taxonomy":"product_tag","embeddable":true,"href":"https:\/\/heartfulness.be\/fr\/wp-json\/wp\/v2\/product_tag?post=17680"}],"curies":[{"name":"wp","href":"https:\/\/api.w.org\/{rel}","templated":true}]}}