{"id":17791,"date":"2021-08-03T20:33:37","date_gmt":"2021-08-03T18:33:37","guid":{"rendered":"https:\/\/heartfulness.be\/shop\/non class\u00e9\/pates-fusilli-sains\/"},"modified":"2021-08-03T20:33:37","modified_gmt":"2021-08-03T18:33:37","slug":"pates-fusilli-sains","status":"publish","type":"product","link":"https:\/\/heartfulness.be\/fr\/product\/pates-fusilli-sains\/","title":{"rendered":"P\u00e2tes Fusilli Sains"},"content":{"rendered":"<p><strong>Pr\u00e9paration des P\u00e2tes Saines Fusilli<\/strong><\/p>\n<p>Tr\u00e8s simple : cuire 5 minutes dans de l&#8217;eau bouillante. \ud83d\ude42<\/p>\n<p><strong>Ingr\u00e9dients<\/strong><\/p>\n<p>Tapioca, konjac, graines de s\u00e9same, graines de lin, \u0153uf et eau.<\/p>\n<p><strong>Information produit<\/strong><\/p>\n<p>\u2714 bonne fibre pour vos intestins<br \/>\n\u2714 konjac<br \/>\n\u2714 pr\u00e9biotique<br \/>\n\u2714 sans gluten ni c\u00e9r\u00e9ales<br \/>\n\u2714 sans sucre<br \/>\n\u2714 sans lactose et sans cas\u00e9ine<br \/>\n\u2714 sans pomme de terre<br \/>\n\u2714 sans riz<br \/>\n\u2714 sans ma\u00efs Valeurs<\/p>\n<p><strong>nutritionnelles pour 100g<\/strong><\/p>\n<p>\u00c9nergie: 1652 KJ, 395 Kcal.<br \/>\nFibres: 8,10 gr.<br \/>\nMati\u00e8res grasses: 10,0 gr. dont acides gras satur\u00e9s 2,63 gr.<br \/>\nGlucides: 50,3 gr. dont sucres 0,60 gr.<br \/>\nProt\u00e9ines: 20,20 gr.<br \/>\nSel: 0,16 gr.<\/p>\n<p><strong>Instructions de conservation<\/strong><\/p>\n<p>Conservez les Healthy Pasta Fusilli au sec.<\/p>\n","protected":false},"excerpt":{"rendered":"<p>Vous cherchez une alternative aux p\u00e2tes de bl\u00e9 ou de c\u00e9r\u00e9ales? Pas facile \u00e0 trouver! Treat propose des p\u00e2tes saines sans gluten! Les <strong>P\u00e2tes Fusilli Sains<\/strong> se composent uniquement de fibres pr\u00e9biotiques (provenant du s\u00e9same, des graines de lin, du tapioca et du konjac) et d&#8217;\u0153ufs.<\/p>\n<p>Ces p\u00e2tes ont un go\u00fbt d\u00e9licieux et ont \u00e9galement la texture d&#8217;une p\u00e2te classique.<br \/>\nLes Healthy Pasta Fusilli sont aussi rapidement pr\u00eats en seulement 5 minutes de cuisson&#8230;<\/p>\n<p>Savourez une assiette de p\u00e2tes saine, riche en fibres pr\u00e9biotiques pour une bonne flore intestinale et un bon transit intestinal.<\/p>\n","protected":false},"featured_media":17553,"comment_status":"open","ping_status":"closed","template":"","meta":[],"product_brand":[],"product_cat":[947,982],"product_tag":[1140,967,968],"class_list":{"0":"post-17791","1":"product","2":"type-product","3":"status-publish","4":"has-post-thumbnail","6":"product_cat-alimentation","7":"product_cat-alimentation-saine","8":"product_tag-gluten-free-fr","9":"product_tag-kpni-fr","10":"product_tag-treat-fr","11":"product_shipping_class-gls-fr","13":"first","14":"instock","15":"taxable","16":"shipping-taxable","17":"purchasable","18":"product-type-simple"},"yoast_head":"<!-- This site is optimized with the Yoast SEO plugin v27.3 - https:\/\/yoast.com\/product\/yoast-seo-wordpress\/ -->\n<title>P\u00e2tes Fusilli Sains \u00e0 partir de fibres pr\u00e9biotiques de s\u00e9same, graines de lin, tapioca et konjac<\/title>\n<meta name=\"description\" content=\"Les P\u00e2tes Fusilli Sains se composent uniquement de fibres pr\u00e9biotiques (provenant du s\u00e9same, des graines de lin, du tapioca et du konjac) et d&#039;\u0153ufs.\" \/>\n<meta name=\"robots\" content=\"index, follow, max-snippet:-1, max-image-preview:large, max-video-preview:-1\" \/>\n<link rel=\"canonical\" href=\"https:\/\/heartfulness.be\/fr\/product\/pates-fusilli-sains\/\" \/>\n<meta property=\"og:locale\" content=\"fr_FR\" \/>\n<meta property=\"og:type\" content=\"article\" \/>\n<meta property=\"og:title\" content=\"P\u00e2tes Fusilli Sains \u00e0 partir de fibres pr\u00e9biotiques de s\u00e9same, graines de lin, tapioca et konjac\" \/>\n<meta property=\"og:description\" content=\"Les P\u00e2tes Fusilli Sains se composent uniquement de fibres pr\u00e9biotiques (provenant du s\u00e9same, des graines de lin, du tapioca et du konjac) et d&#039;\u0153ufs.\" \/>\n<meta property=\"og:url\" content=\"https:\/\/heartfulness.be\/fr\/product\/pates-fusilli-sains\/\" \/>\n<meta property=\"og:site_name\" content=\"Levensstroom\" \/>\n<meta property=\"article:publisher\" content=\"https:\/\/www.facebook.com\/praktijk.levensstroom.9\" \/>\n<meta property=\"og:image\" content=\"https:\/\/heartfulness.be\/wp-content\/uploads\/Voeding\/Pasta-Fusilli-Treat.png\" \/>\n\t<meta property=\"og:image:width\" content=\"715\" \/>\n\t<meta property=\"og:image:height\" content=\"697\" \/>\n\t<meta property=\"og:image:type\" content=\"image\/png\" \/>\n<meta name=\"twitter:card\" content=\"summary_large_image\" \/>\n<meta name=\"twitter:site\" content=\"@Levensstroom_\" \/>\n<meta name=\"twitter:label1\" content=\"Dur\u00e9e de lecture estim\u00e9e\" \/>\n\t<meta name=\"twitter:data1\" content=\"1 minute\" \/>\n<script type=\"application\/ld+json\" class=\"yoast-schema-graph\">{\"@context\":\"https:\\\/\\\/schema.org\",\"@graph\":[{\"@type\":\"WebPage\",\"@id\":\"https:\\\/\\\/heartfulness.be\\\/fr\\\/product\\\/pates-fusilli-sains\\\/\",\"url\":\"https:\\\/\\\/heartfulness.be\\\/fr\\\/product\\\/pates-fusilli-sains\\\/\",\"name\":\"P\u00e2tes Fusilli Sains \u00e0 partir de fibres pr\u00e9biotiques de s\u00e9same, graines de lin, tapioca et konjac\",\"isPartOf\":{\"@id\":\"https:\\\/\\\/heartfulness.be\\\/fr\\\/#website\"},\"primaryImageOfPage\":{\"@id\":\"https:\\\/\\\/heartfulness.be\\\/fr\\\/product\\\/pates-fusilli-sains\\\/#primaryimage\"},\"image\":{\"@id\":\"https:\\\/\\\/heartfulness.be\\\/fr\\\/product\\\/pates-fusilli-sains\\\/#primaryimage\"},\"thumbnailUrl\":\"https:\\\/\\\/heartfulness.be\\\/wp-content\\\/uploads\\\/Voeding\\\/Pasta-Fusilli-Treat.png\",\"datePublished\":\"2021-08-03T18:33:37+00:00\",\"description\":\"Les P\u00e2tes Fusilli Sains se composent uniquement de fibres pr\u00e9biotiques (provenant du s\u00e9same, des graines de lin, du tapioca et du konjac) et d'\u0153ufs.\",\"breadcrumb\":{\"@id\":\"https:\\\/\\\/heartfulness.be\\\/fr\\\/product\\\/pates-fusilli-sains\\\/#breadcrumb\"},\"inLanguage\":\"fr-FR\",\"potentialAction\":[{\"@type\":\"ReadAction\",\"target\":[\"https:\\\/\\\/heartfulness.be\\\/fr\\\/product\\\/pates-fusilli-sains\\\/\"]}]},{\"@type\":\"ImageObject\",\"inLanguage\":\"fr-FR\",\"@id\":\"https:\\\/\\\/heartfulness.be\\\/fr\\\/product\\\/pates-fusilli-sains\\\/#primaryimage\",\"url\":\"https:\\\/\\\/heartfulness.be\\\/wp-content\\\/uploads\\\/Voeding\\\/Pasta-Fusilli-Treat.png\",\"contentUrl\":\"https:\\\/\\\/heartfulness.be\\\/wp-content\\\/uploads\\\/Voeding\\\/Pasta-Fusilli-Treat.png\",\"width\":715,\"height\":697,\"caption\":\"Pasta Fusilli Treat\"},{\"@type\":\"BreadcrumbList\",\"@id\":\"https:\\\/\\\/heartfulness.be\\\/fr\\\/product\\\/pates-fusilli-sains\\\/#breadcrumb\",\"itemListElement\":[{\"@type\":\"ListItem\",\"position\":1,\"name\":\"Accueil\",\"item\":\"https:\\\/\\\/heartfulness.be\\\/fr\\\/\"},{\"@type\":\"ListItem\",\"position\":2,\"name\":\"Boutique\",\"item\":\"https:\\\/\\\/heartfulness.be\\\/fr\\\/boutique-2\\\/\"},{\"@type\":\"ListItem\",\"position\":3,\"name\":\"P\u00e2tes Fusilli Sains\"}]},{\"@type\":\"WebSite\",\"@id\":\"https:\\\/\\\/heartfulness.be\\\/fr\\\/#website\",\"url\":\"https:\\\/\\\/heartfulness.be\\\/fr\\\/\",\"name\":\"Levensstroom\",\"description\":\"Centre de pleine conscience, massage, m\u00e9ditation, spiritualit\u00e9 et psychoth\u00e9rapie\",\"publisher\":{\"@id\":\"https:\\\/\\\/heartfulness.be\\\/fr\\\/#organization\"},\"potentialAction\":[{\"@type\":\"SearchAction\",\"target\":{\"@type\":\"EntryPoint\",\"urlTemplate\":\"https:\\\/\\\/heartfulness.be\\\/fr\\\/?s={search_term_string}\"},\"query-input\":{\"@type\":\"PropertyValueSpecification\",\"valueRequired\":true,\"valueName\":\"search_term_string\"}}],\"inLanguage\":\"fr-FR\"},{\"@type\":\"Organization\",\"@id\":\"https:\\\/\\\/heartfulness.be\\\/fr\\\/#organization\",\"name\":\"Levensstroom\",\"url\":\"https:\\\/\\\/heartfulness.be\\\/fr\\\/\",\"logo\":{\"@type\":\"ImageObject\",\"inLanguage\":\"fr-FR\",\"@id\":\"https:\\\/\\\/heartfulness.be\\\/fr\\\/#\\\/schema\\\/logo\\\/image\\\/\",\"url\":\"\",\"contentUrl\":\"\",\"caption\":\"Levensstroom\"},\"image\":{\"@id\":\"https:\\\/\\\/heartfulness.be\\\/fr\\\/#\\\/schema\\\/logo\\\/image\\\/\"},\"sameAs\":[\"https:\\\/\\\/www.facebook.com\\\/praktijk.levensstroom.9\",\"https:\\\/\\\/x.com\\\/Levensstroom_\",\"https:\\\/\\\/www.instagram.com\\\/levensstroom\\\/\",\"https:\\\/\\\/www.linkedin.com\\\/in\\\/dirk-vieren-30862117a\\\/\",\"https:\\\/\\\/www.pinterest.com\\\/levensstroom\\\/\",\"https:\\\/\\\/www.youtube.com\\\/user\\\/MassagesLevensstroom\\\/\"]}]}<\/script>\n<!-- \/ Yoast SEO plugin. -->","yoast_head_json":{"title":"P\u00e2tes Fusilli Sains \u00e0 partir de fibres pr\u00e9biotiques de s\u00e9same, graines de lin, tapioca et konjac","description":"Les P\u00e2tes Fusilli Sains se composent uniquement de fibres pr\u00e9biotiques (provenant du s\u00e9same, des graines de lin, du tapioca et du konjac) et d'\u0153ufs.","robots":{"index":"index","follow":"follow","max-snippet":"max-snippet:-1","max-image-preview":"max-image-preview:large","max-video-preview":"max-video-preview:-1"},"canonical":"https:\/\/heartfulness.be\/fr\/product\/pates-fusilli-sains\/","og_locale":"fr_FR","og_type":"article","og_title":"P\u00e2tes Fusilli Sains \u00e0 partir de fibres pr\u00e9biotiques de s\u00e9same, graines de lin, tapioca et konjac","og_description":"Les P\u00e2tes Fusilli Sains se composent uniquement de fibres pr\u00e9biotiques (provenant du s\u00e9same, des graines de lin, du tapioca et du konjac) et d'\u0153ufs.","og_url":"https:\/\/heartfulness.be\/fr\/product\/pates-fusilli-sains\/","og_site_name":"Levensstroom","article_publisher":"https:\/\/www.facebook.com\/praktijk.levensstroom.9","og_image":[{"width":715,"height":697,"url":"https:\/\/heartfulness.be\/wp-content\/uploads\/Voeding\/Pasta-Fusilli-Treat.png","type":"image\/png"}],"twitter_card":"summary_large_image","twitter_site":"@Levensstroom_","twitter_misc":{"Dur\u00e9e de lecture estim\u00e9e":"1 minute"},"schema":{"@context":"https:\/\/schema.org","@graph":[{"@type":"WebPage","@id":"https:\/\/heartfulness.be\/fr\/product\/pates-fusilli-sains\/","url":"https:\/\/heartfulness.be\/fr\/product\/pates-fusilli-sains\/","name":"P\u00e2tes Fusilli Sains \u00e0 partir de fibres pr\u00e9biotiques de s\u00e9same, graines de lin, tapioca et konjac","isPartOf":{"@id":"https:\/\/heartfulness.be\/fr\/#website"},"primaryImageOfPage":{"@id":"https:\/\/heartfulness.be\/fr\/product\/pates-fusilli-sains\/#primaryimage"},"image":{"@id":"https:\/\/heartfulness.be\/fr\/product\/pates-fusilli-sains\/#primaryimage"},"thumbnailUrl":"https:\/\/heartfulness.be\/wp-content\/uploads\/Voeding\/Pasta-Fusilli-Treat.png","datePublished":"2021-08-03T18:33:37+00:00","description":"Les P\u00e2tes Fusilli Sains se composent uniquement de fibres pr\u00e9biotiques (provenant du s\u00e9same, des graines de lin, du tapioca et du konjac) et d'\u0153ufs.","breadcrumb":{"@id":"https:\/\/heartfulness.be\/fr\/product\/pates-fusilli-sains\/#breadcrumb"},"inLanguage":"fr-FR","potentialAction":[{"@type":"ReadAction","target":["https:\/\/heartfulness.be\/fr\/product\/pates-fusilli-sains\/"]}]},{"@type":"ImageObject","inLanguage":"fr-FR","@id":"https:\/\/heartfulness.be\/fr\/product\/pates-fusilli-sains\/#primaryimage","url":"https:\/\/heartfulness.be\/wp-content\/uploads\/Voeding\/Pasta-Fusilli-Treat.png","contentUrl":"https:\/\/heartfulness.be\/wp-content\/uploads\/Voeding\/Pasta-Fusilli-Treat.png","width":715,"height":697,"caption":"Pasta Fusilli Treat"},{"@type":"BreadcrumbList","@id":"https:\/\/heartfulness.be\/fr\/product\/pates-fusilli-sains\/#breadcrumb","itemListElement":[{"@type":"ListItem","position":1,"name":"Accueil","item":"https:\/\/heartfulness.be\/fr\/"},{"@type":"ListItem","position":2,"name":"Boutique","item":"https:\/\/heartfulness.be\/fr\/boutique-2\/"},{"@type":"ListItem","position":3,"name":"P\u00e2tes Fusilli Sains"}]},{"@type":"WebSite","@id":"https:\/\/heartfulness.be\/fr\/#website","url":"https:\/\/heartfulness.be\/fr\/","name":"Levensstroom","description":"Centre de pleine conscience, massage, m\u00e9ditation, spiritualit\u00e9 et psychoth\u00e9rapie","publisher":{"@id":"https:\/\/heartfulness.be\/fr\/#organization"},"potentialAction":[{"@type":"SearchAction","target":{"@type":"EntryPoint","urlTemplate":"https:\/\/heartfulness.be\/fr\/?s={search_term_string}"},"query-input":{"@type":"PropertyValueSpecification","valueRequired":true,"valueName":"search_term_string"}}],"inLanguage":"fr-FR"},{"@type":"Organization","@id":"https:\/\/heartfulness.be\/fr\/#organization","name":"Levensstroom","url":"https:\/\/heartfulness.be\/fr\/","logo":{"@type":"ImageObject","inLanguage":"fr-FR","@id":"https:\/\/heartfulness.be\/fr\/#\/schema\/logo\/image\/","url":"","contentUrl":"","caption":"Levensstroom"},"image":{"@id":"https:\/\/heartfulness.be\/fr\/#\/schema\/logo\/image\/"},"sameAs":["https:\/\/www.facebook.com\/praktijk.levensstroom.9","https:\/\/x.com\/Levensstroom_","https:\/\/www.instagram.com\/levensstroom\/","https:\/\/www.linkedin.com\/in\/dirk-vieren-30862117a\/","https:\/\/www.pinterest.com\/levensstroom\/","https:\/\/www.youtube.com\/user\/MassagesLevensstroom\/"]}]}},"_links":{"self":[{"href":"https:\/\/heartfulness.be\/fr\/wp-json\/wp\/v2\/product\/17791","targetHints":{"allow":["GET"]}}],"collection":[{"href":"https:\/\/heartfulness.be\/fr\/wp-json\/wp\/v2\/product"}],"about":[{"href":"https:\/\/heartfulness.be\/fr\/wp-json\/wp\/v2\/types\/product"}],"replies":[{"embeddable":true,"href":"https:\/\/heartfulness.be\/fr\/wp-json\/wp\/v2\/comments?post=17791"}],"version-history":[{"count":0,"href":"https:\/\/heartfulness.be\/fr\/wp-json\/wp\/v2\/product\/17791\/revisions"}],"wp:featuredmedia":[{"embeddable":true,"href":"https:\/\/heartfulness.be\/fr\/wp-json\/wp\/v2\/media\/17553"}],"wp:attachment":[{"href":"https:\/\/heartfulness.be\/fr\/wp-json\/wp\/v2\/media?parent=17791"}],"wp:term":[{"taxonomy":"product_brand","embeddable":true,"href":"https:\/\/heartfulness.be\/fr\/wp-json\/wp\/v2\/product_brand?post=17791"},{"taxonomy":"product_cat","embeddable":true,"href":"https:\/\/heartfulness.be\/fr\/wp-json\/wp\/v2\/product_cat?post=17791"},{"taxonomy":"product_tag","embeddable":true,"href":"https:\/\/heartfulness.be\/fr\/wp-json\/wp\/v2\/product_tag?post=17791"}],"curies":[{"name":"wp","href":"https:\/\/api.w.org\/{rel}","templated":true}]}}