{"id":21303,"date":"2022-09-17T12:58:58","date_gmt":"2022-09-17T10:58:58","guid":{"rendered":"https:\/\/heartfulness.be\/?post_type=product&#038;p=21303"},"modified":"2025-04-10T15:07:15","modified_gmt":"2025-04-10T13:07:15","slug":"poudre-de-pudding-au-chocolat","status":"publish","type":"product","link":"https:\/\/heartfulness.be\/fr\/product\/poudre-de-pudding-au-chocolat\/","title":{"rendered":"Poudre de pudding au chocolat"},"content":{"rendered":"<p><strong>Pr\u00e9paration<\/strong><\/p>\n<ul>\n<li>1 paquet de poudre de pudding au chocolat<\/li>\n<li>25 g de sucre de fleur de coco ou l&rsquo;\u00e9dulcorant de votre choix.<\/li>\n<li>500 ml de lait de lait de l\u00e9gumes<\/li>\n<\/ul>\n<p>Dans une casserole, m\u00e9langez le contenu du sachet avec 25 g de sucre de fleur de coco ou l&rsquo;\u00e9dulcorant de votre choix et 500 ml de lait v\u00e9g\u00e9tal jusqu&rsquo;\u00e0 obtenir une consistance lisse. Portez le m\u00e9lange \u00e0 \u00e9bullition \u00e0 feu doux et laissez r\u00e9duire en remuant. Il peut \u00eatre servi chaud ou froid.<\/p>\n<p><strong>Ingr\u00e9dients<\/strong><\/p>\n<p>La poudre pour pudding au chocolat est compos\u00e9e de farine de tapioca, de poudre de cacao et de farine de fibres de bambou.\u00a0Le produit peut contenir des traces de noix, de cacahu\u00e8tes et de graines de s\u00e9same.<\/p>\n<p><strong>Informations sur le produit<\/strong><\/p>\n<p>\u2714 bonnes fibres pour vos intestins<br \/>\n\u2714 pr\u00e9biotique<br \/>\n\u2714 sans gluten et sans c\u00e9r\u00e9ales<br \/>\n\u2714 sans lactose ni cas\u00e9ine<br \/>\n\u2714 pas de pomme de terre<br \/>\n\u2714 Pas de riz<br \/>\n\u2714 pas de ma\u00efs<\/p>\n<p><strong>Valeurs nutritionnelles pour 100g<\/strong><\/p>\n<ul>\n<li>\u00c9nergie 1468 KJ, 348 kcal<\/li>\n<li>Lipides 4,6 g dont acides gras satur\u00e9s 2,7 g<\/li>\n<li>Glucides 66,4 g dont sucres 0,1 g<\/li>\n<li>Fibres 12,2 g<\/li>\n<li>Prot\u00e9ines 4,2 g<\/li>\n<li>Sel 0 g<\/li>\n<\/ul>\n","protected":false},"excerpt":{"rendered":"<p>Avec cette <strong>poudre de pudding au chocolat<\/strong>, vous choisissez une alternative saine au pudding, sans gluten, sans lactose et sans sucre. La poudre de pudding \u00e0 la vanille contient \u00e9galement du curcuma.<\/p>\n<p>Plein de fibres pr\u00e9biotiques saines et de poudre de cacao pour un go\u00fbt de chocolat intense.<\/p>\n<p>Un d\u00e9licieux dessert qui se pr\u00e9pare en un rien de temps et qui peut \u00eatre servi chaud ou froid. Avec une saveur douce, cr\u00e9meuse et pleine de vanille.<\/p>\n","protected":false},"featured_media":21290,"comment_status":"open","ping_status":"closed","template":"","meta":[],"product_brand":[],"product_cat":[947,982],"product_tag":[1140,967],"class_list":{"0":"post-21303","1":"product","2":"type-product","3":"status-publish","4":"has-post-thumbnail","6":"product_cat-alimentation","7":"product_cat-alimentation-saine","8":"product_tag-gluten-free-fr","9":"product_tag-kpni-fr","10":"product_shipping_class-gls-fr","12":"first","13":"instock","14":"taxable","15":"shipping-taxable","16":"purchasable","17":"product-type-simple"},"yoast_head":"<!-- This site is optimized with the Yoast SEO plugin v27.4 - https:\/\/yoast.com\/product\/yoast-seo-wordpress\/ -->\n<title>Poudre de pudding au chocolat avec un d\u00e9licieux go\u00fbt de chocolat<\/title>\n<meta name=\"description\" content=\"Avec cette poudre de pudding au chocolat, vous pouvez pr\u00e9parer un d\u00e9licieux pudding au chocolat en un rien de temps. Sans gluten, plein de fibres pr\u00e9biotiques saines.\" \/>\n<meta name=\"robots\" content=\"index, follow, max-snippet:-1, max-image-preview:large, max-video-preview:-1\" \/>\n<link rel=\"canonical\" href=\"https:\/\/heartfulness.be\/fr\/product\/poudre-de-pudding-au-chocolat\/\" \/>\n<meta property=\"og:locale\" content=\"fr_FR\" \/>\n<meta property=\"og:type\" content=\"article\" \/>\n<meta property=\"og:title\" content=\"Poudre de pudding au chocolat avec un d\u00e9licieux go\u00fbt de chocolat\" \/>\n<meta property=\"og:description\" content=\"Avec cette poudre de pudding au chocolat, vous pouvez pr\u00e9parer un d\u00e9licieux pudding au chocolat en un rien de temps. Sans gluten, plein de fibres pr\u00e9biotiques saines.\" \/>\n<meta property=\"og:url\" content=\"https:\/\/heartfulness.be\/fr\/product\/poudre-de-pudding-au-chocolat\/\" \/>\n<meta property=\"og:site_name\" content=\"Levensstroom\" \/>\n<meta property=\"article:publisher\" content=\"https:\/\/www.facebook.com\/praktijk.levensstroom.9\" \/>\n<meta property=\"article:modified_time\" content=\"2025-04-10T13:07:15+00:00\" \/>\n<meta property=\"og:image\" content=\"https:\/\/heartfulness.be\/wp-content\/uploads\/Pudding-Chocolade-768x1024.png\" \/>\n\t<meta property=\"og:image:width\" content=\"768\" \/>\n\t<meta property=\"og:image:height\" content=\"1024\" \/>\n\t<meta property=\"og:image:type\" content=\"image\/png\" \/>\n<meta name=\"twitter:card\" content=\"summary_large_image\" \/>\n<meta name=\"twitter:site\" content=\"@Levensstroom_\" \/>\n<meta name=\"twitter:label1\" content=\"Dur\u00e9e de lecture estim\u00e9e\" \/>\n\t<meta name=\"twitter:data1\" content=\"2 minutes\" \/>\n<script type=\"application\/ld+json\" class=\"yoast-schema-graph\">{\"@context\":\"https:\\\/\\\/schema.org\",\"@graph\":[{\"@type\":\"WebPage\",\"@id\":\"https:\\\/\\\/heartfulness.be\\\/fr\\\/product\\\/poudre-de-pudding-au-chocolat\\\/\",\"url\":\"https:\\\/\\\/heartfulness.be\\\/fr\\\/product\\\/poudre-de-pudding-au-chocolat\\\/\",\"name\":\"Poudre de pudding au chocolat avec un d\u00e9licieux go\u00fbt de chocolat\",\"isPartOf\":{\"@id\":\"https:\\\/\\\/heartfulness.be\\\/fr\\\/#website\"},\"primaryImageOfPage\":{\"@id\":\"https:\\\/\\\/heartfulness.be\\\/fr\\\/product\\\/poudre-de-pudding-au-chocolat\\\/#primaryimage\"},\"image\":{\"@id\":\"https:\\\/\\\/heartfulness.be\\\/fr\\\/product\\\/poudre-de-pudding-au-chocolat\\\/#primaryimage\"},\"thumbnailUrl\":\"https:\\\/\\\/heartfulness.be\\\/wp-content\\\/uploads\\\/Pudding-Chocolade.png\",\"datePublished\":\"2022-09-17T10:58:58+00:00\",\"dateModified\":\"2025-04-10T13:07:15+00:00\",\"description\":\"Avec cette poudre de pudding au chocolat, vous pouvez pr\u00e9parer un d\u00e9licieux pudding au chocolat en un rien de temps. Sans gluten, plein de fibres pr\u00e9biotiques saines.\",\"breadcrumb\":{\"@id\":\"https:\\\/\\\/heartfulness.be\\\/fr\\\/product\\\/poudre-de-pudding-au-chocolat\\\/#breadcrumb\"},\"inLanguage\":\"fr-FR\",\"potentialAction\":[{\"@type\":\"ReadAction\",\"target\":[\"https:\\\/\\\/heartfulness.be\\\/fr\\\/product\\\/poudre-de-pudding-au-chocolat\\\/\"]}]},{\"@type\":\"ImageObject\",\"inLanguage\":\"fr-FR\",\"@id\":\"https:\\\/\\\/heartfulness.be\\\/fr\\\/product\\\/poudre-de-pudding-au-chocolat\\\/#primaryimage\",\"url\":\"https:\\\/\\\/heartfulness.be\\\/wp-content\\\/uploads\\\/Pudding-Chocolade.png\",\"contentUrl\":\"https:\\\/\\\/heartfulness.be\\\/wp-content\\\/uploads\\\/Pudding-Chocolade.png\",\"width\":1536,\"height\":2048,\"caption\":\"Poudre de pudding au chocolat\"},{\"@type\":\"BreadcrumbList\",\"@id\":\"https:\\\/\\\/heartfulness.be\\\/fr\\\/product\\\/poudre-de-pudding-au-chocolat\\\/#breadcrumb\",\"itemListElement\":[{\"@type\":\"ListItem\",\"position\":1,\"name\":\"Accueil\",\"item\":\"https:\\\/\\\/heartfulness.be\\\/fr\\\/\"},{\"@type\":\"ListItem\",\"position\":2,\"name\":\"Boutique\",\"item\":\"https:\\\/\\\/heartfulness.be\\\/fr\\\/boutique-2\\\/\"},{\"@type\":\"ListItem\",\"position\":3,\"name\":\"Poudre de pudding au chocolat\"}]},{\"@type\":\"WebSite\",\"@id\":\"https:\\\/\\\/heartfulness.be\\\/fr\\\/#website\",\"url\":\"https:\\\/\\\/heartfulness.be\\\/fr\\\/\",\"name\":\"Levensstroom\",\"description\":\"Centre de pleine conscience, massage, m\u00e9ditation, spiritualit\u00e9 et psychoth\u00e9rapie\",\"publisher\":{\"@id\":\"https:\\\/\\\/heartfulness.be\\\/fr\\\/#organization\"},\"potentialAction\":[{\"@type\":\"SearchAction\",\"target\":{\"@type\":\"EntryPoint\",\"urlTemplate\":\"https:\\\/\\\/heartfulness.be\\\/fr\\\/?s={search_term_string}\"},\"query-input\":{\"@type\":\"PropertyValueSpecification\",\"valueRequired\":true,\"valueName\":\"search_term_string\"}}],\"inLanguage\":\"fr-FR\"},{\"@type\":\"Organization\",\"@id\":\"https:\\\/\\\/heartfulness.be\\\/fr\\\/#organization\",\"name\":\"Levensstroom\",\"url\":\"https:\\\/\\\/heartfulness.be\\\/fr\\\/\",\"logo\":{\"@type\":\"ImageObject\",\"inLanguage\":\"fr-FR\",\"@id\":\"https:\\\/\\\/heartfulness.be\\\/fr\\\/#\\\/schema\\\/logo\\\/image\\\/\",\"url\":\"\",\"contentUrl\":\"\",\"caption\":\"Levensstroom\"},\"image\":{\"@id\":\"https:\\\/\\\/heartfulness.be\\\/fr\\\/#\\\/schema\\\/logo\\\/image\\\/\"},\"sameAs\":[\"https:\\\/\\\/www.facebook.com\\\/praktijk.levensstroom.9\",\"https:\\\/\\\/x.com\\\/Levensstroom_\",\"https:\\\/\\\/www.instagram.com\\\/levensstroom\\\/\",\"https:\\\/\\\/www.linkedin.com\\\/in\\\/dirk-vieren-30862117a\\\/\",\"https:\\\/\\\/www.pinterest.com\\\/levensstroom\\\/\",\"https:\\\/\\\/www.youtube.com\\\/user\\\/MassagesLevensstroom\\\/\"]}]}<\/script>\n<!-- \/ Yoast SEO plugin. -->","yoast_head_json":{"title":"Poudre de pudding au chocolat avec un d\u00e9licieux go\u00fbt de chocolat","description":"Avec cette poudre de pudding au chocolat, vous pouvez pr\u00e9parer un d\u00e9licieux pudding au chocolat en un rien de temps. Sans gluten, plein de fibres pr\u00e9biotiques saines.","robots":{"index":"index","follow":"follow","max-snippet":"max-snippet:-1","max-image-preview":"max-image-preview:large","max-video-preview":"max-video-preview:-1"},"canonical":"https:\/\/heartfulness.be\/fr\/product\/poudre-de-pudding-au-chocolat\/","og_locale":"fr_FR","og_type":"article","og_title":"Poudre de pudding au chocolat avec un d\u00e9licieux go\u00fbt de chocolat","og_description":"Avec cette poudre de pudding au chocolat, vous pouvez pr\u00e9parer un d\u00e9licieux pudding au chocolat en un rien de temps. Sans gluten, plein de fibres pr\u00e9biotiques saines.","og_url":"https:\/\/heartfulness.be\/fr\/product\/poudre-de-pudding-au-chocolat\/","og_site_name":"Levensstroom","article_publisher":"https:\/\/www.facebook.com\/praktijk.levensstroom.9","article_modified_time":"2025-04-10T13:07:15+00:00","og_image":[{"width":768,"height":1024,"url":"https:\/\/heartfulness.be\/wp-content\/uploads\/Pudding-Chocolade-768x1024.png","type":"image\/png"}],"twitter_card":"summary_large_image","twitter_site":"@Levensstroom_","twitter_misc":{"Dur\u00e9e de lecture estim\u00e9e":"2 minutes"},"schema":{"@context":"https:\/\/schema.org","@graph":[{"@type":"WebPage","@id":"https:\/\/heartfulness.be\/fr\/product\/poudre-de-pudding-au-chocolat\/","url":"https:\/\/heartfulness.be\/fr\/product\/poudre-de-pudding-au-chocolat\/","name":"Poudre de pudding au chocolat avec un d\u00e9licieux go\u00fbt de chocolat","isPartOf":{"@id":"https:\/\/heartfulness.be\/fr\/#website"},"primaryImageOfPage":{"@id":"https:\/\/heartfulness.be\/fr\/product\/poudre-de-pudding-au-chocolat\/#primaryimage"},"image":{"@id":"https:\/\/heartfulness.be\/fr\/product\/poudre-de-pudding-au-chocolat\/#primaryimage"},"thumbnailUrl":"https:\/\/heartfulness.be\/wp-content\/uploads\/Pudding-Chocolade.png","datePublished":"2022-09-17T10:58:58+00:00","dateModified":"2025-04-10T13:07:15+00:00","description":"Avec cette poudre de pudding au chocolat, vous pouvez pr\u00e9parer un d\u00e9licieux pudding au chocolat en un rien de temps. Sans gluten, plein de fibres pr\u00e9biotiques saines.","breadcrumb":{"@id":"https:\/\/heartfulness.be\/fr\/product\/poudre-de-pudding-au-chocolat\/#breadcrumb"},"inLanguage":"fr-FR","potentialAction":[{"@type":"ReadAction","target":["https:\/\/heartfulness.be\/fr\/product\/poudre-de-pudding-au-chocolat\/"]}]},{"@type":"ImageObject","inLanguage":"fr-FR","@id":"https:\/\/heartfulness.be\/fr\/product\/poudre-de-pudding-au-chocolat\/#primaryimage","url":"https:\/\/heartfulness.be\/wp-content\/uploads\/Pudding-Chocolade.png","contentUrl":"https:\/\/heartfulness.be\/wp-content\/uploads\/Pudding-Chocolade.png","width":1536,"height":2048,"caption":"Poudre de pudding au chocolat"},{"@type":"BreadcrumbList","@id":"https:\/\/heartfulness.be\/fr\/product\/poudre-de-pudding-au-chocolat\/#breadcrumb","itemListElement":[{"@type":"ListItem","position":1,"name":"Accueil","item":"https:\/\/heartfulness.be\/fr\/"},{"@type":"ListItem","position":2,"name":"Boutique","item":"https:\/\/heartfulness.be\/fr\/boutique-2\/"},{"@type":"ListItem","position":3,"name":"Poudre de pudding au chocolat"}]},{"@type":"WebSite","@id":"https:\/\/heartfulness.be\/fr\/#website","url":"https:\/\/heartfulness.be\/fr\/","name":"Levensstroom","description":"Centre de pleine conscience, massage, m\u00e9ditation, spiritualit\u00e9 et psychoth\u00e9rapie","publisher":{"@id":"https:\/\/heartfulness.be\/fr\/#organization"},"potentialAction":[{"@type":"SearchAction","target":{"@type":"EntryPoint","urlTemplate":"https:\/\/heartfulness.be\/fr\/?s={search_term_string}"},"query-input":{"@type":"PropertyValueSpecification","valueRequired":true,"valueName":"search_term_string"}}],"inLanguage":"fr-FR"},{"@type":"Organization","@id":"https:\/\/heartfulness.be\/fr\/#organization","name":"Levensstroom","url":"https:\/\/heartfulness.be\/fr\/","logo":{"@type":"ImageObject","inLanguage":"fr-FR","@id":"https:\/\/heartfulness.be\/fr\/#\/schema\/logo\/image\/","url":"","contentUrl":"","caption":"Levensstroom"},"image":{"@id":"https:\/\/heartfulness.be\/fr\/#\/schema\/logo\/image\/"},"sameAs":["https:\/\/www.facebook.com\/praktijk.levensstroom.9","https:\/\/x.com\/Levensstroom_","https:\/\/www.instagram.com\/levensstroom\/","https:\/\/www.linkedin.com\/in\/dirk-vieren-30862117a\/","https:\/\/www.pinterest.com\/levensstroom\/","https:\/\/www.youtube.com\/user\/MassagesLevensstroom\/"]}]}},"_links":{"self":[{"href":"https:\/\/heartfulness.be\/fr\/wp-json\/wp\/v2\/product\/21303","targetHints":{"allow":["GET"]}}],"collection":[{"href":"https:\/\/heartfulness.be\/fr\/wp-json\/wp\/v2\/product"}],"about":[{"href":"https:\/\/heartfulness.be\/fr\/wp-json\/wp\/v2\/types\/product"}],"replies":[{"embeddable":true,"href":"https:\/\/heartfulness.be\/fr\/wp-json\/wp\/v2\/comments?post=21303"}],"version-history":[{"count":1,"href":"https:\/\/heartfulness.be\/fr\/wp-json\/wp\/v2\/product\/21303\/revisions"}],"predecessor-version":[{"id":26069,"href":"https:\/\/heartfulness.be\/fr\/wp-json\/wp\/v2\/product\/21303\/revisions\/26069"}],"wp:featuredmedia":[{"embeddable":true,"href":"https:\/\/heartfulness.be\/fr\/wp-json\/wp\/v2\/media\/21290"}],"wp:attachment":[{"href":"https:\/\/heartfulness.be\/fr\/wp-json\/wp\/v2\/media?parent=21303"}],"wp:term":[{"taxonomy":"product_brand","embeddable":true,"href":"https:\/\/heartfulness.be\/fr\/wp-json\/wp\/v2\/product_brand?post=21303"},{"taxonomy":"product_cat","embeddable":true,"href":"https:\/\/heartfulness.be\/fr\/wp-json\/wp\/v2\/product_cat?post=21303"},{"taxonomy":"product_tag","embeddable":true,"href":"https:\/\/heartfulness.be\/fr\/wp-json\/wp\/v2\/product_tag?post=21303"}],"curies":[{"name":"wp","href":"https:\/\/api.w.org\/{rel}","templated":true}]}}