{"id":21445,"date":"2022-09-25T18:12:22","date_gmt":"2022-09-25T16:26:42","guid":{"rendered":"https:\/\/heartfulness.be\/?post_type=product&#038;p=21445"},"modified":"2022-09-26T14:07:27","modified_gmt":"2022-09-26T12:07:27","slug":"table-de-massage-stronglite-shasta","status":"publish","type":"product","link":"https:\/\/heartfulness.be\/fr\/product\/table-de-massage-stronglite-shasta\/","title":{"rendered":"Table de massage Stronglite Shasta"},"content":{"rendered":"<h5>Sp\u00e9cifications et caract\u00e9ristiques de la table de massage Stronglite Shasta:<\/h5>\n<ul>\n<li>Longueur: 185 cm (sans appui-t\u00eate)<\/li>\n<li>Largeur: 71 cm<\/li>\n<li>Poids: 16 kg<\/li>\n<li>Hauteur r\u00e9glable de 63,5 \u00e0 89 cm<\/li>\n<li>Poids de la charge utile: 204 kg<\/li>\n<li>Fabriqu\u00e9 en bois de h\u00eatre de haute qualit\u00e9<\/li>\n<li>La table de massage est \u00e9quip\u00e9e de c\u00e2bles en acier rev\u00eatus, de blocs d&rsquo;angle en bois dur massif, ce qui en fait une table de traitement de physioth\u00e9rapie solide et durable.<\/li>\n<li>Des boutons doubles sur les pieds en h\u00eatre dur massif et des panneaux d&rsquo;extr\u00e9mit\u00e9 de 6 mm d&rsquo;\u00e9paisseur, de sorte que cette table l\u00e9g\u00e8re peut tout de m\u00eame supporter un massage ferme.<\/li>\n<li>Rembourrage en mousse de 5 cm et vinyle souple et doux avec double couture sur les coins arrondis de la table de massage.<\/li>\n<li>Equip\u00e9 de 1\/2 Reiki &#8211; 1\/2 panneaux d&rsquo;extr\u00e9mit\u00e9 standard<\/li>\n<li>Appui-t\u00eate de luxe avec oreiller standard<\/li>\n<li>Fourni avec un sac de transport en nylon<\/li>\n<li>Garantie de 5 ans sur le cadre, les mat\u00e9riaux et la fabrication.<\/li>\n<li>Garantie de 2 ans sur la mousse et le vinyle<\/li>\n<\/ul>\n<p>Plus d&rsquo;infos dans ce d\u00e9pliant sur la <a href=\"https:\/\/heartfulness.be\/Massage\/massagetafels\/Stronglite_Shasta.pdf\">table de massage Stronglite Shasta<\/a><\/p>\n","protected":false},"excerpt":{"rendered":"<p>Comme l&rsquo;Olympia, la <strong>table de massage Stronglite Shasta<\/strong> est id\u00e9ale pour le masseur d\u00e9butant et pour les voyages. L\u00e9ger, mais en m\u00eame temps assez solide pour des massages solides.<br \/>\nElle est fabriqu\u00e9e en bois de h\u00eatre de haute qualit\u00e9, avec un syst\u00e8me de support par c\u00e2ble en acier rev\u00eatu et des blocs d&rsquo;angle en bois dur massif, ce qui en fait une table de traitement de physioth\u00e9rapie solide et durable.<\/p>\n<p>L&rsquo;ensemble table de massage portable STRONGLITE\u2122 Shasta comprend la table de massage Stronglite Shasta, un appui-t\u00eate Deluxe avec oreiller Standard et un sac de transport.<\/p>\n","protected":false},"featured_media":21436,"comment_status":"closed","ping_status":"closed","template":"","meta":[],"product_brand":[],"product_cat":[1152,372],"product_tag":[1145,332,1146,1155],"class_list":{"0":"post-21445","1":"product","2":"type-product","3":"status-publish","4":"has-post-thumbnail","6":"product_cat-stronglite-fr","7":"product_cat-tables-de-massage-portables","8":"product_tag-draagbaar-fr","9":"product_tag-massage-fr","10":"product_tag-opvouwbaar-fr","11":"product_tag-stronglite-fr","12":"product_shipping_class-gls-fr","14":"first","15":"instock","16":"taxable","17":"shipping-taxable","18":"purchasable","19":"product-type-variable"},"yoast_head":"<!-- This site is optimized with the Yoast SEO plugin v27.5 - https:\/\/yoast.com\/product\/yoast-seo-wordpress\/ -->\n<title>Table de massage Stronglite Shasta &#8902; Levensstroom<\/title>\n<meta name=\"description\" content=\"L&#039;ensemble table de massage Stronglite Shasta comprend la table Stronglite Shasta, un appui-t\u00eate Deluxe avec oreiller Standard et un sac de transport.\" \/>\n<meta name=\"robots\" content=\"index, follow, max-snippet:-1, max-image-preview:large, max-video-preview:-1\" \/>\n<link rel=\"canonical\" href=\"https:\/\/heartfulness.be\/fr\/product\/table-de-massage-stronglite-shasta\/\" \/>\n<meta property=\"og:locale\" content=\"fr_FR\" \/>\n<meta property=\"og:type\" content=\"article\" \/>\n<meta property=\"og:title\" content=\"Table de massage Stronglite Shasta &#8902; Levensstroom\" \/>\n<meta property=\"og:description\" content=\"L&#039;ensemble table de massage Stronglite Shasta comprend la table Stronglite Shasta, un appui-t\u00eate Deluxe avec oreiller Standard et un sac de transport.\" \/>\n<meta property=\"og:url\" content=\"https:\/\/heartfulness.be\/fr\/product\/table-de-massage-stronglite-shasta\/\" \/>\n<meta property=\"og:site_name\" content=\"Levensstroom\" \/>\n<meta property=\"article:publisher\" content=\"https:\/\/www.facebook.com\/praktijk.levensstroom.9\" \/>\n<meta property=\"article:modified_time\" content=\"2022-09-26T12:07:27+00:00\" \/>\n<meta property=\"og:image\" content=\"https:\/\/heartfulness.be\/wp-content\/uploads\/Stronglite-Shasta-zwart-pakket.jpg\" \/>\n\t<meta property=\"og:image:width\" content=\"800\" \/>\n\t<meta property=\"og:image:height\" content=\"800\" \/>\n\t<meta property=\"og:image:type\" content=\"image\/jpeg\" \/>\n<meta name=\"twitter:card\" content=\"summary_large_image\" \/>\n<meta name=\"twitter:site\" content=\"@Levensstroom_\" \/>\n<meta name=\"twitter:label1\" content=\"Dur\u00e9e de lecture estim\u00e9e\" \/>\n\t<meta name=\"twitter:data1\" content=\"1 minute\" \/>\n<script type=\"application\/ld+json\" class=\"yoast-schema-graph\">{\"@context\":\"https:\\\/\\\/schema.org\",\"@graph\":[{\"@type\":\"WebPage\",\"@id\":\"https:\\\/\\\/heartfulness.be\\\/fr\\\/product\\\/table-de-massage-stronglite-shasta\\\/\",\"url\":\"https:\\\/\\\/heartfulness.be\\\/fr\\\/product\\\/table-de-massage-stronglite-shasta\\\/\",\"name\":\"Table de massage Stronglite Shasta &#8902; Levensstroom\",\"isPartOf\":{\"@id\":\"https:\\\/\\\/heartfulness.be\\\/fr\\\/#website\"},\"primaryImageOfPage\":{\"@id\":\"https:\\\/\\\/heartfulness.be\\\/fr\\\/product\\\/table-de-massage-stronglite-shasta\\\/#primaryimage\"},\"image\":{\"@id\":\"https:\\\/\\\/heartfulness.be\\\/fr\\\/product\\\/table-de-massage-stronglite-shasta\\\/#primaryimage\"},\"thumbnailUrl\":\"https:\\\/\\\/heartfulness.be\\\/wp-content\\\/uploads\\\/Stronglite-Shasta-zwart-pakket.jpg\",\"datePublished\":\"2022-09-25T16:26:42+00:00\",\"dateModified\":\"2022-09-26T12:07:27+00:00\",\"description\":\"L'ensemble table de massage Stronglite Shasta comprend la table Stronglite Shasta, un appui-t\u00eate Deluxe avec oreiller Standard et un sac de transport.\",\"breadcrumb\":{\"@id\":\"https:\\\/\\\/heartfulness.be\\\/fr\\\/product\\\/table-de-massage-stronglite-shasta\\\/#breadcrumb\"},\"inLanguage\":\"fr-FR\",\"potentialAction\":[{\"@type\":\"ReadAction\",\"target\":[\"https:\\\/\\\/heartfulness.be\\\/fr\\\/product\\\/table-de-massage-stronglite-shasta\\\/\"]}]},{\"@type\":\"ImageObject\",\"inLanguage\":\"fr-FR\",\"@id\":\"https:\\\/\\\/heartfulness.be\\\/fr\\\/product\\\/table-de-massage-stronglite-shasta\\\/#primaryimage\",\"url\":\"https:\\\/\\\/heartfulness.be\\\/wp-content\\\/uploads\\\/Stronglite-Shasta-zwart-pakket.jpg\",\"contentUrl\":\"https:\\\/\\\/heartfulness.be\\\/wp-content\\\/uploads\\\/Stronglite-Shasta-zwart-pakket.jpg\",\"width\":800,\"height\":800,\"caption\":\"Ensemble de tables de massage portables Stronglite Shasta.\"},{\"@type\":\"BreadcrumbList\",\"@id\":\"https:\\\/\\\/heartfulness.be\\\/fr\\\/product\\\/table-de-massage-stronglite-shasta\\\/#breadcrumb\",\"itemListElement\":[{\"@type\":\"ListItem\",\"position\":1,\"name\":\"Accueil\",\"item\":\"https:\\\/\\\/heartfulness.be\\\/fr\\\/\"},{\"@type\":\"ListItem\",\"position\":2,\"name\":\"Boutique\",\"item\":\"https:\\\/\\\/heartfulness.be\\\/fr\\\/boutique-2\\\/\"},{\"@type\":\"ListItem\",\"position\":3,\"name\":\"Table de massage Stronglite Shasta\"}]},{\"@type\":\"WebSite\",\"@id\":\"https:\\\/\\\/heartfulness.be\\\/fr\\\/#website\",\"url\":\"https:\\\/\\\/heartfulness.be\\\/fr\\\/\",\"name\":\"Levensstroom\",\"description\":\"Centre de pleine conscience, massage, m\u00e9ditation, spiritualit\u00e9 et psychoth\u00e9rapie\",\"publisher\":{\"@id\":\"https:\\\/\\\/heartfulness.be\\\/fr\\\/#organization\"},\"potentialAction\":[{\"@type\":\"SearchAction\",\"target\":{\"@type\":\"EntryPoint\",\"urlTemplate\":\"https:\\\/\\\/heartfulness.be\\\/fr\\\/?s={search_term_string}\"},\"query-input\":{\"@type\":\"PropertyValueSpecification\",\"valueRequired\":true,\"valueName\":\"search_term_string\"}}],\"inLanguage\":\"fr-FR\"},{\"@type\":\"Organization\",\"@id\":\"https:\\\/\\\/heartfulness.be\\\/fr\\\/#organization\",\"name\":\"Levensstroom\",\"url\":\"https:\\\/\\\/heartfulness.be\\\/fr\\\/\",\"logo\":{\"@type\":\"ImageObject\",\"inLanguage\":\"fr-FR\",\"@id\":\"https:\\\/\\\/heartfulness.be\\\/fr\\\/#\\\/schema\\\/logo\\\/image\\\/\",\"url\":\"\",\"contentUrl\":\"\",\"caption\":\"Levensstroom\"},\"image\":{\"@id\":\"https:\\\/\\\/heartfulness.be\\\/fr\\\/#\\\/schema\\\/logo\\\/image\\\/\"},\"sameAs\":[\"https:\\\/\\\/www.facebook.com\\\/praktijk.levensstroom.9\",\"https:\\\/\\\/x.com\\\/Levensstroom_\",\"https:\\\/\\\/www.instagram.com\\\/levensstroom\\\/\",\"https:\\\/\\\/www.linkedin.com\\\/in\\\/dirk-vieren-30862117a\\\/\",\"https:\\\/\\\/www.pinterest.com\\\/levensstroom\\\/\",\"https:\\\/\\\/www.youtube.com\\\/user\\\/MassagesLevensstroom\\\/\"]}]}<\/script>\n<!-- \/ Yoast SEO plugin. -->","yoast_head_json":{"title":"Table de massage Stronglite Shasta &#8902; Levensstroom","description":"L'ensemble table de massage Stronglite Shasta comprend la table Stronglite Shasta, un appui-t\u00eate Deluxe avec oreiller Standard et un sac de transport.","robots":{"index":"index","follow":"follow","max-snippet":"max-snippet:-1","max-image-preview":"max-image-preview:large","max-video-preview":"max-video-preview:-1"},"canonical":"https:\/\/heartfulness.be\/fr\/product\/table-de-massage-stronglite-shasta\/","og_locale":"fr_FR","og_type":"article","og_title":"Table de massage Stronglite Shasta &#8902; Levensstroom","og_description":"L'ensemble table de massage Stronglite Shasta comprend la table Stronglite Shasta, un appui-t\u00eate Deluxe avec oreiller Standard et un sac de transport.","og_url":"https:\/\/heartfulness.be\/fr\/product\/table-de-massage-stronglite-shasta\/","og_site_name":"Levensstroom","article_publisher":"https:\/\/www.facebook.com\/praktijk.levensstroom.9","article_modified_time":"2022-09-26T12:07:27+00:00","og_image":[{"width":800,"height":800,"url":"https:\/\/heartfulness.be\/wp-content\/uploads\/Stronglite-Shasta-zwart-pakket.jpg","type":"image\/jpeg"}],"twitter_card":"summary_large_image","twitter_site":"@Levensstroom_","twitter_misc":{"Dur\u00e9e de lecture estim\u00e9e":"1 minute"},"schema":{"@context":"https:\/\/schema.org","@graph":[{"@type":"WebPage","@id":"https:\/\/heartfulness.be\/fr\/product\/table-de-massage-stronglite-shasta\/","url":"https:\/\/heartfulness.be\/fr\/product\/table-de-massage-stronglite-shasta\/","name":"Table de massage Stronglite Shasta &#8902; Levensstroom","isPartOf":{"@id":"https:\/\/heartfulness.be\/fr\/#website"},"primaryImageOfPage":{"@id":"https:\/\/heartfulness.be\/fr\/product\/table-de-massage-stronglite-shasta\/#primaryimage"},"image":{"@id":"https:\/\/heartfulness.be\/fr\/product\/table-de-massage-stronglite-shasta\/#primaryimage"},"thumbnailUrl":"https:\/\/heartfulness.be\/wp-content\/uploads\/Stronglite-Shasta-zwart-pakket.jpg","datePublished":"2022-09-25T16:26:42+00:00","dateModified":"2022-09-26T12:07:27+00:00","description":"L'ensemble table de massage Stronglite Shasta comprend la table Stronglite Shasta, un appui-t\u00eate Deluxe avec oreiller Standard et un sac de transport.","breadcrumb":{"@id":"https:\/\/heartfulness.be\/fr\/product\/table-de-massage-stronglite-shasta\/#breadcrumb"},"inLanguage":"fr-FR","potentialAction":[{"@type":"ReadAction","target":["https:\/\/heartfulness.be\/fr\/product\/table-de-massage-stronglite-shasta\/"]}]},{"@type":"ImageObject","inLanguage":"fr-FR","@id":"https:\/\/heartfulness.be\/fr\/product\/table-de-massage-stronglite-shasta\/#primaryimage","url":"https:\/\/heartfulness.be\/wp-content\/uploads\/Stronglite-Shasta-zwart-pakket.jpg","contentUrl":"https:\/\/heartfulness.be\/wp-content\/uploads\/Stronglite-Shasta-zwart-pakket.jpg","width":800,"height":800,"caption":"Ensemble de tables de massage portables Stronglite Shasta."},{"@type":"BreadcrumbList","@id":"https:\/\/heartfulness.be\/fr\/product\/table-de-massage-stronglite-shasta\/#breadcrumb","itemListElement":[{"@type":"ListItem","position":1,"name":"Accueil","item":"https:\/\/heartfulness.be\/fr\/"},{"@type":"ListItem","position":2,"name":"Boutique","item":"https:\/\/heartfulness.be\/fr\/boutique-2\/"},{"@type":"ListItem","position":3,"name":"Table de massage Stronglite Shasta"}]},{"@type":"WebSite","@id":"https:\/\/heartfulness.be\/fr\/#website","url":"https:\/\/heartfulness.be\/fr\/","name":"Levensstroom","description":"Centre de pleine conscience, massage, m\u00e9ditation, spiritualit\u00e9 et psychoth\u00e9rapie","publisher":{"@id":"https:\/\/heartfulness.be\/fr\/#organization"},"potentialAction":[{"@type":"SearchAction","target":{"@type":"EntryPoint","urlTemplate":"https:\/\/heartfulness.be\/fr\/?s={search_term_string}"},"query-input":{"@type":"PropertyValueSpecification","valueRequired":true,"valueName":"search_term_string"}}],"inLanguage":"fr-FR"},{"@type":"Organization","@id":"https:\/\/heartfulness.be\/fr\/#organization","name":"Levensstroom","url":"https:\/\/heartfulness.be\/fr\/","logo":{"@type":"ImageObject","inLanguage":"fr-FR","@id":"https:\/\/heartfulness.be\/fr\/#\/schema\/logo\/image\/","url":"","contentUrl":"","caption":"Levensstroom"},"image":{"@id":"https:\/\/heartfulness.be\/fr\/#\/schema\/logo\/image\/"},"sameAs":["https:\/\/www.facebook.com\/praktijk.levensstroom.9","https:\/\/x.com\/Levensstroom_","https:\/\/www.instagram.com\/levensstroom\/","https:\/\/www.linkedin.com\/in\/dirk-vieren-30862117a\/","https:\/\/www.pinterest.com\/levensstroom\/","https:\/\/www.youtube.com\/user\/MassagesLevensstroom\/"]}]}},"jetpack_sharing_enabled":true,"jetpack_likes_enabled":true,"_links":{"self":[{"href":"https:\/\/heartfulness.be\/fr\/wp-json\/wp\/v2\/product\/21445","targetHints":{"allow":["GET"]}}],"collection":[{"href":"https:\/\/heartfulness.be\/fr\/wp-json\/wp\/v2\/product"}],"about":[{"href":"https:\/\/heartfulness.be\/fr\/wp-json\/wp\/v2\/types\/product"}],"replies":[{"embeddable":true,"href":"https:\/\/heartfulness.be\/fr\/wp-json\/wp\/v2\/comments?post=21445"}],"version-history":[{"count":0,"href":"https:\/\/heartfulness.be\/fr\/wp-json\/wp\/v2\/product\/21445\/revisions"}],"wp:featuredmedia":[{"embeddable":true,"href":"https:\/\/heartfulness.be\/fr\/wp-json\/wp\/v2\/media\/21436"}],"wp:attachment":[{"href":"https:\/\/heartfulness.be\/fr\/wp-json\/wp\/v2\/media?parent=21445"}],"wp:term":[{"taxonomy":"product_brand","embeddable":true,"href":"https:\/\/heartfulness.be\/fr\/wp-json\/wp\/v2\/product_brand?post=21445"},{"taxonomy":"product_cat","embeddable":true,"href":"https:\/\/heartfulness.be\/fr\/wp-json\/wp\/v2\/product_cat?post=21445"},{"taxonomy":"product_tag","embeddable":true,"href":"https:\/\/heartfulness.be\/fr\/wp-json\/wp\/v2\/product_tag?post=21445"}],"curies":[{"name":"wp","href":"https:\/\/api.w.org\/{rel}","templated":true}]}}