{"id":21516,"date":"2022-09-29T14:35:08","date_gmt":"2022-09-29T13:02:09","guid":{"rendered":"https:\/\/heartfulness.be\/?post_type=product&#038;p=21516"},"modified":"2022-09-29T15:02:10","modified_gmt":"2022-09-29T13:02:10","slug":"table-de-massage-stronglite-olympia","status":"publish","type":"product","link":"https:\/\/heartfulness.be\/fr\/product\/table-de-massage-stronglite-olympia\/","title":{"rendered":"Table de massage Stronglite Olympia"},"content":{"rendered":"<h5>Sp\u00e9cifications et caract\u00e9ristiques de la table de massage Stronglite Olympia:<\/h5>\n<ul>\n<li>Longueur : 185 cm (sans appui-t\u00eate)<\/li>\n<li>Largeur : 71 cm<\/li>\n<li>Poids : 17,7 kg<\/li>\n<li>Hauteur r\u00e9glable de 60 \u00e0 82 cm<\/li>\n<li>Poids de la charge utile : 226 kg<\/li>\n<li>Fabriqu\u00e9 en bois de h\u00eatre de haute qualit\u00e9<\/li>\n<li>La table de massage est \u00e9quip\u00e9e de c\u00e2bles en acier rev\u00eatus, de blocs d&rsquo;angle en bois dur massif, ce qui en fait une table de traitement de physioth\u00e9rapie solide et durable.<\/li>\n<li>Les pieds en h\u00eatre dur massif et les panneaux d&rsquo;extr\u00e9mit\u00e9 de 6 mm d&rsquo;\u00e9paisseur sont munis de doubles boutons, ce qui permet \u00e0 cette table l\u00e9g\u00e8re de supporter un massage ferme.<\/li>\n<li>Rembourrage en mousse de 6 cm et vinyle souple et doux avec double couture sur les coins arrondis de la table de massage.<\/li>\n<li>Equip\u00e9 de 1\/2 Reiki &#8211; 1\/2 panneaux d&rsquo;extr\u00e9mit\u00e9 standard<\/li>\n<li>Appui-t\u00eate de luxe avec oreiller standard<\/li>\n<li>\u00c9quip\u00e9 d&rsquo;une mitre demi-ronde<\/li>\n<li>Fourni avec un sac de transport en nylon<\/li>\n<li>Garantie de 5 ans sur le cadre, les mat\u00e9riaux et la fabrication.<\/li>\n<li>Garantie de 2 ans sur la mousse et le vinyle<\/li>\n<\/ul>\n<p>Plus d&rsquo;infos dans ce d\u00e9pliant sur <a href=\"https:\/\/heartfulness.be\/Massage\/Massagetafels\/Stronglite_Olympia.pdf\">la table de massage Stronglite Olympia<\/a><\/p>\n","protected":false},"excerpt":{"rendered":"<p>out comme la table de massage portable Shasta, la <strong>table de massage Stronglite Olympia<\/strong> est id\u00e9ale pour le masseur d\u00e9butant, ainsi que pour \u00eatre emport\u00e9e sur la route pour les massages \u00e0 domicile. L\u00e9ger, mais assez solide pour des massages solides.<br \/>\nLa robustesse est d\u00e9termin\u00e9e par le bois de h\u00eatre dur de haute qualit\u00e9, le syst\u00e8me de support par c\u00e2ble en acier rev\u00eatu et les blocs d&rsquo;angle en bois dur, ce qui en fait une table de traitement solide et durable pour la physioth\u00e9rapie, par exemple.<\/p>\n<p>L&rsquo;ensemble table de massage portable STRONGLITE\u2122 Olympia comprend la table de massage Stronglite Olympia, un appui-t\u00eate Deluxe avec oreiller Standard, un demi-rouleau pour genoux et un sac de transport.<\/p>\n","protected":false},"featured_media":21472,"comment_status":"closed","ping_status":"closed","template":"","meta":[],"product_brand":[],"product_cat":[1152,372],"product_tag":[1145,1146,1155],"class_list":{"0":"post-21516","1":"product","2":"type-product","3":"status-publish","4":"has-post-thumbnail","6":"product_cat-stronglite-fr","7":"product_cat-tables-de-massage-portables","8":"product_tag-draagbaar-fr","9":"product_tag-opvouwbaar-fr","10":"product_tag-stronglite-fr","11":"product_shipping_class-gls-fr","13":"first","14":"instock","15":"taxable","16":"shipping-taxable","17":"purchasable","18":"product-type-variable"},"yoast_head":"<!-- This site is optimized with the Yoast SEO plugin v27.4 - https:\/\/yoast.com\/product\/yoast-seo-wordpress\/ -->\n<title>Table de massage Stronglite Olympia &#8902; Levensstroom<\/title>\n<meta name=\"description\" content=\"Ensemble de table de massage portable Stronglite Olympia comprend la table de traitement, un appui-t\u00eate de luxe avec oreiller standard, un demi-rouleau pour les genoux et un sac de transport.\" \/>\n<meta name=\"robots\" content=\"index, follow, max-snippet:-1, max-image-preview:large, max-video-preview:-1\" \/>\n<link rel=\"canonical\" href=\"https:\/\/heartfulness.be\/fr\/product\/table-de-massage-stronglite-olympia\/\" \/>\n<meta property=\"og:locale\" content=\"fr_FR\" \/>\n<meta property=\"og:type\" content=\"article\" \/>\n<meta property=\"og:title\" content=\"Table de massage Stronglite Olympia &#8902; Levensstroom\" \/>\n<meta property=\"og:description\" content=\"Ensemble de table de massage portable Stronglite Olympia comprend la table de traitement, un appui-t\u00eate de luxe avec oreiller standard, un demi-rouleau pour les genoux et un sac de transport.\" \/>\n<meta property=\"og:url\" content=\"https:\/\/heartfulness.be\/fr\/product\/table-de-massage-stronglite-olympia\/\" \/>\n<meta property=\"og:site_name\" content=\"Levensstroom\" \/>\n<meta property=\"article:publisher\" content=\"https:\/\/www.facebook.com\/praktijk.levensstroom.9\" \/>\n<meta property=\"article:modified_time\" content=\"2022-09-29T13:02:10+00:00\" \/>\n<meta property=\"og:image\" content=\"https:\/\/heartfulness.be\/wp-content\/uploads\/Stronglite-Olympia-zwart.jpg\" \/>\n\t<meta property=\"og:image:width\" content=\"800\" \/>\n\t<meta property=\"og:image:height\" content=\"800\" \/>\n\t<meta property=\"og:image:type\" content=\"image\/jpeg\" \/>\n<meta name=\"twitter:card\" content=\"summary_large_image\" \/>\n<meta name=\"twitter:site\" content=\"@Levensstroom_\" \/>\n<meta name=\"twitter:label1\" content=\"Dur\u00e9e de lecture estim\u00e9e\" \/>\n\t<meta name=\"twitter:data1\" content=\"1 minute\" \/>\n<script type=\"application\/ld+json\" class=\"yoast-schema-graph\">{\"@context\":\"https:\\\/\\\/schema.org\",\"@graph\":[{\"@type\":\"WebPage\",\"@id\":\"https:\\\/\\\/heartfulness.be\\\/fr\\\/product\\\/table-de-massage-stronglite-olympia\\\/\",\"url\":\"https:\\\/\\\/heartfulness.be\\\/fr\\\/product\\\/table-de-massage-stronglite-olympia\\\/\",\"name\":\"Table de massage Stronglite Olympia &#8902; Levensstroom\",\"isPartOf\":{\"@id\":\"https:\\\/\\\/heartfulness.be\\\/fr\\\/#website\"},\"primaryImageOfPage\":{\"@id\":\"https:\\\/\\\/heartfulness.be\\\/fr\\\/product\\\/table-de-massage-stronglite-olympia\\\/#primaryimage\"},\"image\":{\"@id\":\"https:\\\/\\\/heartfulness.be\\\/fr\\\/product\\\/table-de-massage-stronglite-olympia\\\/#primaryimage\"},\"thumbnailUrl\":\"https:\\\/\\\/heartfulness.be\\\/wp-content\\\/uploads\\\/Stronglite-Olympia-zwart.jpg\",\"datePublished\":\"2022-09-29T13:02:09+00:00\",\"dateModified\":\"2022-09-29T13:02:10+00:00\",\"description\":\"Ensemble de table de massage portable Stronglite Olympia comprend la table de traitement, un appui-t\u00eate de luxe avec oreiller standard, un demi-rouleau pour les genoux et un sac de transport.\",\"breadcrumb\":{\"@id\":\"https:\\\/\\\/heartfulness.be\\\/fr\\\/product\\\/table-de-massage-stronglite-olympia\\\/#breadcrumb\"},\"inLanguage\":\"fr-FR\",\"potentialAction\":[{\"@type\":\"ReadAction\",\"target\":[\"https:\\\/\\\/heartfulness.be\\\/fr\\\/product\\\/table-de-massage-stronglite-olympia\\\/\"]}]},{\"@type\":\"ImageObject\",\"inLanguage\":\"fr-FR\",\"@id\":\"https:\\\/\\\/heartfulness.be\\\/fr\\\/product\\\/table-de-massage-stronglite-olympia\\\/#primaryimage\",\"url\":\"https:\\\/\\\/heartfulness.be\\\/wp-content\\\/uploads\\\/Stronglite-Olympia-zwart.jpg\",\"contentUrl\":\"https:\\\/\\\/heartfulness.be\\\/wp-content\\\/uploads\\\/Stronglite-Olympia-zwart.jpg\",\"width\":800,\"height\":800,\"caption\":\"Stronglite Olympia noir demi-rouleau de genou\"},{\"@type\":\"BreadcrumbList\",\"@id\":\"https:\\\/\\\/heartfulness.be\\\/fr\\\/product\\\/table-de-massage-stronglite-olympia\\\/#breadcrumb\",\"itemListElement\":[{\"@type\":\"ListItem\",\"position\":1,\"name\":\"Accueil\",\"item\":\"https:\\\/\\\/heartfulness.be\\\/fr\\\/\"},{\"@type\":\"ListItem\",\"position\":2,\"name\":\"Boutique\",\"item\":\"https:\\\/\\\/heartfulness.be\\\/fr\\\/boutique-2\\\/\"},{\"@type\":\"ListItem\",\"position\":3,\"name\":\"Table de massage Stronglite Olympia\"}]},{\"@type\":\"WebSite\",\"@id\":\"https:\\\/\\\/heartfulness.be\\\/fr\\\/#website\",\"url\":\"https:\\\/\\\/heartfulness.be\\\/fr\\\/\",\"name\":\"Levensstroom\",\"description\":\"Centre de pleine conscience, massage, m\u00e9ditation, spiritualit\u00e9 et psychoth\u00e9rapie\",\"publisher\":{\"@id\":\"https:\\\/\\\/heartfulness.be\\\/fr\\\/#organization\"},\"potentialAction\":[{\"@type\":\"SearchAction\",\"target\":{\"@type\":\"EntryPoint\",\"urlTemplate\":\"https:\\\/\\\/heartfulness.be\\\/fr\\\/?s={search_term_string}\"},\"query-input\":{\"@type\":\"PropertyValueSpecification\",\"valueRequired\":true,\"valueName\":\"search_term_string\"}}],\"inLanguage\":\"fr-FR\"},{\"@type\":\"Organization\",\"@id\":\"https:\\\/\\\/heartfulness.be\\\/fr\\\/#organization\",\"name\":\"Levensstroom\",\"url\":\"https:\\\/\\\/heartfulness.be\\\/fr\\\/\",\"logo\":{\"@type\":\"ImageObject\",\"inLanguage\":\"fr-FR\",\"@id\":\"https:\\\/\\\/heartfulness.be\\\/fr\\\/#\\\/schema\\\/logo\\\/image\\\/\",\"url\":\"\",\"contentUrl\":\"\",\"caption\":\"Levensstroom\"},\"image\":{\"@id\":\"https:\\\/\\\/heartfulness.be\\\/fr\\\/#\\\/schema\\\/logo\\\/image\\\/\"},\"sameAs\":[\"https:\\\/\\\/www.facebook.com\\\/praktijk.levensstroom.9\",\"https:\\\/\\\/x.com\\\/Levensstroom_\",\"https:\\\/\\\/www.instagram.com\\\/levensstroom\\\/\",\"https:\\\/\\\/www.linkedin.com\\\/in\\\/dirk-vieren-30862117a\\\/\",\"https:\\\/\\\/www.pinterest.com\\\/levensstroom\\\/\",\"https:\\\/\\\/www.youtube.com\\\/user\\\/MassagesLevensstroom\\\/\"]}]}<\/script>\n<!-- \/ Yoast SEO plugin. -->","yoast_head_json":{"title":"Table de massage Stronglite Olympia &#8902; Levensstroom","description":"Ensemble de table de massage portable Stronglite Olympia comprend la table de traitement, un appui-t\u00eate de luxe avec oreiller standard, un demi-rouleau pour les genoux et un sac de transport.","robots":{"index":"index","follow":"follow","max-snippet":"max-snippet:-1","max-image-preview":"max-image-preview:large","max-video-preview":"max-video-preview:-1"},"canonical":"https:\/\/heartfulness.be\/fr\/product\/table-de-massage-stronglite-olympia\/","og_locale":"fr_FR","og_type":"article","og_title":"Table de massage Stronglite Olympia &#8902; Levensstroom","og_description":"Ensemble de table de massage portable Stronglite Olympia comprend la table de traitement, un appui-t\u00eate de luxe avec oreiller standard, un demi-rouleau pour les genoux et un sac de transport.","og_url":"https:\/\/heartfulness.be\/fr\/product\/table-de-massage-stronglite-olympia\/","og_site_name":"Levensstroom","article_publisher":"https:\/\/www.facebook.com\/praktijk.levensstroom.9","article_modified_time":"2022-09-29T13:02:10+00:00","og_image":[{"width":800,"height":800,"url":"https:\/\/heartfulness.be\/wp-content\/uploads\/Stronglite-Olympia-zwart.jpg","type":"image\/jpeg"}],"twitter_card":"summary_large_image","twitter_site":"@Levensstroom_","twitter_misc":{"Dur\u00e9e de lecture estim\u00e9e":"1 minute"},"schema":{"@context":"https:\/\/schema.org","@graph":[{"@type":"WebPage","@id":"https:\/\/heartfulness.be\/fr\/product\/table-de-massage-stronglite-olympia\/","url":"https:\/\/heartfulness.be\/fr\/product\/table-de-massage-stronglite-olympia\/","name":"Table de massage Stronglite Olympia &#8902; Levensstroom","isPartOf":{"@id":"https:\/\/heartfulness.be\/fr\/#website"},"primaryImageOfPage":{"@id":"https:\/\/heartfulness.be\/fr\/product\/table-de-massage-stronglite-olympia\/#primaryimage"},"image":{"@id":"https:\/\/heartfulness.be\/fr\/product\/table-de-massage-stronglite-olympia\/#primaryimage"},"thumbnailUrl":"https:\/\/heartfulness.be\/wp-content\/uploads\/Stronglite-Olympia-zwart.jpg","datePublished":"2022-09-29T13:02:09+00:00","dateModified":"2022-09-29T13:02:10+00:00","description":"Ensemble de table de massage portable Stronglite Olympia comprend la table de traitement, un appui-t\u00eate de luxe avec oreiller standard, un demi-rouleau pour les genoux et un sac de transport.","breadcrumb":{"@id":"https:\/\/heartfulness.be\/fr\/product\/table-de-massage-stronglite-olympia\/#breadcrumb"},"inLanguage":"fr-FR","potentialAction":[{"@type":"ReadAction","target":["https:\/\/heartfulness.be\/fr\/product\/table-de-massage-stronglite-olympia\/"]}]},{"@type":"ImageObject","inLanguage":"fr-FR","@id":"https:\/\/heartfulness.be\/fr\/product\/table-de-massage-stronglite-olympia\/#primaryimage","url":"https:\/\/heartfulness.be\/wp-content\/uploads\/Stronglite-Olympia-zwart.jpg","contentUrl":"https:\/\/heartfulness.be\/wp-content\/uploads\/Stronglite-Olympia-zwart.jpg","width":800,"height":800,"caption":"Stronglite Olympia noir demi-rouleau de genou"},{"@type":"BreadcrumbList","@id":"https:\/\/heartfulness.be\/fr\/product\/table-de-massage-stronglite-olympia\/#breadcrumb","itemListElement":[{"@type":"ListItem","position":1,"name":"Accueil","item":"https:\/\/heartfulness.be\/fr\/"},{"@type":"ListItem","position":2,"name":"Boutique","item":"https:\/\/heartfulness.be\/fr\/boutique-2\/"},{"@type":"ListItem","position":3,"name":"Table de massage Stronglite Olympia"}]},{"@type":"WebSite","@id":"https:\/\/heartfulness.be\/fr\/#website","url":"https:\/\/heartfulness.be\/fr\/","name":"Levensstroom","description":"Centre de pleine conscience, massage, m\u00e9ditation, spiritualit\u00e9 et psychoth\u00e9rapie","publisher":{"@id":"https:\/\/heartfulness.be\/fr\/#organization"},"potentialAction":[{"@type":"SearchAction","target":{"@type":"EntryPoint","urlTemplate":"https:\/\/heartfulness.be\/fr\/?s={search_term_string}"},"query-input":{"@type":"PropertyValueSpecification","valueRequired":true,"valueName":"search_term_string"}}],"inLanguage":"fr-FR"},{"@type":"Organization","@id":"https:\/\/heartfulness.be\/fr\/#organization","name":"Levensstroom","url":"https:\/\/heartfulness.be\/fr\/","logo":{"@type":"ImageObject","inLanguage":"fr-FR","@id":"https:\/\/heartfulness.be\/fr\/#\/schema\/logo\/image\/","url":"","contentUrl":"","caption":"Levensstroom"},"image":{"@id":"https:\/\/heartfulness.be\/fr\/#\/schema\/logo\/image\/"},"sameAs":["https:\/\/www.facebook.com\/praktijk.levensstroom.9","https:\/\/x.com\/Levensstroom_","https:\/\/www.instagram.com\/levensstroom\/","https:\/\/www.linkedin.com\/in\/dirk-vieren-30862117a\/","https:\/\/www.pinterest.com\/levensstroom\/","https:\/\/www.youtube.com\/user\/MassagesLevensstroom\/"]}]}},"_links":{"self":[{"href":"https:\/\/heartfulness.be\/fr\/wp-json\/wp\/v2\/product\/21516","targetHints":{"allow":["GET"]}}],"collection":[{"href":"https:\/\/heartfulness.be\/fr\/wp-json\/wp\/v2\/product"}],"about":[{"href":"https:\/\/heartfulness.be\/fr\/wp-json\/wp\/v2\/types\/product"}],"replies":[{"embeddable":true,"href":"https:\/\/heartfulness.be\/fr\/wp-json\/wp\/v2\/comments?post=21516"}],"version-history":[{"count":0,"href":"https:\/\/heartfulness.be\/fr\/wp-json\/wp\/v2\/product\/21516\/revisions"}],"wp:featuredmedia":[{"embeddable":true,"href":"https:\/\/heartfulness.be\/fr\/wp-json\/wp\/v2\/media\/21472"}],"wp:attachment":[{"href":"https:\/\/heartfulness.be\/fr\/wp-json\/wp\/v2\/media?parent=21516"}],"wp:term":[{"taxonomy":"product_brand","embeddable":true,"href":"https:\/\/heartfulness.be\/fr\/wp-json\/wp\/v2\/product_brand?post=21516"},{"taxonomy":"product_cat","embeddable":true,"href":"https:\/\/heartfulness.be\/fr\/wp-json\/wp\/v2\/product_cat?post=21516"},{"taxonomy":"product_tag","embeddable":true,"href":"https:\/\/heartfulness.be\/fr\/wp-json\/wp\/v2\/product_tag?post=21516"}],"curies":[{"name":"wp","href":"https:\/\/api.w.org\/{rel}","templated":true}]}}