{"id":2406,"date":"2020-08-11T13:51:04","date_gmt":"2020-08-11T11:51:04","guid":{"rendered":"https:\/\/heartfulness.be\/shop\/niet-gecategoriseerd\/import-placeholder-for-147\/"},"modified":"2025-05-03T12:42:01","modified_gmt":"2025-05-03T10:42:01","slug":"arganolie-sjankara","status":"publish","type":"product","link":"https:\/\/heartfulness.be\/fr\/product\/arganolie-sjankara\/","title":{"rendered":"Arganolie Sjankara"},"content":{"rendered":"<p><strong>Voornaamste eigenschappen van Arganolie Sjankara:<\/strong><\/p>\n<ul>\n<li>Notige geur (geroosterde noten) zeer sterke antioxidantwerking<\/li>\n<li>Ondersteunend bij acne en lichte verbrandingen bij allergische huidaandoeningen<\/li>\n<li>Als basisolie: puur of tot 50% toevoeging aan een andere basisolie.<\/li>\n<li>Herstelt de lipidelaag van de huid en kan ontstekingen verzachten en verkoelen<\/li>\n<li>De olie is vooral geschikt bij droge huid en bij de behandeling van psoriasis en droog eczeem<\/li>\n<\/ul>\n","protected":false},"excerpt":{"rendered":"<p><strong>Sjankara Arganolie<\/strong> beschermt de huid tegen allerlei invloeden van buitenaf (wind, zon, vervuiling&#8230;). Het maakt de huid zacht, vermindert rimpels, het wordt snel door de huid geabsorbeerd, het herstelt de lipide laag van de huid, verzacht ontstekingen, werkt jeuk verlichtend, kan preventief zwangerschapsstriemen voorkomen, verbetert de huid bij psoriasis en eczeem.<\/p>\n","protected":false},"featured_media":22989,"comment_status":"closed","ping_status":"closed","template":"","meta":[],"product_brand":[],"product_cat":[95],"product_tag":[168,1048,940,159],"class_list":{"0":"post-2406","1":"product","2":"type-product","3":"status-publish","4":"has-post-thumbnail","6":"product_cat-massage-olie-sjankara","7":"product_tag-massage","8":"product_tag-massageolie","9":"product_tag-ontspanning","10":"product_tag-sjankara","11":"product_shipping_class-gls","13":"first","14":"instock","15":"taxable","16":"shipping-taxable","17":"purchasable","18":"product-type-variable"},"yoast_head":"<!-- This site is optimized with the Yoast SEO plugin v27.5 - https:\/\/yoast.com\/product\/yoast-seo-wordpress\/ -->\n<title>Arganolie Sjankara &#8902; Levensstroom<\/title>\n<meta name=\"description\" content=\"Arganolie Sjankara beschermt de huid en is geschikt bij droge huid, behandeling van psoriasis en droog eczeem.\" \/>\n<meta name=\"robots\" content=\"index, follow, max-snippet:-1, max-image-preview:large, max-video-preview:-1\" \/>\n<link rel=\"canonical\" href=\"https:\/\/heartfulness.be\/fr\/product\/arganolie-sjankara\/\" \/>\n<meta property=\"og:locale\" content=\"fr_FR\" \/>\n<meta property=\"og:type\" content=\"article\" \/>\n<meta property=\"og:title\" content=\"Arganolie Sjankara &#8902; Levensstroom\" \/>\n<meta property=\"og:description\" content=\"Arganolie Sjankara beschermt de huid en is geschikt bij droge huid, behandeling van psoriasis en droog eczeem.\" \/>\n<meta property=\"og:url\" content=\"https:\/\/heartfulness.be\/fr\/product\/arganolie-sjankara\/\" \/>\n<meta property=\"og:site_name\" content=\"Levensstroom\" \/>\n<meta property=\"article:publisher\" content=\"https:\/\/www.facebook.com\/praktijk.levensstroom.9\" \/>\n<meta property=\"article:modified_time\" content=\"2025-05-03T10:42:01+00:00\" \/>\n<meta property=\"og:image\" content=\"https:\/\/heartfulness.be\/wp-content\/uploads\/arganolie.jpg\" \/>\n\t<meta property=\"og:image:width\" content=\"1500\" \/>\n\t<meta property=\"og:image:height\" content=\"1500\" \/>\n\t<meta property=\"og:image:type\" content=\"image\/jpeg\" \/>\n<meta name=\"twitter:card\" content=\"summary_large_image\" \/>\n<meta name=\"twitter:site\" content=\"@Levensstroom_\" \/>\n<meta name=\"twitter:label1\" content=\"Dur\u00e9e de lecture estim\u00e9e\" \/>\n\t<meta name=\"twitter:data1\" content=\"1 minute\" \/>\n<script type=\"application\/ld+json\" class=\"yoast-schema-graph\">{\"@context\":\"https:\\\/\\\/schema.org\",\"@graph\":[{\"@type\":\"WebPage\",\"@id\":\"https:\\\/\\\/heartfulness.be\\\/fr\\\/product\\\/arganolie-sjankara\\\/\",\"url\":\"https:\\\/\\\/heartfulness.be\\\/fr\\\/product\\\/arganolie-sjankara\\\/\",\"name\":\"Arganolie Sjankara &#8902; Levensstroom\",\"isPartOf\":{\"@id\":\"https:\\\/\\\/heartfulness.be\\\/fr\\\/#website\"},\"primaryImageOfPage\":{\"@id\":\"https:\\\/\\\/heartfulness.be\\\/fr\\\/product\\\/arganolie-sjankara\\\/#primaryimage\"},\"image\":{\"@id\":\"https:\\\/\\\/heartfulness.be\\\/fr\\\/product\\\/arganolie-sjankara\\\/#primaryimage\"},\"thumbnailUrl\":\"https:\\\/\\\/heartfulness.be\\\/wp-content\\\/uploads\\\/arganolie.jpg\",\"datePublished\":\"2020-08-11T11:51:04+00:00\",\"dateModified\":\"2025-05-03T10:42:01+00:00\",\"description\":\"Arganolie Sjankara beschermt de huid en is geschikt bij droge huid, behandeling van psoriasis en droog eczeem.\",\"breadcrumb\":{\"@id\":\"https:\\\/\\\/heartfulness.be\\\/fr\\\/product\\\/arganolie-sjankara\\\/#breadcrumb\"},\"inLanguage\":\"fr-FR\",\"potentialAction\":[{\"@type\":\"ReadAction\",\"target\":[\"https:\\\/\\\/heartfulness.be\\\/fr\\\/product\\\/arganolie-sjankara\\\/\"]}]},{\"@type\":\"ImageObject\",\"inLanguage\":\"fr-FR\",\"@id\":\"https:\\\/\\\/heartfulness.be\\\/fr\\\/product\\\/arganolie-sjankara\\\/#primaryimage\",\"url\":\"https:\\\/\\\/heartfulness.be\\\/wp-content\\\/uploads\\\/arganolie.jpg\",\"contentUrl\":\"https:\\\/\\\/heartfulness.be\\\/wp-content\\\/uploads\\\/arganolie.jpg\",\"width\":1500,\"height\":1500,\"caption\":\"arganolie Sjankara\"},{\"@type\":\"BreadcrumbList\",\"@id\":\"https:\\\/\\\/heartfulness.be\\\/fr\\\/product\\\/arganolie-sjankara\\\/#breadcrumb\",\"itemListElement\":[{\"@type\":\"ListItem\",\"position\":1,\"name\":\"Accueil\",\"item\":\"https:\\\/\\\/heartfulness.be\\\/fr\\\/\"},{\"@type\":\"ListItem\",\"position\":2,\"name\":\"Boutique\",\"item\":\"https:\\\/\\\/heartfulness.be\\\/fr\\\/boutique-2\\\/\"},{\"@type\":\"ListItem\",\"position\":3,\"name\":\"Arganolie Sjankara\"}]},{\"@type\":\"WebSite\",\"@id\":\"https:\\\/\\\/heartfulness.be\\\/fr\\\/#website\",\"url\":\"https:\\\/\\\/heartfulness.be\\\/fr\\\/\",\"name\":\"Levensstroom\",\"description\":\"Centre de pleine conscience, massage, m\u00e9ditation, spiritualit\u00e9 et psychoth\u00e9rapie\",\"publisher\":{\"@id\":\"https:\\\/\\\/heartfulness.be\\\/fr\\\/#organization\"},\"potentialAction\":[{\"@type\":\"SearchAction\",\"target\":{\"@type\":\"EntryPoint\",\"urlTemplate\":\"https:\\\/\\\/heartfulness.be\\\/fr\\\/?s={search_term_string}\"},\"query-input\":{\"@type\":\"PropertyValueSpecification\",\"valueRequired\":true,\"valueName\":\"search_term_string\"}}],\"inLanguage\":\"fr-FR\"},{\"@type\":\"Organization\",\"@id\":\"https:\\\/\\\/heartfulness.be\\\/fr\\\/#organization\",\"name\":\"Levensstroom\",\"url\":\"https:\\\/\\\/heartfulness.be\\\/fr\\\/\",\"logo\":{\"@type\":\"ImageObject\",\"inLanguage\":\"fr-FR\",\"@id\":\"https:\\\/\\\/heartfulness.be\\\/fr\\\/#\\\/schema\\\/logo\\\/image\\\/\",\"url\":\"\",\"contentUrl\":\"\",\"caption\":\"Levensstroom\"},\"image\":{\"@id\":\"https:\\\/\\\/heartfulness.be\\\/fr\\\/#\\\/schema\\\/logo\\\/image\\\/\"},\"sameAs\":[\"https:\\\/\\\/www.facebook.com\\\/praktijk.levensstroom.9\",\"https:\\\/\\\/x.com\\\/Levensstroom_\",\"https:\\\/\\\/www.instagram.com\\\/levensstroom\\\/\",\"https:\\\/\\\/www.linkedin.com\\\/in\\\/dirk-vieren-30862117a\\\/\",\"https:\\\/\\\/www.pinterest.com\\\/levensstroom\\\/\",\"https:\\\/\\\/www.youtube.com\\\/user\\\/MassagesLevensstroom\\\/\"]}]}<\/script>\n<!-- \/ Yoast SEO plugin. -->","yoast_head_json":{"title":"Arganolie Sjankara &#8902; Levensstroom","description":"Arganolie Sjankara beschermt de huid en is geschikt bij droge huid, behandeling van psoriasis en droog eczeem.","robots":{"index":"index","follow":"follow","max-snippet":"max-snippet:-1","max-image-preview":"max-image-preview:large","max-video-preview":"max-video-preview:-1"},"canonical":"https:\/\/heartfulness.be\/fr\/product\/arganolie-sjankara\/","og_locale":"fr_FR","og_type":"article","og_title":"Arganolie Sjankara &#8902; Levensstroom","og_description":"Arganolie Sjankara beschermt de huid en is geschikt bij droge huid, behandeling van psoriasis en droog eczeem.","og_url":"https:\/\/heartfulness.be\/fr\/product\/arganolie-sjankara\/","og_site_name":"Levensstroom","article_publisher":"https:\/\/www.facebook.com\/praktijk.levensstroom.9","article_modified_time":"2025-05-03T10:42:01+00:00","og_image":[{"width":1500,"height":1500,"url":"https:\/\/heartfulness.be\/wp-content\/uploads\/arganolie.jpg","type":"image\/jpeg"}],"twitter_card":"summary_large_image","twitter_site":"@Levensstroom_","twitter_misc":{"Dur\u00e9e de lecture estim\u00e9e":"1 minute"},"schema":{"@context":"https:\/\/schema.org","@graph":[{"@type":"WebPage","@id":"https:\/\/heartfulness.be\/fr\/product\/arganolie-sjankara\/","url":"https:\/\/heartfulness.be\/fr\/product\/arganolie-sjankara\/","name":"Arganolie Sjankara &#8902; Levensstroom","isPartOf":{"@id":"https:\/\/heartfulness.be\/fr\/#website"},"primaryImageOfPage":{"@id":"https:\/\/heartfulness.be\/fr\/product\/arganolie-sjankara\/#primaryimage"},"image":{"@id":"https:\/\/heartfulness.be\/fr\/product\/arganolie-sjankara\/#primaryimage"},"thumbnailUrl":"https:\/\/heartfulness.be\/wp-content\/uploads\/arganolie.jpg","datePublished":"2020-08-11T11:51:04+00:00","dateModified":"2025-05-03T10:42:01+00:00","description":"Arganolie Sjankara beschermt de huid en is geschikt bij droge huid, behandeling van psoriasis en droog eczeem.","breadcrumb":{"@id":"https:\/\/heartfulness.be\/fr\/product\/arganolie-sjankara\/#breadcrumb"},"inLanguage":"fr-FR","potentialAction":[{"@type":"ReadAction","target":["https:\/\/heartfulness.be\/fr\/product\/arganolie-sjankara\/"]}]},{"@type":"ImageObject","inLanguage":"fr-FR","@id":"https:\/\/heartfulness.be\/fr\/product\/arganolie-sjankara\/#primaryimage","url":"https:\/\/heartfulness.be\/wp-content\/uploads\/arganolie.jpg","contentUrl":"https:\/\/heartfulness.be\/wp-content\/uploads\/arganolie.jpg","width":1500,"height":1500,"caption":"arganolie Sjankara"},{"@type":"BreadcrumbList","@id":"https:\/\/heartfulness.be\/fr\/product\/arganolie-sjankara\/#breadcrumb","itemListElement":[{"@type":"ListItem","position":1,"name":"Accueil","item":"https:\/\/heartfulness.be\/fr\/"},{"@type":"ListItem","position":2,"name":"Boutique","item":"https:\/\/heartfulness.be\/fr\/boutique-2\/"},{"@type":"ListItem","position":3,"name":"Arganolie Sjankara"}]},{"@type":"WebSite","@id":"https:\/\/heartfulness.be\/fr\/#website","url":"https:\/\/heartfulness.be\/fr\/","name":"Levensstroom","description":"Centre de pleine conscience, massage, m\u00e9ditation, spiritualit\u00e9 et psychoth\u00e9rapie","publisher":{"@id":"https:\/\/heartfulness.be\/fr\/#organization"},"potentialAction":[{"@type":"SearchAction","target":{"@type":"EntryPoint","urlTemplate":"https:\/\/heartfulness.be\/fr\/?s={search_term_string}"},"query-input":{"@type":"PropertyValueSpecification","valueRequired":true,"valueName":"search_term_string"}}],"inLanguage":"fr-FR"},{"@type":"Organization","@id":"https:\/\/heartfulness.be\/fr\/#organization","name":"Levensstroom","url":"https:\/\/heartfulness.be\/fr\/","logo":{"@type":"ImageObject","inLanguage":"fr-FR","@id":"https:\/\/heartfulness.be\/fr\/#\/schema\/logo\/image\/","url":"","contentUrl":"","caption":"Levensstroom"},"image":{"@id":"https:\/\/heartfulness.be\/fr\/#\/schema\/logo\/image\/"},"sameAs":["https:\/\/www.facebook.com\/praktijk.levensstroom.9","https:\/\/x.com\/Levensstroom_","https:\/\/www.instagram.com\/levensstroom\/","https:\/\/www.linkedin.com\/in\/dirk-vieren-30862117a\/","https:\/\/www.pinterest.com\/levensstroom\/","https:\/\/www.youtube.com\/user\/MassagesLevensstroom\/"]}]}},"_links":{"self":[{"href":"https:\/\/heartfulness.be\/fr\/wp-json\/wp\/v2\/product\/2406","targetHints":{"allow":["GET"]}}],"collection":[{"href":"https:\/\/heartfulness.be\/fr\/wp-json\/wp\/v2\/product"}],"about":[{"href":"https:\/\/heartfulness.be\/fr\/wp-json\/wp\/v2\/types\/product"}],"replies":[{"embeddable":true,"href":"https:\/\/heartfulness.be\/fr\/wp-json\/wp\/v2\/comments?post=2406"}],"version-history":[{"count":1,"href":"https:\/\/heartfulness.be\/fr\/wp-json\/wp\/v2\/product\/2406\/revisions"}],"predecessor-version":[{"id":26262,"href":"https:\/\/heartfulness.be\/fr\/wp-json\/wp\/v2\/product\/2406\/revisions\/26262"}],"wp:featuredmedia":[{"embeddable":true,"href":"https:\/\/heartfulness.be\/fr\/wp-json\/wp\/v2\/media\/22989"}],"wp:attachment":[{"href":"https:\/\/heartfulness.be\/fr\/wp-json\/wp\/v2\/media?parent=2406"}],"wp:term":[{"taxonomy":"product_brand","embeddable":true,"href":"https:\/\/heartfulness.be\/fr\/wp-json\/wp\/v2\/product_brand?post=2406"},{"taxonomy":"product_cat","embeddable":true,"href":"https:\/\/heartfulness.be\/fr\/wp-json\/wp\/v2\/product_cat?post=2406"},{"taxonomy":"product_tag","embeddable":true,"href":"https:\/\/heartfulness.be\/fr\/wp-json\/wp\/v2\/product_tag?post=2406"}],"curies":[{"name":"wp","href":"https:\/\/api.w.org\/{rel}","templated":true}]}}