{"id":6570,"date":"2020-11-05T00:55:33","date_gmt":"2020-11-04T22:55:42","guid":{"rendered":"https:\/\/heartfulness.be\/?post_type=product&#038;p=6570"},"modified":"2020-11-05T02:06:12","modified_gmt":"2020-11-05T00:06:12","slug":"tetiere-flex-rest","status":"publish","type":"product","link":"https:\/\/heartfulness.be\/fr\/product\/tetiere-flex-rest\/","title":{"rendered":"T\u00e9ti\u00e8re Flex-Rest"},"content":{"rendered":"<p>Le t\u00e9ti\u00e8re r\u00e9volutionnaire Flex-Rest avec plate-forme auto-ajustable fl\u00e9chit et pivote pour s&rsquo;adapter \u00e0 la forme unique du visage de ton client. La pression sinusale est r\u00e9duite et les points de pression sont \u00e9limin\u00e9s. Facilement r\u00e9glable dans diff\u00e9rentes positions et hauteurs.<\/p>\n<p>Le <a href=\"https:\/\/heartfulness.be\/fr\/boutique\/accessoires-fr\/tetieres\/coussin-strata\/\">coussin Strata<\/a> s&rsquo;adapte aux plates-formes Earthlite Flex-Rest et Caress. Am\u00e9liorez votre massage avec le coussin Strata. Ces coussins rembourr\u00e9s sont fabriqu\u00e9s avec le syst\u00e8me Strata Memory Foam \u2122, signature d&rsquo;Earthlite. Un coussin en mousse \u00e0 m\u00e9moire est un autre mot pour un coussin en mousse \u00e0 m\u00e9moire. Il s&rsquo;agit d&rsquo;un mat\u00e9riau sp\u00e9cifique avec lequel les coussins sont fabriqu\u00e9s, un mat\u00e9riau qui assure une position confortable et une sensation de d\u00e9tente. Un coussin en mousse \u00e0 m\u00e9moire de forme s&rsquo;adapte \u00e0 votre corps, ce qui signifie que la mousse s&rsquo;adapte \u00e0 votre visage. C&rsquo;est donc beaucoup plus confortable.<br \/>Epaisseur: 6,5 cm.<\/p>\n<p>le t\u00e9ti\u00e8re Flex-Rest est disponible en 16 couleurs: Am\u00e9thyste, Noir, Bourgogne, Latte, Marie&rsquo;s Beige, Mystic Blue, Purple (Amethyst), Sterling, Teal Green, Vanilla Cr\u00e8me.<br \/>Pour les autres couleurs telles que Desert Sand, Mountain Mist, Pink Quartz, Sage, Sapphire et White, il y a un co\u00fbt suppl\u00e9mentaire de 12 \u20ac. Il y a \u00e9galement un temps d&rsquo;attente d&rsquo;environ 2 mois pour ces couleurs.<\/p>\n","protected":false},"excerpt":{"rendered":"<p>Le <strong>t\u00e9ti\u00e8re\u00a0Flex-Rest<\/strong> est con\u00e7u de mani\u00e8re ergonomique pour un confort sup\u00e9rieur. La plateforme Flex-Rest va plier le poids du visage et cr\u00e9er un point de pivot optimal pour que le visage repose dans un berceau de confort. La plate-forme dispose d&rsquo;un coussin d&rsquo;appui-t\u00eate Strata confortable. La mousse \u00e0 m\u00e9moire Strata \u2122 caract\u00e9ristique d&rsquo;Earthlite et la housse NaturSoft sans PVC assurent un confort de couchage agr\u00e9able. La pression sinusale est r\u00e9duite et les points de pression sont \u00e9limin\u00e9s.<\/p>\n<p>Disponible en 16 couleurs de rev\u00eatement NaturSoft.<\/p>\n","protected":false},"featured_media":6411,"comment_status":"closed","ping_status":"closed","template":"","meta":[],"product_brand":[],"product_cat":[348,359],"product_tag":[307],"class_list":{"0":"post-6570","1":"product","2":"type-product","3":"status-publish","4":"has-post-thumbnail","6":"product_cat-accessoires-fr","7":"product_cat-tetieres","8":"product_tag-earthlite-fr","9":"product_shipping_class-gls-fr","11":"first","12":"instock","13":"taxable","14":"shipping-taxable","15":"purchasable","16":"product-type-variable"},"yoast_head":"<!-- This site is optimized with the Yoast SEO plugin v27.4 - https:\/\/yoast.com\/product\/yoast-seo-wordpress\/ -->\n<title>T\u00e9ti\u00e8re Flex-Rest pour tables de massages d&#039;Earthlite &#8902; Levensstroom<\/title>\n<meta name=\"description\" content=\"T\u00e9ti\u00e8re Flex-Rest Earthlite combin\u00e9 avec un coussin Strata pour un soutien doux et agr\u00e9able de la t\u00eate pendantle massage.\" \/>\n<meta name=\"robots\" content=\"index, follow, max-snippet:-1, max-image-preview:large, max-video-preview:-1\" \/>\n<link rel=\"canonical\" href=\"https:\/\/heartfulness.be\/fr\/product\/tetiere-flex-rest\/\" \/>\n<meta property=\"og:locale\" content=\"fr_FR\" \/>\n<meta property=\"og:type\" content=\"article\" \/>\n<meta property=\"og:title\" content=\"T\u00e9ti\u00e8re Flex-Rest pour tables de massages d&#039;Earthlite &#8902; Levensstroom\" \/>\n<meta property=\"og:description\" content=\"T\u00e9ti\u00e8re Flex-Rest Earthlite combin\u00e9 avec un coussin Strata pour un soutien doux et agr\u00e9able de la t\u00eate pendantle massage.\" \/>\n<meta property=\"og:url\" content=\"https:\/\/heartfulness.be\/fr\/product\/tetiere-flex-rest\/\" \/>\n<meta property=\"og:site_name\" content=\"Levensstroom\" \/>\n<meta property=\"article:publisher\" content=\"https:\/\/www.facebook.com\/praktijk.levensstroom.9\" \/>\n<meta property=\"article:modified_time\" content=\"2020-11-05T00:06:12+00:00\" \/>\n<meta property=\"og:image\" content=\"https:\/\/heartfulness.be\/wp-content\/uploads\/Massagetafels\/Hoofdsteunen\/Flex-Rest-Platform-Strata-FacePillow-white.jpg\" \/>\n\t<meta property=\"og:image:width\" content=\"640\" \/>\n\t<meta property=\"og:image:height\" content=\"427\" \/>\n\t<meta property=\"og:image:type\" content=\"image\/jpeg\" \/>\n<meta name=\"twitter:card\" content=\"summary_large_image\" \/>\n<meta name=\"twitter:site\" content=\"@Levensstroom_\" \/>\n<meta name=\"twitter:label1\" content=\"Dur\u00e9e de lecture estim\u00e9e\" \/>\n\t<meta name=\"twitter:data1\" content=\"1 minute\" \/>\n<script type=\"application\/ld+json\" class=\"yoast-schema-graph\">{\"@context\":\"https:\\\/\\\/schema.org\",\"@graph\":[{\"@type\":\"WebPage\",\"@id\":\"https:\\\/\\\/heartfulness.be\\\/fr\\\/product\\\/tetiere-flex-rest\\\/\",\"url\":\"https:\\\/\\\/heartfulness.be\\\/fr\\\/product\\\/tetiere-flex-rest\\\/\",\"name\":\"T\u00e9ti\u00e8re Flex-Rest pour tables de massages d'Earthlite &#8902; Levensstroom\",\"isPartOf\":{\"@id\":\"https:\\\/\\\/heartfulness.be\\\/fr\\\/#website\"},\"primaryImageOfPage\":{\"@id\":\"https:\\\/\\\/heartfulness.be\\\/fr\\\/product\\\/tetiere-flex-rest\\\/#primaryimage\"},\"image\":{\"@id\":\"https:\\\/\\\/heartfulness.be\\\/fr\\\/product\\\/tetiere-flex-rest\\\/#primaryimage\"},\"thumbnailUrl\":\"https:\\\/\\\/heartfulness.be\\\/wp-content\\\/uploads\\\/Massagetafels\\\/Hoofdsteunen\\\/Flex-Rest-Platform-Strata-FacePillow-white.jpg\",\"datePublished\":\"2020-11-04T22:55:42+00:00\",\"dateModified\":\"2020-11-05T00:06:12+00:00\",\"description\":\"T\u00e9ti\u00e8re Flex-Rest Earthlite combin\u00e9 avec un coussin Strata pour un soutien doux et agr\u00e9able de la t\u00eate pendantle massage.\",\"breadcrumb\":{\"@id\":\"https:\\\/\\\/heartfulness.be\\\/fr\\\/product\\\/tetiere-flex-rest\\\/#breadcrumb\"},\"inLanguage\":\"fr-FR\",\"potentialAction\":[{\"@type\":\"ReadAction\",\"target\":[\"https:\\\/\\\/heartfulness.be\\\/fr\\\/product\\\/tetiere-flex-rest\\\/\"]}]},{\"@type\":\"ImageObject\",\"inLanguage\":\"fr-FR\",\"@id\":\"https:\\\/\\\/heartfulness.be\\\/fr\\\/product\\\/tetiere-flex-rest\\\/#primaryimage\",\"url\":\"https:\\\/\\\/heartfulness.be\\\/wp-content\\\/uploads\\\/Massagetafels\\\/Hoofdsteunen\\\/Flex-Rest-Platform-Strata-FacePillow-white.jpg\",\"contentUrl\":\"https:\\\/\\\/heartfulness.be\\\/wp-content\\\/uploads\\\/Massagetafels\\\/Hoofdsteunen\\\/Flex-Rest-Platform-Strata-FacePillow-white.jpg\",\"width\":640,\"height\":427,\"caption\":\"Flex-Rest plate-forme et pad tetiere Strata: white\"},{\"@type\":\"BreadcrumbList\",\"@id\":\"https:\\\/\\\/heartfulness.be\\\/fr\\\/product\\\/tetiere-flex-rest\\\/#breadcrumb\",\"itemListElement\":[{\"@type\":\"ListItem\",\"position\":1,\"name\":\"Accueil\",\"item\":\"https:\\\/\\\/heartfulness.be\\\/fr\\\/\"},{\"@type\":\"ListItem\",\"position\":2,\"name\":\"Boutique\",\"item\":\"https:\\\/\\\/heartfulness.be\\\/fr\\\/boutique-2\\\/\"},{\"@type\":\"ListItem\",\"position\":3,\"name\":\"T\u00e9ti\u00e8re Flex-Rest\"}]},{\"@type\":\"WebSite\",\"@id\":\"https:\\\/\\\/heartfulness.be\\\/fr\\\/#website\",\"url\":\"https:\\\/\\\/heartfulness.be\\\/fr\\\/\",\"name\":\"Levensstroom\",\"description\":\"Centre de pleine conscience, massage, m\u00e9ditation, spiritualit\u00e9 et psychoth\u00e9rapie\",\"publisher\":{\"@id\":\"https:\\\/\\\/heartfulness.be\\\/fr\\\/#organization\"},\"potentialAction\":[{\"@type\":\"SearchAction\",\"target\":{\"@type\":\"EntryPoint\",\"urlTemplate\":\"https:\\\/\\\/heartfulness.be\\\/fr\\\/?s={search_term_string}\"},\"query-input\":{\"@type\":\"PropertyValueSpecification\",\"valueRequired\":true,\"valueName\":\"search_term_string\"}}],\"inLanguage\":\"fr-FR\"},{\"@type\":\"Organization\",\"@id\":\"https:\\\/\\\/heartfulness.be\\\/fr\\\/#organization\",\"name\":\"Levensstroom\",\"url\":\"https:\\\/\\\/heartfulness.be\\\/fr\\\/\",\"logo\":{\"@type\":\"ImageObject\",\"inLanguage\":\"fr-FR\",\"@id\":\"https:\\\/\\\/heartfulness.be\\\/fr\\\/#\\\/schema\\\/logo\\\/image\\\/\",\"url\":\"\",\"contentUrl\":\"\",\"caption\":\"Levensstroom\"},\"image\":{\"@id\":\"https:\\\/\\\/heartfulness.be\\\/fr\\\/#\\\/schema\\\/logo\\\/image\\\/\"},\"sameAs\":[\"https:\\\/\\\/www.facebook.com\\\/praktijk.levensstroom.9\",\"https:\\\/\\\/x.com\\\/Levensstroom_\",\"https:\\\/\\\/www.instagram.com\\\/levensstroom\\\/\",\"https:\\\/\\\/www.linkedin.com\\\/in\\\/dirk-vieren-30862117a\\\/\",\"https:\\\/\\\/www.pinterest.com\\\/levensstroom\\\/\",\"https:\\\/\\\/www.youtube.com\\\/user\\\/MassagesLevensstroom\\\/\"]}]}<\/script>\n<!-- \/ Yoast SEO plugin. -->","yoast_head_json":{"title":"T\u00e9ti\u00e8re Flex-Rest pour tables de massages d'Earthlite &#8902; Levensstroom","description":"T\u00e9ti\u00e8re Flex-Rest Earthlite combin\u00e9 avec un coussin Strata pour un soutien doux et agr\u00e9able de la t\u00eate pendantle massage.","robots":{"index":"index","follow":"follow","max-snippet":"max-snippet:-1","max-image-preview":"max-image-preview:large","max-video-preview":"max-video-preview:-1"},"canonical":"https:\/\/heartfulness.be\/fr\/product\/tetiere-flex-rest\/","og_locale":"fr_FR","og_type":"article","og_title":"T\u00e9ti\u00e8re Flex-Rest pour tables de massages d'Earthlite &#8902; Levensstroom","og_description":"T\u00e9ti\u00e8re Flex-Rest Earthlite combin\u00e9 avec un coussin Strata pour un soutien doux et agr\u00e9able de la t\u00eate pendantle massage.","og_url":"https:\/\/heartfulness.be\/fr\/product\/tetiere-flex-rest\/","og_site_name":"Levensstroom","article_publisher":"https:\/\/www.facebook.com\/praktijk.levensstroom.9","article_modified_time":"2020-11-05T00:06:12+00:00","og_image":[{"width":640,"height":427,"url":"https:\/\/heartfulness.be\/wp-content\/uploads\/Massagetafels\/Hoofdsteunen\/Flex-Rest-Platform-Strata-FacePillow-white.jpg","type":"image\/jpeg"}],"twitter_card":"summary_large_image","twitter_site":"@Levensstroom_","twitter_misc":{"Dur\u00e9e de lecture estim\u00e9e":"1 minute"},"schema":{"@context":"https:\/\/schema.org","@graph":[{"@type":"WebPage","@id":"https:\/\/heartfulness.be\/fr\/product\/tetiere-flex-rest\/","url":"https:\/\/heartfulness.be\/fr\/product\/tetiere-flex-rest\/","name":"T\u00e9ti\u00e8re Flex-Rest pour tables de massages d'Earthlite &#8902; Levensstroom","isPartOf":{"@id":"https:\/\/heartfulness.be\/fr\/#website"},"primaryImageOfPage":{"@id":"https:\/\/heartfulness.be\/fr\/product\/tetiere-flex-rest\/#primaryimage"},"image":{"@id":"https:\/\/heartfulness.be\/fr\/product\/tetiere-flex-rest\/#primaryimage"},"thumbnailUrl":"https:\/\/heartfulness.be\/wp-content\/uploads\/Massagetafels\/Hoofdsteunen\/Flex-Rest-Platform-Strata-FacePillow-white.jpg","datePublished":"2020-11-04T22:55:42+00:00","dateModified":"2020-11-05T00:06:12+00:00","description":"T\u00e9ti\u00e8re Flex-Rest Earthlite combin\u00e9 avec un coussin Strata pour un soutien doux et agr\u00e9able de la t\u00eate pendantle massage.","breadcrumb":{"@id":"https:\/\/heartfulness.be\/fr\/product\/tetiere-flex-rest\/#breadcrumb"},"inLanguage":"fr-FR","potentialAction":[{"@type":"ReadAction","target":["https:\/\/heartfulness.be\/fr\/product\/tetiere-flex-rest\/"]}]},{"@type":"ImageObject","inLanguage":"fr-FR","@id":"https:\/\/heartfulness.be\/fr\/product\/tetiere-flex-rest\/#primaryimage","url":"https:\/\/heartfulness.be\/wp-content\/uploads\/Massagetafels\/Hoofdsteunen\/Flex-Rest-Platform-Strata-FacePillow-white.jpg","contentUrl":"https:\/\/heartfulness.be\/wp-content\/uploads\/Massagetafels\/Hoofdsteunen\/Flex-Rest-Platform-Strata-FacePillow-white.jpg","width":640,"height":427,"caption":"Flex-Rest plate-forme et pad tetiere Strata: white"},{"@type":"BreadcrumbList","@id":"https:\/\/heartfulness.be\/fr\/product\/tetiere-flex-rest\/#breadcrumb","itemListElement":[{"@type":"ListItem","position":1,"name":"Accueil","item":"https:\/\/heartfulness.be\/fr\/"},{"@type":"ListItem","position":2,"name":"Boutique","item":"https:\/\/heartfulness.be\/fr\/boutique-2\/"},{"@type":"ListItem","position":3,"name":"T\u00e9ti\u00e8re Flex-Rest"}]},{"@type":"WebSite","@id":"https:\/\/heartfulness.be\/fr\/#website","url":"https:\/\/heartfulness.be\/fr\/","name":"Levensstroom","description":"Centre de pleine conscience, massage, m\u00e9ditation, spiritualit\u00e9 et psychoth\u00e9rapie","publisher":{"@id":"https:\/\/heartfulness.be\/fr\/#organization"},"potentialAction":[{"@type":"SearchAction","target":{"@type":"EntryPoint","urlTemplate":"https:\/\/heartfulness.be\/fr\/?s={search_term_string}"},"query-input":{"@type":"PropertyValueSpecification","valueRequired":true,"valueName":"search_term_string"}}],"inLanguage":"fr-FR"},{"@type":"Organization","@id":"https:\/\/heartfulness.be\/fr\/#organization","name":"Levensstroom","url":"https:\/\/heartfulness.be\/fr\/","logo":{"@type":"ImageObject","inLanguage":"fr-FR","@id":"https:\/\/heartfulness.be\/fr\/#\/schema\/logo\/image\/","url":"","contentUrl":"","caption":"Levensstroom"},"image":{"@id":"https:\/\/heartfulness.be\/fr\/#\/schema\/logo\/image\/"},"sameAs":["https:\/\/www.facebook.com\/praktijk.levensstroom.9","https:\/\/x.com\/Levensstroom_","https:\/\/www.instagram.com\/levensstroom\/","https:\/\/www.linkedin.com\/in\/dirk-vieren-30862117a\/","https:\/\/www.pinterest.com\/levensstroom\/","https:\/\/www.youtube.com\/user\/MassagesLevensstroom\/"]}]}},"_links":{"self":[{"href":"https:\/\/heartfulness.be\/fr\/wp-json\/wp\/v2\/product\/6570","targetHints":{"allow":["GET"]}}],"collection":[{"href":"https:\/\/heartfulness.be\/fr\/wp-json\/wp\/v2\/product"}],"about":[{"href":"https:\/\/heartfulness.be\/fr\/wp-json\/wp\/v2\/types\/product"}],"replies":[{"embeddable":true,"href":"https:\/\/heartfulness.be\/fr\/wp-json\/wp\/v2\/comments?post=6570"}],"version-history":[{"count":0,"href":"https:\/\/heartfulness.be\/fr\/wp-json\/wp\/v2\/product\/6570\/revisions"}],"wp:featuredmedia":[{"embeddable":true,"href":"https:\/\/heartfulness.be\/fr\/wp-json\/wp\/v2\/media\/6411"}],"wp:attachment":[{"href":"https:\/\/heartfulness.be\/fr\/wp-json\/wp\/v2\/media?parent=6570"}],"wp:term":[{"taxonomy":"product_brand","embeddable":true,"href":"https:\/\/heartfulness.be\/fr\/wp-json\/wp\/v2\/product_brand?post=6570"},{"taxonomy":"product_cat","embeddable":true,"href":"https:\/\/heartfulness.be\/fr\/wp-json\/wp\/v2\/product_cat?post=6570"},{"taxonomy":"product_tag","embeddable":true,"href":"https:\/\/heartfulness.be\/fr\/wp-json\/wp\/v2\/product_tag?post=6570"}],"curies":[{"name":"wp","href":"https:\/\/api.w.org\/{rel}","templated":true}]}}