{"id":6786,"date":"2020-08-11T13:50:14","date_gmt":"2020-08-11T11:50:14","guid":{"rendered":"https:\/\/heartfulness.be\/shop\/non class\u00e9\/plate-forme-deluxe\/"},"modified":"2020-08-11T13:50:14","modified_gmt":"2020-08-11T11:50:14","slug":"plate-forme-deluxe","status":"publish","type":"product","link":"https:\/\/heartfulness.be\/fr\/product\/plate-forme-deluxe\/","title":{"rendered":"Plate-forme Deluxe"},"content":{"rendered":"<p>Plate-forme Deluxe d&rsquo; Earthlite<\/p>\n","protected":false},"excerpt":{"rendered":"<p>Il s&rsquo;agit de l&rsquo;appui-t\u00eate standard sur les tables Earthlite. Plate-forme Deluxe ajoute une nouvelle dimension \u00e0 l&rsquo;ajustement et au confort. En plus de s&rsquo;incliner \u00e0 n&rsquo;importe quel angle, cet appui-t\u00eate Deluxe peut \u00eatre ajust\u00e9 verticalement. Il peut s&rsquo;incliner aussi haut et plus haut que la table. La plate-forme a un coussin Standard ou un coussin en mousse \u00e0 m\u00e9moire qui est attach\u00e9 avec du velcro. Il y a des flanelle, tissu \u00e9ponge et housses jetables sont disponibles pour prot\u00e9ger le coussin. Voir les <a href=\"https:\/\/heartfulness.be\/fr\/produits-cat%C3%A9gorie\/accessoires-fr\/draps-housses-couvertures\/\">draps housses et housses<\/a>.<\/p>\n","protected":false},"featured_media":6768,"comment_status":"closed","ping_status":"closed","template":"","meta":[],"product_brand":[],"product_cat":[348,359],"product_tag":[307],"class_list":{"0":"post-6786","1":"product","2":"type-product","3":"status-publish","4":"has-post-thumbnail","6":"product_cat-accessoires-fr","7":"product_cat-tetieres","8":"product_tag-earthlite-fr","9":"product_shipping_class-gls-fr","11":"first","12":"instock","13":"taxable","14":"shipping-taxable","15":"purchasable","16":"product-type-simple"},"yoast_head":"<!-- This site is optimized with the Yoast SEO plugin v27.6 - https:\/\/yoast.com\/product\/yoast-seo-wordpress\/ -->\n<title>Plate-forme Deluxe de Earthlite pour t\u00e9ti\u00e8re standard &#8902; Levensstroom<\/title>\n<meta name=\"description\" content=\"La plate-forme Deluxe est un appui-t\u00eate Earthlite standard qui peut \u00eatre inclin\u00e9 \u00e0 n&#039;importe quel angle et \u00e9galement ajust\u00e9 horizontalement.\" \/>\n<meta name=\"robots\" content=\"index, follow, max-snippet:-1, max-image-preview:large, max-video-preview:-1\" \/>\n<link rel=\"canonical\" href=\"https:\/\/heartfulness.be\/fr\/product\/plate-forme-deluxe\/\" \/>\n<meta property=\"og:locale\" content=\"fr_FR\" \/>\n<meta property=\"og:type\" content=\"article\" \/>\n<meta property=\"og:title\" content=\"Plate-forme Deluxe de Earthlite pour t\u00e9ti\u00e8re standard &#8902; Levensstroom\" \/>\n<meta property=\"og:description\" content=\"La plate-forme Deluxe est un appui-t\u00eate Earthlite standard qui peut \u00eatre inclin\u00e9 \u00e0 n&#039;importe quel angle et \u00e9galement ajust\u00e9 horizontalement.\" \/>\n<meta property=\"og:url\" content=\"https:\/\/heartfulness.be\/fr\/product\/plate-forme-deluxe\/\" \/>\n<meta property=\"og:site_name\" content=\"Levensstroom\" \/>\n<meta property=\"article:publisher\" content=\"https:\/\/www.facebook.com\/praktijk.levensstroom.9\" \/>\n<meta property=\"og:image\" content=\"https:\/\/heartfulness.be\/wp-content\/uploads\/Massagetafels\/Hoofdsteunen\/Deluxe-platform.jpg\" \/>\n\t<meta property=\"og:image:width\" content=\"799\" \/>\n\t<meta property=\"og:image:height\" content=\"413\" \/>\n\t<meta property=\"og:image:type\" content=\"image\/jpeg\" \/>\n<meta name=\"twitter:card\" content=\"summary_large_image\" \/>\n<meta name=\"twitter:site\" content=\"@Levensstroom_\" \/>\n<script type=\"application\/ld+json\" class=\"yoast-schema-graph\">{\"@context\":\"https:\\\/\\\/schema.org\",\"@graph\":[{\"@type\":\"WebPage\",\"@id\":\"https:\\\/\\\/heartfulness.be\\\/fr\\\/product\\\/plate-forme-deluxe\\\/\",\"url\":\"https:\\\/\\\/heartfulness.be\\\/fr\\\/product\\\/plate-forme-deluxe\\\/\",\"name\":\"Plate-forme Deluxe de Earthlite pour t\u00e9ti\u00e8re standard &#8902; Levensstroom\",\"isPartOf\":{\"@id\":\"https:\\\/\\\/heartfulness.be\\\/fr\\\/#website\"},\"primaryImageOfPage\":{\"@id\":\"https:\\\/\\\/heartfulness.be\\\/fr\\\/product\\\/plate-forme-deluxe\\\/#primaryimage\"},\"image\":{\"@id\":\"https:\\\/\\\/heartfulness.be\\\/fr\\\/product\\\/plate-forme-deluxe\\\/#primaryimage\"},\"thumbnailUrl\":\"https:\\\/\\\/heartfulness.be\\\/wp-content\\\/uploads\\\/Massagetafels\\\/Hoofdsteunen\\\/Deluxe-platform.jpg\",\"datePublished\":\"2020-08-11T11:50:14+00:00\",\"description\":\"La plate-forme Deluxe est un appui-t\u00eate Earthlite standard qui peut \u00eatre inclin\u00e9 \u00e0 n'importe quel angle et \u00e9galement ajust\u00e9 horizontalement.\",\"breadcrumb\":{\"@id\":\"https:\\\/\\\/heartfulness.be\\\/fr\\\/product\\\/plate-forme-deluxe\\\/#breadcrumb\"},\"inLanguage\":\"fr-FR\",\"potentialAction\":[{\"@type\":\"ReadAction\",\"target\":[\"https:\\\/\\\/heartfulness.be\\\/fr\\\/product\\\/plate-forme-deluxe\\\/\"]}]},{\"@type\":\"ImageObject\",\"inLanguage\":\"fr-FR\",\"@id\":\"https:\\\/\\\/heartfulness.be\\\/fr\\\/product\\\/plate-forme-deluxe\\\/#primaryimage\",\"url\":\"https:\\\/\\\/heartfulness.be\\\/wp-content\\\/uploads\\\/Massagetafels\\\/Hoofdsteunen\\\/Deluxe-platform.jpg\",\"contentUrl\":\"https:\\\/\\\/heartfulness.be\\\/wp-content\\\/uploads\\\/Massagetafels\\\/Hoofdsteunen\\\/Deluxe-platform.jpg\",\"width\":799,\"height\":413,\"caption\":\"Deluxe plate-forme\"},{\"@type\":\"BreadcrumbList\",\"@id\":\"https:\\\/\\\/heartfulness.be\\\/fr\\\/product\\\/plate-forme-deluxe\\\/#breadcrumb\",\"itemListElement\":[{\"@type\":\"ListItem\",\"position\":1,\"name\":\"Accueil\",\"item\":\"https:\\\/\\\/heartfulness.be\\\/fr\\\/\"},{\"@type\":\"ListItem\",\"position\":2,\"name\":\"Boutique\",\"item\":\"https:\\\/\\\/heartfulness.be\\\/fr\\\/boutique\\\/\"},{\"@type\":\"ListItem\",\"position\":3,\"name\":\"Plate-forme Deluxe\"}]},{\"@type\":\"WebSite\",\"@id\":\"https:\\\/\\\/heartfulness.be\\\/fr\\\/#website\",\"url\":\"https:\\\/\\\/heartfulness.be\\\/fr\\\/\",\"name\":\"Levensstroom\",\"description\":\"Centre de pleine conscience, massage, m\u00e9ditation, spiritualit\u00e9 et psychoth\u00e9rapie\",\"publisher\":{\"@id\":\"https:\\\/\\\/heartfulness.be\\\/fr\\\/#organization\"},\"potentialAction\":[{\"@type\":\"SearchAction\",\"target\":{\"@type\":\"EntryPoint\",\"urlTemplate\":\"https:\\\/\\\/heartfulness.be\\\/fr\\\/?s={search_term_string}\"},\"query-input\":{\"@type\":\"PropertyValueSpecification\",\"valueRequired\":true,\"valueName\":\"search_term_string\"}}],\"inLanguage\":\"fr-FR\"},{\"@type\":\"Organization\",\"@id\":\"https:\\\/\\\/heartfulness.be\\\/fr\\\/#organization\",\"name\":\"Levensstroom\",\"url\":\"https:\\\/\\\/heartfulness.be\\\/fr\\\/\",\"logo\":{\"@type\":\"ImageObject\",\"inLanguage\":\"fr-FR\",\"@id\":\"https:\\\/\\\/heartfulness.be\\\/fr\\\/#\\\/schema\\\/logo\\\/image\\\/\",\"url\":\"\",\"contentUrl\":\"\",\"caption\":\"Levensstroom\"},\"image\":{\"@id\":\"https:\\\/\\\/heartfulness.be\\\/fr\\\/#\\\/schema\\\/logo\\\/image\\\/\"},\"sameAs\":[\"https:\\\/\\\/www.facebook.com\\\/praktijk.levensstroom.9\",\"https:\\\/\\\/x.com\\\/Levensstroom_\",\"https:\\\/\\\/www.instagram.com\\\/levensstroom\\\/\",\"https:\\\/\\\/www.linkedin.com\\\/in\\\/dirk-vieren-30862117a\\\/\",\"https:\\\/\\\/www.pinterest.com\\\/levensstroom\\\/\",\"https:\\\/\\\/www.youtube.com\\\/user\\\/MassagesLevensstroom\\\/\"]}]}<\/script>\n<!-- \/ Yoast SEO plugin. -->","yoast_head_json":{"title":"Plate-forme Deluxe de Earthlite pour t\u00e9ti\u00e8re standard &#8902; Levensstroom","description":"La plate-forme Deluxe est un appui-t\u00eate Earthlite standard qui peut \u00eatre inclin\u00e9 \u00e0 n'importe quel angle et \u00e9galement ajust\u00e9 horizontalement.","robots":{"index":"index","follow":"follow","max-snippet":"max-snippet:-1","max-image-preview":"max-image-preview:large","max-video-preview":"max-video-preview:-1"},"canonical":"https:\/\/heartfulness.be\/fr\/product\/plate-forme-deluxe\/","og_locale":"fr_FR","og_type":"article","og_title":"Plate-forme Deluxe de Earthlite pour t\u00e9ti\u00e8re standard &#8902; Levensstroom","og_description":"La plate-forme Deluxe est un appui-t\u00eate Earthlite standard qui peut \u00eatre inclin\u00e9 \u00e0 n'importe quel angle et \u00e9galement ajust\u00e9 horizontalement.","og_url":"https:\/\/heartfulness.be\/fr\/product\/plate-forme-deluxe\/","og_site_name":"Levensstroom","article_publisher":"https:\/\/www.facebook.com\/praktijk.levensstroom.9","og_image":[{"width":799,"height":413,"url":"https:\/\/heartfulness.be\/wp-content\/uploads\/Massagetafels\/Hoofdsteunen\/Deluxe-platform.jpg","type":"image\/jpeg"}],"twitter_card":"summary_large_image","twitter_site":"@Levensstroom_","schema":{"@context":"https:\/\/schema.org","@graph":[{"@type":"WebPage","@id":"https:\/\/heartfulness.be\/fr\/product\/plate-forme-deluxe\/","url":"https:\/\/heartfulness.be\/fr\/product\/plate-forme-deluxe\/","name":"Plate-forme Deluxe de Earthlite pour t\u00e9ti\u00e8re standard &#8902; Levensstroom","isPartOf":{"@id":"https:\/\/heartfulness.be\/fr\/#website"},"primaryImageOfPage":{"@id":"https:\/\/heartfulness.be\/fr\/product\/plate-forme-deluxe\/#primaryimage"},"image":{"@id":"https:\/\/heartfulness.be\/fr\/product\/plate-forme-deluxe\/#primaryimage"},"thumbnailUrl":"https:\/\/heartfulness.be\/wp-content\/uploads\/Massagetafels\/Hoofdsteunen\/Deluxe-platform.jpg","datePublished":"2020-08-11T11:50:14+00:00","description":"La plate-forme Deluxe est un appui-t\u00eate Earthlite standard qui peut \u00eatre inclin\u00e9 \u00e0 n'importe quel angle et \u00e9galement ajust\u00e9 horizontalement.","breadcrumb":{"@id":"https:\/\/heartfulness.be\/fr\/product\/plate-forme-deluxe\/#breadcrumb"},"inLanguage":"fr-FR","potentialAction":[{"@type":"ReadAction","target":["https:\/\/heartfulness.be\/fr\/product\/plate-forme-deluxe\/"]}]},{"@type":"ImageObject","inLanguage":"fr-FR","@id":"https:\/\/heartfulness.be\/fr\/product\/plate-forme-deluxe\/#primaryimage","url":"https:\/\/heartfulness.be\/wp-content\/uploads\/Massagetafels\/Hoofdsteunen\/Deluxe-platform.jpg","contentUrl":"https:\/\/heartfulness.be\/wp-content\/uploads\/Massagetafels\/Hoofdsteunen\/Deluxe-platform.jpg","width":799,"height":413,"caption":"Deluxe plate-forme"},{"@type":"BreadcrumbList","@id":"https:\/\/heartfulness.be\/fr\/product\/plate-forme-deluxe\/#breadcrumb","itemListElement":[{"@type":"ListItem","position":1,"name":"Accueil","item":"https:\/\/heartfulness.be\/fr\/"},{"@type":"ListItem","position":2,"name":"Boutique","item":"https:\/\/heartfulness.be\/fr\/boutique\/"},{"@type":"ListItem","position":3,"name":"Plate-forme Deluxe"}]},{"@type":"WebSite","@id":"https:\/\/heartfulness.be\/fr\/#website","url":"https:\/\/heartfulness.be\/fr\/","name":"Levensstroom","description":"Centre de pleine conscience, massage, m\u00e9ditation, spiritualit\u00e9 et psychoth\u00e9rapie","publisher":{"@id":"https:\/\/heartfulness.be\/fr\/#organization"},"potentialAction":[{"@type":"SearchAction","target":{"@type":"EntryPoint","urlTemplate":"https:\/\/heartfulness.be\/fr\/?s={search_term_string}"},"query-input":{"@type":"PropertyValueSpecification","valueRequired":true,"valueName":"search_term_string"}}],"inLanguage":"fr-FR"},{"@type":"Organization","@id":"https:\/\/heartfulness.be\/fr\/#organization","name":"Levensstroom","url":"https:\/\/heartfulness.be\/fr\/","logo":{"@type":"ImageObject","inLanguage":"fr-FR","@id":"https:\/\/heartfulness.be\/fr\/#\/schema\/logo\/image\/","url":"","contentUrl":"","caption":"Levensstroom"},"image":{"@id":"https:\/\/heartfulness.be\/fr\/#\/schema\/logo\/image\/"},"sameAs":["https:\/\/www.facebook.com\/praktijk.levensstroom.9","https:\/\/x.com\/Levensstroom_","https:\/\/www.instagram.com\/levensstroom\/","https:\/\/www.linkedin.com\/in\/dirk-vieren-30862117a\/","https:\/\/www.pinterest.com\/levensstroom\/","https:\/\/www.youtube.com\/user\/MassagesLevensstroom\/"]}]}},"jetpack_sharing_enabled":true,"jetpack_likes_enabled":true,"_links":{"self":[{"href":"https:\/\/heartfulness.be\/fr\/wp-json\/wp\/v2\/product\/6786","targetHints":{"allow":["GET"]}}],"collection":[{"href":"https:\/\/heartfulness.be\/fr\/wp-json\/wp\/v2\/product"}],"about":[{"href":"https:\/\/heartfulness.be\/fr\/wp-json\/wp\/v2\/types\/product"}],"replies":[{"embeddable":true,"href":"https:\/\/heartfulness.be\/fr\/wp-json\/wp\/v2\/comments?post=6786"}],"version-history":[{"count":0,"href":"https:\/\/heartfulness.be\/fr\/wp-json\/wp\/v2\/product\/6786\/revisions"}],"wp:featuredmedia":[{"embeddable":true,"href":"https:\/\/heartfulness.be\/fr\/wp-json\/wp\/v2\/media\/6768"}],"wp:attachment":[{"href":"https:\/\/heartfulness.be\/fr\/wp-json\/wp\/v2\/media?parent=6786"}],"wp:term":[{"taxonomy":"product_brand","embeddable":true,"href":"https:\/\/heartfulness.be\/fr\/wp-json\/wp\/v2\/product_brand?post=6786"},{"taxonomy":"product_cat","embeddable":true,"href":"https:\/\/heartfulness.be\/fr\/wp-json\/wp\/v2\/product_cat?post=6786"},{"taxonomy":"product_tag","embeddable":true,"href":"https:\/\/heartfulness.be\/fr\/wp-json\/wp\/v2\/product_tag?post=6786"}],"curies":[{"name":"wp","href":"https:\/\/api.w.org\/{rel}","templated":true}]}}