{"id":7001,"date":"2020-08-10T23:53:00","date_gmt":"2020-08-10T21:53:00","guid":{"rendered":"https:\/\/heartfulness.be\/shop\/non class\u00e9\/housse-dappui-tete-en-peau-de-mouton\/"},"modified":"2020-08-10T23:53:00","modified_gmt":"2020-08-10T21:53:00","slug":"housse-dappui-tete-en-peau-de-mouton","status":"publish","type":"product","link":"https:\/\/heartfulness.be\/fr\/product\/housse-dappui-tete-en-peau-de-mouton\/","title":{"rendered":"Housse d&rsquo;appui-t\u00eate en peau de mouton"},"content":{"rendered":"<h5>Particularit\u00e9s de la housse d&rsquo;appui-t\u00eate en peau de mouton avec \u00e9lastique.<\/h5>\n<ul>\n<li>Solide, durable et confortable<\/li>\n<li>Offrez un confort suppl\u00e9mentaire \u00e0 votre client<\/li>\n<li>Emball\u00e9 par 1 pi\u00e8ce<\/li>\n<li>Convient \u00e0 de nombreux appuie-t\u00eate<\/li>\n<li>Convient pour machine \u00e0 laver et s\u00e8che-linge<\/li>\n<\/ul>\n<p>&nbsp;<\/p>\n","protected":false},"excerpt":{"rendered":"<p><strong>La housse d&rsquo;appui-t\u00eate en peau de mouton avec \u00e9lastique<\/strong> est une housse demi-lune en polaire luxueuse parfaitement con\u00e7ue pour s&rsquo;adapter \u00e0 la plupart des appuie-t\u00eate s&rsquo;adapter. Cette housse ajoute 2,5 cm de confort \u00e0 votre appui-t\u00eate et le prot\u00e8ge des huiles de massage, de l&rsquo;eyeliner et du maquillage. La housse est lavable en machine et sans danger dans la s\u00e9cheuse. La conception int\u00e9grale emp\u00eache de glisser pendant l&rsquo;utilisation.<\/p>\n<p>La couverture demi-lune Earthlite est fabriqu\u00e9e \u00e0 partir de fibres artificielles. Il est excellent pour r\u00e9duire les allerg\u00e8nes lors des massages pour les clients sensibles.<br \/>Une garantie constructeur d&rsquo;un an est offerte sur les erreurs de production.<\/p>\n<p>Ajoutez la couche de confort parfaite \u00e0 votre table et compl\u00e9tez le look et la sensation avec une housse de table en polaire coordonn\u00e9e, un ensemble en peau de mouton Deluxe ou un chauffe-table \u00e9lectrique en peau de mouton. Vos clients remarqueront la couche de confort lors de leurs massages.<\/p>\n","protected":false},"featured_media":6969,"comment_status":"open","ping_status":"closed","template":"","meta":[],"product_brand":[],"product_cat":[348,358,359],"product_tag":[307],"class_list":{"0":"post-7001","1":"product","2":"type-product","3":"status-publish","4":"has-post-thumbnail","6":"product_cat-accessoires-fr","7":"product_cat-draps-housses-couvertures","8":"product_cat-tetieres","9":"product_tag-earthlite-fr","10":"product_shipping_class-gls-fr","12":"first","13":"instock","14":"taxable","15":"shipping-taxable","16":"purchasable","17":"product-type-simple"},"yoast_head":"<!-- This site is optimized with the Yoast SEO plugin v27.6 - https:\/\/yoast.com\/product\/yoast-seo-wordpress\/ -->\n<title>Housse d&#039;appui-t\u00eate en peau de mouton &#8902; Levensstroom<\/title>\n<meta name=\"description\" content=\"La housse d&#039;appui-t\u00eate en peau de mouton avec \u00e9lastique est une housse demi-lune en polaire luxueuse qui s&#039;adapte parfaitement \u00e0 la plupart des t\u00eati\u00e8res .\" \/>\n<meta name=\"robots\" content=\"index, follow, max-snippet:-1, max-image-preview:large, max-video-preview:-1\" \/>\n<link rel=\"canonical\" href=\"https:\/\/heartfulness.be\/fr\/product\/housse-dappui-tete-en-peau-de-mouton\/\" \/>\n<meta property=\"og:locale\" content=\"fr_FR\" \/>\n<meta property=\"og:type\" content=\"article\" \/>\n<meta property=\"og:title\" content=\"Housse d&#039;appui-t\u00eate en peau de mouton &#8902; Levensstroom\" \/>\n<meta property=\"og:description\" content=\"La housse d&#039;appui-t\u00eate en peau de mouton avec \u00e9lastique est une housse demi-lune en polaire luxueuse qui s&#039;adapte parfaitement \u00e0 la plupart des t\u00eati\u00e8res .\" \/>\n<meta property=\"og:url\" content=\"https:\/\/heartfulness.be\/fr\/product\/housse-dappui-tete-en-peau-de-mouton\/\" \/>\n<meta property=\"og:site_name\" content=\"Levensstroom\" \/>\n<meta property=\"article:publisher\" content=\"https:\/\/www.facebook.com\/praktijk.levensstroom.9\" \/>\n<meta name=\"twitter:card\" content=\"summary_large_image\" \/>\n<meta name=\"twitter:site\" content=\"@Levensstroom_\" \/>\n<script type=\"application\/ld+json\" class=\"yoast-schema-graph\">{\"@context\":\"https:\\\/\\\/schema.org\",\"@graph\":[{\"@type\":\"WebPage\",\"@id\":\"https:\\\/\\\/heartfulness.be\\\/fr\\\/product\\\/housse-dappui-tete-en-peau-de-mouton\\\/\",\"url\":\"https:\\\/\\\/heartfulness.be\\\/fr\\\/product\\\/housse-dappui-tete-en-peau-de-mouton\\\/\",\"name\":\"Housse d'appui-t\u00eate en peau de mouton &#8902; Levensstroom\",\"isPartOf\":{\"@id\":\"https:\\\/\\\/heartfulness.be\\\/fr\\\/#website\"},\"primaryImageOfPage\":{\"@id\":\"https:\\\/\\\/heartfulness.be\\\/fr\\\/product\\\/housse-dappui-tete-en-peau-de-mouton\\\/#primaryimage\"},\"image\":{\"@id\":\"https:\\\/\\\/heartfulness.be\\\/fr\\\/product\\\/housse-dappui-tete-en-peau-de-mouton\\\/#primaryimage\"},\"thumbnailUrl\":\"https:\\\/\\\/heartfulness.be\\\/wp-content\\\/uploads\\\/Massagetafels\\\/Accessoires\\\/Hoeslakens-overtrekken\\\/Basics-schapenvacht-hoofdsteunovertrek.jpg\",\"datePublished\":\"2020-08-10T21:53:00+00:00\",\"description\":\"La housse d'appui-t\u00eate en peau de mouton avec \u00e9lastique est une housse demi-lune en polaire luxueuse qui s'adapte parfaitement \u00e0 la plupart des t\u00eati\u00e8res .\",\"breadcrumb\":{\"@id\":\"https:\\\/\\\/heartfulness.be\\\/fr\\\/product\\\/housse-dappui-tete-en-peau-de-mouton\\\/#breadcrumb\"},\"inLanguage\":\"fr-FR\",\"potentialAction\":[{\"@type\":\"ReadAction\",\"target\":[\"https:\\\/\\\/heartfulness.be\\\/fr\\\/product\\\/housse-dappui-tete-en-peau-de-mouton\\\/\"]}]},{\"@type\":\"ImageObject\",\"inLanguage\":\"fr-FR\",\"@id\":\"https:\\\/\\\/heartfulness.be\\\/fr\\\/product\\\/housse-dappui-tete-en-peau-de-mouton\\\/#primaryimage\",\"url\":\"https:\\\/\\\/heartfulness.be\\\/wp-content\\\/uploads\\\/Massagetafels\\\/Accessoires\\\/Hoeslakens-overtrekken\\\/Basics-schapenvacht-hoofdsteunovertrek.jpg\",\"contentUrl\":\"https:\\\/\\\/heartfulness.be\\\/wp-content\\\/uploads\\\/Massagetafels\\\/Accessoires\\\/Hoeslakens-overtrekken\\\/Basics-schapenvacht-hoofdsteunovertrek.jpg\",\"width\":800,\"height\":800,\"caption\":\"Housse d'appui-t\u00eate en peau de mouton\"},{\"@type\":\"BreadcrumbList\",\"@id\":\"https:\\\/\\\/heartfulness.be\\\/fr\\\/product\\\/housse-dappui-tete-en-peau-de-mouton\\\/#breadcrumb\",\"itemListElement\":[{\"@type\":\"ListItem\",\"position\":1,\"name\":\"Accueil\",\"item\":\"https:\\\/\\\/heartfulness.be\\\/fr\\\/\"},{\"@type\":\"ListItem\",\"position\":2,\"name\":\"Boutique\",\"item\":\"https:\\\/\\\/heartfulness.be\\\/fr\\\/boutique\\\/\"},{\"@type\":\"ListItem\",\"position\":3,\"name\":\"Housse d&#8217;appui-t\u00eate en peau de mouton\"}]},{\"@type\":\"WebSite\",\"@id\":\"https:\\\/\\\/heartfulness.be\\\/fr\\\/#website\",\"url\":\"https:\\\/\\\/heartfulness.be\\\/fr\\\/\",\"name\":\"Levensstroom\",\"description\":\"Centre de pleine conscience, massage, m\u00e9ditation, spiritualit\u00e9 et psychoth\u00e9rapie\",\"publisher\":{\"@id\":\"https:\\\/\\\/heartfulness.be\\\/fr\\\/#organization\"},\"potentialAction\":[{\"@type\":\"SearchAction\",\"target\":{\"@type\":\"EntryPoint\",\"urlTemplate\":\"https:\\\/\\\/heartfulness.be\\\/fr\\\/?s={search_term_string}\"},\"query-input\":{\"@type\":\"PropertyValueSpecification\",\"valueRequired\":true,\"valueName\":\"search_term_string\"}}],\"inLanguage\":\"fr-FR\"},{\"@type\":\"Organization\",\"@id\":\"https:\\\/\\\/heartfulness.be\\\/fr\\\/#organization\",\"name\":\"Levensstroom\",\"url\":\"https:\\\/\\\/heartfulness.be\\\/fr\\\/\",\"logo\":{\"@type\":\"ImageObject\",\"inLanguage\":\"fr-FR\",\"@id\":\"https:\\\/\\\/heartfulness.be\\\/fr\\\/#\\\/schema\\\/logo\\\/image\\\/\",\"url\":\"\",\"contentUrl\":\"\",\"caption\":\"Levensstroom\"},\"image\":{\"@id\":\"https:\\\/\\\/heartfulness.be\\\/fr\\\/#\\\/schema\\\/logo\\\/image\\\/\"},\"sameAs\":[\"https:\\\/\\\/www.facebook.com\\\/praktijk.levensstroom.9\",\"https:\\\/\\\/x.com\\\/Levensstroom_\",\"https:\\\/\\\/www.instagram.com\\\/levensstroom\\\/\",\"https:\\\/\\\/www.linkedin.com\\\/in\\\/dirk-vieren-30862117a\\\/\",\"https:\\\/\\\/www.pinterest.com\\\/levensstroom\\\/\",\"https:\\\/\\\/www.youtube.com\\\/user\\\/MassagesLevensstroom\\\/\"]}]}<\/script>\n<!-- \/ Yoast SEO plugin. -->","yoast_head_json":{"title":"Housse d'appui-t\u00eate en peau de mouton &#8902; Levensstroom","description":"La housse d'appui-t\u00eate en peau de mouton avec \u00e9lastique est une housse demi-lune en polaire luxueuse qui s'adapte parfaitement \u00e0 la plupart des t\u00eati\u00e8res .","robots":{"index":"index","follow":"follow","max-snippet":"max-snippet:-1","max-image-preview":"max-image-preview:large","max-video-preview":"max-video-preview:-1"},"canonical":"https:\/\/heartfulness.be\/fr\/product\/housse-dappui-tete-en-peau-de-mouton\/","og_locale":"fr_FR","og_type":"article","og_title":"Housse d'appui-t\u00eate en peau de mouton &#8902; Levensstroom","og_description":"La housse d'appui-t\u00eate en peau de mouton avec \u00e9lastique est une housse demi-lune en polaire luxueuse qui s'adapte parfaitement \u00e0 la plupart des t\u00eati\u00e8res .","og_url":"https:\/\/heartfulness.be\/fr\/product\/housse-dappui-tete-en-peau-de-mouton\/","og_site_name":"Levensstroom","article_publisher":"https:\/\/www.facebook.com\/praktijk.levensstroom.9","twitter_card":"summary_large_image","twitter_site":"@Levensstroom_","schema":{"@context":"https:\/\/schema.org","@graph":[{"@type":"WebPage","@id":"https:\/\/heartfulness.be\/fr\/product\/housse-dappui-tete-en-peau-de-mouton\/","url":"https:\/\/heartfulness.be\/fr\/product\/housse-dappui-tete-en-peau-de-mouton\/","name":"Housse d'appui-t\u00eate en peau de mouton &#8902; Levensstroom","isPartOf":{"@id":"https:\/\/heartfulness.be\/fr\/#website"},"primaryImageOfPage":{"@id":"https:\/\/heartfulness.be\/fr\/product\/housse-dappui-tete-en-peau-de-mouton\/#primaryimage"},"image":{"@id":"https:\/\/heartfulness.be\/fr\/product\/housse-dappui-tete-en-peau-de-mouton\/#primaryimage"},"thumbnailUrl":"https:\/\/heartfulness.be\/wp-content\/uploads\/Massagetafels\/Accessoires\/Hoeslakens-overtrekken\/Basics-schapenvacht-hoofdsteunovertrek.jpg","datePublished":"2020-08-10T21:53:00+00:00","description":"La housse d'appui-t\u00eate en peau de mouton avec \u00e9lastique est une housse demi-lune en polaire luxueuse qui s'adapte parfaitement \u00e0 la plupart des t\u00eati\u00e8res .","breadcrumb":{"@id":"https:\/\/heartfulness.be\/fr\/product\/housse-dappui-tete-en-peau-de-mouton\/#breadcrumb"},"inLanguage":"fr-FR","potentialAction":[{"@type":"ReadAction","target":["https:\/\/heartfulness.be\/fr\/product\/housse-dappui-tete-en-peau-de-mouton\/"]}]},{"@type":"ImageObject","inLanguage":"fr-FR","@id":"https:\/\/heartfulness.be\/fr\/product\/housse-dappui-tete-en-peau-de-mouton\/#primaryimage","url":"https:\/\/heartfulness.be\/wp-content\/uploads\/Massagetafels\/Accessoires\/Hoeslakens-overtrekken\/Basics-schapenvacht-hoofdsteunovertrek.jpg","contentUrl":"https:\/\/heartfulness.be\/wp-content\/uploads\/Massagetafels\/Accessoires\/Hoeslakens-overtrekken\/Basics-schapenvacht-hoofdsteunovertrek.jpg","width":800,"height":800,"caption":"Housse d'appui-t\u00eate en peau de mouton"},{"@type":"BreadcrumbList","@id":"https:\/\/heartfulness.be\/fr\/product\/housse-dappui-tete-en-peau-de-mouton\/#breadcrumb","itemListElement":[{"@type":"ListItem","position":1,"name":"Accueil","item":"https:\/\/heartfulness.be\/fr\/"},{"@type":"ListItem","position":2,"name":"Boutique","item":"https:\/\/heartfulness.be\/fr\/boutique\/"},{"@type":"ListItem","position":3,"name":"Housse d&#8217;appui-t\u00eate en peau de mouton"}]},{"@type":"WebSite","@id":"https:\/\/heartfulness.be\/fr\/#website","url":"https:\/\/heartfulness.be\/fr\/","name":"Levensstroom","description":"Centre de pleine conscience, massage, m\u00e9ditation, spiritualit\u00e9 et psychoth\u00e9rapie","publisher":{"@id":"https:\/\/heartfulness.be\/fr\/#organization"},"potentialAction":[{"@type":"SearchAction","target":{"@type":"EntryPoint","urlTemplate":"https:\/\/heartfulness.be\/fr\/?s={search_term_string}"},"query-input":{"@type":"PropertyValueSpecification","valueRequired":true,"valueName":"search_term_string"}}],"inLanguage":"fr-FR"},{"@type":"Organization","@id":"https:\/\/heartfulness.be\/fr\/#organization","name":"Levensstroom","url":"https:\/\/heartfulness.be\/fr\/","logo":{"@type":"ImageObject","inLanguage":"fr-FR","@id":"https:\/\/heartfulness.be\/fr\/#\/schema\/logo\/image\/","url":"","contentUrl":"","caption":"Levensstroom"},"image":{"@id":"https:\/\/heartfulness.be\/fr\/#\/schema\/logo\/image\/"},"sameAs":["https:\/\/www.facebook.com\/praktijk.levensstroom.9","https:\/\/x.com\/Levensstroom_","https:\/\/www.instagram.com\/levensstroom\/","https:\/\/www.linkedin.com\/in\/dirk-vieren-30862117a\/","https:\/\/www.pinterest.com\/levensstroom\/","https:\/\/www.youtube.com\/user\/MassagesLevensstroom\/"]}]}},"jetpack_sharing_enabled":true,"jetpack_likes_enabled":true,"_links":{"self":[{"href":"https:\/\/heartfulness.be\/fr\/wp-json\/wp\/v2\/product\/7001","targetHints":{"allow":["GET"]}}],"collection":[{"href":"https:\/\/heartfulness.be\/fr\/wp-json\/wp\/v2\/product"}],"about":[{"href":"https:\/\/heartfulness.be\/fr\/wp-json\/wp\/v2\/types\/product"}],"replies":[{"embeddable":true,"href":"https:\/\/heartfulness.be\/fr\/wp-json\/wp\/v2\/comments?post=7001"}],"version-history":[{"count":0,"href":"https:\/\/heartfulness.be\/fr\/wp-json\/wp\/v2\/product\/7001\/revisions"}],"wp:featuredmedia":[{"embeddable":true,"href":"https:\/\/heartfulness.be\/fr\/wp-json\/wp\/v2\/media\/6969"}],"wp:attachment":[{"href":"https:\/\/heartfulness.be\/fr\/wp-json\/wp\/v2\/media?parent=7001"}],"wp:term":[{"taxonomy":"product_brand","embeddable":true,"href":"https:\/\/heartfulness.be\/fr\/wp-json\/wp\/v2\/product_brand?post=7001"},{"taxonomy":"product_cat","embeddable":true,"href":"https:\/\/heartfulness.be\/fr\/wp-json\/wp\/v2\/product_cat?post=7001"},{"taxonomy":"product_tag","embeddable":true,"href":"https:\/\/heartfulness.be\/fr\/wp-json\/wp\/v2\/product_tag?post=7001"}],"curies":[{"name":"wp","href":"https:\/\/api.w.org\/{rel}","templated":true}]}}