{"id":7005,"date":"2020-08-11T13:50:15","date_gmt":"2020-08-11T11:50:15","guid":{"rendered":"https:\/\/heartfulness.be\/shop\/non class\u00e9\/memory-foam-coussin\/"},"modified":"2020-08-11T13:50:15","modified_gmt":"2020-08-11T11:50:15","slug":"memory-foam-coussin","status":"publish","type":"product","link":"https:\/\/heartfulness.be\/fr\/product\/memory-foam-coussin\/","title":{"rendered":"Memory Foam coussin"},"content":{"rendered":"<h5>Propri\u00e9t\u00e9s sp\u00e9cifiques de coussin mousse \u00e0 m\u00e9moire de forme:<\/h5>\n<ul>\n<li>Memory Foam coussin: oreiller d&rsquo;appui-t\u00eate le plus confortable pour les tables de massage et les fauteuils de massage<\/li>\n<li>Mousse \u00e0 m\u00e9moire: en mousse visco-\u00e9lastique thermosensible de la plus haute qualit\u00e9 qui prend la forme du visage comme Tempur<\/li>\n<li>Ultimate Comfort: elle s&rsquo;adapte \u00e0 la contours du visage et se trouve donc doux et confortable<\/li>\n<li>Housse lavable: livr\u00e9 avec une housse en molleton blanc doux et lavable<\/li>\n<li>\u00c9paisseur: 8,9 cm<\/li>\n<\/ul>\n","protected":false},"excerpt":{"rendered":"<p>Cet <strong>Memory Foam coussin<\/strong> en mousse \u00e0 m\u00e9moire de forme est fabriqu\u00e9 \u00e0 partir de mousse visco\u00e9lastique sensible \u00e0 la temp\u00e9rature et est l&rsquo;oreiller d&rsquo;appui-t\u00eate le plus confortable fabriqu\u00e9 par Earthlite. Il \u00e9pouse les contours du visage de votre client pour un ajustement parfait et un confort in\u00e9gal\u00e9 et est livr\u00e9 avec une housse lavable. Pour tables de massage et fauteuils de massage.<\/p>\n<p>Les coussins en mousse \u00e0 m\u00e9moire de forme s&rsquo;adaptent aux plates-formes Earthlite et offrent \u00e0 votre client le soutien et le confort n\u00e9cessaires.<\/p>\n","protected":false},"featured_media":6747,"comment_status":"closed","ping_status":"closed","template":"","meta":[],"product_brand":[],"product_cat":[348,359],"product_tag":[307],"class_list":{"0":"post-7005","1":"product","2":"type-product","3":"status-publish","4":"has-post-thumbnail","6":"product_cat-accessoires-fr","7":"product_cat-tetieres","8":"product_tag-earthlite-fr","9":"product_shipping_class-gls-fr","11":"first","12":"instock","13":"taxable","14":"shipping-taxable","15":"purchasable","16":"product-type-simple"},"yoast_head":"<!-- This site is optimized with the Yoast SEO plugin v27.6 - https:\/\/yoast.com\/product\/yoast-seo-wordpress\/ -->\n<title>Memory Foam coussin les plates-formes d&#039;appui-t\u00eate Earthlite<\/title>\n<meta name=\"description\" content=\"Le Memory Foam coussin est fait de mousse visco\u00e9lastique sensible \u00e0 la temp\u00e9rature et est l&#039;oreiller d&#039;appui-t\u00eate le plus confortable que Earthlite fabrique\" \/>\n<meta name=\"robots\" content=\"index, follow, max-snippet:-1, max-image-preview:large, max-video-preview:-1\" \/>\n<link rel=\"canonical\" href=\"https:\/\/heartfulness.be\/fr\/product\/memory-foam-coussin\/\" \/>\n<meta property=\"og:locale\" content=\"fr_FR\" \/>\n<meta property=\"og:type\" content=\"article\" \/>\n<meta property=\"og:title\" content=\"Memory Foam coussin les plates-formes d&#039;appui-t\u00eate Earthlite\" \/>\n<meta property=\"og:description\" content=\"Le Memory Foam coussin est fait de mousse visco\u00e9lastique sensible \u00e0 la temp\u00e9rature et est l&#039;oreiller d&#039;appui-t\u00eate le plus confortable que Earthlite fabrique\" \/>\n<meta property=\"og:url\" content=\"https:\/\/heartfulness.be\/fr\/product\/memory-foam-coussin\/\" \/>\n<meta property=\"og:site_name\" content=\"Levensstroom\" \/>\n<meta property=\"article:publisher\" content=\"https:\/\/www.facebook.com\/praktijk.levensstroom.9\" \/>\n<meta property=\"og:image\" content=\"https:\/\/heartfulness.be\/wp-content\/uploads\/Massagetafels\/Hoofdsteunen\/Memory-Foam-kussen.jpg\" \/>\n\t<meta property=\"og:image:width\" content=\"800\" \/>\n\t<meta property=\"og:image:height\" content=\"800\" \/>\n\t<meta property=\"og:image:type\" content=\"image\/jpeg\" \/>\n<meta name=\"twitter:card\" content=\"summary_large_image\" \/>\n<meta name=\"twitter:site\" content=\"@Levensstroom_\" \/>\n<script type=\"application\/ld+json\" class=\"yoast-schema-graph\">{\"@context\":\"https:\\\/\\\/schema.org\",\"@graph\":[{\"@type\":\"WebPage\",\"@id\":\"https:\\\/\\\/heartfulness.be\\\/fr\\\/product\\\/memory-foam-coussin\\\/\",\"url\":\"https:\\\/\\\/heartfulness.be\\\/fr\\\/product\\\/memory-foam-coussin\\\/\",\"name\":\"Memory Foam coussin les plates-formes d'appui-t\u00eate Earthlite\",\"isPartOf\":{\"@id\":\"https:\\\/\\\/heartfulness.be\\\/fr\\\/#website\"},\"primaryImageOfPage\":{\"@id\":\"https:\\\/\\\/heartfulness.be\\\/fr\\\/product\\\/memory-foam-coussin\\\/#primaryimage\"},\"image\":{\"@id\":\"https:\\\/\\\/heartfulness.be\\\/fr\\\/product\\\/memory-foam-coussin\\\/#primaryimage\"},\"thumbnailUrl\":\"https:\\\/\\\/heartfulness.be\\\/wp-content\\\/uploads\\\/Massagetafels\\\/Hoofdsteunen\\\/Memory-Foam-kussen.jpg\",\"datePublished\":\"2020-08-11T11:50:15+00:00\",\"description\":\"Le Memory Foam coussin est fait de mousse visco\u00e9lastique sensible \u00e0 la temp\u00e9rature et est l'oreiller d'appui-t\u00eate le plus confortable que Earthlite fabrique\",\"breadcrumb\":{\"@id\":\"https:\\\/\\\/heartfulness.be\\\/fr\\\/product\\\/memory-foam-coussin\\\/#breadcrumb\"},\"inLanguage\":\"fr-FR\",\"potentialAction\":[{\"@type\":\"ReadAction\",\"target\":[\"https:\\\/\\\/heartfulness.be\\\/fr\\\/product\\\/memory-foam-coussin\\\/\"]}]},{\"@type\":\"ImageObject\",\"inLanguage\":\"fr-FR\",\"@id\":\"https:\\\/\\\/heartfulness.be\\\/fr\\\/product\\\/memory-foam-coussin\\\/#primaryimage\",\"url\":\"https:\\\/\\\/heartfulness.be\\\/wp-content\\\/uploads\\\/Massagetafels\\\/Hoofdsteunen\\\/Memory-Foam-kussen.jpg\",\"contentUrl\":\"https:\\\/\\\/heartfulness.be\\\/wp-content\\\/uploads\\\/Massagetafels\\\/Hoofdsteunen\\\/Memory-Foam-kussen.jpg\",\"width\":800,\"height\":800,\"caption\":\"Memory Foam kussen\"},{\"@type\":\"BreadcrumbList\",\"@id\":\"https:\\\/\\\/heartfulness.be\\\/fr\\\/product\\\/memory-foam-coussin\\\/#breadcrumb\",\"itemListElement\":[{\"@type\":\"ListItem\",\"position\":1,\"name\":\"Accueil\",\"item\":\"https:\\\/\\\/heartfulness.be\\\/fr\\\/\"},{\"@type\":\"ListItem\",\"position\":2,\"name\":\"Boutique\",\"item\":\"https:\\\/\\\/heartfulness.be\\\/fr\\\/boutique\\\/\"},{\"@type\":\"ListItem\",\"position\":3,\"name\":\"Memory Foam coussin\"}]},{\"@type\":\"WebSite\",\"@id\":\"https:\\\/\\\/heartfulness.be\\\/fr\\\/#website\",\"url\":\"https:\\\/\\\/heartfulness.be\\\/fr\\\/\",\"name\":\"Levensstroom\",\"description\":\"Centre de pleine conscience, massage, m\u00e9ditation, spiritualit\u00e9 et psychoth\u00e9rapie\",\"publisher\":{\"@id\":\"https:\\\/\\\/heartfulness.be\\\/fr\\\/#organization\"},\"potentialAction\":[{\"@type\":\"SearchAction\",\"target\":{\"@type\":\"EntryPoint\",\"urlTemplate\":\"https:\\\/\\\/heartfulness.be\\\/fr\\\/?s={search_term_string}\"},\"query-input\":{\"@type\":\"PropertyValueSpecification\",\"valueRequired\":true,\"valueName\":\"search_term_string\"}}],\"inLanguage\":\"fr-FR\"},{\"@type\":\"Organization\",\"@id\":\"https:\\\/\\\/heartfulness.be\\\/fr\\\/#organization\",\"name\":\"Levensstroom\",\"url\":\"https:\\\/\\\/heartfulness.be\\\/fr\\\/\",\"logo\":{\"@type\":\"ImageObject\",\"inLanguage\":\"fr-FR\",\"@id\":\"https:\\\/\\\/heartfulness.be\\\/fr\\\/#\\\/schema\\\/logo\\\/image\\\/\",\"url\":\"\",\"contentUrl\":\"\",\"caption\":\"Levensstroom\"},\"image\":{\"@id\":\"https:\\\/\\\/heartfulness.be\\\/fr\\\/#\\\/schema\\\/logo\\\/image\\\/\"},\"sameAs\":[\"https:\\\/\\\/www.facebook.com\\\/praktijk.levensstroom.9\",\"https:\\\/\\\/x.com\\\/Levensstroom_\",\"https:\\\/\\\/www.instagram.com\\\/levensstroom\\\/\",\"https:\\\/\\\/www.linkedin.com\\\/in\\\/dirk-vieren-30862117a\\\/\",\"https:\\\/\\\/www.pinterest.com\\\/levensstroom\\\/\",\"https:\\\/\\\/www.youtube.com\\\/user\\\/MassagesLevensstroom\\\/\"]}]}<\/script>\n<!-- \/ Yoast SEO plugin. -->","yoast_head_json":{"title":"Memory Foam coussin les plates-formes d'appui-t\u00eate Earthlite","description":"Le Memory Foam coussin est fait de mousse visco\u00e9lastique sensible \u00e0 la temp\u00e9rature et est l'oreiller d'appui-t\u00eate le plus confortable que Earthlite fabrique","robots":{"index":"index","follow":"follow","max-snippet":"max-snippet:-1","max-image-preview":"max-image-preview:large","max-video-preview":"max-video-preview:-1"},"canonical":"https:\/\/heartfulness.be\/fr\/product\/memory-foam-coussin\/","og_locale":"fr_FR","og_type":"article","og_title":"Memory Foam coussin les plates-formes d'appui-t\u00eate Earthlite","og_description":"Le Memory Foam coussin est fait de mousse visco\u00e9lastique sensible \u00e0 la temp\u00e9rature et est l'oreiller d'appui-t\u00eate le plus confortable que Earthlite fabrique","og_url":"https:\/\/heartfulness.be\/fr\/product\/memory-foam-coussin\/","og_site_name":"Levensstroom","article_publisher":"https:\/\/www.facebook.com\/praktijk.levensstroom.9","og_image":[{"width":800,"height":800,"url":"https:\/\/heartfulness.be\/wp-content\/uploads\/Massagetafels\/Hoofdsteunen\/Memory-Foam-kussen.jpg","type":"image\/jpeg"}],"twitter_card":"summary_large_image","twitter_site":"@Levensstroom_","schema":{"@context":"https:\/\/schema.org","@graph":[{"@type":"WebPage","@id":"https:\/\/heartfulness.be\/fr\/product\/memory-foam-coussin\/","url":"https:\/\/heartfulness.be\/fr\/product\/memory-foam-coussin\/","name":"Memory Foam coussin les plates-formes d'appui-t\u00eate Earthlite","isPartOf":{"@id":"https:\/\/heartfulness.be\/fr\/#website"},"primaryImageOfPage":{"@id":"https:\/\/heartfulness.be\/fr\/product\/memory-foam-coussin\/#primaryimage"},"image":{"@id":"https:\/\/heartfulness.be\/fr\/product\/memory-foam-coussin\/#primaryimage"},"thumbnailUrl":"https:\/\/heartfulness.be\/wp-content\/uploads\/Massagetafels\/Hoofdsteunen\/Memory-Foam-kussen.jpg","datePublished":"2020-08-11T11:50:15+00:00","description":"Le Memory Foam coussin est fait de mousse visco\u00e9lastique sensible \u00e0 la temp\u00e9rature et est l'oreiller d'appui-t\u00eate le plus confortable que Earthlite fabrique","breadcrumb":{"@id":"https:\/\/heartfulness.be\/fr\/product\/memory-foam-coussin\/#breadcrumb"},"inLanguage":"fr-FR","potentialAction":[{"@type":"ReadAction","target":["https:\/\/heartfulness.be\/fr\/product\/memory-foam-coussin\/"]}]},{"@type":"ImageObject","inLanguage":"fr-FR","@id":"https:\/\/heartfulness.be\/fr\/product\/memory-foam-coussin\/#primaryimage","url":"https:\/\/heartfulness.be\/wp-content\/uploads\/Massagetafels\/Hoofdsteunen\/Memory-Foam-kussen.jpg","contentUrl":"https:\/\/heartfulness.be\/wp-content\/uploads\/Massagetafels\/Hoofdsteunen\/Memory-Foam-kussen.jpg","width":800,"height":800,"caption":"Memory Foam kussen"},{"@type":"BreadcrumbList","@id":"https:\/\/heartfulness.be\/fr\/product\/memory-foam-coussin\/#breadcrumb","itemListElement":[{"@type":"ListItem","position":1,"name":"Accueil","item":"https:\/\/heartfulness.be\/fr\/"},{"@type":"ListItem","position":2,"name":"Boutique","item":"https:\/\/heartfulness.be\/fr\/boutique\/"},{"@type":"ListItem","position":3,"name":"Memory Foam coussin"}]},{"@type":"WebSite","@id":"https:\/\/heartfulness.be\/fr\/#website","url":"https:\/\/heartfulness.be\/fr\/","name":"Levensstroom","description":"Centre de pleine conscience, massage, m\u00e9ditation, spiritualit\u00e9 et psychoth\u00e9rapie","publisher":{"@id":"https:\/\/heartfulness.be\/fr\/#organization"},"potentialAction":[{"@type":"SearchAction","target":{"@type":"EntryPoint","urlTemplate":"https:\/\/heartfulness.be\/fr\/?s={search_term_string}"},"query-input":{"@type":"PropertyValueSpecification","valueRequired":true,"valueName":"search_term_string"}}],"inLanguage":"fr-FR"},{"@type":"Organization","@id":"https:\/\/heartfulness.be\/fr\/#organization","name":"Levensstroom","url":"https:\/\/heartfulness.be\/fr\/","logo":{"@type":"ImageObject","inLanguage":"fr-FR","@id":"https:\/\/heartfulness.be\/fr\/#\/schema\/logo\/image\/","url":"","contentUrl":"","caption":"Levensstroom"},"image":{"@id":"https:\/\/heartfulness.be\/fr\/#\/schema\/logo\/image\/"},"sameAs":["https:\/\/www.facebook.com\/praktijk.levensstroom.9","https:\/\/x.com\/Levensstroom_","https:\/\/www.instagram.com\/levensstroom\/","https:\/\/www.linkedin.com\/in\/dirk-vieren-30862117a\/","https:\/\/www.pinterest.com\/levensstroom\/","https:\/\/www.youtube.com\/user\/MassagesLevensstroom\/"]}]}},"jetpack_sharing_enabled":true,"jetpack_likes_enabled":true,"_links":{"self":[{"href":"https:\/\/heartfulness.be\/fr\/wp-json\/wp\/v2\/product\/7005","targetHints":{"allow":["GET"]}}],"collection":[{"href":"https:\/\/heartfulness.be\/fr\/wp-json\/wp\/v2\/product"}],"about":[{"href":"https:\/\/heartfulness.be\/fr\/wp-json\/wp\/v2\/types\/product"}],"replies":[{"embeddable":true,"href":"https:\/\/heartfulness.be\/fr\/wp-json\/wp\/v2\/comments?post=7005"}],"version-history":[{"count":0,"href":"https:\/\/heartfulness.be\/fr\/wp-json\/wp\/v2\/product\/7005\/revisions"}],"wp:featuredmedia":[{"embeddable":true,"href":"https:\/\/heartfulness.be\/fr\/wp-json\/wp\/v2\/media\/6747"}],"wp:attachment":[{"href":"https:\/\/heartfulness.be\/fr\/wp-json\/wp\/v2\/media?parent=7005"}],"wp:term":[{"taxonomy":"product_brand","embeddable":true,"href":"https:\/\/heartfulness.be\/fr\/wp-json\/wp\/v2\/product_brand?post=7005"},{"taxonomy":"product_cat","embeddable":true,"href":"https:\/\/heartfulness.be\/fr\/wp-json\/wp\/v2\/product_cat?post=7005"},{"taxonomy":"product_tag","embeddable":true,"href":"https:\/\/heartfulness.be\/fr\/wp-json\/wp\/v2\/product_tag?post=7005"}],"curies":[{"name":"wp","href":"https:\/\/api.w.org\/{rel}","templated":true}]}}