{"id":7206,"date":"2020-08-11T13:49:02","date_gmt":"2020-08-11T11:49:02","guid":{"rendered":"https:\/\/heartfulness.be\/shop\/non%20class\u00e9\/banc-de-massage-calistoga\/"},"modified":"2021-08-12T19:34:48","modified_gmt":"2021-08-12T17:34:48","slug":"banc-de-massage-calistoga","status":"publish","type":"product","link":"https:\/\/heartfulness.be\/fr\/product\/banc-de-massage-calistoga\/","title":{"rendered":"Banc de massage Calistoga"},"content":{"rendered":"<h5>Table de traitement de Spa portable<\/h5>\n<ul>\n<li>Offre une vari\u00e9t\u00e9 d&rsquo;options de traitement de spa partout<\/li>\n<li>Plis compacts pour un transport et un stockage faciles<\/li>\n<li>Construction en \u00e9rable dur pour une r\u00e9sistance exceptionnelle et une dur\u00e9e d&rsquo;utilisation<\/li>\n<\/ul>\n<h5>Table basse enti\u00e8rement r\u00e9glable manuellement<\/h5>\n<ul>\n<li>\u00c9tend les options de traitement du spa aux soins du visage, \u00e0 la r\u00e9flexologie plantaire, aux manucures, aux d\u00e9monstrations d&rsquo;\u00e9v\u00e9nements et plus<\/li>\n<li>R\u00e9glable en arri\u00e8re et sections des pieds pour un positionnement parfait de votre client<\/li>\n<li>Pro-Plush \u2122 Deluxe 3 couches syst\u00e8me d&rsquo;amortissement 7,5 cm d&rsquo; \u00e9paisseur<\/li>\n<li>Luxueux, durable et \u00e9cologique tissus d&rsquo; ameublement Natursoft \u2122 (disponible uniquement dans la couleur Cr\u00e8me \u00e0 la Vanille)<\/li>\n<\/ul>\n<h5>Caract\u00e9ristiques<\/h5>\n<ul>\n<li>Cadre de haute qualit\u00e9 en \u00e9rable dur et plateau de table en contreplaqu\u00e9 stratifi\u00e9 10 plis de bouleau<\/li>\n<li>Nervures de renfort en bois dur<\/li>\n<li>Charni\u00e8re piano pleine largeur<\/li>\n<li>Syst\u00e8me de c\u00e2blage brevet\u00e9 Cradle-Lock \u2122 jusqu&rsquo;\u00e0 450 kg de poids de charge<\/li>\n<li>D\u00e9coupes pour l&rsquo;appui-t\u00eate des deux c\u00f4t\u00e9s<\/li>\n<li>Rembourrage M\u00e9thode `Stitched-Fit \u2122 pour une surface de travail plus plate<\/li>\n<li>Syst\u00e8me d&rsquo;amorti d&rsquo;environ 7,62 cm d&rsquo;\u00e9paisseur, compos\u00e9 de 3 couches de caoutchouc mousse \u00abPro-Plush\u00ae\u00bb d&rsquo;\u00e9paisseur diff\u00e9rente: une couche inf\u00e9rieure ferme qui vous emp\u00eache de sentir la planche et deux couches sup\u00e9rieures dont la couche sup\u00e9rieure est une mousse \u00e0 m\u00e9moire de forme telle que Tempur qui \u00e9pouse la forme de votre corps<\/li>\n<li>M\u00e9ticuleusement fabriqu\u00e9 par Earthlite en utilisant uniquement de la laque et de la colle \u00e0 base d&rsquo;eau et des mat\u00e9riaux \u00e9cologiques<\/li>\n<li>Patins de traction antid\u00e9rapants Stablefoot \u2122<\/li>\n<li>Fabriqu\u00e9s aux \u00c9tats-Unis avec des composants du monde entier<\/li>\n<\/ul>\n<h5>Sp\u00e9cifications du banc de massage Calistoga:<\/h5>\n<ul>\n<li>Longueur: 155 cm (sans appui-t\u00eate).<\/li>\n<li>Longueur avec repose-pieds et coussin de t\u00eate: 195,60 cm<\/li>\n<li>Largeur: 68,60 cm<\/li>\n<li>Poids: environ 20,5 kg<\/li>\n<li>Hauteur r\u00e9glable de 58,5 \u00e0 84 cm<\/li>\n<li>Charge maximale forte: jusqu&rsquo;\u00e0 340 kg poids de travail<\/li>\n<li>5 Ans de garantie sur le cadre Garantie de 3 ans sur la mousse et le vinyle<\/li>\n<li>Marquage CE<\/li>\n<\/ul>\n<h5>Le pack Salon complet se compose de:<\/h5>\n<ul>\n<li>Banc de massage portable Calistoga<\/li>\n<li>Rallonge des pied amovible<\/li>\n<li>Accoudoirs amovibles<\/li>\n<li>Oreiller de salon et tour de cou<\/li>\n<li>La <a href=\"https:\/\/heartfulness.be\/fr\/boutique\/accessoires-fr\/housse-de-tranport\/housse-de-transport-calistoga\/\">housse de transport Calistoga<\/a> n&rsquo;est pas incluse dans ce package<\/li>\n<\/ul>\n","protected":false},"excerpt":{"rendered":"<p>Dans une chambre d&rsquo;h\u00f4tel, dans votre salle de pratique, dans votre salon de coiffure, \u00e0 la maison &#8211; effectuez des soins spa o\u00f9 vous le souhaitez gr\u00e2ce au <strong>banc de massage polyvalent et portable Calistoga<\/strong>. Pliable et facile \u00e0 ranger. Le design luxueux est caract\u00e9ris\u00e9 par le syst\u00e8me de rembourrage Pro-Plush Deluxe \u2122 et le rembourrage durable Natursoft \u2122. Cette table de soins est \u00e0 la fois une table de massage et un si\u00e8ge \/ chaise de soins. Un beau mobilier de salon pratique pour masseurs professionnels, esth\u00e9ticiennes, coiffeurs,&#8230;<br \/>\nLe summum de la facilit\u00e9 d&rsquo;utilisation avec 5 positions pour la partie arri\u00e8re et 3 positions pour les jambes.<br \/>\nLes appuie-t\u00eate et repose-pieds interchangeables permettent \u00e0 votre client de s&rsquo;allonger sur le ventre ainsi que sur le dos.<\/p>\n<p>Ce Calistoga convient \u00e9galement pour les soins du visage, la th\u00e9rapie de zone r\u00e9flexe, les traitements \u00e0 la r\u00e9sine, les d\u00e9monstrations, divers massages et autres soins de bien-\u00eatre.<\/p>\n<p>Parce qu&rsquo;elle p\u00e8se 20 kg, cette table de traitement est facile \u00e0 transporter.<\/p>\n<p>Le forfait comprend une table Salon Calistoga + des accoudoirs lounge confortables + un pied de lit allong\u00e9 + oreiller de salon + et un coussin\u00a0 cou<\/p>\n<p>Le banc de massage Calistoga <strong>est uniquement disponible en 1 couleur: Vanilla Cr\u00e8me<\/strong><\/p>\n","protected":false},"featured_media":7186,"comment_status":"closed","ping_status":"closed","template":"","meta":[],"product_brand":[],"product_cat":[373,372],"product_tag":[458,1145,307,1146],"class_list":{"0":"post-7206","1":"product","2":"type-product","3":"status-publish","4":"has-post-thumbnail","6":"product_cat-earthlite-fr","7":"product_cat-tables-de-massage-portables","8":"product_tag-dossier","9":"product_tag-draagbaar-fr","10":"product_tag-earthlite-fr","11":"product_tag-opvouwbaar-fr","12":"product_shipping_class-gls-fr","14":"first","15":"instock","16":"taxable","17":"shipping-taxable","18":"purchasable","19":"product-type-simple"},"yoast_head":"<!-- This site is optimized with the Yoast SEO plugin v27.6 - https:\/\/yoast.com\/product\/yoast-seo-wordpress\/ -->\n<title>Banc de massage Calistoga pour les soins de spa et de bien-\u00eatre<\/title>\n<meta name=\"description\" content=\"Banc de massage Calistoga adapt\u00e9 aux soins du visage, \u00e0 la th\u00e9rapie par zones r\u00e9flexes, aux d\u00e9monstrations, aux divers massages, aux traitements de r\u00e9sine et de bien-\u00eatre\" \/>\n<meta name=\"robots\" content=\"index, follow, max-snippet:-1, max-image-preview:large, max-video-preview:-1\" \/>\n<link rel=\"canonical\" href=\"https:\/\/heartfulness.be\/fr\/product\/banc-de-massage-calistoga\/\" \/>\n<meta property=\"og:locale\" content=\"fr_FR\" \/>\n<meta property=\"og:type\" content=\"article\" \/>\n<meta property=\"og:title\" content=\"Banc de massage Calistoga pour les soins de spa et de bien-\u00eatre\" \/>\n<meta property=\"og:description\" content=\"Banc de massage Calistoga adapt\u00e9 aux soins du visage, \u00e0 la th\u00e9rapie par zones r\u00e9flexes, aux d\u00e9monstrations, aux divers massages, aux traitements de r\u00e9sine et de bien-\u00eatre\" \/>\n<meta property=\"og:url\" content=\"https:\/\/heartfulness.be\/fr\/product\/banc-de-massage-calistoga\/\" \/>\n<meta property=\"og:site_name\" content=\"Levensstroom\" \/>\n<meta property=\"article:publisher\" content=\"https:\/\/www.facebook.com\/praktijk.levensstroom.9\" \/>\n<meta property=\"article:modified_time\" content=\"2021-08-12T17:34:48+00:00\" \/>\n<meta name=\"twitter:card\" content=\"summary_large_image\" \/>\n<meta name=\"twitter:site\" content=\"@Levensstroom_\" \/>\n<meta name=\"twitter:label1\" content=\"Dur\u00e9e de lecture estim\u00e9e\" \/>\n\t<meta name=\"twitter:data1\" content=\"2 minutes\" \/>\n<script type=\"application\/ld+json\" class=\"yoast-schema-graph\">{\"@context\":\"https:\\\/\\\/schema.org\",\"@graph\":[{\"@type\":\"WebPage\",\"@id\":\"https:\\\/\\\/heartfulness.be\\\/fr\\\/product\\\/banc-de-massage-calistoga\\\/\",\"url\":\"https:\\\/\\\/heartfulness.be\\\/fr\\\/product\\\/banc-de-massage-calistoga\\\/\",\"name\":\"Banc de massage Calistoga pour les soins de spa et de bien-\u00eatre\",\"isPartOf\":{\"@id\":\"https:\\\/\\\/heartfulness.be\\\/fr\\\/#website\"},\"primaryImageOfPage\":{\"@id\":\"https:\\\/\\\/heartfulness.be\\\/fr\\\/product\\\/banc-de-massage-calistoga\\\/#primaryimage\"},\"image\":{\"@id\":\"https:\\\/\\\/heartfulness.be\\\/fr\\\/product\\\/banc-de-massage-calistoga\\\/#primaryimage\"},\"thumbnailUrl\":\"https:\\\/\\\/heartfulness.be\\\/wp-content\\\/uploads\\\/Massagetafels\\\/Earthlite\\\/Calistoga-met-accessoires.jpg\",\"datePublished\":\"2020-08-11T11:49:02+00:00\",\"dateModified\":\"2021-08-12T17:34:48+00:00\",\"description\":\"Banc de massage Calistoga adapt\u00e9 aux soins du visage, \u00e0 la th\u00e9rapie par zones r\u00e9flexes, aux d\u00e9monstrations, aux divers massages, aux traitements de r\u00e9sine et de bien-\u00eatre\",\"breadcrumb\":{\"@id\":\"https:\\\/\\\/heartfulness.be\\\/fr\\\/product\\\/banc-de-massage-calistoga\\\/#breadcrumb\"},\"inLanguage\":\"fr-FR\",\"potentialAction\":[{\"@type\":\"ReadAction\",\"target\":[\"https:\\\/\\\/heartfulness.be\\\/fr\\\/product\\\/banc-de-massage-calistoga\\\/\"]}]},{\"@type\":\"ImageObject\",\"inLanguage\":\"fr-FR\",\"@id\":\"https:\\\/\\\/heartfulness.be\\\/fr\\\/product\\\/banc-de-massage-calistoga\\\/#primaryimage\",\"url\":\"https:\\\/\\\/heartfulness.be\\\/wp-content\\\/uploads\\\/Massagetafels\\\/Earthlite\\\/Calistoga-met-accessoires.jpg\",\"contentUrl\":\"https:\\\/\\\/heartfulness.be\\\/wp-content\\\/uploads\\\/Massagetafels\\\/Earthlite\\\/Calistoga-met-accessoires.jpg\",\"width\":800,\"height\":800,\"caption\":\"Calistoga massagebank met accessoires\"},{\"@type\":\"BreadcrumbList\",\"@id\":\"https:\\\/\\\/heartfulness.be\\\/fr\\\/product\\\/banc-de-massage-calistoga\\\/#breadcrumb\",\"itemListElement\":[{\"@type\":\"ListItem\",\"position\":1,\"name\":\"Accueil\",\"item\":\"https:\\\/\\\/heartfulness.be\\\/fr\\\/\"},{\"@type\":\"ListItem\",\"position\":2,\"name\":\"Boutique\",\"item\":\"https:\\\/\\\/heartfulness.be\\\/fr\\\/boutique\\\/\"},{\"@type\":\"ListItem\",\"position\":3,\"name\":\"Banc de massage Calistoga\"}]},{\"@type\":\"WebSite\",\"@id\":\"https:\\\/\\\/heartfulness.be\\\/fr\\\/#website\",\"url\":\"https:\\\/\\\/heartfulness.be\\\/fr\\\/\",\"name\":\"Levensstroom\",\"description\":\"Centre de pleine conscience, massage, m\u00e9ditation, spiritualit\u00e9 et psychoth\u00e9rapie\",\"publisher\":{\"@id\":\"https:\\\/\\\/heartfulness.be\\\/fr\\\/#organization\"},\"potentialAction\":[{\"@type\":\"SearchAction\",\"target\":{\"@type\":\"EntryPoint\",\"urlTemplate\":\"https:\\\/\\\/heartfulness.be\\\/fr\\\/?s={search_term_string}\"},\"query-input\":{\"@type\":\"PropertyValueSpecification\",\"valueRequired\":true,\"valueName\":\"search_term_string\"}}],\"inLanguage\":\"fr-FR\"},{\"@type\":\"Organization\",\"@id\":\"https:\\\/\\\/heartfulness.be\\\/fr\\\/#organization\",\"name\":\"Levensstroom\",\"url\":\"https:\\\/\\\/heartfulness.be\\\/fr\\\/\",\"logo\":{\"@type\":\"ImageObject\",\"inLanguage\":\"fr-FR\",\"@id\":\"https:\\\/\\\/heartfulness.be\\\/fr\\\/#\\\/schema\\\/logo\\\/image\\\/\",\"url\":\"\",\"contentUrl\":\"\",\"caption\":\"Levensstroom\"},\"image\":{\"@id\":\"https:\\\/\\\/heartfulness.be\\\/fr\\\/#\\\/schema\\\/logo\\\/image\\\/\"},\"sameAs\":[\"https:\\\/\\\/www.facebook.com\\\/praktijk.levensstroom.9\",\"https:\\\/\\\/x.com\\\/Levensstroom_\",\"https:\\\/\\\/www.instagram.com\\\/levensstroom\\\/\",\"https:\\\/\\\/www.linkedin.com\\\/in\\\/dirk-vieren-30862117a\\\/\",\"https:\\\/\\\/www.pinterest.com\\\/levensstroom\\\/\",\"https:\\\/\\\/www.youtube.com\\\/user\\\/MassagesLevensstroom\\\/\"]}]}<\/script>\n<!-- \/ Yoast SEO plugin. -->","yoast_head_json":{"title":"Banc de massage Calistoga pour les soins de spa et de bien-\u00eatre","description":"Banc de massage Calistoga adapt\u00e9 aux soins du visage, \u00e0 la th\u00e9rapie par zones r\u00e9flexes, aux d\u00e9monstrations, aux divers massages, aux traitements de r\u00e9sine et de bien-\u00eatre","robots":{"index":"index","follow":"follow","max-snippet":"max-snippet:-1","max-image-preview":"max-image-preview:large","max-video-preview":"max-video-preview:-1"},"canonical":"https:\/\/heartfulness.be\/fr\/product\/banc-de-massage-calistoga\/","og_locale":"fr_FR","og_type":"article","og_title":"Banc de massage Calistoga pour les soins de spa et de bien-\u00eatre","og_description":"Banc de massage Calistoga adapt\u00e9 aux soins du visage, \u00e0 la th\u00e9rapie par zones r\u00e9flexes, aux d\u00e9monstrations, aux divers massages, aux traitements de r\u00e9sine et de bien-\u00eatre","og_url":"https:\/\/heartfulness.be\/fr\/product\/banc-de-massage-calistoga\/","og_site_name":"Levensstroom","article_publisher":"https:\/\/www.facebook.com\/praktijk.levensstroom.9","article_modified_time":"2021-08-12T17:34:48+00:00","twitter_card":"summary_large_image","twitter_site":"@Levensstroom_","twitter_misc":{"Dur\u00e9e de lecture estim\u00e9e":"2 minutes"},"schema":{"@context":"https:\/\/schema.org","@graph":[{"@type":"WebPage","@id":"https:\/\/heartfulness.be\/fr\/product\/banc-de-massage-calistoga\/","url":"https:\/\/heartfulness.be\/fr\/product\/banc-de-massage-calistoga\/","name":"Banc de massage Calistoga pour les soins de spa et de bien-\u00eatre","isPartOf":{"@id":"https:\/\/heartfulness.be\/fr\/#website"},"primaryImageOfPage":{"@id":"https:\/\/heartfulness.be\/fr\/product\/banc-de-massage-calistoga\/#primaryimage"},"image":{"@id":"https:\/\/heartfulness.be\/fr\/product\/banc-de-massage-calistoga\/#primaryimage"},"thumbnailUrl":"https:\/\/heartfulness.be\/wp-content\/uploads\/Massagetafels\/Earthlite\/Calistoga-met-accessoires.jpg","datePublished":"2020-08-11T11:49:02+00:00","dateModified":"2021-08-12T17:34:48+00:00","description":"Banc de massage Calistoga adapt\u00e9 aux soins du visage, \u00e0 la th\u00e9rapie par zones r\u00e9flexes, aux d\u00e9monstrations, aux divers massages, aux traitements de r\u00e9sine et de bien-\u00eatre","breadcrumb":{"@id":"https:\/\/heartfulness.be\/fr\/product\/banc-de-massage-calistoga\/#breadcrumb"},"inLanguage":"fr-FR","potentialAction":[{"@type":"ReadAction","target":["https:\/\/heartfulness.be\/fr\/product\/banc-de-massage-calistoga\/"]}]},{"@type":"ImageObject","inLanguage":"fr-FR","@id":"https:\/\/heartfulness.be\/fr\/product\/banc-de-massage-calistoga\/#primaryimage","url":"https:\/\/heartfulness.be\/wp-content\/uploads\/Massagetafels\/Earthlite\/Calistoga-met-accessoires.jpg","contentUrl":"https:\/\/heartfulness.be\/wp-content\/uploads\/Massagetafels\/Earthlite\/Calistoga-met-accessoires.jpg","width":800,"height":800,"caption":"Calistoga massagebank met accessoires"},{"@type":"BreadcrumbList","@id":"https:\/\/heartfulness.be\/fr\/product\/banc-de-massage-calistoga\/#breadcrumb","itemListElement":[{"@type":"ListItem","position":1,"name":"Accueil","item":"https:\/\/heartfulness.be\/fr\/"},{"@type":"ListItem","position":2,"name":"Boutique","item":"https:\/\/heartfulness.be\/fr\/boutique\/"},{"@type":"ListItem","position":3,"name":"Banc de massage Calistoga"}]},{"@type":"WebSite","@id":"https:\/\/heartfulness.be\/fr\/#website","url":"https:\/\/heartfulness.be\/fr\/","name":"Levensstroom","description":"Centre de pleine conscience, massage, m\u00e9ditation, spiritualit\u00e9 et psychoth\u00e9rapie","publisher":{"@id":"https:\/\/heartfulness.be\/fr\/#organization"},"potentialAction":[{"@type":"SearchAction","target":{"@type":"EntryPoint","urlTemplate":"https:\/\/heartfulness.be\/fr\/?s={search_term_string}"},"query-input":{"@type":"PropertyValueSpecification","valueRequired":true,"valueName":"search_term_string"}}],"inLanguage":"fr-FR"},{"@type":"Organization","@id":"https:\/\/heartfulness.be\/fr\/#organization","name":"Levensstroom","url":"https:\/\/heartfulness.be\/fr\/","logo":{"@type":"ImageObject","inLanguage":"fr-FR","@id":"https:\/\/heartfulness.be\/fr\/#\/schema\/logo\/image\/","url":"","contentUrl":"","caption":"Levensstroom"},"image":{"@id":"https:\/\/heartfulness.be\/fr\/#\/schema\/logo\/image\/"},"sameAs":["https:\/\/www.facebook.com\/praktijk.levensstroom.9","https:\/\/x.com\/Levensstroom_","https:\/\/www.instagram.com\/levensstroom\/","https:\/\/www.linkedin.com\/in\/dirk-vieren-30862117a\/","https:\/\/www.pinterest.com\/levensstroom\/","https:\/\/www.youtube.com\/user\/MassagesLevensstroom\/"]}]}},"jetpack_sharing_enabled":true,"jetpack_likes_enabled":true,"_links":{"self":[{"href":"https:\/\/heartfulness.be\/fr\/wp-json\/wp\/v2\/product\/7206","targetHints":{"allow":["GET"]}}],"collection":[{"href":"https:\/\/heartfulness.be\/fr\/wp-json\/wp\/v2\/product"}],"about":[{"href":"https:\/\/heartfulness.be\/fr\/wp-json\/wp\/v2\/types\/product"}],"replies":[{"embeddable":true,"href":"https:\/\/heartfulness.be\/fr\/wp-json\/wp\/v2\/comments?post=7206"}],"version-history":[{"count":0,"href":"https:\/\/heartfulness.be\/fr\/wp-json\/wp\/v2\/product\/7206\/revisions"}],"wp:featuredmedia":[{"embeddable":true,"href":"https:\/\/heartfulness.be\/fr\/wp-json\/wp\/v2\/media\/7186"}],"wp:attachment":[{"href":"https:\/\/heartfulness.be\/fr\/wp-json\/wp\/v2\/media?parent=7206"}],"wp:term":[{"taxonomy":"product_brand","embeddable":true,"href":"https:\/\/heartfulness.be\/fr\/wp-json\/wp\/v2\/product_brand?post=7206"},{"taxonomy":"product_cat","embeddable":true,"href":"https:\/\/heartfulness.be\/fr\/wp-json\/wp\/v2\/product_cat?post=7206"},{"taxonomy":"product_tag","embeddable":true,"href":"https:\/\/heartfulness.be\/fr\/wp-json\/wp\/v2\/product_tag?post=7206"}],"curies":[{"name":"wp","href":"https:\/\/api.w.org\/{rel}","templated":true}]}}