{"id":7349,"date":"2020-08-11T13:48:57","date_gmt":"2020-08-11T11:48:57","guid":{"rendered":"https:\/\/heartfulness.be\/shop\/non%20class\u00e9\/table-de-massage-harmony-dx\/"},"modified":"2021-10-25T18:08:22","modified_gmt":"2021-10-25T16:08:22","slug":"table-de-massage-harmony-dx","status":"publish","type":"product","link":"https:\/\/heartfulness.be\/fr\/product\/table-de-massage-harmony-dx\/","title":{"rendered":"Table de massage Harmony DX"},"content":{"rendered":"<h5>Beau design, durable et respectueux de l&rsquo;environnement<\/h5>\n<ul>\n<li>Cadre en bois d&rsquo;\u00e9rable dur de qualit\u00e9 et plateau de table en contreplaqu\u00e9 de bouleau<\/li>\n<li>Rembourrage Nature&rsquo;s Touch luxueux, durable et \u00e9cologique en quatre couleurs (bleu, bordeaux, noir, turquoise et cr\u00e8me vanille).<\/li>\n<li>Coussin robuste de 6,5 cm d&rsquo;\u00e9paisseur avec syst\u00e8me d&rsquo;amortissement \u00e0 double couche<\/li>\n<li>Fabriqu\u00e9 avec pr\u00e9cision par Earthlite en utilisant uniquement des peintures et adh\u00e9sifs \u00e0 base d&rsquo;eau et des mat\u00e9riaux respectueux de l&rsquo;environnement.<\/li>\n<\/ul>\n<p><strong>Caract\u00e9ristiques de la table de massage Harmony DX<\/strong><\/p>\n<ul>\n<li>Charni\u00e8re de piano pleine largeur<\/li>\n<li>Syst\u00e8me de c\u00e2blage brevet\u00e9 Cradle-Lock T<\/li>\n<li>Table de massage robuste mais syst\u00e8me d&rsquo;amortissement l\u00e9ger de 6,5 cm<\/li>\n<li>Rembourrage Nature&rsquo;s Touch luxueux, durable et respectueux de l&rsquo;environnement en cinq couleurs<\/li>\n<li>M\u00e9ticuleusement fabriqu\u00e9 par Earthlite en utilisant uniquement de la laque et de la colle \u00e0 base d&rsquo;eau et des mat\u00e9riaux \u00e9cologiques<\/li>\n<li>Option Shiatsu Release (pieds rabattables pour que la table puisse reposer \u00e0 plat sur le sol)<\/li>\n<li>Standard avec deux panneaux entre les pieds<\/li>\n<li><strong>Option<\/strong>: Table de massage Harmony Reiki: avec 2 panneaux Reiki . Pour un meilleur acc\u00e8s avec les genoux \u00e0 la t\u00eate et aux pieds<\/li>\n<\/ul>\n<h5>Rembourrage et couleurs disponibles<\/h5>\n<p>Le rev\u00eatement est en vinyle PU Nature&rsquo;s Touch, une nappe \u00e9cologique, durable et facile \u00e0 nettoyer. Il existe 5 couleurs disponibles: agate, noir, bordeaux, sarcelle et cr\u00e8me vanille.<\/p>\n<h5>Sp\u00e9cifications<\/h5>\n<ul>\n<li>Longueur: 185 cm (sans appuie-t\u00eate)<\/li>\n<li>Largeur: 76 cm<\/li>\n<li>Poids: 15 kg<\/li>\n<li>Remplissage: 6,5 cm d&rsquo;\u00e9paisseur<\/li>\n<li>Hauteur r\u00e9glable de 58,5 \u00e0 84 cm<\/li>\n<li>Capacit\u00e9 de charge dynamique: 1087 kg<\/li>\n<li>Charge maximale 27<\/li>\n<li>Garantie \u00e0 vie limit\u00e9e sur le cadre et garantie de 3 ans sur la mousse et le vinyle marquage CE<\/li>\n<\/ul>\n","protected":false},"excerpt":{"rendered":"<p><strong>La table de massage Harmony DX<\/strong> est une table de traitement \u00e9cologique mais \u00e0 prix abordable. Fabriqu\u00e9 \u00e0 partir d&rsquo;\u00e9rable dur de haute qualit\u00e9 provenant de for\u00eats g\u00e9r\u00e9es et fini avec des laques et des adh\u00e9sifs \u00e0 base d&rsquo;eau respectueux de l&rsquo;environnement. Il est rembourr\u00e9 avec un syst\u00e8me de coussin l\u00e9ger et sans CFC de 6,5 cm d&rsquo;\u00e9paisseur. (Les <strong>CFC<\/strong> sont des substances artificielles, constitu\u00e9es de chlore (Cl), de fluor (F) et de carbone (C). Ils ont de tr\u00e8s mauvaises cons\u00e9quences pour les personnes et l&rsquo;environnement et la d\u00e9composition prend beaucoup de temps). De plus, ces tables de massage sont recouvertes d&rsquo;un rembourrage Nature&rsquo;s Touch qui respire le confort, la durabilit\u00e9 et le style.<\/p>\n<p>La table de massage Harmony est une table de massage professionnelle tr\u00e8s solide et tr\u00e8s vendue. En raison de son poids relativement l\u00e9ger, de son dessus robuste avec un bon amorti et une bonne capacit\u00e9 de charge, c&rsquo;est un must pour le masseur professionnel qui veut opter pour une bonne qualit\u00e9 \u00e0 un bon prix.<\/p>\n<p>La table de traitement ne p\u00e8se que 15 kg et est donc facile \u00e0 transporter. Donc, si vous voyagez beaucoup, c&rsquo;est un tr\u00e8s bon choix.<\/p>\n<h5>Le paquet comprend:<\/h5>\n<ul>\n<li>Table de massage Harmony DX<\/li>\n<li>Appuie-t\u00eate r\u00e9glable de luxe avec oreiller assorti<\/li>\n<li>Housse de transport robuste avec un compartiment de rangement<\/li>\n<\/ul>\n<p>&nbsp;<\/p>\n<p><iframe title=\"YouTube video player\" src=\"https:\/\/www.youtube.com\/embed\/xOlkx5T7e5Q\" width=\"1280\" height=\"720\" frameborder=\"0\" allowfullscreen=\"allowfullscreen\"><\/iframe><\/p>\n","protected":false},"featured_media":7220,"comment_status":"open","ping_status":"closed","template":"","meta":[],"product_brand":[],"product_cat":[373,372],"product_tag":[1145,307,1146],"class_list":{"0":"post-7349","1":"product","2":"type-product","3":"status-publish","4":"has-post-thumbnail","6":"product_cat-earthlite-fr","7":"product_cat-tables-de-massage-portables","8":"product_tag-draagbaar-fr","9":"product_tag-earthlite-fr","10":"product_tag-opvouwbaar-fr","11":"product_shipping_class-gls-fr","13":"first","14":"instock","15":"taxable","16":"shipping-taxable","17":"purchasable","18":"product-type-variable"},"yoast_head":"<!-- This site is optimized with the Yoast SEO plugin v27.3 - https:\/\/yoast.com\/product\/yoast-seo-wordpress\/ -->\n<title>Table de massage Harmony DX de Earthlite &#8902; Levensstroom<\/title>\n<meta name=\"description\" content=\"La table de massage Harmony DX d&#039;Earthlite est une table de traitement \u00e9cologique mais abordable. L\u00e9ger si facile \u00e0 transporter\" \/>\n<meta name=\"robots\" content=\"index, follow, max-snippet:-1, max-image-preview:large, max-video-preview:-1\" \/>\n<link rel=\"canonical\" href=\"https:\/\/heartfulness.be\/fr\/product\/table-de-massage-harmony-dx\/\" \/>\n<meta property=\"og:locale\" content=\"fr_FR\" \/>\n<meta property=\"og:type\" content=\"article\" \/>\n<meta property=\"og:title\" content=\"Table de massage Harmony DX de Earthlite &#8902; Levensstroom\" \/>\n<meta property=\"og:description\" content=\"La table de massage Harmony DX d&#039;Earthlite est une table de traitement \u00e9cologique mais abordable. L\u00e9ger si facile \u00e0 transporter\" \/>\n<meta property=\"og:url\" content=\"https:\/\/heartfulness.be\/fr\/product\/table-de-massage-harmony-dx\/\" \/>\n<meta property=\"og:site_name\" content=\"Levensstroom\" \/>\n<meta property=\"article:publisher\" content=\"https:\/\/www.facebook.com\/praktijk.levensstroom.9\" \/>\n<meta property=\"article:modified_time\" content=\"2021-10-25T16:08:22+00:00\" \/>\n<meta property=\"og:image\" content=\"https:\/\/heartfulness.be\/wp-content\/uploads\/Massagetafels\/Earthlite\/Harmony-Burgundy.jpg\" \/>\n\t<meta property=\"og:image:width\" content=\"800\" \/>\n\t<meta property=\"og:image:height\" content=\"800\" \/>\n\t<meta property=\"og:image:type\" content=\"image\/jpeg\" \/>\n<meta name=\"twitter:card\" content=\"summary_large_image\" \/>\n<meta name=\"twitter:site\" content=\"@Levensstroom_\" \/>\n<meta name=\"twitter:label1\" content=\"Dur\u00e9e de lecture estim\u00e9e\" \/>\n\t<meta name=\"twitter:data1\" content=\"1 minute\" \/>\n<script type=\"application\/ld+json\" class=\"yoast-schema-graph\">{\"@context\":\"https:\\\/\\\/schema.org\",\"@graph\":[{\"@type\":\"WebPage\",\"@id\":\"https:\\\/\\\/heartfulness.be\\\/fr\\\/product\\\/table-de-massage-harmony-dx\\\/\",\"url\":\"https:\\\/\\\/heartfulness.be\\\/fr\\\/product\\\/table-de-massage-harmony-dx\\\/\",\"name\":\"Table de massage Harmony DX de Earthlite &#8902; Levensstroom\",\"isPartOf\":{\"@id\":\"https:\\\/\\\/heartfulness.be\\\/fr\\\/#website\"},\"primaryImageOfPage\":{\"@id\":\"https:\\\/\\\/heartfulness.be\\\/fr\\\/product\\\/table-de-massage-harmony-dx\\\/#primaryimage\"},\"image\":{\"@id\":\"https:\\\/\\\/heartfulness.be\\\/fr\\\/product\\\/table-de-massage-harmony-dx\\\/#primaryimage\"},\"thumbnailUrl\":\"https:\\\/\\\/heartfulness.be\\\/wp-content\\\/uploads\\\/Massagetafels\\\/Earthlite\\\/Harmony-Burgundy.jpg\",\"datePublished\":\"2020-08-11T11:48:57+00:00\",\"dateModified\":\"2021-10-25T16:08:22+00:00\",\"description\":\"La table de massage Harmony DX d'Earthlite est une table de traitement \u00e9cologique mais abordable. L\u00e9ger si facile \u00e0 transporter\",\"breadcrumb\":{\"@id\":\"https:\\\/\\\/heartfulness.be\\\/fr\\\/product\\\/table-de-massage-harmony-dx\\\/#breadcrumb\"},\"inLanguage\":\"fr-FR\",\"potentialAction\":[{\"@type\":\"ReadAction\",\"target\":[\"https:\\\/\\\/heartfulness.be\\\/fr\\\/product\\\/table-de-massage-harmony-dx\\\/\"]}]},{\"@type\":\"ImageObject\",\"inLanguage\":\"fr-FR\",\"@id\":\"https:\\\/\\\/heartfulness.be\\\/fr\\\/product\\\/table-de-massage-harmony-dx\\\/#primaryimage\",\"url\":\"https:\\\/\\\/heartfulness.be\\\/wp-content\\\/uploads\\\/Massagetafels\\\/Earthlite\\\/Harmony-Burgundy.jpg\",\"contentUrl\":\"https:\\\/\\\/heartfulness.be\\\/wp-content\\\/uploads\\\/Massagetafels\\\/Earthlite\\\/Harmony-Burgundy.jpg\",\"width\":800,\"height\":800,\"caption\":\"Table de massage Harmony Burgundy\"},{\"@type\":\"BreadcrumbList\",\"@id\":\"https:\\\/\\\/heartfulness.be\\\/fr\\\/product\\\/table-de-massage-harmony-dx\\\/#breadcrumb\",\"itemListElement\":[{\"@type\":\"ListItem\",\"position\":1,\"name\":\"Accueil\",\"item\":\"https:\\\/\\\/heartfulness.be\\\/fr\\\/\"},{\"@type\":\"ListItem\",\"position\":2,\"name\":\"Boutique\",\"item\":\"https:\\\/\\\/heartfulness.be\\\/fr\\\/boutique-2\\\/\"},{\"@type\":\"ListItem\",\"position\":3,\"name\":\"Table de massage Harmony DX\"}]},{\"@type\":\"WebSite\",\"@id\":\"https:\\\/\\\/heartfulness.be\\\/fr\\\/#website\",\"url\":\"https:\\\/\\\/heartfulness.be\\\/fr\\\/\",\"name\":\"Levensstroom\",\"description\":\"Centre de pleine conscience, massage, m\u00e9ditation, spiritualit\u00e9 et psychoth\u00e9rapie\",\"publisher\":{\"@id\":\"https:\\\/\\\/heartfulness.be\\\/fr\\\/#organization\"},\"potentialAction\":[{\"@type\":\"SearchAction\",\"target\":{\"@type\":\"EntryPoint\",\"urlTemplate\":\"https:\\\/\\\/heartfulness.be\\\/fr\\\/?s={search_term_string}\"},\"query-input\":{\"@type\":\"PropertyValueSpecification\",\"valueRequired\":true,\"valueName\":\"search_term_string\"}}],\"inLanguage\":\"fr-FR\"},{\"@type\":\"Organization\",\"@id\":\"https:\\\/\\\/heartfulness.be\\\/fr\\\/#organization\",\"name\":\"Levensstroom\",\"url\":\"https:\\\/\\\/heartfulness.be\\\/fr\\\/\",\"logo\":{\"@type\":\"ImageObject\",\"inLanguage\":\"fr-FR\",\"@id\":\"https:\\\/\\\/heartfulness.be\\\/fr\\\/#\\\/schema\\\/logo\\\/image\\\/\",\"url\":\"\",\"contentUrl\":\"\",\"caption\":\"Levensstroom\"},\"image\":{\"@id\":\"https:\\\/\\\/heartfulness.be\\\/fr\\\/#\\\/schema\\\/logo\\\/image\\\/\"},\"sameAs\":[\"https:\\\/\\\/www.facebook.com\\\/praktijk.levensstroom.9\",\"https:\\\/\\\/x.com\\\/Levensstroom_\",\"https:\\\/\\\/www.instagram.com\\\/levensstroom\\\/\",\"https:\\\/\\\/www.linkedin.com\\\/in\\\/dirk-vieren-30862117a\\\/\",\"https:\\\/\\\/www.pinterest.com\\\/levensstroom\\\/\",\"https:\\\/\\\/www.youtube.com\\\/user\\\/MassagesLevensstroom\\\/\"]}]}<\/script>\n<!-- \/ Yoast SEO plugin. -->","yoast_head_json":{"title":"Table de massage Harmony DX de Earthlite &#8902; Levensstroom","description":"La table de massage Harmony DX d'Earthlite est une table de traitement \u00e9cologique mais abordable. L\u00e9ger si facile \u00e0 transporter","robots":{"index":"index","follow":"follow","max-snippet":"max-snippet:-1","max-image-preview":"max-image-preview:large","max-video-preview":"max-video-preview:-1"},"canonical":"https:\/\/heartfulness.be\/fr\/product\/table-de-massage-harmony-dx\/","og_locale":"fr_FR","og_type":"article","og_title":"Table de massage Harmony DX de Earthlite &#8902; Levensstroom","og_description":"La table de massage Harmony DX d'Earthlite est une table de traitement \u00e9cologique mais abordable. L\u00e9ger si facile \u00e0 transporter","og_url":"https:\/\/heartfulness.be\/fr\/product\/table-de-massage-harmony-dx\/","og_site_name":"Levensstroom","article_publisher":"https:\/\/www.facebook.com\/praktijk.levensstroom.9","article_modified_time":"2021-10-25T16:08:22+00:00","og_image":[{"width":800,"height":800,"url":"https:\/\/heartfulness.be\/wp-content\/uploads\/Massagetafels\/Earthlite\/Harmony-Burgundy.jpg","type":"image\/jpeg"}],"twitter_card":"summary_large_image","twitter_site":"@Levensstroom_","twitter_misc":{"Dur\u00e9e de lecture estim\u00e9e":"1 minute"},"schema":{"@context":"https:\/\/schema.org","@graph":[{"@type":"WebPage","@id":"https:\/\/heartfulness.be\/fr\/product\/table-de-massage-harmony-dx\/","url":"https:\/\/heartfulness.be\/fr\/product\/table-de-massage-harmony-dx\/","name":"Table de massage Harmony DX de Earthlite &#8902; Levensstroom","isPartOf":{"@id":"https:\/\/heartfulness.be\/fr\/#website"},"primaryImageOfPage":{"@id":"https:\/\/heartfulness.be\/fr\/product\/table-de-massage-harmony-dx\/#primaryimage"},"image":{"@id":"https:\/\/heartfulness.be\/fr\/product\/table-de-massage-harmony-dx\/#primaryimage"},"thumbnailUrl":"https:\/\/heartfulness.be\/wp-content\/uploads\/Massagetafels\/Earthlite\/Harmony-Burgundy.jpg","datePublished":"2020-08-11T11:48:57+00:00","dateModified":"2021-10-25T16:08:22+00:00","description":"La table de massage Harmony DX d'Earthlite est une table de traitement \u00e9cologique mais abordable. L\u00e9ger si facile \u00e0 transporter","breadcrumb":{"@id":"https:\/\/heartfulness.be\/fr\/product\/table-de-massage-harmony-dx\/#breadcrumb"},"inLanguage":"fr-FR","potentialAction":[{"@type":"ReadAction","target":["https:\/\/heartfulness.be\/fr\/product\/table-de-massage-harmony-dx\/"]}]},{"@type":"ImageObject","inLanguage":"fr-FR","@id":"https:\/\/heartfulness.be\/fr\/product\/table-de-massage-harmony-dx\/#primaryimage","url":"https:\/\/heartfulness.be\/wp-content\/uploads\/Massagetafels\/Earthlite\/Harmony-Burgundy.jpg","contentUrl":"https:\/\/heartfulness.be\/wp-content\/uploads\/Massagetafels\/Earthlite\/Harmony-Burgundy.jpg","width":800,"height":800,"caption":"Table de massage Harmony Burgundy"},{"@type":"BreadcrumbList","@id":"https:\/\/heartfulness.be\/fr\/product\/table-de-massage-harmony-dx\/#breadcrumb","itemListElement":[{"@type":"ListItem","position":1,"name":"Accueil","item":"https:\/\/heartfulness.be\/fr\/"},{"@type":"ListItem","position":2,"name":"Boutique","item":"https:\/\/heartfulness.be\/fr\/boutique-2\/"},{"@type":"ListItem","position":3,"name":"Table de massage Harmony DX"}]},{"@type":"WebSite","@id":"https:\/\/heartfulness.be\/fr\/#website","url":"https:\/\/heartfulness.be\/fr\/","name":"Levensstroom","description":"Centre de pleine conscience, massage, m\u00e9ditation, spiritualit\u00e9 et psychoth\u00e9rapie","publisher":{"@id":"https:\/\/heartfulness.be\/fr\/#organization"},"potentialAction":[{"@type":"SearchAction","target":{"@type":"EntryPoint","urlTemplate":"https:\/\/heartfulness.be\/fr\/?s={search_term_string}"},"query-input":{"@type":"PropertyValueSpecification","valueRequired":true,"valueName":"search_term_string"}}],"inLanguage":"fr-FR"},{"@type":"Organization","@id":"https:\/\/heartfulness.be\/fr\/#organization","name":"Levensstroom","url":"https:\/\/heartfulness.be\/fr\/","logo":{"@type":"ImageObject","inLanguage":"fr-FR","@id":"https:\/\/heartfulness.be\/fr\/#\/schema\/logo\/image\/","url":"","contentUrl":"","caption":"Levensstroom"},"image":{"@id":"https:\/\/heartfulness.be\/fr\/#\/schema\/logo\/image\/"},"sameAs":["https:\/\/www.facebook.com\/praktijk.levensstroom.9","https:\/\/x.com\/Levensstroom_","https:\/\/www.instagram.com\/levensstroom\/","https:\/\/www.linkedin.com\/in\/dirk-vieren-30862117a\/","https:\/\/www.pinterest.com\/levensstroom\/","https:\/\/www.youtube.com\/user\/MassagesLevensstroom\/"]}]}},"_links":{"self":[{"href":"https:\/\/heartfulness.be\/fr\/wp-json\/wp\/v2\/product\/7349","targetHints":{"allow":["GET"]}}],"collection":[{"href":"https:\/\/heartfulness.be\/fr\/wp-json\/wp\/v2\/product"}],"about":[{"href":"https:\/\/heartfulness.be\/fr\/wp-json\/wp\/v2\/types\/product"}],"replies":[{"embeddable":true,"href":"https:\/\/heartfulness.be\/fr\/wp-json\/wp\/v2\/comments?post=7349"}],"version-history":[{"count":0,"href":"https:\/\/heartfulness.be\/fr\/wp-json\/wp\/v2\/product\/7349\/revisions"}],"wp:featuredmedia":[{"embeddable":true,"href":"https:\/\/heartfulness.be\/fr\/wp-json\/wp\/v2\/media\/7220"}],"wp:attachment":[{"href":"https:\/\/heartfulness.be\/fr\/wp-json\/wp\/v2\/media?parent=7349"}],"wp:term":[{"taxonomy":"product_brand","embeddable":true,"href":"https:\/\/heartfulness.be\/fr\/wp-json\/wp\/v2\/product_brand?post=7349"},{"taxonomy":"product_cat","embeddable":true,"href":"https:\/\/heartfulness.be\/fr\/wp-json\/wp\/v2\/product_cat?post=7349"},{"taxonomy":"product_tag","embeddable":true,"href":"https:\/\/heartfulness.be\/fr\/wp-json\/wp\/v2\/product_tag?post=7349"}],"curies":[{"name":"wp","href":"https:\/\/api.w.org\/{rel}","templated":true}]}}