{"id":8573,"date":"2020-08-11T13:49:58","date_gmt":"2020-08-11T11:49:58","guid":{"rendered":"https:\/\/heartfulness.be\/shop\/non class\u00e9\/couverture-polaire-microfibre-premium\/"},"modified":"2020-08-11T13:49:58","modified_gmt":"2020-08-11T11:49:58","slug":"couverture-polaire-microfibre-premium","status":"publish","type":"product","link":"https:\/\/heartfulness.be\/fr\/product\/couverture-polaire-microfibre-premium\/","title":{"rendered":"Couverture polaire microfibre Premium"},"content":{"rendered":"<p><strong>Caract\u00e9ristiques de la couverture polaire microfibre Premium<\/strong><\/p>\n<ul>\n<li>100% polyester micropolaire bross\u00e9 pour plus de douceur<\/li>\n<li>Super doux et ind\u00e9niablement confortable<\/li>\n<li>Facile d&rsquo;entretien, lavable en machine (40 \u00b0 C). Voici quelques conseils sur la fa\u00e7on de laver et combien de fois votre couverture \u00e0 carreaux ou polaire.<\/li>\n<li>R\u00e9versible et aux dimensions g\u00e9n\u00e9reuses, 152,5 cm x 229 cm<\/li>\n<li>Isole et retient la chaleur<\/li>\n<li>Disponible en couleurs Espresso, Taupe et Cr\u00e8me<\/li>\n<\/ul>\n<p><strong>Conseils d&rsquo;entretien<\/strong><\/p>\n<ul>\n<li>Lavable en machine \u00e0 40 \u00b0 C avec des couleurs similaires, cycle d\u00e9licat.<\/li>\n<li>N&rsquo;utilisez pas d&rsquo;eau de javel.<\/li>\n<li>S\u00e9cher \u00e0 basse temp\u00e9rature.<\/li>\n<\/ul>\n<p><strong>Peut-\u00eatre int\u00e9ressant aussi<\/strong><\/p>\n<p>Chez Levensstroom, vous trouverez \u00e9galement un drap sup\u00e9rieur en microfibre plus l\u00e9ger \u00e0 mettre sur vos clients pendant le massage. \u00c9galement en polyester. Ces draps sup\u00e9rieurs sont encore plus spacieux que la couverture polaire microfibre Premium puisqu&rsquo;ils mesurent 156 cm x 257,5 cm.<\/p>\n","protected":false},"excerpt":{"rendered":"<p>La couverture polaire en microfibre Earthlite Premium offre \u00e0 vos clients un confort et une chaleur sup\u00e9rieurs tout au long de la saison. Le tissu est fait d&rsquo;une fibre 100% polyester l\u00e9g\u00e8re et est doux, tr\u00e8s confortable et a une apparence riche. Le tissu volumineux est tr\u00e8s agr\u00e9able et vous procure une chaleur intense. Cette chaleur est alors \u00e9galement bien conserv\u00e9e, la capacit\u00e9 d&rsquo;isolation est \u00e9lev\u00e9e avec un jet polaire.<br \/>\nCette polaire en microfibre est une polaire double face tr\u00e8s douce. Gr\u00e2ce \u00e0 la fibre synth\u00e9tique, le tissu a une belle brillance. La polaire est ras\u00e9e moins courte, ce qui lui donne un aspect luxueux.<br \/>\nUn merveilleux ajout \u00e0 tout spa ou salon.<\/p>\n<p>Un jet\u00e9 en polaire est relativement bon march\u00e9 et facile \u00e0 transporter gr\u00e2ce \u00e0 sa composition a\u00e9r\u00e9e. Par exemple comme couverture polaire pour le trajet vers une destination de vacances, dans la voiture, dans une valise ou pour des massages \u00e0 domicile.<\/p>\n","protected":false},"featured_media":8510,"comment_status":"open","ping_status":"closed","template":"","meta":[],"product_brand":[],"product_cat":[348,358],"product_tag":[312,307],"class_list":{"0":"post-8573","1":"product","2":"type-product","3":"status-publish","4":"has-post-thumbnail","6":"product_cat-accessoires-fr","7":"product_cat-draps-housses-couvertures","8":"product_tag-couvertures","9":"product_tag-earthlite-fr","10":"product_shipping_class-gls-fr","11":"pa_kleur-deken-creme","12":"pa_kleur-deken-espresso-fr","13":"pa_kleur-deken-taupe-fr","15":"first","16":"instock","17":"taxable","18":"shipping-taxable","19":"purchasable","20":"product-type-variable"},"yoast_head":"<!-- This site is optimized with the Yoast SEO plugin v27.4 - https:\/\/yoast.com\/product\/yoast-seo-wordpress\/ -->\n<title>Couverture polaire microfibre Premium achetez votre plaid polaire &#8902; Levensstroom<\/title>\n<meta name=\"description\" content=\"La couverture polaire microfibre Premium d&#039;Earthlite est un plaid polaire double face tr\u00e8s doux qui garde votre cliente au chaud pendant votre massage.\" \/>\n<meta name=\"robots\" content=\"index, follow, max-snippet:-1, max-image-preview:large, max-video-preview:-1\" \/>\n<link rel=\"canonical\" href=\"https:\/\/heartfulness.be\/fr\/product\/couverture-polaire-microfibre-premium\/\" \/>\n<meta property=\"og:locale\" content=\"fr_FR\" \/>\n<meta property=\"og:type\" content=\"article\" \/>\n<meta property=\"og:title\" content=\"Couverture polaire microfibre Premium achetez votre plaid polaire &#8902; Levensstroom\" \/>\n<meta property=\"og:description\" content=\"La couverture polaire microfibre Premium d&#039;Earthlite est un plaid polaire double face tr\u00e8s doux qui garde votre cliente au chaud pendant votre massage.\" \/>\n<meta property=\"og:url\" content=\"https:\/\/heartfulness.be\/fr\/product\/couverture-polaire-microfibre-premium\/\" \/>\n<meta property=\"og:site_name\" content=\"Levensstroom\" \/>\n<meta property=\"article:publisher\" content=\"https:\/\/www.facebook.com\/praktijk.levensstroom.9\" \/>\n<meta property=\"og:image\" content=\"https:\/\/heartfulness.be\/wp-content\/uploads\/Massagetafels\/Accessoires\/Hoeslakens-overtrekken\/microvezel-fleece-deken-espresso-massagetafel.jpg\" \/>\n\t<meta property=\"og:image:width\" content=\"800\" \/>\n\t<meta property=\"og:image:height\" content=\"800\" \/>\n\t<meta property=\"og:image:type\" content=\"image\/jpeg\" \/>\n<meta name=\"twitter:card\" content=\"summary_large_image\" \/>\n<meta name=\"twitter:site\" content=\"@Levensstroom_\" \/>\n<meta name=\"twitter:label1\" content=\"Dur\u00e9e de lecture estim\u00e9e\" \/>\n\t<meta name=\"twitter:data1\" content=\"1 minute\" \/>\n<script type=\"application\/ld+json\" class=\"yoast-schema-graph\">{\"@context\":\"https:\\\/\\\/schema.org\",\"@graph\":[{\"@type\":\"WebPage\",\"@id\":\"https:\\\/\\\/heartfulness.be\\\/fr\\\/product\\\/couverture-polaire-microfibre-premium\\\/\",\"url\":\"https:\\\/\\\/heartfulness.be\\\/fr\\\/product\\\/couverture-polaire-microfibre-premium\\\/\",\"name\":\"Couverture polaire microfibre Premium achetez votre plaid polaire &#8902; Levensstroom\",\"isPartOf\":{\"@id\":\"https:\\\/\\\/heartfulness.be\\\/fr\\\/#website\"},\"primaryImageOfPage\":{\"@id\":\"https:\\\/\\\/heartfulness.be\\\/fr\\\/product\\\/couverture-polaire-microfibre-premium\\\/#primaryimage\"},\"image\":{\"@id\":\"https:\\\/\\\/heartfulness.be\\\/fr\\\/product\\\/couverture-polaire-microfibre-premium\\\/#primaryimage\"},\"thumbnailUrl\":\"https:\\\/\\\/heartfulness.be\\\/wp-content\\\/uploads\\\/Massagetafels\\\/Accessoires\\\/Hoeslakens-overtrekken\\\/microvezel-fleece-deken-espresso-massagetafel.jpg\",\"datePublished\":\"2020-08-11T11:49:58+00:00\",\"description\":\"La couverture polaire microfibre Premium d'Earthlite est un plaid polaire double face tr\u00e8s doux qui garde votre cliente au chaud pendant votre massage.\",\"breadcrumb\":{\"@id\":\"https:\\\/\\\/heartfulness.be\\\/fr\\\/product\\\/couverture-polaire-microfibre-premium\\\/#breadcrumb\"},\"inLanguage\":\"fr-FR\",\"potentialAction\":[{\"@type\":\"ReadAction\",\"target\":[\"https:\\\/\\\/heartfulness.be\\\/fr\\\/product\\\/couverture-polaire-microfibre-premium\\\/\"]}]},{\"@type\":\"ImageObject\",\"inLanguage\":\"fr-FR\",\"@id\":\"https:\\\/\\\/heartfulness.be\\\/fr\\\/product\\\/couverture-polaire-microfibre-premium\\\/#primaryimage\",\"url\":\"https:\\\/\\\/heartfulness.be\\\/wp-content\\\/uploads\\\/Massagetafels\\\/Accessoires\\\/Hoeslakens-overtrekken\\\/microvezel-fleece-deken-espresso-massagetafel.jpg\",\"contentUrl\":\"https:\\\/\\\/heartfulness.be\\\/wp-content\\\/uploads\\\/Massagetafels\\\/Accessoires\\\/Hoeslakens-overtrekken\\\/microvezel-fleece-deken-espresso-massagetafel.jpg\",\"width\":800,\"height\":800,\"caption\":\"Couverture polaire microfibre Premium Espresso table de massage\"},{\"@type\":\"BreadcrumbList\",\"@id\":\"https:\\\/\\\/heartfulness.be\\\/fr\\\/product\\\/couverture-polaire-microfibre-premium\\\/#breadcrumb\",\"itemListElement\":[{\"@type\":\"ListItem\",\"position\":1,\"name\":\"Accueil\",\"item\":\"https:\\\/\\\/heartfulness.be\\\/fr\\\/\"},{\"@type\":\"ListItem\",\"position\":2,\"name\":\"Boutique\",\"item\":\"https:\\\/\\\/heartfulness.be\\\/fr\\\/boutique-2\\\/\"},{\"@type\":\"ListItem\",\"position\":3,\"name\":\"Couverture polaire microfibre Premium\"}]},{\"@type\":\"WebSite\",\"@id\":\"https:\\\/\\\/heartfulness.be\\\/fr\\\/#website\",\"url\":\"https:\\\/\\\/heartfulness.be\\\/fr\\\/\",\"name\":\"Levensstroom\",\"description\":\"Centre de pleine conscience, massage, m\u00e9ditation, spiritualit\u00e9 et psychoth\u00e9rapie\",\"publisher\":{\"@id\":\"https:\\\/\\\/heartfulness.be\\\/fr\\\/#organization\"},\"potentialAction\":[{\"@type\":\"SearchAction\",\"target\":{\"@type\":\"EntryPoint\",\"urlTemplate\":\"https:\\\/\\\/heartfulness.be\\\/fr\\\/?s={search_term_string}\"},\"query-input\":{\"@type\":\"PropertyValueSpecification\",\"valueRequired\":true,\"valueName\":\"search_term_string\"}}],\"inLanguage\":\"fr-FR\"},{\"@type\":\"Organization\",\"@id\":\"https:\\\/\\\/heartfulness.be\\\/fr\\\/#organization\",\"name\":\"Levensstroom\",\"url\":\"https:\\\/\\\/heartfulness.be\\\/fr\\\/\",\"logo\":{\"@type\":\"ImageObject\",\"inLanguage\":\"fr-FR\",\"@id\":\"https:\\\/\\\/heartfulness.be\\\/fr\\\/#\\\/schema\\\/logo\\\/image\\\/\",\"url\":\"\",\"contentUrl\":\"\",\"caption\":\"Levensstroom\"},\"image\":{\"@id\":\"https:\\\/\\\/heartfulness.be\\\/fr\\\/#\\\/schema\\\/logo\\\/image\\\/\"},\"sameAs\":[\"https:\\\/\\\/www.facebook.com\\\/praktijk.levensstroom.9\",\"https:\\\/\\\/x.com\\\/Levensstroom_\",\"https:\\\/\\\/www.instagram.com\\\/levensstroom\\\/\",\"https:\\\/\\\/www.linkedin.com\\\/in\\\/dirk-vieren-30862117a\\\/\",\"https:\\\/\\\/www.pinterest.com\\\/levensstroom\\\/\",\"https:\\\/\\\/www.youtube.com\\\/user\\\/MassagesLevensstroom\\\/\"]}]}<\/script>\n<!-- \/ Yoast SEO plugin. -->","yoast_head_json":{"title":"Couverture polaire microfibre Premium achetez votre plaid polaire &#8902; Levensstroom","description":"La couverture polaire microfibre Premium d'Earthlite est un plaid polaire double face tr\u00e8s doux qui garde votre cliente au chaud pendant votre massage.","robots":{"index":"index","follow":"follow","max-snippet":"max-snippet:-1","max-image-preview":"max-image-preview:large","max-video-preview":"max-video-preview:-1"},"canonical":"https:\/\/heartfulness.be\/fr\/product\/couverture-polaire-microfibre-premium\/","og_locale":"fr_FR","og_type":"article","og_title":"Couverture polaire microfibre Premium achetez votre plaid polaire &#8902; Levensstroom","og_description":"La couverture polaire microfibre Premium d'Earthlite est un plaid polaire double face tr\u00e8s doux qui garde votre cliente au chaud pendant votre massage.","og_url":"https:\/\/heartfulness.be\/fr\/product\/couverture-polaire-microfibre-premium\/","og_site_name":"Levensstroom","article_publisher":"https:\/\/www.facebook.com\/praktijk.levensstroom.9","og_image":[{"width":800,"height":800,"url":"https:\/\/heartfulness.be\/wp-content\/uploads\/Massagetafels\/Accessoires\/Hoeslakens-overtrekken\/microvezel-fleece-deken-espresso-massagetafel.jpg","type":"image\/jpeg"}],"twitter_card":"summary_large_image","twitter_site":"@Levensstroom_","twitter_misc":{"Dur\u00e9e de lecture estim\u00e9e":"1 minute"},"schema":{"@context":"https:\/\/schema.org","@graph":[{"@type":"WebPage","@id":"https:\/\/heartfulness.be\/fr\/product\/couverture-polaire-microfibre-premium\/","url":"https:\/\/heartfulness.be\/fr\/product\/couverture-polaire-microfibre-premium\/","name":"Couverture polaire microfibre Premium achetez votre plaid polaire &#8902; Levensstroom","isPartOf":{"@id":"https:\/\/heartfulness.be\/fr\/#website"},"primaryImageOfPage":{"@id":"https:\/\/heartfulness.be\/fr\/product\/couverture-polaire-microfibre-premium\/#primaryimage"},"image":{"@id":"https:\/\/heartfulness.be\/fr\/product\/couverture-polaire-microfibre-premium\/#primaryimage"},"thumbnailUrl":"https:\/\/heartfulness.be\/wp-content\/uploads\/Massagetafels\/Accessoires\/Hoeslakens-overtrekken\/microvezel-fleece-deken-espresso-massagetafel.jpg","datePublished":"2020-08-11T11:49:58+00:00","description":"La couverture polaire microfibre Premium d'Earthlite est un plaid polaire double face tr\u00e8s doux qui garde votre cliente au chaud pendant votre massage.","breadcrumb":{"@id":"https:\/\/heartfulness.be\/fr\/product\/couverture-polaire-microfibre-premium\/#breadcrumb"},"inLanguage":"fr-FR","potentialAction":[{"@type":"ReadAction","target":["https:\/\/heartfulness.be\/fr\/product\/couverture-polaire-microfibre-premium\/"]}]},{"@type":"ImageObject","inLanguage":"fr-FR","@id":"https:\/\/heartfulness.be\/fr\/product\/couverture-polaire-microfibre-premium\/#primaryimage","url":"https:\/\/heartfulness.be\/wp-content\/uploads\/Massagetafels\/Accessoires\/Hoeslakens-overtrekken\/microvezel-fleece-deken-espresso-massagetafel.jpg","contentUrl":"https:\/\/heartfulness.be\/wp-content\/uploads\/Massagetafels\/Accessoires\/Hoeslakens-overtrekken\/microvezel-fleece-deken-espresso-massagetafel.jpg","width":800,"height":800,"caption":"Couverture polaire microfibre Premium Espresso table de massage"},{"@type":"BreadcrumbList","@id":"https:\/\/heartfulness.be\/fr\/product\/couverture-polaire-microfibre-premium\/#breadcrumb","itemListElement":[{"@type":"ListItem","position":1,"name":"Accueil","item":"https:\/\/heartfulness.be\/fr\/"},{"@type":"ListItem","position":2,"name":"Boutique","item":"https:\/\/heartfulness.be\/fr\/boutique-2\/"},{"@type":"ListItem","position":3,"name":"Couverture polaire microfibre Premium"}]},{"@type":"WebSite","@id":"https:\/\/heartfulness.be\/fr\/#website","url":"https:\/\/heartfulness.be\/fr\/","name":"Levensstroom","description":"Centre de pleine conscience, massage, m\u00e9ditation, spiritualit\u00e9 et psychoth\u00e9rapie","publisher":{"@id":"https:\/\/heartfulness.be\/fr\/#organization"},"potentialAction":[{"@type":"SearchAction","target":{"@type":"EntryPoint","urlTemplate":"https:\/\/heartfulness.be\/fr\/?s={search_term_string}"},"query-input":{"@type":"PropertyValueSpecification","valueRequired":true,"valueName":"search_term_string"}}],"inLanguage":"fr-FR"},{"@type":"Organization","@id":"https:\/\/heartfulness.be\/fr\/#organization","name":"Levensstroom","url":"https:\/\/heartfulness.be\/fr\/","logo":{"@type":"ImageObject","inLanguage":"fr-FR","@id":"https:\/\/heartfulness.be\/fr\/#\/schema\/logo\/image\/","url":"","contentUrl":"","caption":"Levensstroom"},"image":{"@id":"https:\/\/heartfulness.be\/fr\/#\/schema\/logo\/image\/"},"sameAs":["https:\/\/www.facebook.com\/praktijk.levensstroom.9","https:\/\/x.com\/Levensstroom_","https:\/\/www.instagram.com\/levensstroom\/","https:\/\/www.linkedin.com\/in\/dirk-vieren-30862117a\/","https:\/\/www.pinterest.com\/levensstroom\/","https:\/\/www.youtube.com\/user\/MassagesLevensstroom\/"]}]}},"_links":{"self":[{"href":"https:\/\/heartfulness.be\/fr\/wp-json\/wp\/v2\/product\/8573","targetHints":{"allow":["GET"]}}],"collection":[{"href":"https:\/\/heartfulness.be\/fr\/wp-json\/wp\/v2\/product"}],"about":[{"href":"https:\/\/heartfulness.be\/fr\/wp-json\/wp\/v2\/types\/product"}],"replies":[{"embeddable":true,"href":"https:\/\/heartfulness.be\/fr\/wp-json\/wp\/v2\/comments?post=8573"}],"version-history":[{"count":0,"href":"https:\/\/heartfulness.be\/fr\/wp-json\/wp\/v2\/product\/8573\/revisions"}],"wp:featuredmedia":[{"embeddable":true,"href":"https:\/\/heartfulness.be\/fr\/wp-json\/wp\/v2\/media\/8510"}],"wp:attachment":[{"href":"https:\/\/heartfulness.be\/fr\/wp-json\/wp\/v2\/media?parent=8573"}],"wp:term":[{"taxonomy":"product_brand","embeddable":true,"href":"https:\/\/heartfulness.be\/fr\/wp-json\/wp\/v2\/product_brand?post=8573"},{"taxonomy":"product_cat","embeddable":true,"href":"https:\/\/heartfulness.be\/fr\/wp-json\/wp\/v2\/product_cat?post=8573"},{"taxonomy":"product_tag","embeddable":true,"href":"https:\/\/heartfulness.be\/fr\/wp-json\/wp\/v2\/product_tag?post=8573"}],"curies":[{"name":"wp","href":"https:\/\/api.w.org\/{rel}","templated":true}]}}