{"id":8602,"date":"2020-08-10T23:53:01","date_gmt":"2020-08-10T21:53:01","guid":{"rendered":"https:\/\/heartfulness.be\/shop\/non%20class\u00e9\/set-en-peau-de-mouton-deluxe\/"},"modified":"2026-03-28T20:53:27","modified_gmt":"2026-03-28T18:53:27","slug":"ensemble-deluxe-en-peau-de-mouton","status":"publish","type":"product","link":"https:\/\/heartfulness.be\/fr\/product\/ensemble-deluxe-en-peau-de-mouton\/","title":{"rendered":"Ensemble Deluxe en peau de mouton"},"content":{"rendered":"<p><strong>Caract\u00e9ristiques ensemble Deluxe en peau de mouton<\/strong><\/p>\n<ul>\n<li>Dimensions: couverture en polaire 75 cm x 184 cm, adapt\u00e9e aux tables de massage de largeur de 71 \u00e0 76 cm et de 185 \u00e0 192 cm de long.<\/li>\n<li>Ensemble de table de massage Deluxe en peau de mouton doux de 2,5 cm d\u2019\u00e9paisseur<\/li>\n<li>Parfaitement ajust\u00e9 autour des coins et des c\u00f4t\u00e9s, en partie gr\u00e2ce \u00e0 l\u2019\u00e9lastique<\/li>\n<li>\u00c9lastique tout autour<\/li>\n<li>Compos\u00e9 d\u2019un couvercle de table et d\u2019un couvre-t\u00eate<\/li>\n<li>Cela apporte une grande valeur \u00e0 votre table de massage gr\u00e2ce \u00e0 une protection suppl\u00e9mentaire<\/li>\n<li>Adapt\u00e9 \u00e0 la machine \u00e0 laver et au s\u00e8che-linge<\/li>\n<li>Convient \u00e0 la plupart des tables de massage<\/li>\n<\/ul>\n","protected":false},"excerpt":{"rendered":"<p>Cette couverture en polaire douce et cet oreiller d\u2019appui-t\u00eate en polaire apportent de la chaleur en hiver et de la fra\u00eecheur en \u00e9t\u00e9. Le confortable ensemble de table de massage Deluxe en peau de mouton dans un caract\u00e8re cuir d\u2019agneau convient \u00e0 toutes les tables de massage portables et fixes. Ces toisons sont synth\u00e9tiques (toison) et donc lavables. Pour des raisons d\u2019hygi\u00e8ne, je recommande de placer un drap-housse ou une housse de table sur la couverture en peau de mouton pendant le traitement. La toison peut \u00eatre lav\u00e9e froidement avec un d\u00e9tergent doux, pas avec un s\u00e8che-linge.<\/p>\n","protected":false},"featured_media":6993,"comment_status":"open","ping_status":"closed","template":"","meta":[],"product_brand":[],"product_cat":[348,358],"product_tag":[307],"class_list":{"0":"post-8602","1":"product","2":"type-product","3":"status-publish","4":"has-post-thumbnail","6":"product_cat-accessoires-fr","7":"product_cat-draps-housses-couvertures","8":"product_tag-earthlite-fr","9":"product_shipping_class-gls-fr","11":"first","12":"instock","13":"taxable","14":"shipping-taxable","15":"purchasable","16":"product-type-simple"},"yoast_head":"<!-- This site is optimized with the Yoast SEO plugin v27.6 - https:\/\/yoast.com\/product\/yoast-seo-wordpress\/ -->\n<title>Ensemble Deluxe en peau de mouton &#8902; Levensstroom<\/title>\n<meta name=\"description\" content=\"Ensemble Deluxe en peau de mouton est une housse \u00e9paisse et douce en polaire, plac\u00e9e par-dessus la table de massage et l\u2019appuie-t\u00eate.\" \/>\n<meta name=\"robots\" content=\"index, follow, max-snippet:-1, max-image-preview:large, max-video-preview:-1\" \/>\n<link rel=\"canonical\" href=\"https:\/\/heartfulness.be\/fr\/product\/ensemble-deluxe-en-peau-de-mouton\/\" \/>\n<meta property=\"og:locale\" content=\"fr_FR\" \/>\n<meta property=\"og:type\" content=\"article\" \/>\n<meta property=\"og:title\" content=\"Ensemble Deluxe en peau de mouton &#8902; Levensstroom\" \/>\n<meta property=\"og:description\" content=\"Ensemble Deluxe en peau de mouton est une housse \u00e9paisse et douce en polaire, plac\u00e9e par-dessus la table de massage et l\u2019appuie-t\u00eate.\" \/>\n<meta property=\"og:url\" content=\"https:\/\/heartfulness.be\/fr\/product\/ensemble-deluxe-en-peau-de-mouton\/\" \/>\n<meta property=\"og:site_name\" content=\"Levensstroom\" \/>\n<meta property=\"article:publisher\" content=\"https:\/\/www.facebook.com\/praktijk.levensstroom.9\" \/>\n<meta property=\"article:modified_time\" content=\"2026-03-28T18:53:27+00:00\" \/>\n<meta property=\"og:image\" content=\"https:\/\/heartfulness.be\/wp-content\/uploads\/Massagetafels\/Accessoires\/Hoeslakens-overtrekken\/Deluxe-schapenvacht-set-hand.jpg\" \/>\n\t<meta property=\"og:image:width\" content=\"800\" \/>\n\t<meta property=\"og:image:height\" content=\"800\" \/>\n\t<meta property=\"og:image:type\" content=\"image\/jpeg\" \/>\n<meta name=\"twitter:card\" content=\"summary_large_image\" \/>\n<meta name=\"twitter:site\" content=\"@Levensstroom_\" \/>\n<meta name=\"twitter:label1\" content=\"Dur\u00e9e de lecture estim\u00e9e\" \/>\n\t<meta name=\"twitter:data1\" content=\"1 minute\" \/>\n<script type=\"application\/ld+json\" class=\"yoast-schema-graph\">{\"@context\":\"https:\\\/\\\/schema.org\",\"@graph\":[{\"@type\":\"WebPage\",\"@id\":\"https:\\\/\\\/heartfulness.be\\\/fr\\\/product\\\/ensemble-deluxe-en-peau-de-mouton\\\/\",\"url\":\"https:\\\/\\\/heartfulness.be\\\/fr\\\/product\\\/ensemble-deluxe-en-peau-de-mouton\\\/\",\"name\":\"Ensemble Deluxe en peau de mouton &#8902; Levensstroom\",\"isPartOf\":{\"@id\":\"https:\\\/\\\/heartfulness.be\\\/fr\\\/#website\"},\"primaryImageOfPage\":{\"@id\":\"https:\\\/\\\/heartfulness.be\\\/fr\\\/product\\\/ensemble-deluxe-en-peau-de-mouton\\\/#primaryimage\"},\"image\":{\"@id\":\"https:\\\/\\\/heartfulness.be\\\/fr\\\/product\\\/ensemble-deluxe-en-peau-de-mouton\\\/#primaryimage\"},\"thumbnailUrl\":\"https:\\\/\\\/heartfulness.be\\\/wp-content\\\/uploads\\\/Massagetafels\\\/Accessoires\\\/Hoeslakens-overtrekken\\\/Deluxe-schapenvacht-set-hand.jpg\",\"datePublished\":\"2020-08-10T21:53:01+00:00\",\"dateModified\":\"2026-03-28T18:53:27+00:00\",\"description\":\"Ensemble Deluxe en peau de mouton est une housse \u00e9paisse et douce en polaire, plac\u00e9e par-dessus la table de massage et l\u2019appuie-t\u00eate.\",\"breadcrumb\":{\"@id\":\"https:\\\/\\\/heartfulness.be\\\/fr\\\/product\\\/ensemble-deluxe-en-peau-de-mouton\\\/#breadcrumb\"},\"inLanguage\":\"fr-FR\",\"potentialAction\":[{\"@type\":\"ReadAction\",\"target\":[\"https:\\\/\\\/heartfulness.be\\\/fr\\\/product\\\/ensemble-deluxe-en-peau-de-mouton\\\/\"]}]},{\"@type\":\"ImageObject\",\"inLanguage\":\"fr-FR\",\"@id\":\"https:\\\/\\\/heartfulness.be\\\/fr\\\/product\\\/ensemble-deluxe-en-peau-de-mouton\\\/#primaryimage\",\"url\":\"https:\\\/\\\/heartfulness.be\\\/wp-content\\\/uploads\\\/Massagetafels\\\/Accessoires\\\/Hoeslakens-overtrekken\\\/Deluxe-schapenvacht-set-hand.jpg\",\"contentUrl\":\"https:\\\/\\\/heartfulness.be\\\/wp-content\\\/uploads\\\/Massagetafels\\\/Accessoires\\\/Hoeslakens-overtrekken\\\/Deluxe-schapenvacht-set-hand.jpg\",\"width\":800,\"height\":800,\"caption\":\"Set en peau de mouton Deluxe doux\"},{\"@type\":\"BreadcrumbList\",\"@id\":\"https:\\\/\\\/heartfulness.be\\\/fr\\\/product\\\/ensemble-deluxe-en-peau-de-mouton\\\/#breadcrumb\",\"itemListElement\":[{\"@type\":\"ListItem\",\"position\":1,\"name\":\"Accueil\",\"item\":\"https:\\\/\\\/heartfulness.be\\\/fr\\\/\"},{\"@type\":\"ListItem\",\"position\":2,\"name\":\"Boutique\",\"item\":\"https:\\\/\\\/heartfulness.be\\\/fr\\\/boutique\\\/\"},{\"@type\":\"ListItem\",\"position\":3,\"name\":\"Ensemble Deluxe en peau de mouton\"}]},{\"@type\":\"WebSite\",\"@id\":\"https:\\\/\\\/heartfulness.be\\\/fr\\\/#website\",\"url\":\"https:\\\/\\\/heartfulness.be\\\/fr\\\/\",\"name\":\"Levensstroom\",\"description\":\"Centre de pleine conscience, massage, m\u00e9ditation, spiritualit\u00e9 et psychoth\u00e9rapie\",\"publisher\":{\"@id\":\"https:\\\/\\\/heartfulness.be\\\/fr\\\/#organization\"},\"potentialAction\":[{\"@type\":\"SearchAction\",\"target\":{\"@type\":\"EntryPoint\",\"urlTemplate\":\"https:\\\/\\\/heartfulness.be\\\/fr\\\/?s={search_term_string}\"},\"query-input\":{\"@type\":\"PropertyValueSpecification\",\"valueRequired\":true,\"valueName\":\"search_term_string\"}}],\"inLanguage\":\"fr-FR\"},{\"@type\":\"Organization\",\"@id\":\"https:\\\/\\\/heartfulness.be\\\/fr\\\/#organization\",\"name\":\"Levensstroom\",\"url\":\"https:\\\/\\\/heartfulness.be\\\/fr\\\/\",\"logo\":{\"@type\":\"ImageObject\",\"inLanguage\":\"fr-FR\",\"@id\":\"https:\\\/\\\/heartfulness.be\\\/fr\\\/#\\\/schema\\\/logo\\\/image\\\/\",\"url\":\"\",\"contentUrl\":\"\",\"caption\":\"Levensstroom\"},\"image\":{\"@id\":\"https:\\\/\\\/heartfulness.be\\\/fr\\\/#\\\/schema\\\/logo\\\/image\\\/\"},\"sameAs\":[\"https:\\\/\\\/www.facebook.com\\\/praktijk.levensstroom.9\",\"https:\\\/\\\/x.com\\\/Levensstroom_\",\"https:\\\/\\\/www.instagram.com\\\/levensstroom\\\/\",\"https:\\\/\\\/www.linkedin.com\\\/in\\\/dirk-vieren-30862117a\\\/\",\"https:\\\/\\\/www.pinterest.com\\\/levensstroom\\\/\",\"https:\\\/\\\/www.youtube.com\\\/user\\\/MassagesLevensstroom\\\/\"]}]}<\/script>\n<!-- \/ Yoast SEO plugin. -->","yoast_head_json":{"title":"Ensemble Deluxe en peau de mouton &#8902; Levensstroom","description":"Ensemble Deluxe en peau de mouton est une housse \u00e9paisse et douce en polaire, plac\u00e9e par-dessus la table de massage et l\u2019appuie-t\u00eate.","robots":{"index":"index","follow":"follow","max-snippet":"max-snippet:-1","max-image-preview":"max-image-preview:large","max-video-preview":"max-video-preview:-1"},"canonical":"https:\/\/heartfulness.be\/fr\/product\/ensemble-deluxe-en-peau-de-mouton\/","og_locale":"fr_FR","og_type":"article","og_title":"Ensemble Deluxe en peau de mouton &#8902; Levensstroom","og_description":"Ensemble Deluxe en peau de mouton est une housse \u00e9paisse et douce en polaire, plac\u00e9e par-dessus la table de massage et l\u2019appuie-t\u00eate.","og_url":"https:\/\/heartfulness.be\/fr\/product\/ensemble-deluxe-en-peau-de-mouton\/","og_site_name":"Levensstroom","article_publisher":"https:\/\/www.facebook.com\/praktijk.levensstroom.9","article_modified_time":"2026-03-28T18:53:27+00:00","og_image":[{"width":800,"height":800,"url":"https:\/\/heartfulness.be\/wp-content\/uploads\/Massagetafels\/Accessoires\/Hoeslakens-overtrekken\/Deluxe-schapenvacht-set-hand.jpg","type":"image\/jpeg"}],"twitter_card":"summary_large_image","twitter_site":"@Levensstroom_","twitter_misc":{"Dur\u00e9e de lecture estim\u00e9e":"1 minute"},"schema":{"@context":"https:\/\/schema.org","@graph":[{"@type":"WebPage","@id":"https:\/\/heartfulness.be\/fr\/product\/ensemble-deluxe-en-peau-de-mouton\/","url":"https:\/\/heartfulness.be\/fr\/product\/ensemble-deluxe-en-peau-de-mouton\/","name":"Ensemble Deluxe en peau de mouton &#8902; Levensstroom","isPartOf":{"@id":"https:\/\/heartfulness.be\/fr\/#website"},"primaryImageOfPage":{"@id":"https:\/\/heartfulness.be\/fr\/product\/ensemble-deluxe-en-peau-de-mouton\/#primaryimage"},"image":{"@id":"https:\/\/heartfulness.be\/fr\/product\/ensemble-deluxe-en-peau-de-mouton\/#primaryimage"},"thumbnailUrl":"https:\/\/heartfulness.be\/wp-content\/uploads\/Massagetafels\/Accessoires\/Hoeslakens-overtrekken\/Deluxe-schapenvacht-set-hand.jpg","datePublished":"2020-08-10T21:53:01+00:00","dateModified":"2026-03-28T18:53:27+00:00","description":"Ensemble Deluxe en peau de mouton est une housse \u00e9paisse et douce en polaire, plac\u00e9e par-dessus la table de massage et l\u2019appuie-t\u00eate.","breadcrumb":{"@id":"https:\/\/heartfulness.be\/fr\/product\/ensemble-deluxe-en-peau-de-mouton\/#breadcrumb"},"inLanguage":"fr-FR","potentialAction":[{"@type":"ReadAction","target":["https:\/\/heartfulness.be\/fr\/product\/ensemble-deluxe-en-peau-de-mouton\/"]}]},{"@type":"ImageObject","inLanguage":"fr-FR","@id":"https:\/\/heartfulness.be\/fr\/product\/ensemble-deluxe-en-peau-de-mouton\/#primaryimage","url":"https:\/\/heartfulness.be\/wp-content\/uploads\/Massagetafels\/Accessoires\/Hoeslakens-overtrekken\/Deluxe-schapenvacht-set-hand.jpg","contentUrl":"https:\/\/heartfulness.be\/wp-content\/uploads\/Massagetafels\/Accessoires\/Hoeslakens-overtrekken\/Deluxe-schapenvacht-set-hand.jpg","width":800,"height":800,"caption":"Set en peau de mouton Deluxe doux"},{"@type":"BreadcrumbList","@id":"https:\/\/heartfulness.be\/fr\/product\/ensemble-deluxe-en-peau-de-mouton\/#breadcrumb","itemListElement":[{"@type":"ListItem","position":1,"name":"Accueil","item":"https:\/\/heartfulness.be\/fr\/"},{"@type":"ListItem","position":2,"name":"Boutique","item":"https:\/\/heartfulness.be\/fr\/boutique\/"},{"@type":"ListItem","position":3,"name":"Ensemble Deluxe en peau de mouton"}]},{"@type":"WebSite","@id":"https:\/\/heartfulness.be\/fr\/#website","url":"https:\/\/heartfulness.be\/fr\/","name":"Levensstroom","description":"Centre de pleine conscience, massage, m\u00e9ditation, spiritualit\u00e9 et psychoth\u00e9rapie","publisher":{"@id":"https:\/\/heartfulness.be\/fr\/#organization"},"potentialAction":[{"@type":"SearchAction","target":{"@type":"EntryPoint","urlTemplate":"https:\/\/heartfulness.be\/fr\/?s={search_term_string}"},"query-input":{"@type":"PropertyValueSpecification","valueRequired":true,"valueName":"search_term_string"}}],"inLanguage":"fr-FR"},{"@type":"Organization","@id":"https:\/\/heartfulness.be\/fr\/#organization","name":"Levensstroom","url":"https:\/\/heartfulness.be\/fr\/","logo":{"@type":"ImageObject","inLanguage":"fr-FR","@id":"https:\/\/heartfulness.be\/fr\/#\/schema\/logo\/image\/","url":"","contentUrl":"","caption":"Levensstroom"},"image":{"@id":"https:\/\/heartfulness.be\/fr\/#\/schema\/logo\/image\/"},"sameAs":["https:\/\/www.facebook.com\/praktijk.levensstroom.9","https:\/\/x.com\/Levensstroom_","https:\/\/www.instagram.com\/levensstroom\/","https:\/\/www.linkedin.com\/in\/dirk-vieren-30862117a\/","https:\/\/www.pinterest.com\/levensstroom\/","https:\/\/www.youtube.com\/user\/MassagesLevensstroom\/"]}]}},"jetpack_sharing_enabled":true,"jetpack_likes_enabled":true,"_links":{"self":[{"href":"https:\/\/heartfulness.be\/fr\/wp-json\/wp\/v2\/product\/8602","targetHints":{"allow":["GET"]}}],"collection":[{"href":"https:\/\/heartfulness.be\/fr\/wp-json\/wp\/v2\/product"}],"about":[{"href":"https:\/\/heartfulness.be\/fr\/wp-json\/wp\/v2\/types\/product"}],"replies":[{"embeddable":true,"href":"https:\/\/heartfulness.be\/fr\/wp-json\/wp\/v2\/comments?post=8602"}],"version-history":[{"count":2,"href":"https:\/\/heartfulness.be\/fr\/wp-json\/wp\/v2\/product\/8602\/revisions"}],"predecessor-version":[{"id":28997,"href":"https:\/\/heartfulness.be\/fr\/wp-json\/wp\/v2\/product\/8602\/revisions\/28997"}],"wp:featuredmedia":[{"embeddable":true,"href":"https:\/\/heartfulness.be\/fr\/wp-json\/wp\/v2\/media\/6993"}],"wp:attachment":[{"href":"https:\/\/heartfulness.be\/fr\/wp-json\/wp\/v2\/media?parent=8602"}],"wp:term":[{"taxonomy":"product_brand","embeddable":true,"href":"https:\/\/heartfulness.be\/fr\/wp-json\/wp\/v2\/product_brand?post=8602"},{"taxonomy":"product_cat","embeddable":true,"href":"https:\/\/heartfulness.be\/fr\/wp-json\/wp\/v2\/product_cat?post=8602"},{"taxonomy":"product_tag","embeddable":true,"href":"https:\/\/heartfulness.be\/fr\/wp-json\/wp\/v2\/product_tag?post=8602"}],"curies":[{"name":"wp","href":"https:\/\/api.w.org\/{rel}","templated":true}]}}