{"id":9392,"date":"2020-08-11T13:50:22","date_gmt":"2020-08-11T11:50:22","guid":{"rendered":"https:\/\/heartfulness.be\/shop\/non class\u00e9\/traversin-confort\/"},"modified":"2020-08-11T13:50:22","modified_gmt":"2020-08-11T11:50:22","slug":"traversin-confort","status":"publish","type":"product","link":"https:\/\/heartfulness.be\/fr\/product\/traversin-confort\/","title":{"rendered":"Traversin Confort"},"content":{"rendered":"<p><strong>Caract\u00e9ristiques du traversin Confort<\/strong><\/p>\n<ul>\n<li>Disponible en 4 couleurs de rembourrage NaturSoft \u2122 standard: noir, gris, beige Marie et cr\u00e8me vanille.<\/li>\n<li>Peut \u00eatre utilis\u00e9 sur n&rsquo;importe quelle surface plane<\/li>\n<li>Rembourrage en mousse souple de 7,5 cm<\/li>\n<\/ul>\n","protected":false},"excerpt":{"rendered":"<p>Le <strong>traversin Confort<\/strong> d&rsquo;Earthlite est un traversin souple rempli de mousse con\u00e7u pour les femmes. Il offre un confort et un soutien suppl\u00e9mentaires aux seins lorsqu&rsquo;ils sont sur le ventre. Et cet oreiller de poitrine aide \u00e0 soulager les tensions musculaires. Dans le m\u00eame temps, cet oreiller offre un soutien suppl\u00e9mentaire et am\u00e9liore la circulation pendant le massage. Cela fonctionne \u00e9galement bien pour les clientes qui ont r\u00e9cemment subi une chirurgie mammaire. Le support de confort est une excellente alternative \u00e0 une table de d\u00e9coupe de poitrine personnalis\u00e9e et peut \u00eatre utilis\u00e9 sur des tables portables et fixes.<\/p>\n<p>Le traversin Confort d&rsquo;Earthlite est envelopp\u00e9 d&rsquo;un riche rembourrage Natursoft, qui est sans CDC, r\u00e9sistant \u00e0 l&rsquo;huile et aux taches et offre une surface facile \u00e0 nettoyer. Le coussin confort est disponible en diff\u00e9rentes couleurs pour s&rsquo;agencer \u00e0 votre table de massage ou \u00e0 votre int\u00e9rieur. Complet avec une garantie limit\u00e9e, le coussin de confort est durable, doux au toucher et durable!<\/p>\n","protected":false},"featured_media":9222,"comment_status":"closed","ping_status":"closed","template":"","meta":[],"product_brand":[],"product_cat":[348,361],"product_tag":[307],"class_list":{"0":"post-9392","1":"product","2":"type-product","3":"status-publish","4":"has-post-thumbnail","6":"product_cat-accessoires-fr","7":"product_cat-bolsters","8":"product_tag-earthlite-fr","9":"product_shipping_class-gls-fr","11":"first","12":"instock","13":"taxable","14":"shipping-taxable","15":"purchasable","16":"product-type-variable"},"yoast_head":"<!-- This site is optimized with the Yoast SEO plugin v27.4 - https:\/\/yoast.com\/product\/yoast-seo-wordpress\/ -->\n<title>Traversin Confort pour soutenir les seins &#8902; Levensstroom<\/title>\n<meta name=\"description\" content=\"Le traversin Confort d&#039;Earthlite est un traversin souple rempli de mousse con\u00e7u pour les femmes. Il offre un confort et un soutien suppl\u00e9mentaires pour les seins.\" \/>\n<meta name=\"robots\" content=\"index, follow, max-snippet:-1, max-image-preview:large, max-video-preview:-1\" \/>\n<link rel=\"canonical\" href=\"https:\/\/heartfulness.be\/fr\/product\/traversin-confort\/\" \/>\n<meta property=\"og:locale\" content=\"fr_FR\" \/>\n<meta property=\"og:type\" content=\"article\" \/>\n<meta property=\"og:title\" content=\"Traversin Confort pour soutenir les seins &#8902; Levensstroom\" \/>\n<meta property=\"og:description\" content=\"Le traversin Confort d&#039;Earthlite est un traversin souple rempli de mousse con\u00e7u pour les femmes. Il offre un confort et un soutien suppl\u00e9mentaires pour les seins.\" \/>\n<meta property=\"og:url\" content=\"https:\/\/heartfulness.be\/fr\/product\/traversin-confort\/\" \/>\n<meta property=\"og:site_name\" content=\"Levensstroom\" \/>\n<meta property=\"article:publisher\" content=\"https:\/\/www.facebook.com\/praktijk.levensstroom.9\" \/>\n<meta property=\"og:image\" content=\"https:\/\/heartfulness.be\/wp-content\/uploads\/Massagetafels\/Bolsters\/comfort-bolster-maries-beige.jpg\" \/>\n\t<meta property=\"og:image:width\" content=\"800\" \/>\n\t<meta property=\"og:image:height\" content=\"800\" \/>\n\t<meta property=\"og:image:type\" content=\"image\/jpeg\" \/>\n<meta name=\"twitter:card\" content=\"summary_large_image\" \/>\n<meta name=\"twitter:site\" content=\"@Levensstroom_\" \/>\n<script type=\"application\/ld+json\" class=\"yoast-schema-graph\">{\"@context\":\"https:\\\/\\\/schema.org\",\"@graph\":[{\"@type\":\"WebPage\",\"@id\":\"https:\\\/\\\/heartfulness.be\\\/fr\\\/product\\\/traversin-confort\\\/\",\"url\":\"https:\\\/\\\/heartfulness.be\\\/fr\\\/product\\\/traversin-confort\\\/\",\"name\":\"Traversin Confort pour soutenir les seins &#8902; Levensstroom\",\"isPartOf\":{\"@id\":\"https:\\\/\\\/heartfulness.be\\\/fr\\\/#website\"},\"primaryImageOfPage\":{\"@id\":\"https:\\\/\\\/heartfulness.be\\\/fr\\\/product\\\/traversin-confort\\\/#primaryimage\"},\"image\":{\"@id\":\"https:\\\/\\\/heartfulness.be\\\/fr\\\/product\\\/traversin-confort\\\/#primaryimage\"},\"thumbnailUrl\":\"https:\\\/\\\/heartfulness.be\\\/wp-content\\\/uploads\\\/Massagetafels\\\/Bolsters\\\/comfort-bolster-maries-beige.jpg\",\"datePublished\":\"2020-08-11T11:50:22+00:00\",\"description\":\"Le traversin Confort d'Earthlite est un traversin souple rempli de mousse con\u00e7u pour les femmes. Il offre un confort et un soutien suppl\u00e9mentaires pour les seins.\",\"breadcrumb\":{\"@id\":\"https:\\\/\\\/heartfulness.be\\\/fr\\\/product\\\/traversin-confort\\\/#breadcrumb\"},\"inLanguage\":\"fr-FR\",\"potentialAction\":[{\"@type\":\"ReadAction\",\"target\":[\"https:\\\/\\\/heartfulness.be\\\/fr\\\/product\\\/traversin-confort\\\/\"]}]},{\"@type\":\"ImageObject\",\"inLanguage\":\"fr-FR\",\"@id\":\"https:\\\/\\\/heartfulness.be\\\/fr\\\/product\\\/traversin-confort\\\/#primaryimage\",\"url\":\"https:\\\/\\\/heartfulness.be\\\/wp-content\\\/uploads\\\/Massagetafels\\\/Bolsters\\\/comfort-bolster-maries-beige.jpg\",\"contentUrl\":\"https:\\\/\\\/heartfulness.be\\\/wp-content\\\/uploads\\\/Massagetafels\\\/Bolsters\\\/comfort-bolster-maries-beige.jpg\",\"width\":800,\"height\":800,\"caption\":\"traversin Confort marie's beige pour les seins\"},{\"@type\":\"BreadcrumbList\",\"@id\":\"https:\\\/\\\/heartfulness.be\\\/fr\\\/product\\\/traversin-confort\\\/#breadcrumb\",\"itemListElement\":[{\"@type\":\"ListItem\",\"position\":1,\"name\":\"Accueil\",\"item\":\"https:\\\/\\\/heartfulness.be\\\/fr\\\/\"},{\"@type\":\"ListItem\",\"position\":2,\"name\":\"Boutique\",\"item\":\"https:\\\/\\\/heartfulness.be\\\/fr\\\/boutique-2\\\/\"},{\"@type\":\"ListItem\",\"position\":3,\"name\":\"Traversin Confort\"}]},{\"@type\":\"WebSite\",\"@id\":\"https:\\\/\\\/heartfulness.be\\\/fr\\\/#website\",\"url\":\"https:\\\/\\\/heartfulness.be\\\/fr\\\/\",\"name\":\"Levensstroom\",\"description\":\"Centre de pleine conscience, massage, m\u00e9ditation, spiritualit\u00e9 et psychoth\u00e9rapie\",\"publisher\":{\"@id\":\"https:\\\/\\\/heartfulness.be\\\/fr\\\/#organization\"},\"potentialAction\":[{\"@type\":\"SearchAction\",\"target\":{\"@type\":\"EntryPoint\",\"urlTemplate\":\"https:\\\/\\\/heartfulness.be\\\/fr\\\/?s={search_term_string}\"},\"query-input\":{\"@type\":\"PropertyValueSpecification\",\"valueRequired\":true,\"valueName\":\"search_term_string\"}}],\"inLanguage\":\"fr-FR\"},{\"@type\":\"Organization\",\"@id\":\"https:\\\/\\\/heartfulness.be\\\/fr\\\/#organization\",\"name\":\"Levensstroom\",\"url\":\"https:\\\/\\\/heartfulness.be\\\/fr\\\/\",\"logo\":{\"@type\":\"ImageObject\",\"inLanguage\":\"fr-FR\",\"@id\":\"https:\\\/\\\/heartfulness.be\\\/fr\\\/#\\\/schema\\\/logo\\\/image\\\/\",\"url\":\"\",\"contentUrl\":\"\",\"caption\":\"Levensstroom\"},\"image\":{\"@id\":\"https:\\\/\\\/heartfulness.be\\\/fr\\\/#\\\/schema\\\/logo\\\/image\\\/\"},\"sameAs\":[\"https:\\\/\\\/www.facebook.com\\\/praktijk.levensstroom.9\",\"https:\\\/\\\/x.com\\\/Levensstroom_\",\"https:\\\/\\\/www.instagram.com\\\/levensstroom\\\/\",\"https:\\\/\\\/www.linkedin.com\\\/in\\\/dirk-vieren-30862117a\\\/\",\"https:\\\/\\\/www.pinterest.com\\\/levensstroom\\\/\",\"https:\\\/\\\/www.youtube.com\\\/user\\\/MassagesLevensstroom\\\/\"]}]}<\/script>\n<!-- \/ Yoast SEO plugin. -->","yoast_head_json":{"title":"Traversin Confort pour soutenir les seins &#8902; Levensstroom","description":"Le traversin Confort d'Earthlite est un traversin souple rempli de mousse con\u00e7u pour les femmes. Il offre un confort et un soutien suppl\u00e9mentaires pour les seins.","robots":{"index":"index","follow":"follow","max-snippet":"max-snippet:-1","max-image-preview":"max-image-preview:large","max-video-preview":"max-video-preview:-1"},"canonical":"https:\/\/heartfulness.be\/fr\/product\/traversin-confort\/","og_locale":"fr_FR","og_type":"article","og_title":"Traversin Confort pour soutenir les seins &#8902; Levensstroom","og_description":"Le traversin Confort d'Earthlite est un traversin souple rempli de mousse con\u00e7u pour les femmes. Il offre un confort et un soutien suppl\u00e9mentaires pour les seins.","og_url":"https:\/\/heartfulness.be\/fr\/product\/traversin-confort\/","og_site_name":"Levensstroom","article_publisher":"https:\/\/www.facebook.com\/praktijk.levensstroom.9","og_image":[{"width":800,"height":800,"url":"https:\/\/heartfulness.be\/wp-content\/uploads\/Massagetafels\/Bolsters\/comfort-bolster-maries-beige.jpg","type":"image\/jpeg"}],"twitter_card":"summary_large_image","twitter_site":"@Levensstroom_","schema":{"@context":"https:\/\/schema.org","@graph":[{"@type":"WebPage","@id":"https:\/\/heartfulness.be\/fr\/product\/traversin-confort\/","url":"https:\/\/heartfulness.be\/fr\/product\/traversin-confort\/","name":"Traversin Confort pour soutenir les seins &#8902; Levensstroom","isPartOf":{"@id":"https:\/\/heartfulness.be\/fr\/#website"},"primaryImageOfPage":{"@id":"https:\/\/heartfulness.be\/fr\/product\/traversin-confort\/#primaryimage"},"image":{"@id":"https:\/\/heartfulness.be\/fr\/product\/traversin-confort\/#primaryimage"},"thumbnailUrl":"https:\/\/heartfulness.be\/wp-content\/uploads\/Massagetafels\/Bolsters\/comfort-bolster-maries-beige.jpg","datePublished":"2020-08-11T11:50:22+00:00","description":"Le traversin Confort d'Earthlite est un traversin souple rempli de mousse con\u00e7u pour les femmes. Il offre un confort et un soutien suppl\u00e9mentaires pour les seins.","breadcrumb":{"@id":"https:\/\/heartfulness.be\/fr\/product\/traversin-confort\/#breadcrumb"},"inLanguage":"fr-FR","potentialAction":[{"@type":"ReadAction","target":["https:\/\/heartfulness.be\/fr\/product\/traversin-confort\/"]}]},{"@type":"ImageObject","inLanguage":"fr-FR","@id":"https:\/\/heartfulness.be\/fr\/product\/traversin-confort\/#primaryimage","url":"https:\/\/heartfulness.be\/wp-content\/uploads\/Massagetafels\/Bolsters\/comfort-bolster-maries-beige.jpg","contentUrl":"https:\/\/heartfulness.be\/wp-content\/uploads\/Massagetafels\/Bolsters\/comfort-bolster-maries-beige.jpg","width":800,"height":800,"caption":"traversin Confort marie's beige pour les seins"},{"@type":"BreadcrumbList","@id":"https:\/\/heartfulness.be\/fr\/product\/traversin-confort\/#breadcrumb","itemListElement":[{"@type":"ListItem","position":1,"name":"Accueil","item":"https:\/\/heartfulness.be\/fr\/"},{"@type":"ListItem","position":2,"name":"Boutique","item":"https:\/\/heartfulness.be\/fr\/boutique-2\/"},{"@type":"ListItem","position":3,"name":"Traversin Confort"}]},{"@type":"WebSite","@id":"https:\/\/heartfulness.be\/fr\/#website","url":"https:\/\/heartfulness.be\/fr\/","name":"Levensstroom","description":"Centre de pleine conscience, massage, m\u00e9ditation, spiritualit\u00e9 et psychoth\u00e9rapie","publisher":{"@id":"https:\/\/heartfulness.be\/fr\/#organization"},"potentialAction":[{"@type":"SearchAction","target":{"@type":"EntryPoint","urlTemplate":"https:\/\/heartfulness.be\/fr\/?s={search_term_string}"},"query-input":{"@type":"PropertyValueSpecification","valueRequired":true,"valueName":"search_term_string"}}],"inLanguage":"fr-FR"},{"@type":"Organization","@id":"https:\/\/heartfulness.be\/fr\/#organization","name":"Levensstroom","url":"https:\/\/heartfulness.be\/fr\/","logo":{"@type":"ImageObject","inLanguage":"fr-FR","@id":"https:\/\/heartfulness.be\/fr\/#\/schema\/logo\/image\/","url":"","contentUrl":"","caption":"Levensstroom"},"image":{"@id":"https:\/\/heartfulness.be\/fr\/#\/schema\/logo\/image\/"},"sameAs":["https:\/\/www.facebook.com\/praktijk.levensstroom.9","https:\/\/x.com\/Levensstroom_","https:\/\/www.instagram.com\/levensstroom\/","https:\/\/www.linkedin.com\/in\/dirk-vieren-30862117a\/","https:\/\/www.pinterest.com\/levensstroom\/","https:\/\/www.youtube.com\/user\/MassagesLevensstroom\/"]}]}},"_links":{"self":[{"href":"https:\/\/heartfulness.be\/fr\/wp-json\/wp\/v2\/product\/9392","targetHints":{"allow":["GET"]}}],"collection":[{"href":"https:\/\/heartfulness.be\/fr\/wp-json\/wp\/v2\/product"}],"about":[{"href":"https:\/\/heartfulness.be\/fr\/wp-json\/wp\/v2\/types\/product"}],"replies":[{"embeddable":true,"href":"https:\/\/heartfulness.be\/fr\/wp-json\/wp\/v2\/comments?post=9392"}],"version-history":[{"count":0,"href":"https:\/\/heartfulness.be\/fr\/wp-json\/wp\/v2\/product\/9392\/revisions"}],"wp:featuredmedia":[{"embeddable":true,"href":"https:\/\/heartfulness.be\/fr\/wp-json\/wp\/v2\/media\/9222"}],"wp:attachment":[{"href":"https:\/\/heartfulness.be\/fr\/wp-json\/wp\/v2\/media?parent=9392"}],"wp:term":[{"taxonomy":"product_brand","embeddable":true,"href":"https:\/\/heartfulness.be\/fr\/wp-json\/wp\/v2\/product_brand?post=9392"},{"taxonomy":"product_cat","embeddable":true,"href":"https:\/\/heartfulness.be\/fr\/wp-json\/wp\/v2\/product_cat?post=9392"},{"taxonomy":"product_tag","embeddable":true,"href":"https:\/\/heartfulness.be\/fr\/wp-json\/wp\/v2\/product_tag?post=9392"}],"curies":[{"name":"wp","href":"https:\/\/api.w.org\/{rel}","templated":true}]}}