{"id":9523,"date":"2020-08-30T15:25:51","date_gmt":"2020-08-30T13:25:51","guid":{"rendered":"https:\/\/heartfulness.be\/shop\/non class\u00e9\/article-combine-lingettes-dappui-tete-jetables-avec-elastique\/"},"modified":"2020-08-30T15:25:51","modified_gmt":"2020-08-30T13:25:51","slug":"article-combine-lingettes-dappui-tete-jetables-avec-elastique","status":"publish","type":"product","link":"https:\/\/heartfulness.be\/fr\/product\/article-combine-lingettes-dappui-tete-jetables-avec-elastique\/","title":{"rendered":"Article combin\u00e9 Lingettes d&rsquo;appui-t\u00eate jetables avec \u00e9lastique"},"content":{"rendered":"<p>Les lingettes d&rsquo;appui-t\u00eate jetables Universe avec \u00e9lastique sont livr\u00e9es avec 50 housses dans une bo\u00eete facile \u00e0 ouvrir qui les prot\u00e8ge de l&rsquo;humidit\u00e9 et de la contamination ext\u00e9rieure. Peut \u00eatre facilement retir\u00e9 un par un.<\/p>\n<p>FACILE \u00c0 UTILISER ET TAILLE PARFAITE: Les lingettes d&rsquo;appui-t\u00eate jetables Universe avec \u00e9lastique sont faciles \u00e0 utiliser \u00e0 la place des housses en coton ou en flanelle. Le produit s&rsquo;adapte parfaitement \u00e0 toutes les tailles d&rsquo;oreillers demi-lune avec une bande \u00e9lastique. Il n&rsquo;est pas n\u00e9cessaire de d\u00e9chirer ou de faire des trous.<\/p>\n<p>GARDER LES CLIENTS FRAIS ET CONFORTABLES: Le tissu doux et absorbant s&rsquo;adapte \u00e0 la forme de votre oreiller, gardant vos clients au frais et \u00e0 l&rsquo;aise.<\/p>\n<p>S\u00dbR ET SANITAIRE: Les fibres absorbantes de qualit\u00e9 m\u00e9dicale fournissent une barri\u00e8re protectrice entre votre patient et le rev\u00eatement nu.<\/p>\n<ul>\n<li>Facile \u00e0 utiliser, abordable, pratique et doux.<\/li>\n<li>Un moyen simple et peu co\u00fbteux de couvrir l&rsquo;appui-t\u00eate et de le prot\u00e9ger contre les taches de graisse, l&rsquo;huile, les odeurs, &#8230;<\/li>\n<li>Avec une bande \u00e9lastique pour s&rsquo;adapter parfaitement \u00e0 votre appui-t\u00eate.<\/li>\n<li>Emball\u00e9 de mani\u00e8re pratique et professionnelle.<\/li>\n<li>Couleur blanche en stock.<\/li>\n<li>Emball\u00e9 par 50 pi\u00e8ces dans une bo\u00eete.<\/li>\n<li>Convient \u00e0 tout appui-t\u00eate.<\/li>\n<\/ul>\n","protected":false},"excerpt":{"rendered":"<p>Am\u00e9liorez et facilitez le travail \u00e0 la table de massage avec <strong>les lingettes d&rsquo;appui-t\u00eate jetables Universe avec \u00e9lastique<\/strong>. Ils sont faciles \u00e0 utiliser et ont un aspect professionnel. Ces housses d&rsquo;appui-t\u00eate offrent \u00e0 vos clients une couche incroyable de confort sanitaire et de douceur inattendue. Fabriqu\u00e9s \u00e0 partir de fibres absorbantes de qualit\u00e9 m\u00e9dicale et ils restent en place. Ils sont parfaits pour la pratique de massage, le massage sur le pouce et les \u00e9v\u00e9nements \u00e0 rotation rapide.<\/p>\n","protected":false},"featured_media":5702,"comment_status":"closed","ping_status":"closed","template":"","meta":[],"product_brand":[],"product_cat":[388],"product_tag":[343],"class_list":{"0":"post-9523","1":"product","2":"type-product","3":"status-publish","4":"has-post-thumbnail","6":"product_cat-articles-de-combinaison-dunivers","7":"product_tag-universe-fr","9":"first","10":"instock","11":"sale","12":"taxable","13":"shipping-taxable","14":"purchasable","15":"product-type-simple"},"yoast_head":"<!-- This site is optimized with the Yoast SEO plugin v27.6 - https:\/\/yoast.com\/product\/yoast-seo-wordpress\/ -->\n<title>Article combin\u00e9 Lingettes d&#039;appui-t\u00eate jetables avec \u00e9lastique<\/title>\n<meta name=\"description\" content=\"Les lingettes d&#039;appui-t\u00eate jetables Universe avec \u00e9lastique sont faciles \u00e0 utiliser. Fait de fibres absorbantes et restera en place.\" \/>\n<meta name=\"robots\" content=\"noindex, follow\" \/>\n<meta property=\"og:locale\" content=\"fr_FR\" \/>\n<meta property=\"og:type\" content=\"article\" \/>\n<meta property=\"og:title\" content=\"Article combin\u00e9 Lingettes d&#039;appui-t\u00eate jetables avec \u00e9lastique\" \/>\n<meta property=\"og:description\" content=\"Les lingettes d&#039;appui-t\u00eate jetables Universe avec \u00e9lastique sont faciles \u00e0 utiliser. Fait de fibres absorbantes et restera en place.\" \/>\n<meta property=\"og:url\" content=\"https:\/\/heartfulness.be\/fr\/product\/article-combine-lingettes-dappui-tete-jetables-avec-elastique\/\" \/>\n<meta property=\"og:site_name\" content=\"Levensstroom\" \/>\n<meta property=\"article:publisher\" content=\"https:\/\/www.facebook.com\/praktijk.levensstroom.9\" \/>\n<meta property=\"og:image\" content=\"https:\/\/heartfulness.be\/wp-content\/uploads\/Massagetafels\/Hoofdsteunen\/Universe-wegwerp-hoofdsteundoekjes-met-elastiek.jpg\" \/>\n<meta name=\"twitter:card\" content=\"summary_large_image\" \/>\n<meta name=\"twitter:site\" content=\"@Levensstroom_\" \/>\n<meta name=\"twitter:label1\" content=\"Dur\u00e9e de lecture estim\u00e9e\" \/>\n\t<meta name=\"twitter:data1\" content=\"1 minute\" \/>\n<script type=\"application\/ld+json\" class=\"yoast-schema-graph\">{\"@context\":\"https:\\\/\\\/schema.org\",\"@graph\":[{\"@type\":\"WebPage\",\"@id\":\"https:\\\/\\\/heartfulness.be\\\/fr\\\/product\\\/article-combine-lingettes-dappui-tete-jetables-avec-elastique\\\/\",\"url\":\"https:\\\/\\\/heartfulness.be\\\/fr\\\/product\\\/article-combine-lingettes-dappui-tete-jetables-avec-elastique\\\/\",\"name\":\"Article combin\u00e9 Lingettes d'appui-t\u00eate jetables avec \u00e9lastique\",\"isPartOf\":{\"@id\":\"https:\\\/\\\/heartfulness.be\\\/fr\\\/#website\"},\"primaryImageOfPage\":{\"@id\":\"https:\\\/\\\/heartfulness.be\\\/fr\\\/product\\\/article-combine-lingettes-dappui-tete-jetables-avec-elastique\\\/#primaryimage\"},\"image\":{\"@id\":\"https:\\\/\\\/heartfulness.be\\\/fr\\\/product\\\/article-combine-lingettes-dappui-tete-jetables-avec-elastique\\\/#primaryimage\"},\"thumbnailUrl\":\"https:\\\/\\\/heartfulness.be\\\/wp-content\\\/uploads\\\/Massagetafels\\\/Hoofdsteunen\\\/Universe-wegwerp-hoofdsteundoekjes-met-elastiek.jpg\",\"datePublished\":\"2020-08-30T13:25:51+00:00\",\"description\":\"Les lingettes d'appui-t\u00eate jetables Universe avec \u00e9lastique sont faciles \u00e0 utiliser. Fait de fibres absorbantes et restera en place.\",\"breadcrumb\":{\"@id\":\"https:\\\/\\\/heartfulness.be\\\/fr\\\/product\\\/article-combine-lingettes-dappui-tete-jetables-avec-elastique\\\/#breadcrumb\"},\"inLanguage\":\"fr-FR\",\"potentialAction\":[{\"@type\":\"ReadAction\",\"target\":[\"https:\\\/\\\/heartfulness.be\\\/fr\\\/product\\\/article-combine-lingettes-dappui-tete-jetables-avec-elastique\\\/\"]}]},{\"@type\":\"ImageObject\",\"inLanguage\":\"fr-FR\",\"@id\":\"https:\\\/\\\/heartfulness.be\\\/fr\\\/product\\\/article-combine-lingettes-dappui-tete-jetables-avec-elastique\\\/#primaryimage\",\"url\":\"https:\\\/\\\/heartfulness.be\\\/wp-content\\\/uploads\\\/Massagetafels\\\/Hoofdsteunen\\\/Universe-wegwerp-hoofdsteundoekjes-met-elastiek.jpg\",\"contentUrl\":\"https:\\\/\\\/heartfulness.be\\\/wp-content\\\/uploads\\\/Massagetafels\\\/Hoofdsteunen\\\/Universe-wegwerp-hoofdsteundoekjes-met-elastiek.jpg\",\"width\":400,\"height\":400,\"caption\":\"Prot\u00e9ge t\u00eati\u00e8re jetable Universe avec \u00e9lastique\"},{\"@type\":\"BreadcrumbList\",\"@id\":\"https:\\\/\\\/heartfulness.be\\\/fr\\\/product\\\/article-combine-lingettes-dappui-tete-jetables-avec-elastique\\\/#breadcrumb\",\"itemListElement\":[{\"@type\":\"ListItem\",\"position\":1,\"name\":\"Accueil\",\"item\":\"https:\\\/\\\/heartfulness.be\\\/fr\\\/\"},{\"@type\":\"ListItem\",\"position\":2,\"name\":\"Boutique\",\"item\":\"https:\\\/\\\/heartfulness.be\\\/fr\\\/boutique\\\/\"},{\"@type\":\"ListItem\",\"position\":3,\"name\":\"Article combin\u00e9 Lingettes d&#8217;appui-t\u00eate jetables avec \u00e9lastique\"}]},{\"@type\":\"WebSite\",\"@id\":\"https:\\\/\\\/heartfulness.be\\\/fr\\\/#website\",\"url\":\"https:\\\/\\\/heartfulness.be\\\/fr\\\/\",\"name\":\"Levensstroom\",\"description\":\"Centre de pleine conscience, massage, m\u00e9ditation, spiritualit\u00e9 et psychoth\u00e9rapie\",\"publisher\":{\"@id\":\"https:\\\/\\\/heartfulness.be\\\/fr\\\/#organization\"},\"potentialAction\":[{\"@type\":\"SearchAction\",\"target\":{\"@type\":\"EntryPoint\",\"urlTemplate\":\"https:\\\/\\\/heartfulness.be\\\/fr\\\/?s={search_term_string}\"},\"query-input\":{\"@type\":\"PropertyValueSpecification\",\"valueRequired\":true,\"valueName\":\"search_term_string\"}}],\"inLanguage\":\"fr-FR\"},{\"@type\":\"Organization\",\"@id\":\"https:\\\/\\\/heartfulness.be\\\/fr\\\/#organization\",\"name\":\"Levensstroom\",\"url\":\"https:\\\/\\\/heartfulness.be\\\/fr\\\/\",\"logo\":{\"@type\":\"ImageObject\",\"inLanguage\":\"fr-FR\",\"@id\":\"https:\\\/\\\/heartfulness.be\\\/fr\\\/#\\\/schema\\\/logo\\\/image\\\/\",\"url\":\"\",\"contentUrl\":\"\",\"caption\":\"Levensstroom\"},\"image\":{\"@id\":\"https:\\\/\\\/heartfulness.be\\\/fr\\\/#\\\/schema\\\/logo\\\/image\\\/\"},\"sameAs\":[\"https:\\\/\\\/www.facebook.com\\\/praktijk.levensstroom.9\",\"https:\\\/\\\/x.com\\\/Levensstroom_\",\"https:\\\/\\\/www.instagram.com\\\/levensstroom\\\/\",\"https:\\\/\\\/www.linkedin.com\\\/in\\\/dirk-vieren-30862117a\\\/\",\"https:\\\/\\\/www.pinterest.com\\\/levensstroom\\\/\",\"https:\\\/\\\/www.youtube.com\\\/user\\\/MassagesLevensstroom\\\/\"]}]}<\/script>\n<!-- \/ Yoast SEO plugin. -->","yoast_head_json":{"title":"Article combin\u00e9 Lingettes d'appui-t\u00eate jetables avec \u00e9lastique","description":"Les lingettes d'appui-t\u00eate jetables Universe avec \u00e9lastique sont faciles \u00e0 utiliser. Fait de fibres absorbantes et restera en place.","robots":{"index":"noindex","follow":"follow"},"og_locale":"fr_FR","og_type":"article","og_title":"Article combin\u00e9 Lingettes d'appui-t\u00eate jetables avec \u00e9lastique","og_description":"Les lingettes d'appui-t\u00eate jetables Universe avec \u00e9lastique sont faciles \u00e0 utiliser. Fait de fibres absorbantes et restera en place.","og_url":"https:\/\/heartfulness.be\/fr\/product\/article-combine-lingettes-dappui-tete-jetables-avec-elastique\/","og_site_name":"Levensstroom","article_publisher":"https:\/\/www.facebook.com\/praktijk.levensstroom.9","og_image":[{"url":"https:\/\/heartfulness.be\/wp-content\/uploads\/Massagetafels\/Hoofdsteunen\/Universe-wegwerp-hoofdsteundoekjes-met-elastiek.jpg","type":"","width":"","height":""}],"twitter_card":"summary_large_image","twitter_site":"@Levensstroom_","twitter_misc":{"Dur\u00e9e de lecture estim\u00e9e":"1 minute"},"schema":{"@context":"https:\/\/schema.org","@graph":[{"@type":"WebPage","@id":"https:\/\/heartfulness.be\/fr\/product\/article-combine-lingettes-dappui-tete-jetables-avec-elastique\/","url":"https:\/\/heartfulness.be\/fr\/product\/article-combine-lingettes-dappui-tete-jetables-avec-elastique\/","name":"Article combin\u00e9 Lingettes d'appui-t\u00eate jetables avec \u00e9lastique","isPartOf":{"@id":"https:\/\/heartfulness.be\/fr\/#website"},"primaryImageOfPage":{"@id":"https:\/\/heartfulness.be\/fr\/product\/article-combine-lingettes-dappui-tete-jetables-avec-elastique\/#primaryimage"},"image":{"@id":"https:\/\/heartfulness.be\/fr\/product\/article-combine-lingettes-dappui-tete-jetables-avec-elastique\/#primaryimage"},"thumbnailUrl":"https:\/\/heartfulness.be\/wp-content\/uploads\/Massagetafels\/Hoofdsteunen\/Universe-wegwerp-hoofdsteundoekjes-met-elastiek.jpg","datePublished":"2020-08-30T13:25:51+00:00","description":"Les lingettes d'appui-t\u00eate jetables Universe avec \u00e9lastique sont faciles \u00e0 utiliser. Fait de fibres absorbantes et restera en place.","breadcrumb":{"@id":"https:\/\/heartfulness.be\/fr\/product\/article-combine-lingettes-dappui-tete-jetables-avec-elastique\/#breadcrumb"},"inLanguage":"fr-FR","potentialAction":[{"@type":"ReadAction","target":["https:\/\/heartfulness.be\/fr\/product\/article-combine-lingettes-dappui-tete-jetables-avec-elastique\/"]}]},{"@type":"ImageObject","inLanguage":"fr-FR","@id":"https:\/\/heartfulness.be\/fr\/product\/article-combine-lingettes-dappui-tete-jetables-avec-elastique\/#primaryimage","url":"https:\/\/heartfulness.be\/wp-content\/uploads\/Massagetafels\/Hoofdsteunen\/Universe-wegwerp-hoofdsteundoekjes-met-elastiek.jpg","contentUrl":"https:\/\/heartfulness.be\/wp-content\/uploads\/Massagetafels\/Hoofdsteunen\/Universe-wegwerp-hoofdsteundoekjes-met-elastiek.jpg","width":400,"height":400,"caption":"Prot\u00e9ge t\u00eati\u00e8re jetable Universe avec \u00e9lastique"},{"@type":"BreadcrumbList","@id":"https:\/\/heartfulness.be\/fr\/product\/article-combine-lingettes-dappui-tete-jetables-avec-elastique\/#breadcrumb","itemListElement":[{"@type":"ListItem","position":1,"name":"Accueil","item":"https:\/\/heartfulness.be\/fr\/"},{"@type":"ListItem","position":2,"name":"Boutique","item":"https:\/\/heartfulness.be\/fr\/boutique\/"},{"@type":"ListItem","position":3,"name":"Article combin\u00e9 Lingettes d&#8217;appui-t\u00eate jetables avec \u00e9lastique"}]},{"@type":"WebSite","@id":"https:\/\/heartfulness.be\/fr\/#website","url":"https:\/\/heartfulness.be\/fr\/","name":"Levensstroom","description":"Centre de pleine conscience, massage, m\u00e9ditation, spiritualit\u00e9 et psychoth\u00e9rapie","publisher":{"@id":"https:\/\/heartfulness.be\/fr\/#organization"},"potentialAction":[{"@type":"SearchAction","target":{"@type":"EntryPoint","urlTemplate":"https:\/\/heartfulness.be\/fr\/?s={search_term_string}"},"query-input":{"@type":"PropertyValueSpecification","valueRequired":true,"valueName":"search_term_string"}}],"inLanguage":"fr-FR"},{"@type":"Organization","@id":"https:\/\/heartfulness.be\/fr\/#organization","name":"Levensstroom","url":"https:\/\/heartfulness.be\/fr\/","logo":{"@type":"ImageObject","inLanguage":"fr-FR","@id":"https:\/\/heartfulness.be\/fr\/#\/schema\/logo\/image\/","url":"","contentUrl":"","caption":"Levensstroom"},"image":{"@id":"https:\/\/heartfulness.be\/fr\/#\/schema\/logo\/image\/"},"sameAs":["https:\/\/www.facebook.com\/praktijk.levensstroom.9","https:\/\/x.com\/Levensstroom_","https:\/\/www.instagram.com\/levensstroom\/","https:\/\/www.linkedin.com\/in\/dirk-vieren-30862117a\/","https:\/\/www.pinterest.com\/levensstroom\/","https:\/\/www.youtube.com\/user\/MassagesLevensstroom\/"]}]}},"jetpack_sharing_enabled":true,"jetpack_likes_enabled":true,"_links":{"self":[{"href":"https:\/\/heartfulness.be\/fr\/wp-json\/wp\/v2\/product\/9523","targetHints":{"allow":["GET"]}}],"collection":[{"href":"https:\/\/heartfulness.be\/fr\/wp-json\/wp\/v2\/product"}],"about":[{"href":"https:\/\/heartfulness.be\/fr\/wp-json\/wp\/v2\/types\/product"}],"replies":[{"embeddable":true,"href":"https:\/\/heartfulness.be\/fr\/wp-json\/wp\/v2\/comments?post=9523"}],"version-history":[{"count":0,"href":"https:\/\/heartfulness.be\/fr\/wp-json\/wp\/v2\/product\/9523\/revisions"}],"wp:featuredmedia":[{"embeddable":true,"href":"https:\/\/heartfulness.be\/fr\/wp-json\/wp\/v2\/media\/5702"}],"wp:attachment":[{"href":"https:\/\/heartfulness.be\/fr\/wp-json\/wp\/v2\/media?parent=9523"}],"wp:term":[{"taxonomy":"product_brand","embeddable":true,"href":"https:\/\/heartfulness.be\/fr\/wp-json\/wp\/v2\/product_brand?post=9523"},{"taxonomy":"product_cat","embeddable":true,"href":"https:\/\/heartfulness.be\/fr\/wp-json\/wp\/v2\/product_cat?post=9523"},{"taxonomy":"product_tag","embeddable":true,"href":"https:\/\/heartfulness.be\/fr\/wp-json\/wp\/v2\/product_tag?post=9523"}],"curies":[{"name":"wp","href":"https:\/\/api.w.org\/{rel}","templated":true}]}}