{"id":9526,"date":"2020-08-29T01:07:38","date_gmt":"2020-08-28T23:07:38","guid":{"rendered":"https:\/\/heartfulness.be\/shop\/non class\u00e9\/article-combine-appuie-bras-universe-demi-lune\/"},"modified":"2020-08-29T01:07:38","modified_gmt":"2020-08-28T23:07:38","slug":"article-combine-appuie-bras-universe-demi-lune","status":"publish","type":"product","link":"https:\/\/heartfulness.be\/fr\/product\/article-combine-appuie-bras-universe-demi-lune\/","title":{"rendered":"Article combin\u00e9 appuie bras Universe demi-lune"},"content":{"rendered":"","protected":false},"excerpt":{"rendered":"<p>Ces appuies bras au design renouvel\u00e9 sont \u00e9galement enti\u00e8rement r\u00e9glables et construits avec de la mousse \u00e9paisse pour plus de confort, mais avec une nouvelle forme ergonomique o\u00f9 les bras et les mains peuvent \u00eatre port\u00e9s intuitivement et facilement. De plus, ce nouvel accoudoir est pliable pour un rangement et un transport faciles.<\/p>\n","protected":false},"featured_media":5698,"comment_status":"closed","ping_status":"closed","template":"","meta":[],"product_brand":[],"product_cat":[388],"product_tag":[343],"class_list":{"0":"post-9526","1":"product","2":"type-product","3":"status-publish","4":"has-post-thumbnail","6":"product_cat-articles-de-combinaison-dunivers","7":"product_tag-universe-fr","8":"product_shipping_class-gls-fr","10":"first","11":"instock","12":"sale","13":"taxable","14":"shipping-taxable","15":"purchasable","16":"product-type-variable"},"yoast_head":"<!-- This site is optimized with the Yoast SEO plugin v27.6 - https:\/\/yoast.com\/product\/yoast-seo-wordpress\/ -->\n<title>Article combin\u00e9 appuie bras Universe demi-lune pour tous les tables de massage<\/title>\n<meta name=\"description\" content=\"Article combin\u00e9 appuie Bras Universe demi-lune \u00e0 l&#039;achat d&#039;une table de massage de la m\u00eame marque: 20% de r\u00e9duction! Acheter maintenant!\" \/>\n<meta name=\"robots\" content=\"index, follow, max-snippet:-1, max-image-preview:large, max-video-preview:-1\" \/>\n<link rel=\"canonical\" href=\"https:\/\/heartfulness.be\/fr\/product\/article-combine-appuie-bras-universe-demi-lune\/\" \/>\n<meta property=\"og:locale\" content=\"fr_FR\" \/>\n<meta property=\"og:type\" content=\"article\" \/>\n<meta property=\"og:title\" content=\"Article combin\u00e9 appuie bras Universe demi-lune pour tous les tables de massage\" \/>\n<meta property=\"og:description\" content=\"Article combin\u00e9 appuie Bras Universe demi-lune \u00e0 l&#039;achat d&#039;une table de massage de la m\u00eame marque: 20% de r\u00e9duction! Acheter maintenant!\" \/>\n<meta property=\"og:url\" content=\"https:\/\/heartfulness.be\/fr\/product\/article-combine-appuie-bras-universe-demi-lune\/\" \/>\n<meta property=\"og:site_name\" content=\"Levensstroom\" \/>\n<meta property=\"article:publisher\" content=\"https:\/\/www.facebook.com\/praktijk.levensstroom.9\" \/>\n<meta property=\"og:image\" content=\"https:\/\/heartfulness.be\/wp-content\/uploads\/Massagetafels\/Armsteunen\/contoured_arm_support.jpg\" \/>\n\t<meta property=\"og:image:width\" content=\"400\" \/>\n\t<meta property=\"og:image:height\" content=\"400\" \/>\n\t<meta property=\"og:image:type\" content=\"image\/jpeg\" \/>\n<meta name=\"twitter:card\" content=\"summary_large_image\" \/>\n<meta name=\"twitter:site\" content=\"@Levensstroom_\" \/>\n<script type=\"application\/ld+json\" class=\"yoast-schema-graph\">{\"@context\":\"https:\\\/\\\/schema.org\",\"@graph\":[{\"@type\":\"WebPage\",\"@id\":\"https:\\\/\\\/heartfulness.be\\\/fr\\\/product\\\/article-combine-appuie-bras-universe-demi-lune\\\/\",\"url\":\"https:\\\/\\\/heartfulness.be\\\/fr\\\/product\\\/article-combine-appuie-bras-universe-demi-lune\\\/\",\"name\":\"Article combin\u00e9 appuie bras Universe demi-lune pour tous les tables de massage\",\"isPartOf\":{\"@id\":\"https:\\\/\\\/heartfulness.be\\\/fr\\\/#website\"},\"primaryImageOfPage\":{\"@id\":\"https:\\\/\\\/heartfulness.be\\\/fr\\\/product\\\/article-combine-appuie-bras-universe-demi-lune\\\/#primaryimage\"},\"image\":{\"@id\":\"https:\\\/\\\/heartfulness.be\\\/fr\\\/product\\\/article-combine-appuie-bras-universe-demi-lune\\\/#primaryimage\"},\"thumbnailUrl\":\"https:\\\/\\\/heartfulness.be\\\/wp-content\\\/uploads\\\/Massagetafels\\\/Armsteunen\\\/contoured_arm_support.jpg\",\"datePublished\":\"2020-08-28T23:07:38+00:00\",\"description\":\"Article combin\u00e9 appuie Bras Universe demi-lune \u00e0 l'achat d'une table de massage de la m\u00eame marque: 20% de r\u00e9duction! Acheter maintenant!\",\"breadcrumb\":{\"@id\":\"https:\\\/\\\/heartfulness.be\\\/fr\\\/product\\\/article-combine-appuie-bras-universe-demi-lune\\\/#breadcrumb\"},\"inLanguage\":\"fr-FR\",\"potentialAction\":[{\"@type\":\"ReadAction\",\"target\":[\"https:\\\/\\\/heartfulness.be\\\/fr\\\/product\\\/article-combine-appuie-bras-universe-demi-lune\\\/\"]}]},{\"@type\":\"ImageObject\",\"inLanguage\":\"fr-FR\",\"@id\":\"https:\\\/\\\/heartfulness.be\\\/fr\\\/product\\\/article-combine-appuie-bras-universe-demi-lune\\\/#primaryimage\",\"url\":\"https:\\\/\\\/heartfulness.be\\\/wp-content\\\/uploads\\\/Massagetafels\\\/Armsteunen\\\/contoured_arm_support.jpg\",\"contentUrl\":\"https:\\\/\\\/heartfulness.be\\\/wp-content\\\/uploads\\\/Massagetafels\\\/Armsteunen\\\/contoured_arm_support.jpg\",\"width\":400,\"height\":400,\"caption\":\"Appuie Bras demi-lune Universe pour table de massage\"},{\"@type\":\"BreadcrumbList\",\"@id\":\"https:\\\/\\\/heartfulness.be\\\/fr\\\/product\\\/article-combine-appuie-bras-universe-demi-lune\\\/#breadcrumb\",\"itemListElement\":[{\"@type\":\"ListItem\",\"position\":1,\"name\":\"Accueil\",\"item\":\"https:\\\/\\\/heartfulness.be\\\/fr\\\/\"},{\"@type\":\"ListItem\",\"position\":2,\"name\":\"Boutique\",\"item\":\"https:\\\/\\\/heartfulness.be\\\/fr\\\/boutique\\\/\"},{\"@type\":\"ListItem\",\"position\":3,\"name\":\"Article combin\u00e9 appuie bras Universe demi-lune\"}]},{\"@type\":\"WebSite\",\"@id\":\"https:\\\/\\\/heartfulness.be\\\/fr\\\/#website\",\"url\":\"https:\\\/\\\/heartfulness.be\\\/fr\\\/\",\"name\":\"Levensstroom\",\"description\":\"Centre de pleine conscience, massage, m\u00e9ditation, spiritualit\u00e9 et psychoth\u00e9rapie\",\"publisher\":{\"@id\":\"https:\\\/\\\/heartfulness.be\\\/fr\\\/#organization\"},\"potentialAction\":[{\"@type\":\"SearchAction\",\"target\":{\"@type\":\"EntryPoint\",\"urlTemplate\":\"https:\\\/\\\/heartfulness.be\\\/fr\\\/?s={search_term_string}\"},\"query-input\":{\"@type\":\"PropertyValueSpecification\",\"valueRequired\":true,\"valueName\":\"search_term_string\"}}],\"inLanguage\":\"fr-FR\"},{\"@type\":\"Organization\",\"@id\":\"https:\\\/\\\/heartfulness.be\\\/fr\\\/#organization\",\"name\":\"Levensstroom\",\"url\":\"https:\\\/\\\/heartfulness.be\\\/fr\\\/\",\"logo\":{\"@type\":\"ImageObject\",\"inLanguage\":\"fr-FR\",\"@id\":\"https:\\\/\\\/heartfulness.be\\\/fr\\\/#\\\/schema\\\/logo\\\/image\\\/\",\"url\":\"\",\"contentUrl\":\"\",\"caption\":\"Levensstroom\"},\"image\":{\"@id\":\"https:\\\/\\\/heartfulness.be\\\/fr\\\/#\\\/schema\\\/logo\\\/image\\\/\"},\"sameAs\":[\"https:\\\/\\\/www.facebook.com\\\/praktijk.levensstroom.9\",\"https:\\\/\\\/x.com\\\/Levensstroom_\",\"https:\\\/\\\/www.instagram.com\\\/levensstroom\\\/\",\"https:\\\/\\\/www.linkedin.com\\\/in\\\/dirk-vieren-30862117a\\\/\",\"https:\\\/\\\/www.pinterest.com\\\/levensstroom\\\/\",\"https:\\\/\\\/www.youtube.com\\\/user\\\/MassagesLevensstroom\\\/\"]}]}<\/script>\n<!-- \/ Yoast SEO plugin. -->","yoast_head_json":{"title":"Article combin\u00e9 appuie bras Universe demi-lune pour tous les tables de massage","description":"Article combin\u00e9 appuie Bras Universe demi-lune \u00e0 l'achat d'une table de massage de la m\u00eame marque: 20% de r\u00e9duction! Acheter maintenant!","robots":{"index":"index","follow":"follow","max-snippet":"max-snippet:-1","max-image-preview":"max-image-preview:large","max-video-preview":"max-video-preview:-1"},"canonical":"https:\/\/heartfulness.be\/fr\/product\/article-combine-appuie-bras-universe-demi-lune\/","og_locale":"fr_FR","og_type":"article","og_title":"Article combin\u00e9 appuie bras Universe demi-lune pour tous les tables de massage","og_description":"Article combin\u00e9 appuie Bras Universe demi-lune \u00e0 l'achat d'une table de massage de la m\u00eame marque: 20% de r\u00e9duction! Acheter maintenant!","og_url":"https:\/\/heartfulness.be\/fr\/product\/article-combine-appuie-bras-universe-demi-lune\/","og_site_name":"Levensstroom","article_publisher":"https:\/\/www.facebook.com\/praktijk.levensstroom.9","og_image":[{"width":400,"height":400,"url":"https:\/\/heartfulness.be\/wp-content\/uploads\/Massagetafels\/Armsteunen\/contoured_arm_support.jpg","type":"image\/jpeg"}],"twitter_card":"summary_large_image","twitter_site":"@Levensstroom_","schema":{"@context":"https:\/\/schema.org","@graph":[{"@type":"WebPage","@id":"https:\/\/heartfulness.be\/fr\/product\/article-combine-appuie-bras-universe-demi-lune\/","url":"https:\/\/heartfulness.be\/fr\/product\/article-combine-appuie-bras-universe-demi-lune\/","name":"Article combin\u00e9 appuie bras Universe demi-lune pour tous les tables de massage","isPartOf":{"@id":"https:\/\/heartfulness.be\/fr\/#website"},"primaryImageOfPage":{"@id":"https:\/\/heartfulness.be\/fr\/product\/article-combine-appuie-bras-universe-demi-lune\/#primaryimage"},"image":{"@id":"https:\/\/heartfulness.be\/fr\/product\/article-combine-appuie-bras-universe-demi-lune\/#primaryimage"},"thumbnailUrl":"https:\/\/heartfulness.be\/wp-content\/uploads\/Massagetafels\/Armsteunen\/contoured_arm_support.jpg","datePublished":"2020-08-28T23:07:38+00:00","description":"Article combin\u00e9 appuie Bras Universe demi-lune \u00e0 l'achat d'une table de massage de la m\u00eame marque: 20% de r\u00e9duction! Acheter maintenant!","breadcrumb":{"@id":"https:\/\/heartfulness.be\/fr\/product\/article-combine-appuie-bras-universe-demi-lune\/#breadcrumb"},"inLanguage":"fr-FR","potentialAction":[{"@type":"ReadAction","target":["https:\/\/heartfulness.be\/fr\/product\/article-combine-appuie-bras-universe-demi-lune\/"]}]},{"@type":"ImageObject","inLanguage":"fr-FR","@id":"https:\/\/heartfulness.be\/fr\/product\/article-combine-appuie-bras-universe-demi-lune\/#primaryimage","url":"https:\/\/heartfulness.be\/wp-content\/uploads\/Massagetafels\/Armsteunen\/contoured_arm_support.jpg","contentUrl":"https:\/\/heartfulness.be\/wp-content\/uploads\/Massagetafels\/Armsteunen\/contoured_arm_support.jpg","width":400,"height":400,"caption":"Appuie Bras demi-lune Universe pour table de massage"},{"@type":"BreadcrumbList","@id":"https:\/\/heartfulness.be\/fr\/product\/article-combine-appuie-bras-universe-demi-lune\/#breadcrumb","itemListElement":[{"@type":"ListItem","position":1,"name":"Accueil","item":"https:\/\/heartfulness.be\/fr\/"},{"@type":"ListItem","position":2,"name":"Boutique","item":"https:\/\/heartfulness.be\/fr\/boutique\/"},{"@type":"ListItem","position":3,"name":"Article combin\u00e9 appuie bras Universe demi-lune"}]},{"@type":"WebSite","@id":"https:\/\/heartfulness.be\/fr\/#website","url":"https:\/\/heartfulness.be\/fr\/","name":"Levensstroom","description":"Centre de pleine conscience, massage, m\u00e9ditation, spiritualit\u00e9 et psychoth\u00e9rapie","publisher":{"@id":"https:\/\/heartfulness.be\/fr\/#organization"},"potentialAction":[{"@type":"SearchAction","target":{"@type":"EntryPoint","urlTemplate":"https:\/\/heartfulness.be\/fr\/?s={search_term_string}"},"query-input":{"@type":"PropertyValueSpecification","valueRequired":true,"valueName":"search_term_string"}}],"inLanguage":"fr-FR"},{"@type":"Organization","@id":"https:\/\/heartfulness.be\/fr\/#organization","name":"Levensstroom","url":"https:\/\/heartfulness.be\/fr\/","logo":{"@type":"ImageObject","inLanguage":"fr-FR","@id":"https:\/\/heartfulness.be\/fr\/#\/schema\/logo\/image\/","url":"","contentUrl":"","caption":"Levensstroom"},"image":{"@id":"https:\/\/heartfulness.be\/fr\/#\/schema\/logo\/image\/"},"sameAs":["https:\/\/www.facebook.com\/praktijk.levensstroom.9","https:\/\/x.com\/Levensstroom_","https:\/\/www.instagram.com\/levensstroom\/","https:\/\/www.linkedin.com\/in\/dirk-vieren-30862117a\/","https:\/\/www.pinterest.com\/levensstroom\/","https:\/\/www.youtube.com\/user\/MassagesLevensstroom\/"]}]}},"jetpack_sharing_enabled":true,"jetpack_likes_enabled":true,"_links":{"self":[{"href":"https:\/\/heartfulness.be\/fr\/wp-json\/wp\/v2\/product\/9526","targetHints":{"allow":["GET"]}}],"collection":[{"href":"https:\/\/heartfulness.be\/fr\/wp-json\/wp\/v2\/product"}],"about":[{"href":"https:\/\/heartfulness.be\/fr\/wp-json\/wp\/v2\/types\/product"}],"replies":[{"embeddable":true,"href":"https:\/\/heartfulness.be\/fr\/wp-json\/wp\/v2\/comments?post=9526"}],"version-history":[{"count":0,"href":"https:\/\/heartfulness.be\/fr\/wp-json\/wp\/v2\/product\/9526\/revisions"}],"wp:featuredmedia":[{"embeddable":true,"href":"https:\/\/heartfulness.be\/fr\/wp-json\/wp\/v2\/media\/5698"}],"wp:attachment":[{"href":"https:\/\/heartfulness.be\/fr\/wp-json\/wp\/v2\/media?parent=9526"}],"wp:term":[{"taxonomy":"product_brand","embeddable":true,"href":"https:\/\/heartfulness.be\/fr\/wp-json\/wp\/v2\/product_brand?post=9526"},{"taxonomy":"product_cat","embeddable":true,"href":"https:\/\/heartfulness.be\/fr\/wp-json\/wp\/v2\/product_cat?post=9526"},{"taxonomy":"product_tag","embeddable":true,"href":"https:\/\/heartfulness.be\/fr\/wp-json\/wp\/v2\/product_tag?post=9526"}],"curies":[{"name":"wp","href":"https:\/\/api.w.org\/{rel}","templated":true}]}}